{"id":97,"date":"2022-01-31T11:55:48","date_gmt":"2022-01-31T09:55:48","guid":{"rendered":"https:\/\/www.startevo.com\/shop\/?post_type=product&#038;p=97"},"modified":"2025-06-18T15:46:53","modified_gmt":"2025-06-18T12:46:53","slug":"curs-mindmaster-si-edrawmax","status":"publish","type":"product","link":"https:\/\/www.startevo.com\/shop\/produs\/curs-mindmaster-si-edrawmax\/","title":{"rendered":"Micro-curs Mindmaster si EdrawMax"},"content":{"rendered":"<h2>Ce vor invata copiii din acest curs<\/h2>\n<p>1. Cuv\u00e2nt \u00eenainte curs MindMaster \u0219i EdrawMax<br \/>\n2. Deschiderea MindMaster<br \/>\n3. Ad\u0103ugarea topicurilor \u00een MindMaster<br \/>\n4. Lucrul cu obiecte \u00een MindMaster<br \/>\n5. Salvarea unui proiect MindMaster<br \/>\n6. Deschiderea EdrawMax<br \/>\n7. Ad\u0103ugarea topicurilor \u00een EdrawMax<br \/>\n8. Lucrul cu obiecte \u00een EdrawMax<br \/>\n9. Salvarea unui proiect EdrawMax<br \/>\n10. \u00cencheiere<\/p>\n","protected":false},"excerpt":{"rendered":"<p>Devino organizat, folosind Mind Map-uri (h\u0103r\u021bi mentale). \u00cenva\u021b\u0103 s\u0103 folose\u0219ti MindMaster \u0219i EdrawMax din acest curs foarte simplu \u0219i o s\u0103 devii un guru al eficien\u021bei!<\/p>\n<p>Asta \u00eenseamn\u0103 c\u0103 vei putea s\u0103 realizezi mult mai multe lucruri \u00eentr-un timp mult mai scurt.<\/p>\n<p>Mult succes!<\/p>\n<p><strong>Durata curs:<\/strong> aprox 1 ora<\/p>\n<p><strong>La final se acorda diploma!<\/strong><\/p>\n","protected":false},"featured_media":98,"comment_status":"closed","ping_status":"closed","template":"","meta":{"jetpack_publicize_message":"","jetpack_publicize_feature_enabled":true,"jetpack_social_post_already_shared":false,"jetpack_social_options":{"image_generator_settings":{"template":"highway","default_image_id":0,"font":"","enabled":false},"version":2}},"product_brand":[],"product_cat":[15],"product_tag":[81,80],"class_list":{"0":"post-97","1":"product","2":"type-product","3":"status-publish","4":"has-post-thumbnail","6":"product_cat-cursuri","7":"product_tag-curs-edrawmax","8":"product_tag-curs-mindmaster","10":"first","11":"instock","12":"virtual","13":"purchasable","14":"product-type-simple"},"yoast_head":"<!-- This site is optimized with the Yoast SEO plugin v27.3 - https:\/\/yoast.com\/product\/yoast-seo-wordpress\/ -->\n<title>Micro-curs Mindmaster si EdrawMax - Magazinul Caritabil al Asocia\u021biei StartEvo<\/title>\n<meta name=\"robots\" content=\"index, follow, max-snippet:-1, max-image-preview:large, max-video-preview:-1\" \/>\n<link rel=\"canonical\" href=\"https:\/\/www.startevo.com\/shop\/produs\/curs-mindmaster-si-edrawmax\/\" \/>\n<meta property=\"og:locale\" content=\"ro_RO\" \/>\n<meta property=\"og:type\" content=\"article\" \/>\n<meta property=\"og:title\" content=\"Micro-curs Mindmaster si EdrawMax - Magazinul Caritabil al Asocia\u021biei StartEvo\" \/>\n<meta property=\"og:description\" content=\"Devino organizat, folosind Mind Map-uri (h\u0103r\u021bi mentale). \u00cenva\u021b\u0103 s\u0103 folose\u0219ti MindMaster \u0219i EdrawMax din acest curs foarte simplu \u0219i o s\u0103 devii un guru al eficien\u021bei!  Asta \u00eenseamn\u0103 c\u0103 vei putea s\u0103 realizezi mult mai multe lucruri \u00eentr-un timp mult mai scurt.  Mult succes!  Durata curs: aprox 1 ora  La final se acorda diploma!\" \/>\n<meta property=\"og:url\" content=\"https:\/\/www.startevo.com\/shop\/produs\/curs-mindmaster-si-edrawmax\/\" \/>\n<meta property=\"og:site_name\" content=\"Magazinul Caritabil al Asocia\u021biei StartEvo\" \/>\n<meta property=\"article:modified_time\" content=\"2025-06-18T12:46:53+00:00\" \/>\n<meta property=\"og:image\" content=\"https:\/\/www.startevo.com\/shop\/wp-content\/uploads\/2022\/01\/curs-mindmaster-edrawmax.jpg\" \/>\n\t<meta property=\"og:image:width\" content=\"1920\" \/>\n\t<meta property=\"og:image:height\" content=\"1040\" \/>\n\t<meta property=\"og:image:type\" content=\"image\/jpeg\" \/>\n<meta name=\"twitter:card\" content=\"summary_large_image\" \/>\n<script type=\"application\/ld+json\" class=\"yoast-schema-graph\">{\"@context\":\"https:\\\/\\\/schema.org\",\"@graph\":[{\"@type\":\"WebPage\",\"@id\":\"https:\\\/\\\/www.startevo.com\\\/shop\\\/produs\\\/curs-mindmaster-si-edrawmax\\\/\",\"url\":\"https:\\\/\\\/www.startevo.com\\\/shop\\\/produs\\\/curs-mindmaster-si-edrawmax\\\/\",\"name\":\"Micro-curs Mindmaster si EdrawMax - Magazinul Caritabil al Asocia\u021biei StartEvo\",\"isPartOf\":{\"@id\":\"https:\\\/\\\/www.startevo.com\\\/shop\\\/#website\"},\"primaryImageOfPage\":{\"@id\":\"https:\\\/\\\/www.startevo.com\\\/shop\\\/produs\\\/curs-mindmaster-si-edrawmax\\\/#primaryimage\"},\"image\":{\"@id\":\"https:\\\/\\\/www.startevo.com\\\/shop\\\/produs\\\/curs-mindmaster-si-edrawmax\\\/#primaryimage\"},\"thumbnailUrl\":\"https:\\\/\\\/i0.wp.com\\\/www.startevo.com\\\/shop\\\/wp-content\\\/uploads\\\/2022\\\/01\\\/curs-mindmaster-edrawmax.jpg?fit=1920%2C1040&ssl=1\",\"datePublished\":\"2022-01-31T09:55:48+00:00\",\"dateModified\":\"2025-06-18T12:46:53+00:00\",\"breadcrumb\":{\"@id\":\"https:\\\/\\\/www.startevo.com\\\/shop\\\/produs\\\/curs-mindmaster-si-edrawmax\\\/#breadcrumb\"},\"inLanguage\":\"ro-RO\",\"potentialAction\":[{\"@type\":\"ReadAction\",\"target\":[\"https:\\\/\\\/www.startevo.com\\\/shop\\\/produs\\\/curs-mindmaster-si-edrawmax\\\/\"]}]},{\"@type\":\"ImageObject\",\"inLanguage\":\"ro-RO\",\"@id\":\"https:\\\/\\\/www.startevo.com\\\/shop\\\/produs\\\/curs-mindmaster-si-edrawmax\\\/#primaryimage\",\"url\":\"https:\\\/\\\/i0.wp.com\\\/www.startevo.com\\\/shop\\\/wp-content\\\/uploads\\\/2022\\\/01\\\/curs-mindmaster-edrawmax.jpg?fit=1920%2C1040&ssl=1\",\"contentUrl\":\"https:\\\/\\\/i0.wp.com\\\/www.startevo.com\\\/shop\\\/wp-content\\\/uploads\\\/2022\\\/01\\\/curs-mindmaster-edrawmax.jpg?fit=1920%2C1040&ssl=1\",\"width\":1920,\"height\":1040},{\"@type\":\"BreadcrumbList\",\"@id\":\"https:\\\/\\\/www.startevo.com\\\/shop\\\/produs\\\/curs-mindmaster-si-edrawmax\\\/#breadcrumb\",\"itemListElement\":[{\"@type\":\"ListItem\",\"position\":1,\"name\":\"Prima pagin\u0103\",\"item\":\"https:\\\/\\\/www.startevo.com\\\/shop\\\/\"},{\"@type\":\"ListItem\",\"position\":2,\"name\":\"Magazin\",\"item\":\"https:\\\/\\\/www.startevo.com\\\/shop\\\/magazin\\\/\"},{\"@type\":\"ListItem\",\"position\":3,\"name\":\"Micro-curs Mindmaster si EdrawMax\"}]},{\"@type\":\"WebSite\",\"@id\":\"https:\\\/\\\/www.startevo.com\\\/shop\\\/#website\",\"url\":\"https:\\\/\\\/www.startevo.com\\\/shop\\\/\",\"name\":\"Magazinul Caritabil al Asocia\u021biei StartEvo\",\"description\":\"Vindem cu drag s\u0103 sus\u021binem educa\u021bia copiilor \u00een Rom\u00e2nia\",\"publisher\":{\"@id\":\"https:\\\/\\\/www.startevo.com\\\/shop\\\/#organization\"},\"potentialAction\":[{\"@type\":\"SearchAction\",\"target\":{\"@type\":\"EntryPoint\",\"urlTemplate\":\"https:\\\/\\\/www.startevo.com\\\/shop\\\/?s={search_term_string}\"},\"query-input\":{\"@type\":\"PropertyValueSpecification\",\"valueRequired\":true,\"valueName\":\"search_term_string\"}}],\"inLanguage\":\"ro-RO\"},{\"@type\":\"Organization\",\"@id\":\"https:\\\/\\\/www.startevo.com\\\/shop\\\/#organization\",\"name\":\"Magazinul Caritabil al Asocia\u021biei StartEvo\",\"url\":\"https:\\\/\\\/www.startevo.com\\\/shop\\\/\",\"logo\":{\"@type\":\"ImageObject\",\"inLanguage\":\"ro-RO\",\"@id\":\"https:\\\/\\\/www.startevo.com\\\/shop\\\/#\\\/schema\\\/logo\\\/image\\\/\",\"url\":\"https:\\\/\\\/i0.wp.com\\\/www.startevo.com\\\/shop\\\/wp-content\\\/uploads\\\/2023\\\/10\\\/cropped-LOGO-MAGAZIN-CARITABIL-STARTEVO.jpg?fit=800%2C187&ssl=1\",\"contentUrl\":\"https:\\\/\\\/i0.wp.com\\\/www.startevo.com\\\/shop\\\/wp-content\\\/uploads\\\/2023\\\/10\\\/cropped-LOGO-MAGAZIN-CARITABIL-STARTEVO.jpg?fit=800%2C187&ssl=1\",\"width\":800,\"height\":187,\"caption\":\"Magazinul Caritabil al Asocia\u021biei StartEvo\"},\"image\":{\"@id\":\"https:\\\/\\\/www.startevo.com\\\/shop\\\/#\\\/schema\\\/logo\\\/image\\\/\"}}]}<\/script>\n<!-- \/ Yoast SEO plugin. -->","yoast_head_json":{"title":"Micro-curs Mindmaster si EdrawMax - Magazinul Caritabil al Asocia\u021biei StartEvo","robots":{"index":"index","follow":"follow","max-snippet":"max-snippet:-1","max-image-preview":"max-image-preview:large","max-video-preview":"max-video-preview:-1"},"canonical":"https:\/\/www.startevo.com\/shop\/produs\/curs-mindmaster-si-edrawmax\/","og_locale":"ro_RO","og_type":"article","og_title":"Micro-curs Mindmaster si EdrawMax - Magazinul Caritabil al Asocia\u021biei StartEvo","og_description":"Devino organizat, folosind Mind Map-uri (h\u0103r\u021bi mentale). \u00cenva\u021b\u0103 s\u0103 folose\u0219ti MindMaster \u0219i EdrawMax din acest curs foarte simplu \u0219i o s\u0103 devii un guru al eficien\u021bei!  Asta \u00eenseamn\u0103 c\u0103 vei putea s\u0103 realizezi mult mai multe lucruri \u00eentr-un timp mult mai scurt.  Mult succes!  Durata curs: aprox 1 ora  La final se acorda diploma!","og_url":"https:\/\/www.startevo.com\/shop\/produs\/curs-mindmaster-si-edrawmax\/","og_site_name":"Magazinul Caritabil al Asocia\u021biei StartEvo","article_modified_time":"2025-06-18T12:46:53+00:00","og_image":[{"width":1920,"height":1040,"url":"https:\/\/www.startevo.com\/shop\/wp-content\/uploads\/2022\/01\/curs-mindmaster-edrawmax.jpg","type":"image\/jpeg"}],"twitter_card":"summary_large_image","schema":{"@context":"https:\/\/schema.org","@graph":[{"@type":"WebPage","@id":"https:\/\/www.startevo.com\/shop\/produs\/curs-mindmaster-si-edrawmax\/","url":"https:\/\/www.startevo.com\/shop\/produs\/curs-mindmaster-si-edrawmax\/","name":"Micro-curs Mindmaster si EdrawMax - Magazinul Caritabil al Asocia\u021biei StartEvo","isPartOf":{"@id":"https:\/\/www.startevo.com\/shop\/#website"},"primaryImageOfPage":{"@id":"https:\/\/www.startevo.com\/shop\/produs\/curs-mindmaster-si-edrawmax\/#primaryimage"},"image":{"@id":"https:\/\/www.startevo.com\/shop\/produs\/curs-mindmaster-si-edrawmax\/#primaryimage"},"thumbnailUrl":"https:\/\/i0.wp.com\/www.startevo.com\/shop\/wp-content\/uploads\/2022\/01\/curs-mindmaster-edrawmax.jpg?fit=1920%2C1040&ssl=1","datePublished":"2022-01-31T09:55:48+00:00","dateModified":"2025-06-18T12:46:53+00:00","breadcrumb":{"@id":"https:\/\/www.startevo.com\/shop\/produs\/curs-mindmaster-si-edrawmax\/#breadcrumb"},"inLanguage":"ro-RO","potentialAction":[{"@type":"ReadAction","target":["https:\/\/www.startevo.com\/shop\/produs\/curs-mindmaster-si-edrawmax\/"]}]},{"@type":"ImageObject","inLanguage":"ro-RO","@id":"https:\/\/www.startevo.com\/shop\/produs\/curs-mindmaster-si-edrawmax\/#primaryimage","url":"https:\/\/i0.wp.com\/www.startevo.com\/shop\/wp-content\/uploads\/2022\/01\/curs-mindmaster-edrawmax.jpg?fit=1920%2C1040&ssl=1","contentUrl":"https:\/\/i0.wp.com\/www.startevo.com\/shop\/wp-content\/uploads\/2022\/01\/curs-mindmaster-edrawmax.jpg?fit=1920%2C1040&ssl=1","width":1920,"height":1040},{"@type":"BreadcrumbList","@id":"https:\/\/www.startevo.com\/shop\/produs\/curs-mindmaster-si-edrawmax\/#breadcrumb","itemListElement":[{"@type":"ListItem","position":1,"name":"Prima pagin\u0103","item":"https:\/\/www.startevo.com\/shop\/"},{"@type":"ListItem","position":2,"name":"Magazin","item":"https:\/\/www.startevo.com\/shop\/magazin\/"},{"@type":"ListItem","position":3,"name":"Micro-curs Mindmaster si EdrawMax"}]},{"@type":"WebSite","@id":"https:\/\/www.startevo.com\/shop\/#website","url":"https:\/\/www.startevo.com\/shop\/","name":"Magazinul Caritabil al Asocia\u021biei StartEvo","description":"Vindem cu drag s\u0103 sus\u021binem educa\u021bia copiilor \u00een Rom\u00e2nia","publisher":{"@id":"https:\/\/www.startevo.com\/shop\/#organization"},"potentialAction":[{"@type":"SearchAction","target":{"@type":"EntryPoint","urlTemplate":"https:\/\/www.startevo.com\/shop\/?s={search_term_string}"},"query-input":{"@type":"PropertyValueSpecification","valueRequired":true,"valueName":"search_term_string"}}],"inLanguage":"ro-RO"},{"@type":"Organization","@id":"https:\/\/www.startevo.com\/shop\/#organization","name":"Magazinul Caritabil al Asocia\u021biei StartEvo","url":"https:\/\/www.startevo.com\/shop\/","logo":{"@type":"ImageObject","inLanguage":"ro-RO","@id":"https:\/\/www.startevo.com\/shop\/#\/schema\/logo\/image\/","url":"https:\/\/i0.wp.com\/www.startevo.com\/shop\/wp-content\/uploads\/2023\/10\/cropped-LOGO-MAGAZIN-CARITABIL-STARTEVO.jpg?fit=800%2C187&ssl=1","contentUrl":"https:\/\/i0.wp.com\/www.startevo.com\/shop\/wp-content\/uploads\/2023\/10\/cropped-LOGO-MAGAZIN-CARITABIL-STARTEVO.jpg?fit=800%2C187&ssl=1","width":800,"height":187,"caption":"Magazinul Caritabil al Asocia\u021biei StartEvo"},"image":{"@id":"https:\/\/www.startevo.com\/shop\/#\/schema\/logo\/image\/"}}]}},"jetpack_publicize_connections":[],"jetpack_likes_enabled":true,"jetpack_sharing_enabled":true,"jetpack-related-posts":[],"_links":{"self":[{"href":"https:\/\/www.startevo.com\/shop\/wp-json\/wp\/v2\/product\/97","targetHints":{"allow":["GET"]}}],"collection":[{"href":"https:\/\/www.startevo.com\/shop\/wp-json\/wp\/v2\/product"}],"about":[{"href":"https:\/\/www.startevo.com\/shop\/wp-json\/wp\/v2\/types\/product"}],"replies":[{"embeddable":true,"href":"https:\/\/www.startevo.com\/shop\/wp-json\/wp\/v2\/comments?post=97"}],"wp:featuredmedia":[{"embeddable":true,"href":"https:\/\/www.startevo.com\/shop\/wp-json\/wp\/v2\/media\/98"}],"wp:attachment":[{"href":"https:\/\/www.startevo.com\/shop\/wp-json\/wp\/v2\/media?parent=97"}],"wp:term":[{"taxonomy":"product_brand","embeddable":true,"href":"https:\/\/www.startevo.com\/shop\/wp-json\/wp\/v2\/product_brand?post=97"},{"taxonomy":"product_cat","embeddable":true,"href":"https:\/\/www.startevo.com\/shop\/wp-json\/wp\/v2\/product_cat?post=97"},{"taxonomy":"product_tag","embeddable":true,"href":"https:\/\/www.startevo.com\/shop\/wp-json\/wp\/v2\/product_tag?post=97"}],"curies":[{"name":"wp","href":"https:\/\/api.w.org\/{rel}","templated":true}]}}