{"id":95,"date":"2022-01-31T11:52:55","date_gmt":"2022-01-31T09:52:55","guid":{"rendered":"https:\/\/www.startevo.com\/shop\/?post_type=product&#038;p=95"},"modified":"2025-06-18T15:48:05","modified_gmt":"2025-06-18T12:48:05","slug":"micro-curs-de-automatizare-al-casei-tale","status":"publish","type":"product","link":"https:\/\/www.startevo.com\/shop\/produs\/micro-curs-de-automatizare-al-casei-tale\/","title":{"rendered":"Micro-Curs de automatizare al casei tale!"},"content":{"rendered":"<h2>Ce vor invata copii din acest curs:<\/h2>\n<p>Ce este Casa Inteligent\u0103?<br \/>\nTehnologiile pe care le vom folosi pentru casa noastr\u0103 inteligent\u0103<br \/>\nCe aplica\u021bii vom folosi?<br \/>\nS\u0103 discut\u0103m pu\u021bin despre aplica\u021biile consacrate<br \/>\nCe este un Home Assistant?<br \/>\nDar cu ce ne ajut\u0103 Open Hab?<br \/>\nCum s\u0103 ne folosim de Domotics?<br \/>\nCuv\u00e2nd \u00eencheiere \u2013 Avantaje Dezavantaje.<\/p>\n","protected":false},"excerpt":{"rendered":"<p>\u00cenva\u021b\u0103 cum s\u0103-\u021bi automatizezi casa, astfel \u00eenc\u00e2t s\u0103-\u021bi creasc\u0103 confortul \u0219i s\u0103 cheltuie\u0219ti c\u00e2t mai pu\u021bini bani. Lumina, c\u0103ldura, securitatea, senzorii, transperantele, udarea plantelor \u0219i multe altele!<\/p>\n<p>Uime\u0219te-\u021bi prietenii \u0219tiind aceste lucruri, explicate foarte frumos de c\u0103tre Jonny!<\/p>\n<blockquote><p>Foarte bine explicat!<\/p><\/blockquote>\n<p>Diploma la final.<\/p>\n<p>Durata aprox: 1 ora.<\/p>\n","protected":false},"featured_media":96,"comment_status":"closed","ping_status":"closed","template":"","meta":[],"product_brand":[],"product_cat":[15],"product_tag":[76,77,78,79],"class_list":{"0":"post-95","1":"product","2":"type-product","3":"status-publish","4":"has-post-thumbnail","6":"product_cat-cursuri","7":"product_tag-curs-automatizare-case","8":"product_tag-cursuri-automatizare-case","9":"product_tag-cursuri-eficientizare-case","10":"product_tag-cursuri-stiinta-pentru-copii","12":"first","13":"instock","14":"virtual","15":"purchasable","16":"product-type-simple"},"yoast_head":"<!-- This site is optimized with the Yoast SEO plugin v27.5 - https:\/\/yoast.com\/product\/yoast-seo-wordpress\/ -->\n<title>Micro-Curs de automatizare al casei tale! - Magazinul Caritabil al Asocia\u021biei StartEvo<\/title>\n<meta name=\"robots\" content=\"index, follow, max-snippet:-1, max-image-preview:large, max-video-preview:-1\" \/>\n<link rel=\"canonical\" href=\"https:\/\/www.startevo.com\/shop\/produs\/micro-curs-de-automatizare-al-casei-tale\/\" \/>\n<meta property=\"og:locale\" content=\"ro_RO\" \/>\n<meta property=\"og:type\" content=\"article\" \/>\n<meta property=\"og:title\" content=\"Micro-Curs de automatizare al casei tale! - Magazinul Caritabil al Asocia\u021biei StartEvo\" \/>\n<meta property=\"og:description\" content=\"\u00cenva\u021b\u0103 cum s\u0103-\u021bi automatizezi casa, astfel \u00eenc\u00e2t s\u0103-\u021bi creasc\u0103 confortul \u0219i s\u0103 cheltuie\u0219ti c\u00e2t mai pu\u021bini bani. Lumina, c\u0103ldura, securitatea, senzorii, transperantele, udarea plantelor \u0219i multe altele!  Uime\u0219te-\u021bi prietenii \u0219tiind aceste lucruri, explicate foarte frumos de c\u0103tre Jonny! Foarte bine explicat! Diploma la final.  Durata aprox: 1 ora.\" \/>\n<meta property=\"og:url\" content=\"https:\/\/www.startevo.com\/shop\/produs\/micro-curs-de-automatizare-al-casei-tale\/\" \/>\n<meta property=\"og:site_name\" content=\"Magazinul Caritabil al Asocia\u021biei StartEvo\" \/>\n<meta property=\"article:modified_time\" content=\"2025-06-18T12:48:05+00:00\" \/>\n<meta property=\"og:image\" content=\"https:\/\/www.startevo.com\/shop\/wp-content\/uploads\/2022\/01\/curs-de-automatizare-al-casei-tale.jpg\" \/>\n\t<meta property=\"og:image:width\" content=\"1686\" \/>\n\t<meta property=\"og:image:height\" content=\"1040\" \/>\n\t<meta property=\"og:image:type\" content=\"image\/jpeg\" \/>\n<meta name=\"twitter:card\" content=\"summary_large_image\" \/>\n<script type=\"application\/ld+json\" class=\"yoast-schema-graph\">{\"@context\":\"https:\\\/\\\/schema.org\",\"@graph\":[{\"@type\":\"WebPage\",\"@id\":\"https:\\\/\\\/www.startevo.com\\\/shop\\\/produs\\\/micro-curs-de-automatizare-al-casei-tale\\\/\",\"url\":\"https:\\\/\\\/www.startevo.com\\\/shop\\\/produs\\\/micro-curs-de-automatizare-al-casei-tale\\\/\",\"name\":\"Micro-Curs de automatizare al casei tale! - Magazinul Caritabil al Asocia\u021biei StartEvo\",\"isPartOf\":{\"@id\":\"https:\\\/\\\/www.startevo.com\\\/shop\\\/#website\"},\"primaryImageOfPage\":{\"@id\":\"https:\\\/\\\/www.startevo.com\\\/shop\\\/produs\\\/micro-curs-de-automatizare-al-casei-tale\\\/#primaryimage\"},\"image\":{\"@id\":\"https:\\\/\\\/www.startevo.com\\\/shop\\\/produs\\\/micro-curs-de-automatizare-al-casei-tale\\\/#primaryimage\"},\"thumbnailUrl\":\"https:\\\/\\\/www.startevo.com\\\/shop\\\/wp-content\\\/uploads\\\/2022\\\/01\\\/curs-de-automatizare-al-casei-tale.jpg\",\"datePublished\":\"2022-01-31T09:52:55+00:00\",\"dateModified\":\"2025-06-18T12:48:05+00:00\",\"breadcrumb\":{\"@id\":\"https:\\\/\\\/www.startevo.com\\\/shop\\\/produs\\\/micro-curs-de-automatizare-al-casei-tale\\\/#breadcrumb\"},\"inLanguage\":\"ro-RO\",\"potentialAction\":[{\"@type\":\"ReadAction\",\"target\":[\"https:\\\/\\\/www.startevo.com\\\/shop\\\/produs\\\/micro-curs-de-automatizare-al-casei-tale\\\/\"]}]},{\"@type\":\"ImageObject\",\"inLanguage\":\"ro-RO\",\"@id\":\"https:\\\/\\\/www.startevo.com\\\/shop\\\/produs\\\/micro-curs-de-automatizare-al-casei-tale\\\/#primaryimage\",\"url\":\"https:\\\/\\\/www.startevo.com\\\/shop\\\/wp-content\\\/uploads\\\/2022\\\/01\\\/curs-de-automatizare-al-casei-tale.jpg\",\"contentUrl\":\"https:\\\/\\\/www.startevo.com\\\/shop\\\/wp-content\\\/uploads\\\/2022\\\/01\\\/curs-de-automatizare-al-casei-tale.jpg\",\"width\":1686,\"height\":1040},{\"@type\":\"BreadcrumbList\",\"@id\":\"https:\\\/\\\/www.startevo.com\\\/shop\\\/produs\\\/micro-curs-de-automatizare-al-casei-tale\\\/#breadcrumb\",\"itemListElement\":[{\"@type\":\"ListItem\",\"position\":1,\"name\":\"Prima pagin\u0103\",\"item\":\"https:\\\/\\\/www.startevo.com\\\/shop\\\/\"},{\"@type\":\"ListItem\",\"position\":2,\"name\":\"Magazin\",\"item\":\"https:\\\/\\\/www.startevo.com\\\/shop\\\/magazin\\\/\"},{\"@type\":\"ListItem\",\"position\":3,\"name\":\"Micro-Curs de automatizare al casei tale!\"}]},{\"@type\":\"WebSite\",\"@id\":\"https:\\\/\\\/www.startevo.com\\\/shop\\\/#website\",\"url\":\"https:\\\/\\\/www.startevo.com\\\/shop\\\/\",\"name\":\"Magazinul Caritabil al Asocia\u021biei StartEvo\",\"description\":\"Vindem cu drag s\u0103 sus\u021binem educa\u021bia copiilor \u00een Rom\u00e2nia\",\"publisher\":{\"@id\":\"https:\\\/\\\/www.startevo.com\\\/shop\\\/#organization\"},\"potentialAction\":[{\"@type\":\"SearchAction\",\"target\":{\"@type\":\"EntryPoint\",\"urlTemplate\":\"https:\\\/\\\/www.startevo.com\\\/shop\\\/?s={search_term_string}\"},\"query-input\":{\"@type\":\"PropertyValueSpecification\",\"valueRequired\":true,\"valueName\":\"search_term_string\"}}],\"inLanguage\":\"ro-RO\"},{\"@type\":\"Organization\",\"@id\":\"https:\\\/\\\/www.startevo.com\\\/shop\\\/#organization\",\"name\":\"Magazinul Caritabil al Asocia\u021biei StartEvo\",\"url\":\"https:\\\/\\\/www.startevo.com\\\/shop\\\/\",\"logo\":{\"@type\":\"ImageObject\",\"inLanguage\":\"ro-RO\",\"@id\":\"https:\\\/\\\/www.startevo.com\\\/shop\\\/#\\\/schema\\\/logo\\\/image\\\/\",\"url\":\"https:\\\/\\\/www.startevo.com\\\/shop\\\/wp-content\\\/uploads\\\/2023\\\/10\\\/cropped-LOGO-MAGAZIN-CARITABIL-STARTEVO.jpg\",\"contentUrl\":\"https:\\\/\\\/www.startevo.com\\\/shop\\\/wp-content\\\/uploads\\\/2023\\\/10\\\/cropped-LOGO-MAGAZIN-CARITABIL-STARTEVO.jpg\",\"width\":800,\"height\":187,\"caption\":\"Magazinul Caritabil al Asocia\u021biei StartEvo\"},\"image\":{\"@id\":\"https:\\\/\\\/www.startevo.com\\\/shop\\\/#\\\/schema\\\/logo\\\/image\\\/\"}}]}<\/script>\n<!-- \/ Yoast SEO plugin. -->","yoast_head_json":{"title":"Micro-Curs de automatizare al casei tale! - Magazinul Caritabil al Asocia\u021biei StartEvo","robots":{"index":"index","follow":"follow","max-snippet":"max-snippet:-1","max-image-preview":"max-image-preview:large","max-video-preview":"max-video-preview:-1"},"canonical":"https:\/\/www.startevo.com\/shop\/produs\/micro-curs-de-automatizare-al-casei-tale\/","og_locale":"ro_RO","og_type":"article","og_title":"Micro-Curs de automatizare al casei tale! - Magazinul Caritabil al Asocia\u021biei StartEvo","og_description":"\u00cenva\u021b\u0103 cum s\u0103-\u021bi automatizezi casa, astfel \u00eenc\u00e2t s\u0103-\u021bi creasc\u0103 confortul \u0219i s\u0103 cheltuie\u0219ti c\u00e2t mai pu\u021bini bani. Lumina, c\u0103ldura, securitatea, senzorii, transperantele, udarea plantelor \u0219i multe altele!  Uime\u0219te-\u021bi prietenii \u0219tiind aceste lucruri, explicate foarte frumos de c\u0103tre Jonny! Foarte bine explicat! Diploma la final.  Durata aprox: 1 ora.","og_url":"https:\/\/www.startevo.com\/shop\/produs\/micro-curs-de-automatizare-al-casei-tale\/","og_site_name":"Magazinul Caritabil al Asocia\u021biei StartEvo","article_modified_time":"2025-06-18T12:48:05+00:00","og_image":[{"width":1686,"height":1040,"url":"https:\/\/www.startevo.com\/shop\/wp-content\/uploads\/2022\/01\/curs-de-automatizare-al-casei-tale.jpg","type":"image\/jpeg"}],"twitter_card":"summary_large_image","schema":{"@context":"https:\/\/schema.org","@graph":[{"@type":"WebPage","@id":"https:\/\/www.startevo.com\/shop\/produs\/micro-curs-de-automatizare-al-casei-tale\/","url":"https:\/\/www.startevo.com\/shop\/produs\/micro-curs-de-automatizare-al-casei-tale\/","name":"Micro-Curs de automatizare al casei tale! - Magazinul Caritabil al Asocia\u021biei StartEvo","isPartOf":{"@id":"https:\/\/www.startevo.com\/shop\/#website"},"primaryImageOfPage":{"@id":"https:\/\/www.startevo.com\/shop\/produs\/micro-curs-de-automatizare-al-casei-tale\/#primaryimage"},"image":{"@id":"https:\/\/www.startevo.com\/shop\/produs\/micro-curs-de-automatizare-al-casei-tale\/#primaryimage"},"thumbnailUrl":"https:\/\/www.startevo.com\/shop\/wp-content\/uploads\/2022\/01\/curs-de-automatizare-al-casei-tale.jpg","datePublished":"2022-01-31T09:52:55+00:00","dateModified":"2025-06-18T12:48:05+00:00","breadcrumb":{"@id":"https:\/\/www.startevo.com\/shop\/produs\/micro-curs-de-automatizare-al-casei-tale\/#breadcrumb"},"inLanguage":"ro-RO","potentialAction":[{"@type":"ReadAction","target":["https:\/\/www.startevo.com\/shop\/produs\/micro-curs-de-automatizare-al-casei-tale\/"]}]},{"@type":"ImageObject","inLanguage":"ro-RO","@id":"https:\/\/www.startevo.com\/shop\/produs\/micro-curs-de-automatizare-al-casei-tale\/#primaryimage","url":"https:\/\/www.startevo.com\/shop\/wp-content\/uploads\/2022\/01\/curs-de-automatizare-al-casei-tale.jpg","contentUrl":"https:\/\/www.startevo.com\/shop\/wp-content\/uploads\/2022\/01\/curs-de-automatizare-al-casei-tale.jpg","width":1686,"height":1040},{"@type":"BreadcrumbList","@id":"https:\/\/www.startevo.com\/shop\/produs\/micro-curs-de-automatizare-al-casei-tale\/#breadcrumb","itemListElement":[{"@type":"ListItem","position":1,"name":"Prima pagin\u0103","item":"https:\/\/www.startevo.com\/shop\/"},{"@type":"ListItem","position":2,"name":"Magazin","item":"https:\/\/www.startevo.com\/shop\/magazin\/"},{"@type":"ListItem","position":3,"name":"Micro-Curs de automatizare al casei tale!"}]},{"@type":"WebSite","@id":"https:\/\/www.startevo.com\/shop\/#website","url":"https:\/\/www.startevo.com\/shop\/","name":"Magazinul Caritabil al Asocia\u021biei StartEvo","description":"Vindem cu drag s\u0103 sus\u021binem educa\u021bia copiilor \u00een Rom\u00e2nia","publisher":{"@id":"https:\/\/www.startevo.com\/shop\/#organization"},"potentialAction":[{"@type":"SearchAction","target":{"@type":"EntryPoint","urlTemplate":"https:\/\/www.startevo.com\/shop\/?s={search_term_string}"},"query-input":{"@type":"PropertyValueSpecification","valueRequired":true,"valueName":"search_term_string"}}],"inLanguage":"ro-RO"},{"@type":"Organization","@id":"https:\/\/www.startevo.com\/shop\/#organization","name":"Magazinul Caritabil al Asocia\u021biei StartEvo","url":"https:\/\/www.startevo.com\/shop\/","logo":{"@type":"ImageObject","inLanguage":"ro-RO","@id":"https:\/\/www.startevo.com\/shop\/#\/schema\/logo\/image\/","url":"https:\/\/www.startevo.com\/shop\/wp-content\/uploads\/2023\/10\/cropped-LOGO-MAGAZIN-CARITABIL-STARTEVO.jpg","contentUrl":"https:\/\/www.startevo.com\/shop\/wp-content\/uploads\/2023\/10\/cropped-LOGO-MAGAZIN-CARITABIL-STARTEVO.jpg","width":800,"height":187,"caption":"Magazinul Caritabil al Asocia\u021biei StartEvo"},"image":{"@id":"https:\/\/www.startevo.com\/shop\/#\/schema\/logo\/image\/"}}]}},"_links":{"self":[{"href":"https:\/\/www.startevo.com\/shop\/wp-json\/wp\/v2\/product\/95","targetHints":{"allow":["GET"]}}],"collection":[{"href":"https:\/\/www.startevo.com\/shop\/wp-json\/wp\/v2\/product"}],"about":[{"href":"https:\/\/www.startevo.com\/shop\/wp-json\/wp\/v2\/types\/product"}],"replies":[{"embeddable":true,"href":"https:\/\/www.startevo.com\/shop\/wp-json\/wp\/v2\/comments?post=95"}],"wp:featuredmedia":[{"embeddable":true,"href":"https:\/\/www.startevo.com\/shop\/wp-json\/wp\/v2\/media\/96"}],"wp:attachment":[{"href":"https:\/\/www.startevo.com\/shop\/wp-json\/wp\/v2\/media?parent=95"}],"wp:term":[{"taxonomy":"product_brand","embeddable":true,"href":"https:\/\/www.startevo.com\/shop\/wp-json\/wp\/v2\/product_brand?post=95"},{"taxonomy":"product_cat","embeddable":true,"href":"https:\/\/www.startevo.com\/shop\/wp-json\/wp\/v2\/product_cat?post=95"},{"taxonomy":"product_tag","embeddable":true,"href":"https:\/\/www.startevo.com\/shop\/wp-json\/wp\/v2\/product_tag?post=95"}],"curies":[{"name":"wp","href":"https:\/\/api.w.org\/{rel}","templated":true}]}}