{"id":91,"date":"2022-01-31T11:47:43","date_gmt":"2022-01-31T09:47:43","guid":{"rendered":"https:\/\/www.startevo.com\/shop\/?post_type=product&#038;p=91"},"modified":"2025-06-18T15:49:15","modified_gmt":"2025-06-18T12:49:15","slug":"cum-sa-ne-pregatim-de-drumetie-rucsacul-mancarea-si-cortul","status":"publish","type":"product","link":"https:\/\/www.startevo.com\/shop\/produs\/cum-sa-ne-pregatim-de-drumetie-rucsacul-mancarea-si-cortul\/","title":{"rendered":"Cum s\u0103 ne preg\u0103tim de drume\u021bie: rucsacul, m\u00e2ncarea \u0219i cortul"},"content":{"rendered":"<h2>Ce vor invata copiii din acest curs:<\/h2>\n<p>Intro<br \/>\nCum s\u0103 ne mont\u0103m cortul<br \/>\nCe punem \u00een rucsac<br \/>\nCe m\u00e2nc\u0103m pe munte<br \/>\nConcluzie<\/p>\n","protected":false},"excerpt":{"rendered":"<p>Alex Codreanu, ghid \u0219i mare montaniard, fondator No Gravity, ne sf\u0103tuie\u0219te \u00een acest micro-curs cum s\u0103 ne preg\u0103tim de drume\u021bie. Cum s\u0103 ne facem rucsacul, ce m\u00e2ncare s\u0103 alegem, cum s\u0103 facem cortul.<\/p>\n<p>&nbsp;<\/p>\n","protected":false},"featured_media":92,"comment_status":"closed","ping_status":"closed","template":"","meta":[],"product_brand":[],"product_cat":[15],"product_tag":[69,70,72,71],"class_list":{"0":"post-91","1":"product","2":"type-product","3":"status-publish","4":"has-post-thumbnail","6":"product_cat-cursuri","7":"product_tag-curs-mers-pe-munte","8":"product_tag-cursuri-copii-mers-pe-munte","9":"product_tag-cursuri-facut-rucsac-munte","10":"product_tag-cursuri-mers-pe-munte","12":"first","13":"instock","14":"virtual","15":"purchasable","16":"product-type-simple"},"yoast_head":"<!-- This site is optimized with the Yoast SEO plugin v27.6 - https:\/\/yoast.com\/product\/yoast-seo-wordpress\/ -->\n<title>Cum s\u0103 ne preg\u0103tim de drume\u021bie: rucsacul, m\u00e2ncarea \u0219i cortul - Magazinul Caritabil al Asocia\u021biei StartEvo<\/title>\n<meta name=\"robots\" content=\"index, follow, max-snippet:-1, max-image-preview:large, max-video-preview:-1\" \/>\n<link rel=\"canonical\" href=\"https:\/\/www.startevo.com\/shop\/produs\/cum-sa-ne-pregatim-de-drumetie-rucsacul-mancarea-si-cortul\/\" \/>\n<meta property=\"og:locale\" content=\"ro_RO\" \/>\n<meta property=\"og:type\" content=\"article\" \/>\n<meta property=\"og:title\" content=\"Cum s\u0103 ne preg\u0103tim de drume\u021bie: rucsacul, m\u00e2ncarea \u0219i cortul - Magazinul Caritabil al Asocia\u021biei StartEvo\" \/>\n<meta property=\"og:description\" content=\"Alex Codreanu, ghid \u0219i mare montaniard, fondator No Gravity, ne sf\u0103tuie\u0219te \u00een acest micro-curs cum s\u0103 ne preg\u0103tim de drume\u021bie. Cum s\u0103 ne facem rucsacul, ce m\u00e2ncare s\u0103 alegem, cum s\u0103 facem cortul.  &nbsp;\" \/>\n<meta property=\"og:url\" content=\"https:\/\/www.startevo.com\/shop\/produs\/cum-sa-ne-pregatim-de-drumetie-rucsacul-mancarea-si-cortul\/\" \/>\n<meta property=\"og:site_name\" content=\"Magazinul Caritabil al Asocia\u021biei StartEvo\" \/>\n<meta property=\"article:modified_time\" content=\"2025-06-18T12:49:15+00:00\" \/>\n<meta property=\"og:image\" content=\"https:\/\/www.startevo.com\/shop\/wp-content\/uploads\/2022\/01\/curs-drumetie.jpg\" \/>\n\t<meta property=\"og:image:width\" content=\"1650\" \/>\n\t<meta property=\"og:image:height\" content=\"926\" \/>\n\t<meta property=\"og:image:type\" content=\"image\/jpeg\" \/>\n<meta name=\"twitter:card\" content=\"summary_large_image\" \/>\n<script type=\"application\/ld+json\" class=\"yoast-schema-graph\">{\"@context\":\"https:\\\/\\\/schema.org\",\"@graph\":[{\"@type\":\"WebPage\",\"@id\":\"https:\\\/\\\/www.startevo.com\\\/shop\\\/produs\\\/cum-sa-ne-pregatim-de-drumetie-rucsacul-mancarea-si-cortul\\\/\",\"url\":\"https:\\\/\\\/www.startevo.com\\\/shop\\\/produs\\\/cum-sa-ne-pregatim-de-drumetie-rucsacul-mancarea-si-cortul\\\/\",\"name\":\"Cum s\u0103 ne preg\u0103tim de drume\u021bie: rucsacul, m\u00e2ncarea \u0219i cortul - Magazinul Caritabil al Asocia\u021biei StartEvo\",\"isPartOf\":{\"@id\":\"https:\\\/\\\/www.startevo.com\\\/shop\\\/#website\"},\"primaryImageOfPage\":{\"@id\":\"https:\\\/\\\/www.startevo.com\\\/shop\\\/produs\\\/cum-sa-ne-pregatim-de-drumetie-rucsacul-mancarea-si-cortul\\\/#primaryimage\"},\"image\":{\"@id\":\"https:\\\/\\\/www.startevo.com\\\/shop\\\/produs\\\/cum-sa-ne-pregatim-de-drumetie-rucsacul-mancarea-si-cortul\\\/#primaryimage\"},\"thumbnailUrl\":\"https:\\\/\\\/www.startevo.com\\\/shop\\\/wp-content\\\/uploads\\\/2022\\\/01\\\/curs-drumetie.jpg\",\"datePublished\":\"2022-01-31T09:47:43+00:00\",\"dateModified\":\"2025-06-18T12:49:15+00:00\",\"breadcrumb\":{\"@id\":\"https:\\\/\\\/www.startevo.com\\\/shop\\\/produs\\\/cum-sa-ne-pregatim-de-drumetie-rucsacul-mancarea-si-cortul\\\/#breadcrumb\"},\"inLanguage\":\"ro-RO\",\"potentialAction\":[{\"@type\":\"ReadAction\",\"target\":[\"https:\\\/\\\/www.startevo.com\\\/shop\\\/produs\\\/cum-sa-ne-pregatim-de-drumetie-rucsacul-mancarea-si-cortul\\\/\"]}]},{\"@type\":\"ImageObject\",\"inLanguage\":\"ro-RO\",\"@id\":\"https:\\\/\\\/www.startevo.com\\\/shop\\\/produs\\\/cum-sa-ne-pregatim-de-drumetie-rucsacul-mancarea-si-cortul\\\/#primaryimage\",\"url\":\"https:\\\/\\\/www.startevo.com\\\/shop\\\/wp-content\\\/uploads\\\/2022\\\/01\\\/curs-drumetie.jpg\",\"contentUrl\":\"https:\\\/\\\/www.startevo.com\\\/shop\\\/wp-content\\\/uploads\\\/2022\\\/01\\\/curs-drumetie.jpg\",\"width\":1650,\"height\":926},{\"@type\":\"BreadcrumbList\",\"@id\":\"https:\\\/\\\/www.startevo.com\\\/shop\\\/produs\\\/cum-sa-ne-pregatim-de-drumetie-rucsacul-mancarea-si-cortul\\\/#breadcrumb\",\"itemListElement\":[{\"@type\":\"ListItem\",\"position\":1,\"name\":\"Prima pagin\u0103\",\"item\":\"https:\\\/\\\/www.startevo.com\\\/shop\\\/\"},{\"@type\":\"ListItem\",\"position\":2,\"name\":\"Magazin\",\"item\":\"https:\\\/\\\/www.startevo.com\\\/shop\\\/magazin\\\/\"},{\"@type\":\"ListItem\",\"position\":3,\"name\":\"Cum s\u0103 ne preg\u0103tim de drume\u021bie: rucsacul, m\u00e2ncarea \u0219i cortul\"}]},{\"@type\":\"WebSite\",\"@id\":\"https:\\\/\\\/www.startevo.com\\\/shop\\\/#website\",\"url\":\"https:\\\/\\\/www.startevo.com\\\/shop\\\/\",\"name\":\"Magazinul Caritabil al Asocia\u021biei StartEvo\",\"description\":\"Vindem cu drag s\u0103 sus\u021binem educa\u021bia copiilor \u00een Rom\u00e2nia\",\"publisher\":{\"@id\":\"https:\\\/\\\/www.startevo.com\\\/shop\\\/#organization\"},\"potentialAction\":[{\"@type\":\"SearchAction\",\"target\":{\"@type\":\"EntryPoint\",\"urlTemplate\":\"https:\\\/\\\/www.startevo.com\\\/shop\\\/?s={search_term_string}\"},\"query-input\":{\"@type\":\"PropertyValueSpecification\",\"valueRequired\":true,\"valueName\":\"search_term_string\"}}],\"inLanguage\":\"ro-RO\"},{\"@type\":\"Organization\",\"@id\":\"https:\\\/\\\/www.startevo.com\\\/shop\\\/#organization\",\"name\":\"Magazinul Caritabil al Asocia\u021biei StartEvo\",\"url\":\"https:\\\/\\\/www.startevo.com\\\/shop\\\/\",\"logo\":{\"@type\":\"ImageObject\",\"inLanguage\":\"ro-RO\",\"@id\":\"https:\\\/\\\/www.startevo.com\\\/shop\\\/#\\\/schema\\\/logo\\\/image\\\/\",\"url\":\"https:\\\/\\\/www.startevo.com\\\/shop\\\/wp-content\\\/uploads\\\/2023\\\/10\\\/cropped-LOGO-MAGAZIN-CARITABIL-STARTEVO.jpg\",\"contentUrl\":\"https:\\\/\\\/www.startevo.com\\\/shop\\\/wp-content\\\/uploads\\\/2023\\\/10\\\/cropped-LOGO-MAGAZIN-CARITABIL-STARTEVO.jpg\",\"width\":800,\"height\":187,\"caption\":\"Magazinul Caritabil al Asocia\u021biei StartEvo\"},\"image\":{\"@id\":\"https:\\\/\\\/www.startevo.com\\\/shop\\\/#\\\/schema\\\/logo\\\/image\\\/\"}}]}<\/script>\n<!-- \/ Yoast SEO plugin. -->","yoast_head_json":{"title":"Cum s\u0103 ne preg\u0103tim de drume\u021bie: rucsacul, m\u00e2ncarea \u0219i cortul - Magazinul Caritabil al Asocia\u021biei StartEvo","robots":{"index":"index","follow":"follow","max-snippet":"max-snippet:-1","max-image-preview":"max-image-preview:large","max-video-preview":"max-video-preview:-1"},"canonical":"https:\/\/www.startevo.com\/shop\/produs\/cum-sa-ne-pregatim-de-drumetie-rucsacul-mancarea-si-cortul\/","og_locale":"ro_RO","og_type":"article","og_title":"Cum s\u0103 ne preg\u0103tim de drume\u021bie: rucsacul, m\u00e2ncarea \u0219i cortul - Magazinul Caritabil al Asocia\u021biei StartEvo","og_description":"Alex Codreanu, ghid \u0219i mare montaniard, fondator No Gravity, ne sf\u0103tuie\u0219te \u00een acest micro-curs cum s\u0103 ne preg\u0103tim de drume\u021bie. Cum s\u0103 ne facem rucsacul, ce m\u00e2ncare s\u0103 alegem, cum s\u0103 facem cortul.  &nbsp;","og_url":"https:\/\/www.startevo.com\/shop\/produs\/cum-sa-ne-pregatim-de-drumetie-rucsacul-mancarea-si-cortul\/","og_site_name":"Magazinul Caritabil al Asocia\u021biei StartEvo","article_modified_time":"2025-06-18T12:49:15+00:00","og_image":[{"width":1650,"height":926,"url":"https:\/\/www.startevo.com\/shop\/wp-content\/uploads\/2022\/01\/curs-drumetie.jpg","type":"image\/jpeg"}],"twitter_card":"summary_large_image","schema":{"@context":"https:\/\/schema.org","@graph":[{"@type":"WebPage","@id":"https:\/\/www.startevo.com\/shop\/produs\/cum-sa-ne-pregatim-de-drumetie-rucsacul-mancarea-si-cortul\/","url":"https:\/\/www.startevo.com\/shop\/produs\/cum-sa-ne-pregatim-de-drumetie-rucsacul-mancarea-si-cortul\/","name":"Cum s\u0103 ne preg\u0103tim de drume\u021bie: rucsacul, m\u00e2ncarea \u0219i cortul - Magazinul Caritabil al Asocia\u021biei StartEvo","isPartOf":{"@id":"https:\/\/www.startevo.com\/shop\/#website"},"primaryImageOfPage":{"@id":"https:\/\/www.startevo.com\/shop\/produs\/cum-sa-ne-pregatim-de-drumetie-rucsacul-mancarea-si-cortul\/#primaryimage"},"image":{"@id":"https:\/\/www.startevo.com\/shop\/produs\/cum-sa-ne-pregatim-de-drumetie-rucsacul-mancarea-si-cortul\/#primaryimage"},"thumbnailUrl":"https:\/\/www.startevo.com\/shop\/wp-content\/uploads\/2022\/01\/curs-drumetie.jpg","datePublished":"2022-01-31T09:47:43+00:00","dateModified":"2025-06-18T12:49:15+00:00","breadcrumb":{"@id":"https:\/\/www.startevo.com\/shop\/produs\/cum-sa-ne-pregatim-de-drumetie-rucsacul-mancarea-si-cortul\/#breadcrumb"},"inLanguage":"ro-RO","potentialAction":[{"@type":"ReadAction","target":["https:\/\/www.startevo.com\/shop\/produs\/cum-sa-ne-pregatim-de-drumetie-rucsacul-mancarea-si-cortul\/"]}]},{"@type":"ImageObject","inLanguage":"ro-RO","@id":"https:\/\/www.startevo.com\/shop\/produs\/cum-sa-ne-pregatim-de-drumetie-rucsacul-mancarea-si-cortul\/#primaryimage","url":"https:\/\/www.startevo.com\/shop\/wp-content\/uploads\/2022\/01\/curs-drumetie.jpg","contentUrl":"https:\/\/www.startevo.com\/shop\/wp-content\/uploads\/2022\/01\/curs-drumetie.jpg","width":1650,"height":926},{"@type":"BreadcrumbList","@id":"https:\/\/www.startevo.com\/shop\/produs\/cum-sa-ne-pregatim-de-drumetie-rucsacul-mancarea-si-cortul\/#breadcrumb","itemListElement":[{"@type":"ListItem","position":1,"name":"Prima pagin\u0103","item":"https:\/\/www.startevo.com\/shop\/"},{"@type":"ListItem","position":2,"name":"Magazin","item":"https:\/\/www.startevo.com\/shop\/magazin\/"},{"@type":"ListItem","position":3,"name":"Cum s\u0103 ne preg\u0103tim de drume\u021bie: rucsacul, m\u00e2ncarea \u0219i cortul"}]},{"@type":"WebSite","@id":"https:\/\/www.startevo.com\/shop\/#website","url":"https:\/\/www.startevo.com\/shop\/","name":"Magazinul Caritabil al Asocia\u021biei StartEvo","description":"Vindem cu drag s\u0103 sus\u021binem educa\u021bia copiilor \u00een Rom\u00e2nia","publisher":{"@id":"https:\/\/www.startevo.com\/shop\/#organization"},"potentialAction":[{"@type":"SearchAction","target":{"@type":"EntryPoint","urlTemplate":"https:\/\/www.startevo.com\/shop\/?s={search_term_string}"},"query-input":{"@type":"PropertyValueSpecification","valueRequired":true,"valueName":"search_term_string"}}],"inLanguage":"ro-RO"},{"@type":"Organization","@id":"https:\/\/www.startevo.com\/shop\/#organization","name":"Magazinul Caritabil al Asocia\u021biei StartEvo","url":"https:\/\/www.startevo.com\/shop\/","logo":{"@type":"ImageObject","inLanguage":"ro-RO","@id":"https:\/\/www.startevo.com\/shop\/#\/schema\/logo\/image\/","url":"https:\/\/www.startevo.com\/shop\/wp-content\/uploads\/2023\/10\/cropped-LOGO-MAGAZIN-CARITABIL-STARTEVO.jpg","contentUrl":"https:\/\/www.startevo.com\/shop\/wp-content\/uploads\/2023\/10\/cropped-LOGO-MAGAZIN-CARITABIL-STARTEVO.jpg","width":800,"height":187,"caption":"Magazinul Caritabil al Asocia\u021biei StartEvo"},"image":{"@id":"https:\/\/www.startevo.com\/shop\/#\/schema\/logo\/image\/"}}]}},"_links":{"self":[{"href":"https:\/\/www.startevo.com\/shop\/wp-json\/wp\/v2\/product\/91","targetHints":{"allow":["GET"]}}],"collection":[{"href":"https:\/\/www.startevo.com\/shop\/wp-json\/wp\/v2\/product"}],"about":[{"href":"https:\/\/www.startevo.com\/shop\/wp-json\/wp\/v2\/types\/product"}],"replies":[{"embeddable":true,"href":"https:\/\/www.startevo.com\/shop\/wp-json\/wp\/v2\/comments?post=91"}],"wp:featuredmedia":[{"embeddable":true,"href":"https:\/\/www.startevo.com\/shop\/wp-json\/wp\/v2\/media\/92"}],"wp:attachment":[{"href":"https:\/\/www.startevo.com\/shop\/wp-json\/wp\/v2\/media?parent=91"}],"wp:term":[{"taxonomy":"product_brand","embeddable":true,"href":"https:\/\/www.startevo.com\/shop\/wp-json\/wp\/v2\/product_brand?post=91"},{"taxonomy":"product_cat","embeddable":true,"href":"https:\/\/www.startevo.com\/shop\/wp-json\/wp\/v2\/product_cat?post=91"},{"taxonomy":"product_tag","embeddable":true,"href":"https:\/\/www.startevo.com\/shop\/wp-json\/wp\/v2\/product_tag?post=91"}],"curies":[{"name":"wp","href":"https:\/\/api.w.org\/{rel}","templated":true}]}}