{"id":78,"date":"2022-01-31T11:22:48","date_gmt":"2022-01-31T09:22:48","guid":{"rendered":"https:\/\/www.startevo.com\/shop\/?post_type=product&#038;p=78"},"modified":"2025-06-18T15:48:08","modified_gmt":"2025-06-18T12:48:08","slug":"micro-curs-pentru-youtuberi-incepatori","status":"publish","type":"product","link":"https:\/\/www.startevo.com\/shop\/produs\/micro-curs-pentru-youtuberi-incepatori\/","title":{"rendered":"Micro-Curs pentru Youtuberi \u00cencep\u0103tori"},"content":{"rendered":"<p>Ce ai nevoie ca s\u0103 devii Youtuber<br \/>\nC\u00e2teva lucruri de stabilit la \u00eenceput<br \/>\nHot\u0103r\u0103\u0219te-te ce ni\u0219\u0103 vrei s\u0103 acoperi<br \/>\nSubliniaz\u0103-\u021bi obiectivul canalului<br \/>\nG\u0103si\u021bi idei de con\u021binut<br \/>\nElabora\u021bi un program de creare con\u021binut<br \/>\nEvalua\u021bi-v\u0103 echipamentul (hardware \u0219i software)<br \/>\nCrea\u021bi \u0219i optimiza\u021bi-v\u0103 canalul<br \/>\n\u00cencarc\u0103 \u0219i \u00eenva\u021b\u0103 din primul t\u0103u videoclip<br \/>\nAr trebui s\u0103 postezi pe YouTube \u00een fiecare zi?<br \/>\nDe ce echipament ave\u021bi nevoie pentru a \u00eencepe un canal YouTube?<br \/>\nDe ce este important c\u00e2t timp urm\u0103resc oamenii videourile mele?<br \/>\nCare ar fi lungimea minim\u0103 recomandat\u0103 pentru un video?<br \/>\nCum s\u0103 te prinzi c\u00e2nd se opresc din vizionat oamenii?<br \/>\nFolose\u0219te video-carduri. De ce?<br \/>\nAlte detalii echipamente video<br \/>\nLa ce or\u0103 este cel mai bine s\u0103-mi uploadez videourile?<br \/>\nFolose\u0219te cuvinte cheie \u00een titlu! Obligatoriu!<br \/>\nDe ce conteaz\u0103 foarte mult thumbnailul la un video?<br \/>\nDescrierea videoului<br \/>\nAr trebui s\u0103 r\u0103spunzi la comentariile primite la videourile tale! De ce? Pentru c\u0103\u2026<br \/>\nFolose\u0219te-te de feedbackul privitorilor<br \/>\nConecta\u021bi re\u021belele sociale la canalul dvs<br \/>\nAd\u0103uga\u021bi un link c\u0103tre un Patreon<br \/>\nLucruri importante de \u021binut minte<\/p>\n","protected":false},"excerpt":{"rendered":"<p>Afl\u0103 o gr\u0103mad\u0103 de secrete ale Youtube-ului f\u0103c\u00e2nd acest micro-curs. Cum s\u0103 ob\u021bii mai multe vizualiz\u0103ri, cum s\u0103 ai mai mul\u021bi urm\u0103ritori, cum s\u0103 devii faimos, cum s\u0103 c\u00e2\u0219tigi bani.<\/p>\n<p>E at\u00e2t de simplu! La final prime\u0219ti \u0219i o diplom\u0103, dac\u0103 dovede\u0219ti c\u0103 \u0219tii meserie\u00a0<img decoding=\"async\" class=\"emoji\" role=\"img\" draggable=\"false\" src=\"https:\/\/s.w.org\/images\/core\/emoji\/13.1.0\/svg\/1f642.svg\" alt=\"?\" \/><\/p>\n<p>Have fun!<\/p>\n<blockquote><p>Simplu explicat, u\u0219or de re\u021binut, distractiv.<\/p><\/blockquote>\n","protected":false},"featured_media":79,"comment_status":"closed","ping_status":"closed","template":"","meta":{"jetpack_publicize_message":"","jetpack_publicize_feature_enabled":true,"jetpack_social_post_already_shared":false,"jetpack_social_options":{"image_generator_settings":{"template":"highway","default_image_id":0,"font":"","enabled":false},"version":2}},"product_brand":[],"product_cat":[15],"product_tag":[58,57],"class_list":{"0":"post-78","1":"product","2":"type-product","3":"status-publish","4":"has-post-thumbnail","6":"product_cat-cursuri","7":"product_tag-curs-pentru-copii-youtube","8":"product_tag-curs-pentru-youtuberi","10":"first","11":"instock","12":"virtual","13":"purchasable","14":"product-type-simple"},"yoast_head":"<!-- This site is optimized with the Yoast SEO plugin v27.4 - https:\/\/yoast.com\/product\/yoast-seo-wordpress\/ -->\n<title>Micro-Curs pentru Youtuberi \u00cencep\u0103tori - Magazinul Caritabil al Asocia\u021biei StartEvo<\/title>\n<meta name=\"robots\" content=\"index, follow, max-snippet:-1, max-image-preview:large, max-video-preview:-1\" \/>\n<link rel=\"canonical\" href=\"https:\/\/www.startevo.com\/shop\/produs\/micro-curs-pentru-youtuberi-incepatori\/\" \/>\n<meta property=\"og:locale\" content=\"ro_RO\" \/>\n<meta property=\"og:type\" content=\"article\" \/>\n<meta property=\"og:title\" content=\"Micro-Curs pentru Youtuberi \u00cencep\u0103tori - Magazinul Caritabil al Asocia\u021biei StartEvo\" \/>\n<meta property=\"og:description\" content=\"Afl\u0103 o gr\u0103mad\u0103 de secrete ale Youtube-ului f\u0103c\u00e2nd acest micro-curs. Cum s\u0103 ob\u021bii mai multe vizualiz\u0103ri, cum s\u0103 ai mai mul\u021bi urm\u0103ritori, cum s\u0103 devii faimos, cum s\u0103 c\u00e2\u0219tigi bani.  E at\u00e2t de simplu! La final prime\u0219ti \u0219i o diplom\u0103, dac\u0103 dovede\u0219ti c\u0103 \u0219tii meserie\u00a0  Have fun! Simplu explicat, u\u0219or de re\u021binut, distractiv.\" \/>\n<meta property=\"og:url\" content=\"https:\/\/www.startevo.com\/shop\/produs\/micro-curs-pentru-youtuberi-incepatori\/\" \/>\n<meta property=\"og:site_name\" content=\"Magazinul Caritabil al Asocia\u021biei StartEvo\" \/>\n<meta property=\"article:modified_time\" content=\"2025-06-18T12:48:08+00:00\" \/>\n<meta property=\"og:image\" content=\"https:\/\/www.startevo.com\/shop\/wp-content\/uploads\/2022\/01\/micro-curs-youtuberi.jpg\" \/>\n\t<meta property=\"og:image:width\" content=\"740\" \/>\n\t<meta property=\"og:image:height\" content=\"416\" \/>\n\t<meta property=\"og:image:type\" content=\"image\/jpeg\" \/>\n<meta name=\"twitter:card\" content=\"summary_large_image\" \/>\n<meta name=\"twitter:label1\" content=\"Timp estimat pentru citire\" \/>\n\t<meta name=\"twitter:data1\" content=\"1 minut\" \/>\n<script type=\"application\/ld+json\" class=\"yoast-schema-graph\">{\"@context\":\"https:\\\/\\\/schema.org\",\"@graph\":[{\"@type\":\"WebPage\",\"@id\":\"https:\\\/\\\/www.startevo.com\\\/shop\\\/produs\\\/micro-curs-pentru-youtuberi-incepatori\\\/\",\"url\":\"https:\\\/\\\/www.startevo.com\\\/shop\\\/produs\\\/micro-curs-pentru-youtuberi-incepatori\\\/\",\"name\":\"Micro-Curs pentru Youtuberi \u00cencep\u0103tori - Magazinul Caritabil al Asocia\u021biei StartEvo\",\"isPartOf\":{\"@id\":\"https:\\\/\\\/www.startevo.com\\\/shop\\\/#website\"},\"primaryImageOfPage\":{\"@id\":\"https:\\\/\\\/www.startevo.com\\\/shop\\\/produs\\\/micro-curs-pentru-youtuberi-incepatori\\\/#primaryimage\"},\"image\":{\"@id\":\"https:\\\/\\\/www.startevo.com\\\/shop\\\/produs\\\/micro-curs-pentru-youtuberi-incepatori\\\/#primaryimage\"},\"thumbnailUrl\":\"https:\\\/\\\/i0.wp.com\\\/www.startevo.com\\\/shop\\\/wp-content\\\/uploads\\\/2022\\\/01\\\/micro-curs-youtuberi.jpg?fit=740%2C416&ssl=1\",\"datePublished\":\"2022-01-31T09:22:48+00:00\",\"dateModified\":\"2025-06-18T12:48:08+00:00\",\"breadcrumb\":{\"@id\":\"https:\\\/\\\/www.startevo.com\\\/shop\\\/produs\\\/micro-curs-pentru-youtuberi-incepatori\\\/#breadcrumb\"},\"inLanguage\":\"ro-RO\",\"potentialAction\":[{\"@type\":\"ReadAction\",\"target\":[\"https:\\\/\\\/www.startevo.com\\\/shop\\\/produs\\\/micro-curs-pentru-youtuberi-incepatori\\\/\"]}]},{\"@type\":\"ImageObject\",\"inLanguage\":\"ro-RO\",\"@id\":\"https:\\\/\\\/www.startevo.com\\\/shop\\\/produs\\\/micro-curs-pentru-youtuberi-incepatori\\\/#primaryimage\",\"url\":\"https:\\\/\\\/i0.wp.com\\\/www.startevo.com\\\/shop\\\/wp-content\\\/uploads\\\/2022\\\/01\\\/micro-curs-youtuberi.jpg?fit=740%2C416&ssl=1\",\"contentUrl\":\"https:\\\/\\\/i0.wp.com\\\/www.startevo.com\\\/shop\\\/wp-content\\\/uploads\\\/2022\\\/01\\\/micro-curs-youtuberi.jpg?fit=740%2C416&ssl=1\",\"width\":740,\"height\":416},{\"@type\":\"BreadcrumbList\",\"@id\":\"https:\\\/\\\/www.startevo.com\\\/shop\\\/produs\\\/micro-curs-pentru-youtuberi-incepatori\\\/#breadcrumb\",\"itemListElement\":[{\"@type\":\"ListItem\",\"position\":1,\"name\":\"Prima pagin\u0103\",\"item\":\"https:\\\/\\\/www.startevo.com\\\/shop\\\/\"},{\"@type\":\"ListItem\",\"position\":2,\"name\":\"Magazin\",\"item\":\"https:\\\/\\\/www.startevo.com\\\/shop\\\/magazin\\\/\"},{\"@type\":\"ListItem\",\"position\":3,\"name\":\"Micro-Curs pentru Youtuberi \u00cencep\u0103tori\"}]},{\"@type\":\"WebSite\",\"@id\":\"https:\\\/\\\/www.startevo.com\\\/shop\\\/#website\",\"url\":\"https:\\\/\\\/www.startevo.com\\\/shop\\\/\",\"name\":\"Magazinul Caritabil al Asocia\u021biei StartEvo\",\"description\":\"Vindem cu drag s\u0103 sus\u021binem educa\u021bia copiilor \u00een Rom\u00e2nia\",\"publisher\":{\"@id\":\"https:\\\/\\\/www.startevo.com\\\/shop\\\/#organization\"},\"potentialAction\":[{\"@type\":\"SearchAction\",\"target\":{\"@type\":\"EntryPoint\",\"urlTemplate\":\"https:\\\/\\\/www.startevo.com\\\/shop\\\/?s={search_term_string}\"},\"query-input\":{\"@type\":\"PropertyValueSpecification\",\"valueRequired\":true,\"valueName\":\"search_term_string\"}}],\"inLanguage\":\"ro-RO\"},{\"@type\":\"Organization\",\"@id\":\"https:\\\/\\\/www.startevo.com\\\/shop\\\/#organization\",\"name\":\"Magazinul Caritabil al Asocia\u021biei StartEvo\",\"url\":\"https:\\\/\\\/www.startevo.com\\\/shop\\\/\",\"logo\":{\"@type\":\"ImageObject\",\"inLanguage\":\"ro-RO\",\"@id\":\"https:\\\/\\\/www.startevo.com\\\/shop\\\/#\\\/schema\\\/logo\\\/image\\\/\",\"url\":\"https:\\\/\\\/i0.wp.com\\\/www.startevo.com\\\/shop\\\/wp-content\\\/uploads\\\/2023\\\/10\\\/cropped-LOGO-MAGAZIN-CARITABIL-STARTEVO.jpg?fit=800%2C187&ssl=1\",\"contentUrl\":\"https:\\\/\\\/i0.wp.com\\\/www.startevo.com\\\/shop\\\/wp-content\\\/uploads\\\/2023\\\/10\\\/cropped-LOGO-MAGAZIN-CARITABIL-STARTEVO.jpg?fit=800%2C187&ssl=1\",\"width\":800,\"height\":187,\"caption\":\"Magazinul Caritabil al Asocia\u021biei StartEvo\"},\"image\":{\"@id\":\"https:\\\/\\\/www.startevo.com\\\/shop\\\/#\\\/schema\\\/logo\\\/image\\\/\"}}]}<\/script>\n<!-- \/ Yoast SEO plugin. -->","yoast_head_json":{"title":"Micro-Curs pentru Youtuberi \u00cencep\u0103tori - Magazinul Caritabil al Asocia\u021biei StartEvo","robots":{"index":"index","follow":"follow","max-snippet":"max-snippet:-1","max-image-preview":"max-image-preview:large","max-video-preview":"max-video-preview:-1"},"canonical":"https:\/\/www.startevo.com\/shop\/produs\/micro-curs-pentru-youtuberi-incepatori\/","og_locale":"ro_RO","og_type":"article","og_title":"Micro-Curs pentru Youtuberi \u00cencep\u0103tori - Magazinul Caritabil al Asocia\u021biei StartEvo","og_description":"Afl\u0103 o gr\u0103mad\u0103 de secrete ale Youtube-ului f\u0103c\u00e2nd acest micro-curs. Cum s\u0103 ob\u021bii mai multe vizualiz\u0103ri, cum s\u0103 ai mai mul\u021bi urm\u0103ritori, cum s\u0103 devii faimos, cum s\u0103 c\u00e2\u0219tigi bani.  E at\u00e2t de simplu! La final prime\u0219ti \u0219i o diplom\u0103, dac\u0103 dovede\u0219ti c\u0103 \u0219tii meserie\u00a0  Have fun! Simplu explicat, u\u0219or de re\u021binut, distractiv.","og_url":"https:\/\/www.startevo.com\/shop\/produs\/micro-curs-pentru-youtuberi-incepatori\/","og_site_name":"Magazinul Caritabil al Asocia\u021biei StartEvo","article_modified_time":"2025-06-18T12:48:08+00:00","og_image":[{"width":740,"height":416,"url":"https:\/\/www.startevo.com\/shop\/wp-content\/uploads\/2022\/01\/micro-curs-youtuberi.jpg","type":"image\/jpeg"}],"twitter_card":"summary_large_image","twitter_misc":{"Timp estimat pentru citire":"1 minut"},"schema":{"@context":"https:\/\/schema.org","@graph":[{"@type":"WebPage","@id":"https:\/\/www.startevo.com\/shop\/produs\/micro-curs-pentru-youtuberi-incepatori\/","url":"https:\/\/www.startevo.com\/shop\/produs\/micro-curs-pentru-youtuberi-incepatori\/","name":"Micro-Curs pentru Youtuberi \u00cencep\u0103tori - Magazinul Caritabil al Asocia\u021biei StartEvo","isPartOf":{"@id":"https:\/\/www.startevo.com\/shop\/#website"},"primaryImageOfPage":{"@id":"https:\/\/www.startevo.com\/shop\/produs\/micro-curs-pentru-youtuberi-incepatori\/#primaryimage"},"image":{"@id":"https:\/\/www.startevo.com\/shop\/produs\/micro-curs-pentru-youtuberi-incepatori\/#primaryimage"},"thumbnailUrl":"https:\/\/i0.wp.com\/www.startevo.com\/shop\/wp-content\/uploads\/2022\/01\/micro-curs-youtuberi.jpg?fit=740%2C416&ssl=1","datePublished":"2022-01-31T09:22:48+00:00","dateModified":"2025-06-18T12:48:08+00:00","breadcrumb":{"@id":"https:\/\/www.startevo.com\/shop\/produs\/micro-curs-pentru-youtuberi-incepatori\/#breadcrumb"},"inLanguage":"ro-RO","potentialAction":[{"@type":"ReadAction","target":["https:\/\/www.startevo.com\/shop\/produs\/micro-curs-pentru-youtuberi-incepatori\/"]}]},{"@type":"ImageObject","inLanguage":"ro-RO","@id":"https:\/\/www.startevo.com\/shop\/produs\/micro-curs-pentru-youtuberi-incepatori\/#primaryimage","url":"https:\/\/i0.wp.com\/www.startevo.com\/shop\/wp-content\/uploads\/2022\/01\/micro-curs-youtuberi.jpg?fit=740%2C416&ssl=1","contentUrl":"https:\/\/i0.wp.com\/www.startevo.com\/shop\/wp-content\/uploads\/2022\/01\/micro-curs-youtuberi.jpg?fit=740%2C416&ssl=1","width":740,"height":416},{"@type":"BreadcrumbList","@id":"https:\/\/www.startevo.com\/shop\/produs\/micro-curs-pentru-youtuberi-incepatori\/#breadcrumb","itemListElement":[{"@type":"ListItem","position":1,"name":"Prima pagin\u0103","item":"https:\/\/www.startevo.com\/shop\/"},{"@type":"ListItem","position":2,"name":"Magazin","item":"https:\/\/www.startevo.com\/shop\/magazin\/"},{"@type":"ListItem","position":3,"name":"Micro-Curs pentru Youtuberi \u00cencep\u0103tori"}]},{"@type":"WebSite","@id":"https:\/\/www.startevo.com\/shop\/#website","url":"https:\/\/www.startevo.com\/shop\/","name":"Magazinul Caritabil al Asocia\u021biei StartEvo","description":"Vindem cu drag s\u0103 sus\u021binem educa\u021bia copiilor \u00een Rom\u00e2nia","publisher":{"@id":"https:\/\/www.startevo.com\/shop\/#organization"},"potentialAction":[{"@type":"SearchAction","target":{"@type":"EntryPoint","urlTemplate":"https:\/\/www.startevo.com\/shop\/?s={search_term_string}"},"query-input":{"@type":"PropertyValueSpecification","valueRequired":true,"valueName":"search_term_string"}}],"inLanguage":"ro-RO"},{"@type":"Organization","@id":"https:\/\/www.startevo.com\/shop\/#organization","name":"Magazinul Caritabil al Asocia\u021biei StartEvo","url":"https:\/\/www.startevo.com\/shop\/","logo":{"@type":"ImageObject","inLanguage":"ro-RO","@id":"https:\/\/www.startevo.com\/shop\/#\/schema\/logo\/image\/","url":"https:\/\/i0.wp.com\/www.startevo.com\/shop\/wp-content\/uploads\/2023\/10\/cropped-LOGO-MAGAZIN-CARITABIL-STARTEVO.jpg?fit=800%2C187&ssl=1","contentUrl":"https:\/\/i0.wp.com\/www.startevo.com\/shop\/wp-content\/uploads\/2023\/10\/cropped-LOGO-MAGAZIN-CARITABIL-STARTEVO.jpg?fit=800%2C187&ssl=1","width":800,"height":187,"caption":"Magazinul Caritabil al Asocia\u021biei StartEvo"},"image":{"@id":"https:\/\/www.startevo.com\/shop\/#\/schema\/logo\/image\/"}}]}},"jetpack_publicize_connections":[],"jetpack_likes_enabled":true,"jetpack_sharing_enabled":true,"jetpack-related-posts":[],"_links":{"self":[{"href":"https:\/\/www.startevo.com\/shop\/wp-json\/wp\/v2\/product\/78","targetHints":{"allow":["GET"]}}],"collection":[{"href":"https:\/\/www.startevo.com\/shop\/wp-json\/wp\/v2\/product"}],"about":[{"href":"https:\/\/www.startevo.com\/shop\/wp-json\/wp\/v2\/types\/product"}],"replies":[{"embeddable":true,"href":"https:\/\/www.startevo.com\/shop\/wp-json\/wp\/v2\/comments?post=78"}],"wp:featuredmedia":[{"embeddable":true,"href":"https:\/\/www.startevo.com\/shop\/wp-json\/wp\/v2\/media\/79"}],"wp:attachment":[{"href":"https:\/\/www.startevo.com\/shop\/wp-json\/wp\/v2\/media?parent=78"}],"wp:term":[{"taxonomy":"product_brand","embeddable":true,"href":"https:\/\/www.startevo.com\/shop\/wp-json\/wp\/v2\/product_brand?post=78"},{"taxonomy":"product_cat","embeddable":true,"href":"https:\/\/www.startevo.com\/shop\/wp-json\/wp\/v2\/product_cat?post=78"},{"taxonomy":"product_tag","embeddable":true,"href":"https:\/\/www.startevo.com\/shop\/wp-json\/wp\/v2\/product_tag?post=78"}],"curies":[{"name":"wp","href":"https:\/\/api.w.org\/{rel}","templated":true}]}}