{"id":76,"date":"2022-01-31T11:20:34","date_gmt":"2022-01-31T09:20:34","guid":{"rendered":"https:\/\/www.startevo.com\/shop\/?post_type=product&#038;p=76"},"modified":"2025-06-18T15:48:54","modified_gmt":"2025-06-18T12:48:54","slug":"cum-sa-ne-facem-o-baza-spatiala-pe-luna","status":"publish","type":"product","link":"https:\/\/www.startevo.com\/shop\/produs\/cum-sa-ne-facem-o-baza-spatiala-pe-luna\/","title":{"rendered":"Micro-curs Cum s\u0103 ne facem o baz\u0103 spa\u021bial\u0103 pe Lun\u0103"},"content":{"rendered":"<p><strong>Ce vor invata copiii<\/strong><\/p>\n<p>Introducere<br \/>\nCapitolul 1 -Luna<br \/>\nCapitolul 2 \u2013 Cum ajungem pe Lun\u0103<br \/>\nCapitolul 3 \u2013 Ce ne trebuie pentru baza pe Lun\u0103<br \/>\nCapitolul 4 \u2013 Cum s\u0103 ne producem hrana pe Lun\u0103<br \/>\nCapitolul 5 \u2013 Cum producem oxigen<br \/>\nCapitolul 6 \u2013 Cum producem energie<br \/>\nCapitolul 7 \u2013 Construirea bazei lunare \u2013 partea 1<br \/>\nCapitolul 8 \u2013 Constructia unei baze lunare \u2013 partea 2<br \/>\nCapitolul 9 \u2013 Cuv\u00e2nd de \u00eencheiere<br \/>\nTest cum sa ne facem baza pe Lun\u0103<\/p>\n","protected":false},"excerpt":{"rendered":"<p>Curs video pentru copii &#8211; \u201dCum s\u0103 ne facem o baz\u0103 spa\u021bial\u0103 pe Lun\u0103\u201d<\/p>\n<p>Durata aproximativa: 1 or\u0103<\/p>\n<p>Diplom\u0103 la final<\/p>\n<blockquote><p>Extraordinar de interesant. Am \u00eenv\u0103\u021bat multe lucruri.<\/p><\/blockquote>\n","protected":false},"featured_media":77,"comment_status":"closed","ping_status":"closed","template":"","meta":{"jetpack_publicize_message":"","jetpack_publicize_feature_enabled":true,"jetpack_social_post_already_shared":false,"jetpack_social_options":{"image_generator_settings":{"template":"highway","default_image_id":0,"font":"","enabled":false},"version":2}},"product_brand":[],"product_cat":[15],"product_tag":[55,54,56],"class_list":{"0":"post-76","1":"product","2":"type-product","3":"status-publish","4":"has-post-thumbnail","6":"product_cat-cursuri","7":"product_tag-cum-sa-ne-facem-o-baza-pe-luna","8":"product_tag-curs-astronomie","9":"product_tag-curs-stiinta-copii","11":"first","12":"instock","13":"virtual","14":"purchasable","15":"product-type-simple"},"yoast_head":"<!-- This site is optimized with the Yoast SEO plugin v27.4 - https:\/\/yoast.com\/product\/yoast-seo-wordpress\/ -->\n<title>Micro-curs Cum s\u0103 ne facem o baz\u0103 spa\u021bial\u0103 pe Lun\u0103 - Magazinul Caritabil al Asocia\u021biei StartEvo<\/title>\n<meta name=\"robots\" content=\"index, follow, max-snippet:-1, max-image-preview:large, max-video-preview:-1\" \/>\n<link rel=\"canonical\" href=\"https:\/\/www.startevo.com\/shop\/produs\/cum-sa-ne-facem-o-baza-spatiala-pe-luna\/\" \/>\n<meta property=\"og:locale\" content=\"ro_RO\" \/>\n<meta property=\"og:type\" content=\"article\" \/>\n<meta property=\"og:title\" content=\"Micro-curs Cum s\u0103 ne facem o baz\u0103 spa\u021bial\u0103 pe Lun\u0103 - Magazinul Caritabil al Asocia\u021biei StartEvo\" \/>\n<meta property=\"og:description\" content=\"Curs video pentru copii - \u201dCum s\u0103 ne facem o baz\u0103 spa\u021bial\u0103 pe Lun\u0103\u201d  Durata aproximativa: 1 or\u0103  Diplom\u0103 la final Extraordinar de interesant. Am \u00eenv\u0103\u021bat multe lucruri.\" \/>\n<meta property=\"og:url\" content=\"https:\/\/www.startevo.com\/shop\/produs\/cum-sa-ne-facem-o-baza-spatiala-pe-luna\/\" \/>\n<meta property=\"og:site_name\" content=\"Magazinul Caritabil al Asocia\u021biei StartEvo\" \/>\n<meta property=\"article:modified_time\" content=\"2025-06-18T12:48:54+00:00\" \/>\n<meta property=\"og:image\" content=\"https:\/\/www.startevo.com\/shop\/wp-content\/uploads\/2022\/01\/cum-sa-ne-facem-o-baza-pe-luna-1.jpg\" \/>\n\t<meta property=\"og:image:width\" content=\"1200\" \/>\n\t<meta property=\"og:image:height\" content=\"761\" \/>\n\t<meta property=\"og:image:type\" content=\"image\/jpeg\" \/>\n<meta name=\"twitter:card\" content=\"summary_large_image\" \/>\n<script type=\"application\/ld+json\" class=\"yoast-schema-graph\">{\"@context\":\"https:\\\/\\\/schema.org\",\"@graph\":[{\"@type\":\"WebPage\",\"@id\":\"https:\\\/\\\/www.startevo.com\\\/shop\\\/produs\\\/cum-sa-ne-facem-o-baza-spatiala-pe-luna\\\/\",\"url\":\"https:\\\/\\\/www.startevo.com\\\/shop\\\/produs\\\/cum-sa-ne-facem-o-baza-spatiala-pe-luna\\\/\",\"name\":\"Micro-curs Cum s\u0103 ne facem o baz\u0103 spa\u021bial\u0103 pe Lun\u0103 - Magazinul Caritabil al Asocia\u021biei StartEvo\",\"isPartOf\":{\"@id\":\"https:\\\/\\\/www.startevo.com\\\/shop\\\/#website\"},\"primaryImageOfPage\":{\"@id\":\"https:\\\/\\\/www.startevo.com\\\/shop\\\/produs\\\/cum-sa-ne-facem-o-baza-spatiala-pe-luna\\\/#primaryimage\"},\"image\":{\"@id\":\"https:\\\/\\\/www.startevo.com\\\/shop\\\/produs\\\/cum-sa-ne-facem-o-baza-spatiala-pe-luna\\\/#primaryimage\"},\"thumbnailUrl\":\"https:\\\/\\\/i0.wp.com\\\/www.startevo.com\\\/shop\\\/wp-content\\\/uploads\\\/2022\\\/01\\\/cum-sa-ne-facem-o-baza-pe-luna-1.jpg?fit=1200%2C761&ssl=1\",\"datePublished\":\"2022-01-31T09:20:34+00:00\",\"dateModified\":\"2025-06-18T12:48:54+00:00\",\"breadcrumb\":{\"@id\":\"https:\\\/\\\/www.startevo.com\\\/shop\\\/produs\\\/cum-sa-ne-facem-o-baza-spatiala-pe-luna\\\/#breadcrumb\"},\"inLanguage\":\"ro-RO\",\"potentialAction\":[{\"@type\":\"ReadAction\",\"target\":[\"https:\\\/\\\/www.startevo.com\\\/shop\\\/produs\\\/cum-sa-ne-facem-o-baza-spatiala-pe-luna\\\/\"]}]},{\"@type\":\"ImageObject\",\"inLanguage\":\"ro-RO\",\"@id\":\"https:\\\/\\\/www.startevo.com\\\/shop\\\/produs\\\/cum-sa-ne-facem-o-baza-spatiala-pe-luna\\\/#primaryimage\",\"url\":\"https:\\\/\\\/i0.wp.com\\\/www.startevo.com\\\/shop\\\/wp-content\\\/uploads\\\/2022\\\/01\\\/cum-sa-ne-facem-o-baza-pe-luna-1.jpg?fit=1200%2C761&ssl=1\",\"contentUrl\":\"https:\\\/\\\/i0.wp.com\\\/www.startevo.com\\\/shop\\\/wp-content\\\/uploads\\\/2022\\\/01\\\/cum-sa-ne-facem-o-baza-pe-luna-1.jpg?fit=1200%2C761&ssl=1\",\"width\":1200,\"height\":761},{\"@type\":\"BreadcrumbList\",\"@id\":\"https:\\\/\\\/www.startevo.com\\\/shop\\\/produs\\\/cum-sa-ne-facem-o-baza-spatiala-pe-luna\\\/#breadcrumb\",\"itemListElement\":[{\"@type\":\"ListItem\",\"position\":1,\"name\":\"Prima pagin\u0103\",\"item\":\"https:\\\/\\\/www.startevo.com\\\/shop\\\/\"},{\"@type\":\"ListItem\",\"position\":2,\"name\":\"Magazin\",\"item\":\"https:\\\/\\\/www.startevo.com\\\/shop\\\/magazin\\\/\"},{\"@type\":\"ListItem\",\"position\":3,\"name\":\"Micro-curs Cum s\u0103 ne facem o baz\u0103 spa\u021bial\u0103 pe Lun\u0103\"}]},{\"@type\":\"WebSite\",\"@id\":\"https:\\\/\\\/www.startevo.com\\\/shop\\\/#website\",\"url\":\"https:\\\/\\\/www.startevo.com\\\/shop\\\/\",\"name\":\"Magazinul Caritabil al Asocia\u021biei StartEvo\",\"description\":\"Vindem cu drag s\u0103 sus\u021binem educa\u021bia copiilor \u00een Rom\u00e2nia\",\"publisher\":{\"@id\":\"https:\\\/\\\/www.startevo.com\\\/shop\\\/#organization\"},\"potentialAction\":[{\"@type\":\"SearchAction\",\"target\":{\"@type\":\"EntryPoint\",\"urlTemplate\":\"https:\\\/\\\/www.startevo.com\\\/shop\\\/?s={search_term_string}\"},\"query-input\":{\"@type\":\"PropertyValueSpecification\",\"valueRequired\":true,\"valueName\":\"search_term_string\"}}],\"inLanguage\":\"ro-RO\"},{\"@type\":\"Organization\",\"@id\":\"https:\\\/\\\/www.startevo.com\\\/shop\\\/#organization\",\"name\":\"Magazinul Caritabil al Asocia\u021biei StartEvo\",\"url\":\"https:\\\/\\\/www.startevo.com\\\/shop\\\/\",\"logo\":{\"@type\":\"ImageObject\",\"inLanguage\":\"ro-RO\",\"@id\":\"https:\\\/\\\/www.startevo.com\\\/shop\\\/#\\\/schema\\\/logo\\\/image\\\/\",\"url\":\"https:\\\/\\\/i0.wp.com\\\/www.startevo.com\\\/shop\\\/wp-content\\\/uploads\\\/2023\\\/10\\\/cropped-LOGO-MAGAZIN-CARITABIL-STARTEVO.jpg?fit=800%2C187&ssl=1\",\"contentUrl\":\"https:\\\/\\\/i0.wp.com\\\/www.startevo.com\\\/shop\\\/wp-content\\\/uploads\\\/2023\\\/10\\\/cropped-LOGO-MAGAZIN-CARITABIL-STARTEVO.jpg?fit=800%2C187&ssl=1\",\"width\":800,\"height\":187,\"caption\":\"Magazinul Caritabil al Asocia\u021biei StartEvo\"},\"image\":{\"@id\":\"https:\\\/\\\/www.startevo.com\\\/shop\\\/#\\\/schema\\\/logo\\\/image\\\/\"}}]}<\/script>\n<!-- \/ Yoast SEO plugin. -->","yoast_head_json":{"title":"Micro-curs Cum s\u0103 ne facem o baz\u0103 spa\u021bial\u0103 pe Lun\u0103 - Magazinul Caritabil al Asocia\u021biei StartEvo","robots":{"index":"index","follow":"follow","max-snippet":"max-snippet:-1","max-image-preview":"max-image-preview:large","max-video-preview":"max-video-preview:-1"},"canonical":"https:\/\/www.startevo.com\/shop\/produs\/cum-sa-ne-facem-o-baza-spatiala-pe-luna\/","og_locale":"ro_RO","og_type":"article","og_title":"Micro-curs Cum s\u0103 ne facem o baz\u0103 spa\u021bial\u0103 pe Lun\u0103 - Magazinul Caritabil al Asocia\u021biei StartEvo","og_description":"Curs video pentru copii - \u201dCum s\u0103 ne facem o baz\u0103 spa\u021bial\u0103 pe Lun\u0103\u201d  Durata aproximativa: 1 or\u0103  Diplom\u0103 la final Extraordinar de interesant. Am \u00eenv\u0103\u021bat multe lucruri.","og_url":"https:\/\/www.startevo.com\/shop\/produs\/cum-sa-ne-facem-o-baza-spatiala-pe-luna\/","og_site_name":"Magazinul Caritabil al Asocia\u021biei StartEvo","article_modified_time":"2025-06-18T12:48:54+00:00","og_image":[{"width":1200,"height":761,"url":"https:\/\/www.startevo.com\/shop\/wp-content\/uploads\/2022\/01\/cum-sa-ne-facem-o-baza-pe-luna-1.jpg","type":"image\/jpeg"}],"twitter_card":"summary_large_image","schema":{"@context":"https:\/\/schema.org","@graph":[{"@type":"WebPage","@id":"https:\/\/www.startevo.com\/shop\/produs\/cum-sa-ne-facem-o-baza-spatiala-pe-luna\/","url":"https:\/\/www.startevo.com\/shop\/produs\/cum-sa-ne-facem-o-baza-spatiala-pe-luna\/","name":"Micro-curs Cum s\u0103 ne facem o baz\u0103 spa\u021bial\u0103 pe Lun\u0103 - Magazinul Caritabil al Asocia\u021biei StartEvo","isPartOf":{"@id":"https:\/\/www.startevo.com\/shop\/#website"},"primaryImageOfPage":{"@id":"https:\/\/www.startevo.com\/shop\/produs\/cum-sa-ne-facem-o-baza-spatiala-pe-luna\/#primaryimage"},"image":{"@id":"https:\/\/www.startevo.com\/shop\/produs\/cum-sa-ne-facem-o-baza-spatiala-pe-luna\/#primaryimage"},"thumbnailUrl":"https:\/\/i0.wp.com\/www.startevo.com\/shop\/wp-content\/uploads\/2022\/01\/cum-sa-ne-facem-o-baza-pe-luna-1.jpg?fit=1200%2C761&ssl=1","datePublished":"2022-01-31T09:20:34+00:00","dateModified":"2025-06-18T12:48:54+00:00","breadcrumb":{"@id":"https:\/\/www.startevo.com\/shop\/produs\/cum-sa-ne-facem-o-baza-spatiala-pe-luna\/#breadcrumb"},"inLanguage":"ro-RO","potentialAction":[{"@type":"ReadAction","target":["https:\/\/www.startevo.com\/shop\/produs\/cum-sa-ne-facem-o-baza-spatiala-pe-luna\/"]}]},{"@type":"ImageObject","inLanguage":"ro-RO","@id":"https:\/\/www.startevo.com\/shop\/produs\/cum-sa-ne-facem-o-baza-spatiala-pe-luna\/#primaryimage","url":"https:\/\/i0.wp.com\/www.startevo.com\/shop\/wp-content\/uploads\/2022\/01\/cum-sa-ne-facem-o-baza-pe-luna-1.jpg?fit=1200%2C761&ssl=1","contentUrl":"https:\/\/i0.wp.com\/www.startevo.com\/shop\/wp-content\/uploads\/2022\/01\/cum-sa-ne-facem-o-baza-pe-luna-1.jpg?fit=1200%2C761&ssl=1","width":1200,"height":761},{"@type":"BreadcrumbList","@id":"https:\/\/www.startevo.com\/shop\/produs\/cum-sa-ne-facem-o-baza-spatiala-pe-luna\/#breadcrumb","itemListElement":[{"@type":"ListItem","position":1,"name":"Prima pagin\u0103","item":"https:\/\/www.startevo.com\/shop\/"},{"@type":"ListItem","position":2,"name":"Magazin","item":"https:\/\/www.startevo.com\/shop\/magazin\/"},{"@type":"ListItem","position":3,"name":"Micro-curs Cum s\u0103 ne facem o baz\u0103 spa\u021bial\u0103 pe Lun\u0103"}]},{"@type":"WebSite","@id":"https:\/\/www.startevo.com\/shop\/#website","url":"https:\/\/www.startevo.com\/shop\/","name":"Magazinul Caritabil al Asocia\u021biei StartEvo","description":"Vindem cu drag s\u0103 sus\u021binem educa\u021bia copiilor \u00een Rom\u00e2nia","publisher":{"@id":"https:\/\/www.startevo.com\/shop\/#organization"},"potentialAction":[{"@type":"SearchAction","target":{"@type":"EntryPoint","urlTemplate":"https:\/\/www.startevo.com\/shop\/?s={search_term_string}"},"query-input":{"@type":"PropertyValueSpecification","valueRequired":true,"valueName":"search_term_string"}}],"inLanguage":"ro-RO"},{"@type":"Organization","@id":"https:\/\/www.startevo.com\/shop\/#organization","name":"Magazinul Caritabil al Asocia\u021biei StartEvo","url":"https:\/\/www.startevo.com\/shop\/","logo":{"@type":"ImageObject","inLanguage":"ro-RO","@id":"https:\/\/www.startevo.com\/shop\/#\/schema\/logo\/image\/","url":"https:\/\/i0.wp.com\/www.startevo.com\/shop\/wp-content\/uploads\/2023\/10\/cropped-LOGO-MAGAZIN-CARITABIL-STARTEVO.jpg?fit=800%2C187&ssl=1","contentUrl":"https:\/\/i0.wp.com\/www.startevo.com\/shop\/wp-content\/uploads\/2023\/10\/cropped-LOGO-MAGAZIN-CARITABIL-STARTEVO.jpg?fit=800%2C187&ssl=1","width":800,"height":187,"caption":"Magazinul Caritabil al Asocia\u021biei StartEvo"},"image":{"@id":"https:\/\/www.startevo.com\/shop\/#\/schema\/logo\/image\/"}}]}},"jetpack_publicize_connections":[],"jetpack_likes_enabled":true,"jetpack_sharing_enabled":true,"jetpack-related-posts":[],"_links":{"self":[{"href":"https:\/\/www.startevo.com\/shop\/wp-json\/wp\/v2\/product\/76","targetHints":{"allow":["GET"]}}],"collection":[{"href":"https:\/\/www.startevo.com\/shop\/wp-json\/wp\/v2\/product"}],"about":[{"href":"https:\/\/www.startevo.com\/shop\/wp-json\/wp\/v2\/types\/product"}],"replies":[{"embeddable":true,"href":"https:\/\/www.startevo.com\/shop\/wp-json\/wp\/v2\/comments?post=76"}],"wp:featuredmedia":[{"embeddable":true,"href":"https:\/\/www.startevo.com\/shop\/wp-json\/wp\/v2\/media\/77"}],"wp:attachment":[{"href":"https:\/\/www.startevo.com\/shop\/wp-json\/wp\/v2\/media?parent=76"}],"wp:term":[{"taxonomy":"product_brand","embeddable":true,"href":"https:\/\/www.startevo.com\/shop\/wp-json\/wp\/v2\/product_brand?post=76"},{"taxonomy":"product_cat","embeddable":true,"href":"https:\/\/www.startevo.com\/shop\/wp-json\/wp\/v2\/product_cat?post=76"},{"taxonomy":"product_tag","embeddable":true,"href":"https:\/\/www.startevo.com\/shop\/wp-json\/wp\/v2\/product_tag?post=76"}],"curies":[{"name":"wp","href":"https:\/\/api.w.org\/{rel}","templated":true}]}}