{"id":7344,"date":"2024-01-01T18:44:54","date_gmt":"2024-01-01T16:44:54","guid":{"rendered":"https:\/\/www.startevo.com\/shop\/?post_type=product&#038;p=7344"},"modified":"2025-06-18T15:48:32","modified_gmt":"2025-06-18T12:48:32","slug":"cum-sa-limitezi-accesul-copiilor-la-ecrane","status":"publish","type":"product","link":"https:\/\/www.startevo.com\/shop\/produs\/cum-sa-limitezi-accesul-copiilor-la-ecrane\/","title":{"rendered":"Cum sa limitezi accesul copiilor la ecrane &#8211; sfaturi practice pe cazul familiei tale!"},"content":{"rendered":"\n<p>Copiii au nevoie de ajutorul nostru pentru a-i conduce \u00eentr-o lume bazat\u0103 pe dopamin\u0103.<\/p>\n\n\n\n<p>Exist\u0103 milioane de aplica\u021bii software care necesit\u0103 aten\u021bie, concentrate pe producerea de dopamin\u0103 u\u0219oar\u0103 prin divertisment f\u0103r\u0103 minte.<\/p>\n\n\n\n<p>F\u0103r\u0103 ajutor, min\u021bile vor alege cea mai u\u0219oar\u0103 surs\u0103 de dopamin\u0103. Asta \u00eenseamn\u0103 c\u0103 jocurile \u0219i videoclipurile idioate, create de creatorii lor av\u00e2nd \u00een vedere cele mai recente descoperiri de fiziologie, vor reu\u0219i s\u0103 apese butoanele potrivite \u00een creierul copilului t\u0103u, pentru a ob\u021bine efectul dorit.<\/p>\n\n\n\n<p>Dac\u0103 nu intri, creierul copilului t\u0103u va fi afectat \u0219i viitorul lui\/ei va avea de suferit!<\/p>\n\n\n\n<p>Deci, \u00eencepe acum.<\/p>\n","protected":false},"excerpt":{"rendered":"<p>V\u0103 voi ajuta s\u0103 configura\u021bi un sistem de control parental pe 4 straturi, pentru a v\u0103 proteja mai bine copilul online. <\/p>\n<p><strong>&#8211; Limit\u0103ri ale routerului<br \/>\n&#8211; Limit\u0103ri Windows<br \/>\n&#8211; Limit\u0103ri software anti-virus<br \/>\n&#8211; Alte programe de control parental <\/strong><\/p>\n<p>Vom vorbi prin Zoom \u0219i v\u0103 voi ajuta s\u0103 configura\u021bi toate software-urile necesare. <\/p>\n<p>Nu vom discuta teorie! Vom discuta PRACTIC ce sa faci astfel incat sa-ti ajuti COPILUL TAU! Ce aplicatii sa iti instalezi, cum sa le instalezi si sa le setezi, cum sa gestionezi relatia cu copilul tau cand e vorba de ecrane.<\/p>\n<p><strong>Garan\u021bie: Dac\u0103 nu sunte\u021bi 100% mul\u021bumit la finalul \u0219edin\u021bei, primi\u021bi to\u021bi banii \u00eenapoi.<\/p>\n","protected":false},"featured_media":7346,"comment_status":"closed","ping_status":"closed","template":"","meta":[],"product_brand":[],"product_cat":[281],"product_tag":[282,283],"class_list":{"0":"post-7344","1":"product","2":"type-product","3":"status-publish","4":"has-post-thumbnail","6":"product_cat-servicii","7":"product_tag-limitare-acces-ecrane","8":"product_tag-parenting-control","10":"first","11":"instock","12":"virtual","13":"purchasable","14":"product-type-simple"},"yoast_head":"<!-- This site is optimized with the Yoast SEO plugin v27.6 - https:\/\/yoast.com\/product\/yoast-seo-wordpress\/ -->\n<title>Cum sa limitezi accesul copiilor la ecrane - sfaturi practice pe cazul familiei tale! - Magazinul Caritabil al Asocia\u021biei StartEvo<\/title>\n<meta name=\"robots\" content=\"index, follow, max-snippet:-1, max-image-preview:large, max-video-preview:-1\" \/>\n<link rel=\"canonical\" href=\"https:\/\/www.startevo.com\/shop\/produs\/cum-sa-limitezi-accesul-copiilor-la-ecrane\/\" \/>\n<meta property=\"og:locale\" content=\"ro_RO\" \/>\n<meta property=\"og:type\" content=\"article\" \/>\n<meta property=\"og:title\" content=\"Cum sa limitezi accesul copiilor la ecrane - sfaturi practice pe cazul familiei tale! - Magazinul Caritabil al Asocia\u021biei StartEvo\" \/>\n<meta property=\"og:description\" content=\"V\u0103 voi ajuta s\u0103 configura\u021bi un sistem de control parental pe 4 straturi, pentru a v\u0103 proteja mai bine copilul online.   - Limit\u0103ri ale routerului  - Limit\u0103ri Windows  - Limit\u0103ri software anti-virus  - Alte programe de control parental   Vom vorbi prin Zoom \u0219i v\u0103 voi ajuta s\u0103 configura\u021bi toate software-urile necesare.   Nu vom discuta teorie! Vom discuta PRACTIC ce sa faci astfel incat sa-ti ajuti COPILUL TAU! Ce aplicatii sa iti instalezi, cum sa le instalezi si sa le setezi, cum sa gestionezi relatia cu copilul tau cand e vorba de ecrane.  Garan\u021bie: Dac\u0103 nu sunte\u021bi 100% mul\u021bumit la finalul \u0219edin\u021bei, primi\u021bi to\u021bi banii \u00eenapoi.\" \/>\n<meta property=\"og:url\" content=\"https:\/\/www.startevo.com\/shop\/produs\/cum-sa-limitezi-accesul-copiilor-la-ecrane\/\" \/>\n<meta property=\"og:site_name\" content=\"Magazinul Caritabil al Asocia\u021biei StartEvo\" \/>\n<meta property=\"article:modified_time\" content=\"2025-06-18T12:48:32+00:00\" \/>\n<meta property=\"og:image\" content=\"https:\/\/www.startevo.com\/shop\/wp-content\/uploads\/2024\/01\/limitare-acces-ecrane.jpg\" \/>\n\t<meta property=\"og:image:width\" content=\"1203\" \/>\n\t<meta property=\"og:image:height\" content=\"1203\" \/>\n\t<meta property=\"og:image:type\" content=\"image\/jpeg\" \/>\n<meta name=\"twitter:card\" content=\"summary_large_image\" \/>\n<meta name=\"twitter:label1\" content=\"Timp estimat pentru citire\" \/>\n\t<meta name=\"twitter:data1\" content=\"1 minut\" \/>\n<script type=\"application\/ld+json\" class=\"yoast-schema-graph\">{\"@context\":\"https:\\\/\\\/schema.org\",\"@graph\":[{\"@type\":\"WebPage\",\"@id\":\"https:\\\/\\\/www.startevo.com\\\/shop\\\/produs\\\/cum-sa-limitezi-accesul-copiilor-la-ecrane\\\/\",\"url\":\"https:\\\/\\\/www.startevo.com\\\/shop\\\/produs\\\/cum-sa-limitezi-accesul-copiilor-la-ecrane\\\/\",\"name\":\"Cum sa limitezi accesul copiilor la ecrane - sfaturi practice pe cazul familiei tale! - Magazinul Caritabil al Asocia\u021biei StartEvo\",\"isPartOf\":{\"@id\":\"https:\\\/\\\/www.startevo.com\\\/shop\\\/#website\"},\"primaryImageOfPage\":{\"@id\":\"https:\\\/\\\/www.startevo.com\\\/shop\\\/produs\\\/cum-sa-limitezi-accesul-copiilor-la-ecrane\\\/#primaryimage\"},\"image\":{\"@id\":\"https:\\\/\\\/www.startevo.com\\\/shop\\\/produs\\\/cum-sa-limitezi-accesul-copiilor-la-ecrane\\\/#primaryimage\"},\"thumbnailUrl\":\"https:\\\/\\\/www.startevo.com\\\/shop\\\/wp-content\\\/uploads\\\/2024\\\/01\\\/limitare-acces-ecrane.jpg\",\"datePublished\":\"2024-01-01T16:44:54+00:00\",\"dateModified\":\"2025-06-18T12:48:32+00:00\",\"breadcrumb\":{\"@id\":\"https:\\\/\\\/www.startevo.com\\\/shop\\\/produs\\\/cum-sa-limitezi-accesul-copiilor-la-ecrane\\\/#breadcrumb\"},\"inLanguage\":\"ro-RO\",\"potentialAction\":[{\"@type\":\"ReadAction\",\"target\":[\"https:\\\/\\\/www.startevo.com\\\/shop\\\/produs\\\/cum-sa-limitezi-accesul-copiilor-la-ecrane\\\/\"]}]},{\"@type\":\"ImageObject\",\"inLanguage\":\"ro-RO\",\"@id\":\"https:\\\/\\\/www.startevo.com\\\/shop\\\/produs\\\/cum-sa-limitezi-accesul-copiilor-la-ecrane\\\/#primaryimage\",\"url\":\"https:\\\/\\\/www.startevo.com\\\/shop\\\/wp-content\\\/uploads\\\/2024\\\/01\\\/limitare-acces-ecrane.jpg\",\"contentUrl\":\"https:\\\/\\\/www.startevo.com\\\/shop\\\/wp-content\\\/uploads\\\/2024\\\/01\\\/limitare-acces-ecrane.jpg\",\"width\":1203,\"height\":1203},{\"@type\":\"BreadcrumbList\",\"@id\":\"https:\\\/\\\/www.startevo.com\\\/shop\\\/produs\\\/cum-sa-limitezi-accesul-copiilor-la-ecrane\\\/#breadcrumb\",\"itemListElement\":[{\"@type\":\"ListItem\",\"position\":1,\"name\":\"Prima pagin\u0103\",\"item\":\"https:\\\/\\\/www.startevo.com\\\/shop\\\/\"},{\"@type\":\"ListItem\",\"position\":2,\"name\":\"Magazin\",\"item\":\"https:\\\/\\\/www.startevo.com\\\/shop\\\/magazin\\\/\"},{\"@type\":\"ListItem\",\"position\":3,\"name\":\"Cum sa limitezi accesul copiilor la ecrane &#8211; sfaturi practice pe cazul familiei tale!\"}]},{\"@type\":\"WebSite\",\"@id\":\"https:\\\/\\\/www.startevo.com\\\/shop\\\/#website\",\"url\":\"https:\\\/\\\/www.startevo.com\\\/shop\\\/\",\"name\":\"Magazinul Caritabil al Asocia\u021biei StartEvo\",\"description\":\"Vindem cu drag s\u0103 sus\u021binem educa\u021bia copiilor \u00een Rom\u00e2nia\",\"publisher\":{\"@id\":\"https:\\\/\\\/www.startevo.com\\\/shop\\\/#organization\"},\"potentialAction\":[{\"@type\":\"SearchAction\",\"target\":{\"@type\":\"EntryPoint\",\"urlTemplate\":\"https:\\\/\\\/www.startevo.com\\\/shop\\\/?s={search_term_string}\"},\"query-input\":{\"@type\":\"PropertyValueSpecification\",\"valueRequired\":true,\"valueName\":\"search_term_string\"}}],\"inLanguage\":\"ro-RO\"},{\"@type\":\"Organization\",\"@id\":\"https:\\\/\\\/www.startevo.com\\\/shop\\\/#organization\",\"name\":\"Magazinul Caritabil al Asocia\u021biei StartEvo\",\"url\":\"https:\\\/\\\/www.startevo.com\\\/shop\\\/\",\"logo\":{\"@type\":\"ImageObject\",\"inLanguage\":\"ro-RO\",\"@id\":\"https:\\\/\\\/www.startevo.com\\\/shop\\\/#\\\/schema\\\/logo\\\/image\\\/\",\"url\":\"https:\\\/\\\/www.startevo.com\\\/shop\\\/wp-content\\\/uploads\\\/2023\\\/10\\\/cropped-LOGO-MAGAZIN-CARITABIL-STARTEVO.jpg\",\"contentUrl\":\"https:\\\/\\\/www.startevo.com\\\/shop\\\/wp-content\\\/uploads\\\/2023\\\/10\\\/cropped-LOGO-MAGAZIN-CARITABIL-STARTEVO.jpg\",\"width\":800,\"height\":187,\"caption\":\"Magazinul Caritabil al Asocia\u021biei StartEvo\"},\"image\":{\"@id\":\"https:\\\/\\\/www.startevo.com\\\/shop\\\/#\\\/schema\\\/logo\\\/image\\\/\"}}]}<\/script>\n<!-- \/ Yoast SEO plugin. -->","yoast_head_json":{"title":"Cum sa limitezi accesul copiilor la ecrane - sfaturi practice pe cazul familiei tale! - Magazinul Caritabil al Asocia\u021biei StartEvo","robots":{"index":"index","follow":"follow","max-snippet":"max-snippet:-1","max-image-preview":"max-image-preview:large","max-video-preview":"max-video-preview:-1"},"canonical":"https:\/\/www.startevo.com\/shop\/produs\/cum-sa-limitezi-accesul-copiilor-la-ecrane\/","og_locale":"ro_RO","og_type":"article","og_title":"Cum sa limitezi accesul copiilor la ecrane - sfaturi practice pe cazul familiei tale! - Magazinul Caritabil al Asocia\u021biei StartEvo","og_description":"V\u0103 voi ajuta s\u0103 configura\u021bi un sistem de control parental pe 4 straturi, pentru a v\u0103 proteja mai bine copilul online.   - Limit\u0103ri ale routerului  - Limit\u0103ri Windows  - Limit\u0103ri software anti-virus  - Alte programe de control parental   Vom vorbi prin Zoom \u0219i v\u0103 voi ajuta s\u0103 configura\u021bi toate software-urile necesare.   Nu vom discuta teorie! Vom discuta PRACTIC ce sa faci astfel incat sa-ti ajuti COPILUL TAU! Ce aplicatii sa iti instalezi, cum sa le instalezi si sa le setezi, cum sa gestionezi relatia cu copilul tau cand e vorba de ecrane.  Garan\u021bie: Dac\u0103 nu sunte\u021bi 100% mul\u021bumit la finalul \u0219edin\u021bei, primi\u021bi to\u021bi banii \u00eenapoi.","og_url":"https:\/\/www.startevo.com\/shop\/produs\/cum-sa-limitezi-accesul-copiilor-la-ecrane\/","og_site_name":"Magazinul Caritabil al Asocia\u021biei StartEvo","article_modified_time":"2025-06-18T12:48:32+00:00","og_image":[{"width":1203,"height":1203,"url":"https:\/\/www.startevo.com\/shop\/wp-content\/uploads\/2024\/01\/limitare-acces-ecrane.jpg","type":"image\/jpeg"}],"twitter_card":"summary_large_image","twitter_misc":{"Timp estimat pentru citire":"1 minut"},"schema":{"@context":"https:\/\/schema.org","@graph":[{"@type":"WebPage","@id":"https:\/\/www.startevo.com\/shop\/produs\/cum-sa-limitezi-accesul-copiilor-la-ecrane\/","url":"https:\/\/www.startevo.com\/shop\/produs\/cum-sa-limitezi-accesul-copiilor-la-ecrane\/","name":"Cum sa limitezi accesul copiilor la ecrane - sfaturi practice pe cazul familiei tale! - Magazinul Caritabil al Asocia\u021biei StartEvo","isPartOf":{"@id":"https:\/\/www.startevo.com\/shop\/#website"},"primaryImageOfPage":{"@id":"https:\/\/www.startevo.com\/shop\/produs\/cum-sa-limitezi-accesul-copiilor-la-ecrane\/#primaryimage"},"image":{"@id":"https:\/\/www.startevo.com\/shop\/produs\/cum-sa-limitezi-accesul-copiilor-la-ecrane\/#primaryimage"},"thumbnailUrl":"https:\/\/www.startevo.com\/shop\/wp-content\/uploads\/2024\/01\/limitare-acces-ecrane.jpg","datePublished":"2024-01-01T16:44:54+00:00","dateModified":"2025-06-18T12:48:32+00:00","breadcrumb":{"@id":"https:\/\/www.startevo.com\/shop\/produs\/cum-sa-limitezi-accesul-copiilor-la-ecrane\/#breadcrumb"},"inLanguage":"ro-RO","potentialAction":[{"@type":"ReadAction","target":["https:\/\/www.startevo.com\/shop\/produs\/cum-sa-limitezi-accesul-copiilor-la-ecrane\/"]}]},{"@type":"ImageObject","inLanguage":"ro-RO","@id":"https:\/\/www.startevo.com\/shop\/produs\/cum-sa-limitezi-accesul-copiilor-la-ecrane\/#primaryimage","url":"https:\/\/www.startevo.com\/shop\/wp-content\/uploads\/2024\/01\/limitare-acces-ecrane.jpg","contentUrl":"https:\/\/www.startevo.com\/shop\/wp-content\/uploads\/2024\/01\/limitare-acces-ecrane.jpg","width":1203,"height":1203},{"@type":"BreadcrumbList","@id":"https:\/\/www.startevo.com\/shop\/produs\/cum-sa-limitezi-accesul-copiilor-la-ecrane\/#breadcrumb","itemListElement":[{"@type":"ListItem","position":1,"name":"Prima pagin\u0103","item":"https:\/\/www.startevo.com\/shop\/"},{"@type":"ListItem","position":2,"name":"Magazin","item":"https:\/\/www.startevo.com\/shop\/magazin\/"},{"@type":"ListItem","position":3,"name":"Cum sa limitezi accesul copiilor la ecrane &#8211; sfaturi practice pe cazul familiei tale!"}]},{"@type":"WebSite","@id":"https:\/\/www.startevo.com\/shop\/#website","url":"https:\/\/www.startevo.com\/shop\/","name":"Magazinul Caritabil al Asocia\u021biei StartEvo","description":"Vindem cu drag s\u0103 sus\u021binem educa\u021bia copiilor \u00een Rom\u00e2nia","publisher":{"@id":"https:\/\/www.startevo.com\/shop\/#organization"},"potentialAction":[{"@type":"SearchAction","target":{"@type":"EntryPoint","urlTemplate":"https:\/\/www.startevo.com\/shop\/?s={search_term_string}"},"query-input":{"@type":"PropertyValueSpecification","valueRequired":true,"valueName":"search_term_string"}}],"inLanguage":"ro-RO"},{"@type":"Organization","@id":"https:\/\/www.startevo.com\/shop\/#organization","name":"Magazinul Caritabil al Asocia\u021biei StartEvo","url":"https:\/\/www.startevo.com\/shop\/","logo":{"@type":"ImageObject","inLanguage":"ro-RO","@id":"https:\/\/www.startevo.com\/shop\/#\/schema\/logo\/image\/","url":"https:\/\/www.startevo.com\/shop\/wp-content\/uploads\/2023\/10\/cropped-LOGO-MAGAZIN-CARITABIL-STARTEVO.jpg","contentUrl":"https:\/\/www.startevo.com\/shop\/wp-content\/uploads\/2023\/10\/cropped-LOGO-MAGAZIN-CARITABIL-STARTEVO.jpg","width":800,"height":187,"caption":"Magazinul Caritabil al Asocia\u021biei StartEvo"},"image":{"@id":"https:\/\/www.startevo.com\/shop\/#\/schema\/logo\/image\/"}}]}},"_links":{"self":[{"href":"https:\/\/www.startevo.com\/shop\/wp-json\/wp\/v2\/product\/7344","targetHints":{"allow":["GET"]}}],"collection":[{"href":"https:\/\/www.startevo.com\/shop\/wp-json\/wp\/v2\/product"}],"about":[{"href":"https:\/\/www.startevo.com\/shop\/wp-json\/wp\/v2\/types\/product"}],"replies":[{"embeddable":true,"href":"https:\/\/www.startevo.com\/shop\/wp-json\/wp\/v2\/comments?post=7344"}],"wp:featuredmedia":[{"embeddable":true,"href":"https:\/\/www.startevo.com\/shop\/wp-json\/wp\/v2\/media\/7346"}],"wp:attachment":[{"href":"https:\/\/www.startevo.com\/shop\/wp-json\/wp\/v2\/media?parent=7344"}],"wp:term":[{"taxonomy":"product_brand","embeddable":true,"href":"https:\/\/www.startevo.com\/shop\/wp-json\/wp\/v2\/product_brand?post=7344"},{"taxonomy":"product_cat","embeddable":true,"href":"https:\/\/www.startevo.com\/shop\/wp-json\/wp\/v2\/product_cat?post=7344"},{"taxonomy":"product_tag","embeddable":true,"href":"https:\/\/www.startevo.com\/shop\/wp-json\/wp\/v2\/product_tag?post=7344"}],"curies":[{"name":"wp","href":"https:\/\/api.w.org\/{rel}","templated":true}]}}