{"id":69,"date":"2022-01-31T11:00:50","date_gmt":"2022-01-31T09:00:50","guid":{"rendered":"https:\/\/www.startevo.com\/shop\/?post_type=product&#038;p=69"},"modified":"2022-05-17T16:15:37","modified_gmt":"2022-05-17T13:15:37","slug":"cum-sa-ti-eficientizezi-casa-energetic-si-sa-salvezi-bani-pentru-familia-ta","status":"publish","type":"product","link":"https:\/\/www.startevo.com\/shop\/produs\/cum-sa-ti-eficientizezi-casa-energetic-si-sa-salvezi-bani-pentru-familia-ta\/","title":{"rendered":"Micro-curs Cum s\u0103-\u021bi eficientizezi casa energetic \u0219i s\u0103 salvezi bani pentru familia ta!"},"content":{"rendered":"<p><strong>Ce vor invata copiii<\/strong><br \/>\nCum putem s\u0103 economisim enorm de mul\u021bi bani?<br \/>\nCum s\u0103 fierbem un ou 1 question10 min<br \/>\nExplica\u021bie test cum fierbem un ou<br \/>\n\u0218ti\u021bi ce este aceast\u0103 imagine?<br \/>\nCum arat\u0103 o pisic\u0103 \u0219i un om, v\u0103zute cu o camer\u0103 de termoviziune?<br \/>\nCum arat\u0103 diverse case \u0219i blocuri c\u00e2nd este frig afar\u0103?<br \/>\nCum arat\u0103 un bloc izolat termic fa\u021b\u0103 de un bloc neizolat termic<br \/>\nProvocare: Ajut\u0103-l pe Geril\u0103 s\u0103 aib\u0103 o temperatur\u0103 c\u00e2t mai bun\u0103 \u00een cas\u0103<br \/>\nCum s\u0103 economise\u0219ti 10 euro pe an per bec pentru familia ta<br \/>\nCum producem c\u0103ldur\u0103 \u00een casele noastre?<br \/>\nCare este temperatura ideala in casa?<br \/>\nSfat: izoleaz\u0103-\u021bi conductele<br \/>\nCum e mai bine s\u0103 avem perdelele?<br \/>\nAlte 12 sfaturi pentru a salva energie!<br \/>\nProvocare: cum proiectezi o cas\u0103 la munte, c\u00e2t mai eficient\u0103 energetic?<br \/>\nProvocare: dac\u0103 ai trebui s\u0103 faci o baz\u0103 Lunar\u0103, cum ai proiecta-o astfel \u00eenc\u00e2t s\u0103 fie c\u00e2t mai eficient\u0103 energetic?<br \/>\nCum s\u0103 proiect\u0103m o cas\u0103 eficient\u0103 energetic<br \/>\nCum facem izola\u021bii la cas\u0103?<br \/>\nCum arat\u0103 o cas\u0103 clasic\u0103 \u00een Anglia<br \/>\nCum arat\u0103 o cas\u0103 viking\u0103 tradi\u021bional\u0103<br \/>\nCum arat\u0103 o cas\u0103 \u00een zona de munte<br \/>\nCum arat\u0103 o cas\u0103 ultra-modern\u0103, f\u0103cut\u0103 de scandinavi (cas\u0103 f\u0103r\u0103 ferestre)<\/p>\n","protected":false},"excerpt":{"rendered":"<blockquote><p>Acesta este un curs foarte util. Dupa ce l-am parcurs am aplicat cele invatate si deja vad cum economisim bani la noi in familie. Este foarte bine. Multumesc, Kidibot!<\/p><\/blockquote>\n<p>Costul curentului electric \u0219i al gazelor este \u00eentr-o continu\u0103 cre\u0219tere. Dac\u0103 vei face acest micro-curs, vei \u00eenv\u0103\u021ba c\u00e2teva lucruri extrem de utile prin care s\u0103-\u021bi aju\u021bi familia s\u0103 economiseasc\u0103 o gr\u0103mad\u0103 de bani!<\/p>\n<p>Astfel, tu vei fi eroul lor!<\/p>\n<p>Deasemenea, vei putea s\u0103-\u021bi aju\u021bi \u0219i prietenii \u0219i cunoscu\u021bii s\u0103 fac\u0103 acela\u0219i lucru. Asta \u00eenseamn\u0103 \u0219i mai mul\u021bi bani economisi\u021bi + vei ajuta Planeta P\u0103m\u00e2nt s\u0103 fie mai pu\u021bin poluat\u0103!<\/p>\n<p>Mult succes!<\/p>\n<p>Ovidiu Constantinescu,<br \/>\nArhitect Tehnologist<br \/>\nLondra, UK<\/p>\n","protected":false},"featured_media":70,"comment_status":"closed","ping_status":"closed","template":"","meta":[],"product_brand":[],"product_cat":[15],"product_tag":[46,45,44,47],"class_list":{"0":"post-69","1":"product","2":"type-product","3":"status-publish","4":"has-post-thumbnail","6":"product_cat-cursuri","7":"product_tag-curs-audit-energetic-copii","8":"product_tag-curs-eficientizare-energetica","9":"product_tag-curs-eficientizare-termica","10":"product_tag-cursuri-copii","12":"first","13":"instock","14":"virtual","15":"purchasable","16":"product-type-simple"},"yoast_head":"<!-- This site is optimized with the Yoast SEO plugin v27.5 - https:\/\/yoast.com\/product\/yoast-seo-wordpress\/ -->\n<title>Micro-curs Cum s\u0103-\u021bi eficientizezi casa energetic \u0219i s\u0103 salvezi bani pentru familia ta! - Magazinul Caritabil al Asocia\u021biei StartEvo<\/title>\n<meta name=\"robots\" content=\"index, follow, max-snippet:-1, max-image-preview:large, max-video-preview:-1\" \/>\n<link rel=\"canonical\" href=\"https:\/\/www.startevo.com\/shop\/produs\/cum-sa-ti-eficientizezi-casa-energetic-si-sa-salvezi-bani-pentru-familia-ta\/\" \/>\n<meta property=\"og:locale\" content=\"ro_RO\" \/>\n<meta property=\"og:type\" content=\"article\" \/>\n<meta property=\"og:title\" content=\"Micro-curs Cum s\u0103-\u021bi eficientizezi casa energetic \u0219i s\u0103 salvezi bani pentru familia ta! - Magazinul Caritabil al Asocia\u021biei StartEvo\" \/>\n<meta property=\"og:description\" content=\"Acesta este un curs foarte util. Dupa ce l-am parcurs am aplicat cele invatate si deja vad cum economisim bani la noi in familie. Este foarte bine. Multumesc, Kidibot! Costul curentului electric \u0219i al gazelor este \u00eentr-o continu\u0103 cre\u0219tere. Dac\u0103 vei face acest micro-curs, vei \u00eenv\u0103\u021ba c\u00e2teva lucruri extrem de utile prin care s\u0103-\u021bi aju\u021bi familia s\u0103 economiseasc\u0103 o gr\u0103mad\u0103 de bani!  Astfel, tu vei fi eroul lor!  Deasemenea, vei putea s\u0103-\u021bi aju\u021bi \u0219i prietenii \u0219i cunoscu\u021bii s\u0103 fac\u0103 acela\u0219i lucru. Asta \u00eenseamn\u0103 \u0219i mai mul\u021bi bani economisi\u021bi + vei ajuta Planeta P\u0103m\u00e2nt s\u0103 fie mai pu\u021bin poluat\u0103!  Mult succes!  Ovidiu Constantinescu, Arhitect Tehnologist Londra, UK\" \/>\n<meta property=\"og:url\" content=\"https:\/\/www.startevo.com\/shop\/produs\/cum-sa-ti-eficientizezi-casa-energetic-si-sa-salvezi-bani-pentru-familia-ta\/\" \/>\n<meta property=\"og:site_name\" content=\"Magazinul Caritabil al Asocia\u021biei StartEvo\" \/>\n<meta property=\"article:modified_time\" content=\"2022-05-17T13:15:37+00:00\" \/>\n<meta property=\"og:image\" content=\"https:\/\/www.startevo.com\/shop\/wp-content\/uploads\/2022\/01\/curs-eficientizare-energetica.jpg\" \/>\n\t<meta property=\"og:image:width\" content=\"1404\" \/>\n\t<meta property=\"og:image:height\" content=\"774\" \/>\n\t<meta property=\"og:image:type\" content=\"image\/jpeg\" \/>\n<meta name=\"twitter:card\" content=\"summary_large_image\" \/>\n<meta name=\"twitter:label1\" content=\"Timp estimat pentru citire\" \/>\n\t<meta name=\"twitter:data1\" content=\"1 minut\" \/>\n<script type=\"application\/ld+json\" class=\"yoast-schema-graph\">{\"@context\":\"https:\\\/\\\/schema.org\",\"@graph\":[{\"@type\":\"WebPage\",\"@id\":\"https:\\\/\\\/www.startevo.com\\\/shop\\\/produs\\\/cum-sa-ti-eficientizezi-casa-energetic-si-sa-salvezi-bani-pentru-familia-ta\\\/\",\"url\":\"https:\\\/\\\/www.startevo.com\\\/shop\\\/produs\\\/cum-sa-ti-eficientizezi-casa-energetic-si-sa-salvezi-bani-pentru-familia-ta\\\/\",\"name\":\"Micro-curs Cum s\u0103-\u021bi eficientizezi casa energetic \u0219i s\u0103 salvezi bani pentru familia ta! - Magazinul Caritabil al Asocia\u021biei StartEvo\",\"isPartOf\":{\"@id\":\"https:\\\/\\\/www.startevo.com\\\/shop\\\/#website\"},\"primaryImageOfPage\":{\"@id\":\"https:\\\/\\\/www.startevo.com\\\/shop\\\/produs\\\/cum-sa-ti-eficientizezi-casa-energetic-si-sa-salvezi-bani-pentru-familia-ta\\\/#primaryimage\"},\"image\":{\"@id\":\"https:\\\/\\\/www.startevo.com\\\/shop\\\/produs\\\/cum-sa-ti-eficientizezi-casa-energetic-si-sa-salvezi-bani-pentru-familia-ta\\\/#primaryimage\"},\"thumbnailUrl\":\"https:\\\/\\\/www.startevo.com\\\/shop\\\/wp-content\\\/uploads\\\/2022\\\/01\\\/curs-eficientizare-energetica.jpg\",\"datePublished\":\"2022-01-31T09:00:50+00:00\",\"dateModified\":\"2022-05-17T13:15:37+00:00\",\"breadcrumb\":{\"@id\":\"https:\\\/\\\/www.startevo.com\\\/shop\\\/produs\\\/cum-sa-ti-eficientizezi-casa-energetic-si-sa-salvezi-bani-pentru-familia-ta\\\/#breadcrumb\"},\"inLanguage\":\"ro-RO\",\"potentialAction\":[{\"@type\":\"ReadAction\",\"target\":[\"https:\\\/\\\/www.startevo.com\\\/shop\\\/produs\\\/cum-sa-ti-eficientizezi-casa-energetic-si-sa-salvezi-bani-pentru-familia-ta\\\/\"]}]},{\"@type\":\"ImageObject\",\"inLanguage\":\"ro-RO\",\"@id\":\"https:\\\/\\\/www.startevo.com\\\/shop\\\/produs\\\/cum-sa-ti-eficientizezi-casa-energetic-si-sa-salvezi-bani-pentru-familia-ta\\\/#primaryimage\",\"url\":\"https:\\\/\\\/www.startevo.com\\\/shop\\\/wp-content\\\/uploads\\\/2022\\\/01\\\/curs-eficientizare-energetica.jpg\",\"contentUrl\":\"https:\\\/\\\/www.startevo.com\\\/shop\\\/wp-content\\\/uploads\\\/2022\\\/01\\\/curs-eficientizare-energetica.jpg\",\"width\":1404,\"height\":774},{\"@type\":\"BreadcrumbList\",\"@id\":\"https:\\\/\\\/www.startevo.com\\\/shop\\\/produs\\\/cum-sa-ti-eficientizezi-casa-energetic-si-sa-salvezi-bani-pentru-familia-ta\\\/#breadcrumb\",\"itemListElement\":[{\"@type\":\"ListItem\",\"position\":1,\"name\":\"Prima pagin\u0103\",\"item\":\"https:\\\/\\\/www.startevo.com\\\/shop\\\/\"},{\"@type\":\"ListItem\",\"position\":2,\"name\":\"Magazin\",\"item\":\"https:\\\/\\\/www.startevo.com\\\/shop\\\/magazin\\\/\"},{\"@type\":\"ListItem\",\"position\":3,\"name\":\"Micro-curs Cum s\u0103-\u021bi eficientizezi casa energetic \u0219i s\u0103 salvezi bani pentru familia ta!\"}]},{\"@type\":\"WebSite\",\"@id\":\"https:\\\/\\\/www.startevo.com\\\/shop\\\/#website\",\"url\":\"https:\\\/\\\/www.startevo.com\\\/shop\\\/\",\"name\":\"Magazinul Caritabil al Asocia\u021biei StartEvo\",\"description\":\"Vindem cu drag s\u0103 sus\u021binem educa\u021bia copiilor \u00een Rom\u00e2nia\",\"publisher\":{\"@id\":\"https:\\\/\\\/www.startevo.com\\\/shop\\\/#organization\"},\"potentialAction\":[{\"@type\":\"SearchAction\",\"target\":{\"@type\":\"EntryPoint\",\"urlTemplate\":\"https:\\\/\\\/www.startevo.com\\\/shop\\\/?s={search_term_string}\"},\"query-input\":{\"@type\":\"PropertyValueSpecification\",\"valueRequired\":true,\"valueName\":\"search_term_string\"}}],\"inLanguage\":\"ro-RO\"},{\"@type\":\"Organization\",\"@id\":\"https:\\\/\\\/www.startevo.com\\\/shop\\\/#organization\",\"name\":\"Magazinul Caritabil al Asocia\u021biei StartEvo\",\"url\":\"https:\\\/\\\/www.startevo.com\\\/shop\\\/\",\"logo\":{\"@type\":\"ImageObject\",\"inLanguage\":\"ro-RO\",\"@id\":\"https:\\\/\\\/www.startevo.com\\\/shop\\\/#\\\/schema\\\/logo\\\/image\\\/\",\"url\":\"https:\\\/\\\/www.startevo.com\\\/shop\\\/wp-content\\\/uploads\\\/2023\\\/10\\\/cropped-LOGO-MAGAZIN-CARITABIL-STARTEVO.jpg\",\"contentUrl\":\"https:\\\/\\\/www.startevo.com\\\/shop\\\/wp-content\\\/uploads\\\/2023\\\/10\\\/cropped-LOGO-MAGAZIN-CARITABIL-STARTEVO.jpg\",\"width\":800,\"height\":187,\"caption\":\"Magazinul Caritabil al Asocia\u021biei StartEvo\"},\"image\":{\"@id\":\"https:\\\/\\\/www.startevo.com\\\/shop\\\/#\\\/schema\\\/logo\\\/image\\\/\"}}]}<\/script>\n<!-- \/ Yoast SEO plugin. -->","yoast_head_json":{"title":"Micro-curs Cum s\u0103-\u021bi eficientizezi casa energetic \u0219i s\u0103 salvezi bani pentru familia ta! - Magazinul Caritabil al Asocia\u021biei StartEvo","robots":{"index":"index","follow":"follow","max-snippet":"max-snippet:-1","max-image-preview":"max-image-preview:large","max-video-preview":"max-video-preview:-1"},"canonical":"https:\/\/www.startevo.com\/shop\/produs\/cum-sa-ti-eficientizezi-casa-energetic-si-sa-salvezi-bani-pentru-familia-ta\/","og_locale":"ro_RO","og_type":"article","og_title":"Micro-curs Cum s\u0103-\u021bi eficientizezi casa energetic \u0219i s\u0103 salvezi bani pentru familia ta! - Magazinul Caritabil al Asocia\u021biei StartEvo","og_description":"Acesta este un curs foarte util. Dupa ce l-am parcurs am aplicat cele invatate si deja vad cum economisim bani la noi in familie. Este foarte bine. Multumesc, Kidibot! Costul curentului electric \u0219i al gazelor este \u00eentr-o continu\u0103 cre\u0219tere. Dac\u0103 vei face acest micro-curs, vei \u00eenv\u0103\u021ba c\u00e2teva lucruri extrem de utile prin care s\u0103-\u021bi aju\u021bi familia s\u0103 economiseasc\u0103 o gr\u0103mad\u0103 de bani!  Astfel, tu vei fi eroul lor!  Deasemenea, vei putea s\u0103-\u021bi aju\u021bi \u0219i prietenii \u0219i cunoscu\u021bii s\u0103 fac\u0103 acela\u0219i lucru. Asta \u00eenseamn\u0103 \u0219i mai mul\u021bi bani economisi\u021bi + vei ajuta Planeta P\u0103m\u00e2nt s\u0103 fie mai pu\u021bin poluat\u0103!  Mult succes!  Ovidiu Constantinescu, Arhitect Tehnologist Londra, UK","og_url":"https:\/\/www.startevo.com\/shop\/produs\/cum-sa-ti-eficientizezi-casa-energetic-si-sa-salvezi-bani-pentru-familia-ta\/","og_site_name":"Magazinul Caritabil al Asocia\u021biei StartEvo","article_modified_time":"2022-05-17T13:15:37+00:00","og_image":[{"width":1404,"height":774,"url":"https:\/\/www.startevo.com\/shop\/wp-content\/uploads\/2022\/01\/curs-eficientizare-energetica.jpg","type":"image\/jpeg"}],"twitter_card":"summary_large_image","twitter_misc":{"Timp estimat pentru citire":"1 minut"},"schema":{"@context":"https:\/\/schema.org","@graph":[{"@type":"WebPage","@id":"https:\/\/www.startevo.com\/shop\/produs\/cum-sa-ti-eficientizezi-casa-energetic-si-sa-salvezi-bani-pentru-familia-ta\/","url":"https:\/\/www.startevo.com\/shop\/produs\/cum-sa-ti-eficientizezi-casa-energetic-si-sa-salvezi-bani-pentru-familia-ta\/","name":"Micro-curs Cum s\u0103-\u021bi eficientizezi casa energetic \u0219i s\u0103 salvezi bani pentru familia ta! - Magazinul Caritabil al Asocia\u021biei StartEvo","isPartOf":{"@id":"https:\/\/www.startevo.com\/shop\/#website"},"primaryImageOfPage":{"@id":"https:\/\/www.startevo.com\/shop\/produs\/cum-sa-ti-eficientizezi-casa-energetic-si-sa-salvezi-bani-pentru-familia-ta\/#primaryimage"},"image":{"@id":"https:\/\/www.startevo.com\/shop\/produs\/cum-sa-ti-eficientizezi-casa-energetic-si-sa-salvezi-bani-pentru-familia-ta\/#primaryimage"},"thumbnailUrl":"https:\/\/www.startevo.com\/shop\/wp-content\/uploads\/2022\/01\/curs-eficientizare-energetica.jpg","datePublished":"2022-01-31T09:00:50+00:00","dateModified":"2022-05-17T13:15:37+00:00","breadcrumb":{"@id":"https:\/\/www.startevo.com\/shop\/produs\/cum-sa-ti-eficientizezi-casa-energetic-si-sa-salvezi-bani-pentru-familia-ta\/#breadcrumb"},"inLanguage":"ro-RO","potentialAction":[{"@type":"ReadAction","target":["https:\/\/www.startevo.com\/shop\/produs\/cum-sa-ti-eficientizezi-casa-energetic-si-sa-salvezi-bani-pentru-familia-ta\/"]}]},{"@type":"ImageObject","inLanguage":"ro-RO","@id":"https:\/\/www.startevo.com\/shop\/produs\/cum-sa-ti-eficientizezi-casa-energetic-si-sa-salvezi-bani-pentru-familia-ta\/#primaryimage","url":"https:\/\/www.startevo.com\/shop\/wp-content\/uploads\/2022\/01\/curs-eficientizare-energetica.jpg","contentUrl":"https:\/\/www.startevo.com\/shop\/wp-content\/uploads\/2022\/01\/curs-eficientizare-energetica.jpg","width":1404,"height":774},{"@type":"BreadcrumbList","@id":"https:\/\/www.startevo.com\/shop\/produs\/cum-sa-ti-eficientizezi-casa-energetic-si-sa-salvezi-bani-pentru-familia-ta\/#breadcrumb","itemListElement":[{"@type":"ListItem","position":1,"name":"Prima pagin\u0103","item":"https:\/\/www.startevo.com\/shop\/"},{"@type":"ListItem","position":2,"name":"Magazin","item":"https:\/\/www.startevo.com\/shop\/magazin\/"},{"@type":"ListItem","position":3,"name":"Micro-curs Cum s\u0103-\u021bi eficientizezi casa energetic \u0219i s\u0103 salvezi bani pentru familia ta!"}]},{"@type":"WebSite","@id":"https:\/\/www.startevo.com\/shop\/#website","url":"https:\/\/www.startevo.com\/shop\/","name":"Magazinul Caritabil al Asocia\u021biei StartEvo","description":"Vindem cu drag s\u0103 sus\u021binem educa\u021bia copiilor \u00een Rom\u00e2nia","publisher":{"@id":"https:\/\/www.startevo.com\/shop\/#organization"},"potentialAction":[{"@type":"SearchAction","target":{"@type":"EntryPoint","urlTemplate":"https:\/\/www.startevo.com\/shop\/?s={search_term_string}"},"query-input":{"@type":"PropertyValueSpecification","valueRequired":true,"valueName":"search_term_string"}}],"inLanguage":"ro-RO"},{"@type":"Organization","@id":"https:\/\/www.startevo.com\/shop\/#organization","name":"Magazinul Caritabil al Asocia\u021biei StartEvo","url":"https:\/\/www.startevo.com\/shop\/","logo":{"@type":"ImageObject","inLanguage":"ro-RO","@id":"https:\/\/www.startevo.com\/shop\/#\/schema\/logo\/image\/","url":"https:\/\/www.startevo.com\/shop\/wp-content\/uploads\/2023\/10\/cropped-LOGO-MAGAZIN-CARITABIL-STARTEVO.jpg","contentUrl":"https:\/\/www.startevo.com\/shop\/wp-content\/uploads\/2023\/10\/cropped-LOGO-MAGAZIN-CARITABIL-STARTEVO.jpg","width":800,"height":187,"caption":"Magazinul Caritabil al Asocia\u021biei StartEvo"},"image":{"@id":"https:\/\/www.startevo.com\/shop\/#\/schema\/logo\/image\/"}}]}},"_links":{"self":[{"href":"https:\/\/www.startevo.com\/shop\/wp-json\/wp\/v2\/product\/69","targetHints":{"allow":["GET"]}}],"collection":[{"href":"https:\/\/www.startevo.com\/shop\/wp-json\/wp\/v2\/product"}],"about":[{"href":"https:\/\/www.startevo.com\/shop\/wp-json\/wp\/v2\/types\/product"}],"replies":[{"embeddable":true,"href":"https:\/\/www.startevo.com\/shop\/wp-json\/wp\/v2\/comments?post=69"}],"wp:featuredmedia":[{"embeddable":true,"href":"https:\/\/www.startevo.com\/shop\/wp-json\/wp\/v2\/media\/70"}],"wp:attachment":[{"href":"https:\/\/www.startevo.com\/shop\/wp-json\/wp\/v2\/media?parent=69"}],"wp:term":[{"taxonomy":"product_brand","embeddable":true,"href":"https:\/\/www.startevo.com\/shop\/wp-json\/wp\/v2\/product_brand?post=69"},{"taxonomy":"product_cat","embeddable":true,"href":"https:\/\/www.startevo.com\/shop\/wp-json\/wp\/v2\/product_cat?post=69"},{"taxonomy":"product_tag","embeddable":true,"href":"https:\/\/www.startevo.com\/shop\/wp-json\/wp\/v2\/product_tag?post=69"}],"curies":[{"name":"wp","href":"https:\/\/api.w.org\/{rel}","templated":true}]}}