{"id":67,"date":"2022-01-31T10:57:32","date_gmt":"2022-01-31T08:57:32","guid":{"rendered":"https:\/\/www.startevo.com\/shop\/?post_type=product&#038;p=67"},"modified":"2025-06-18T15:47:58","modified_gmt":"2025-06-18T12:47:58","slug":"20-lucruri-interesante-din-istoria-stiintei-si-tehnicii-din-romania","status":"publish","type":"product","link":"https:\/\/www.startevo.com\/shop\/produs\/20-lucruri-interesante-din-istoria-stiintei-si-tehnicii-din-romania\/","title":{"rendered":"Micro-curs: 20+ lucruri interesante din istoria \u0219tiin\u021bei \u0219i tehnicii din Rom\u00e2nia"},"content":{"rendered":"<p>Gogu Constantinescu \u2013 Cum o inven\u021bie a acestui rom\u00e2n a scurtat durata Primului R\u0103zboi Mondial<br \/>\nHoria Hulubei \u2013 fondatorul \u0219colii rom\u00e2ne\u0219ti de fizic\u0103, cel care a g\u0103sit elementul chimic Francium<br \/>\nAna Aslan \u2013 cercet\u0103toarea deschiz\u0103toarea de drumuri \u00een solu\u021bii geriatrice<br \/>\nIon Cantacuzino \u2013 Creatorul medicinii experimentale rom\u00e2ne\u0219ti<br \/>\nHenri Marie Coand\u0103 \u2013 Inventatorul motorului cu reac\u021bie<br \/>\n\u0218tefan Odobleja \u2013 Precursorul mondial al ciberneticii<br \/>\n\u0218tefan Procopiu \u2013 un fizician de excep\u021bie<br \/>\nGeorge Emil Palade \u2013 cel care a descoperit ribozomii celulari<br \/>\nAnghel Saligny \u2013 pionier global \u00een construc\u021bia de poduri<br \/>\nNicolae Vasilescu Karpen \u2013 inventatorul pilei K<br \/>\nDaniel Dines \u2013 Primul miliardar rom\u00e2n din bo\u021bi<br \/>\nEliza Leonida Zamfirescu \u2013 Prima femeie inginer din lume<br \/>\nTest istoria stiintei si tehnicii din Romania 10 questions10 min<br \/>\nNicolae Paulescu \u2013 inventatorul insulinei<br \/>\nPetrache Poenaru \u2013 inventatorul stiloului cu rezerv\u0103 de cerneal\u0103<br \/>\nJustin Capr\u0103 \u2013 inventatorul rucsacului zbur\u0103tor<br \/>\nTraian Vuia \u2013 inventatorul primului avion cu decolare prin for\u021be proprii<br \/>\nAurel Vlaicu \u2013 inventatorul primului avion cu fuselaj metalic<br \/>\nAurel Persu \u2013 inventatorul automobilului aerodinamic<br \/>\nAnastase Dragomir \u2013 inventatorul scaunului ejectabil pentru avioane<br \/>\nHermann Oberth \u2013 p\u0103rintele naviga\u021biei spa\u021biale<br \/>\nLaz\u0103r Edeleanu \u2013 inventatorul rafin\u0103rii moderne a petrolului<br \/>\nIon Paulat \u2013 inventatorul hidroavionului cu fuselaj metalic<\/p>\n","protected":false},"excerpt":{"rendered":"<blockquote><p>M\u00e2ndru c\u0103 sunt rom\u00e2n! Chiar nu \u0219tiam c\u0103 sunt at\u00e2t de multe lucruri cu care ne putem m\u00e2ndri, noi, ca popor rom\u00e2n!<\/p><\/blockquote>\n<p>Curs cu diplom\u0103, destinat copiilor.<\/p>\n<p><strong>Durata:<\/strong> aprox 1 ora<\/p>\n<p><strong>Format curs:<\/strong> text + imagini<\/p>\n","protected":false},"featured_media":68,"comment_status":"closed","ping_status":"closed","template":"","meta":[],"product_brand":[],"product_cat":[15],"product_tag":[42,43],"class_list":{"0":"post-67","1":"product","2":"type-product","3":"status-publish","4":"has-post-thumbnail","6":"product_cat-cursuri","7":"product_tag-curs-stiinta","8":"product_tag-curs-stiinta-si-tehnica","10":"first","11":"instock","12":"virtual","13":"purchasable","14":"product-type-simple"},"yoast_head":"<!-- This site is optimized with the Yoast SEO plugin v27.5 - https:\/\/yoast.com\/product\/yoast-seo-wordpress\/ -->\n<title>Micro-curs: 20+ lucruri interesante din istoria \u0219tiin\u021bei \u0219i tehnicii din Rom\u00e2nia - Magazinul Caritabil al Asocia\u021biei StartEvo<\/title>\n<meta name=\"robots\" content=\"index, follow, max-snippet:-1, max-image-preview:large, max-video-preview:-1\" \/>\n<link rel=\"canonical\" href=\"https:\/\/www.startevo.com\/shop\/produs\/20-lucruri-interesante-din-istoria-stiintei-si-tehnicii-din-romania\/\" \/>\n<meta property=\"og:locale\" content=\"ro_RO\" \/>\n<meta property=\"og:type\" content=\"article\" \/>\n<meta property=\"og:title\" content=\"Micro-curs: 20+ lucruri interesante din istoria \u0219tiin\u021bei \u0219i tehnicii din Rom\u00e2nia - Magazinul Caritabil al Asocia\u021biei StartEvo\" \/>\n<meta property=\"og:description\" content=\"M\u00e2ndru c\u0103 sunt rom\u00e2n! Chiar nu \u0219tiam c\u0103 sunt at\u00e2t de multe lucruri cu care ne putem m\u00e2ndri, noi, ca popor rom\u00e2n! Curs cu diplom\u0103, destinat copiilor.  Durata: aprox 1 ora  Format curs: text + imagini\" \/>\n<meta property=\"og:url\" content=\"https:\/\/www.startevo.com\/shop\/produs\/20-lucruri-interesante-din-istoria-stiintei-si-tehnicii-din-romania\/\" \/>\n<meta property=\"og:site_name\" content=\"Magazinul Caritabil al Asocia\u021biei StartEvo\" \/>\n<meta property=\"article:modified_time\" content=\"2025-06-18T12:47:58+00:00\" \/>\n<meta property=\"og:image\" content=\"https:\/\/www.startevo.com\/shop\/wp-content\/uploads\/2022\/01\/curs-istoria-stiinta-si-tehnicii-in-romania.jpg\" \/>\n\t<meta property=\"og:image:width\" content=\"512\" \/>\n\t<meta property=\"og:image:height\" content=\"320\" \/>\n\t<meta property=\"og:image:type\" content=\"image\/jpeg\" \/>\n<meta name=\"twitter:card\" content=\"summary_large_image\" \/>\n<meta name=\"twitter:label1\" content=\"Timp estimat pentru citire\" \/>\n\t<meta name=\"twitter:data1\" content=\"1 minut\" \/>\n<script type=\"application\/ld+json\" class=\"yoast-schema-graph\">{\"@context\":\"https:\\\/\\\/schema.org\",\"@graph\":[{\"@type\":\"WebPage\",\"@id\":\"https:\\\/\\\/www.startevo.com\\\/shop\\\/produs\\\/20-lucruri-interesante-din-istoria-stiintei-si-tehnicii-din-romania\\\/\",\"url\":\"https:\\\/\\\/www.startevo.com\\\/shop\\\/produs\\\/20-lucruri-interesante-din-istoria-stiintei-si-tehnicii-din-romania\\\/\",\"name\":\"Micro-curs: 20+ lucruri interesante din istoria \u0219tiin\u021bei \u0219i tehnicii din Rom\u00e2nia - Magazinul Caritabil al Asocia\u021biei StartEvo\",\"isPartOf\":{\"@id\":\"https:\\\/\\\/www.startevo.com\\\/shop\\\/#website\"},\"primaryImageOfPage\":{\"@id\":\"https:\\\/\\\/www.startevo.com\\\/shop\\\/produs\\\/20-lucruri-interesante-din-istoria-stiintei-si-tehnicii-din-romania\\\/#primaryimage\"},\"image\":{\"@id\":\"https:\\\/\\\/www.startevo.com\\\/shop\\\/produs\\\/20-lucruri-interesante-din-istoria-stiintei-si-tehnicii-din-romania\\\/#primaryimage\"},\"thumbnailUrl\":\"https:\\\/\\\/www.startevo.com\\\/shop\\\/wp-content\\\/uploads\\\/2022\\\/01\\\/curs-istoria-stiinta-si-tehnicii-in-romania.jpg\",\"datePublished\":\"2022-01-31T08:57:32+00:00\",\"dateModified\":\"2025-06-18T12:47:58+00:00\",\"breadcrumb\":{\"@id\":\"https:\\\/\\\/www.startevo.com\\\/shop\\\/produs\\\/20-lucruri-interesante-din-istoria-stiintei-si-tehnicii-din-romania\\\/#breadcrumb\"},\"inLanguage\":\"ro-RO\",\"potentialAction\":[{\"@type\":\"ReadAction\",\"target\":[\"https:\\\/\\\/www.startevo.com\\\/shop\\\/produs\\\/20-lucruri-interesante-din-istoria-stiintei-si-tehnicii-din-romania\\\/\"]}]},{\"@type\":\"ImageObject\",\"inLanguage\":\"ro-RO\",\"@id\":\"https:\\\/\\\/www.startevo.com\\\/shop\\\/produs\\\/20-lucruri-interesante-din-istoria-stiintei-si-tehnicii-din-romania\\\/#primaryimage\",\"url\":\"https:\\\/\\\/www.startevo.com\\\/shop\\\/wp-content\\\/uploads\\\/2022\\\/01\\\/curs-istoria-stiinta-si-tehnicii-in-romania.jpg\",\"contentUrl\":\"https:\\\/\\\/www.startevo.com\\\/shop\\\/wp-content\\\/uploads\\\/2022\\\/01\\\/curs-istoria-stiinta-si-tehnicii-in-romania.jpg\",\"width\":512,\"height\":320},{\"@type\":\"BreadcrumbList\",\"@id\":\"https:\\\/\\\/www.startevo.com\\\/shop\\\/produs\\\/20-lucruri-interesante-din-istoria-stiintei-si-tehnicii-din-romania\\\/#breadcrumb\",\"itemListElement\":[{\"@type\":\"ListItem\",\"position\":1,\"name\":\"Prima pagin\u0103\",\"item\":\"https:\\\/\\\/www.startevo.com\\\/shop\\\/\"},{\"@type\":\"ListItem\",\"position\":2,\"name\":\"Magazin\",\"item\":\"https:\\\/\\\/www.startevo.com\\\/shop\\\/magazin\\\/\"},{\"@type\":\"ListItem\",\"position\":3,\"name\":\"Micro-curs: 20+ lucruri interesante din istoria \u0219tiin\u021bei \u0219i tehnicii din Rom\u00e2nia\"}]},{\"@type\":\"WebSite\",\"@id\":\"https:\\\/\\\/www.startevo.com\\\/shop\\\/#website\",\"url\":\"https:\\\/\\\/www.startevo.com\\\/shop\\\/\",\"name\":\"Magazinul Caritabil al Asocia\u021biei StartEvo\",\"description\":\"Vindem cu drag s\u0103 sus\u021binem educa\u021bia copiilor \u00een Rom\u00e2nia\",\"publisher\":{\"@id\":\"https:\\\/\\\/www.startevo.com\\\/shop\\\/#organization\"},\"potentialAction\":[{\"@type\":\"SearchAction\",\"target\":{\"@type\":\"EntryPoint\",\"urlTemplate\":\"https:\\\/\\\/www.startevo.com\\\/shop\\\/?s={search_term_string}\"},\"query-input\":{\"@type\":\"PropertyValueSpecification\",\"valueRequired\":true,\"valueName\":\"search_term_string\"}}],\"inLanguage\":\"ro-RO\"},{\"@type\":\"Organization\",\"@id\":\"https:\\\/\\\/www.startevo.com\\\/shop\\\/#organization\",\"name\":\"Magazinul Caritabil al Asocia\u021biei StartEvo\",\"url\":\"https:\\\/\\\/www.startevo.com\\\/shop\\\/\",\"logo\":{\"@type\":\"ImageObject\",\"inLanguage\":\"ro-RO\",\"@id\":\"https:\\\/\\\/www.startevo.com\\\/shop\\\/#\\\/schema\\\/logo\\\/image\\\/\",\"url\":\"https:\\\/\\\/www.startevo.com\\\/shop\\\/wp-content\\\/uploads\\\/2023\\\/10\\\/cropped-LOGO-MAGAZIN-CARITABIL-STARTEVO.jpg\",\"contentUrl\":\"https:\\\/\\\/www.startevo.com\\\/shop\\\/wp-content\\\/uploads\\\/2023\\\/10\\\/cropped-LOGO-MAGAZIN-CARITABIL-STARTEVO.jpg\",\"width\":800,\"height\":187,\"caption\":\"Magazinul Caritabil al Asocia\u021biei StartEvo\"},\"image\":{\"@id\":\"https:\\\/\\\/www.startevo.com\\\/shop\\\/#\\\/schema\\\/logo\\\/image\\\/\"}}]}<\/script>\n<!-- \/ Yoast SEO plugin. -->","yoast_head_json":{"title":"Micro-curs: 20+ lucruri interesante din istoria \u0219tiin\u021bei \u0219i tehnicii din Rom\u00e2nia - Magazinul Caritabil al Asocia\u021biei StartEvo","robots":{"index":"index","follow":"follow","max-snippet":"max-snippet:-1","max-image-preview":"max-image-preview:large","max-video-preview":"max-video-preview:-1"},"canonical":"https:\/\/www.startevo.com\/shop\/produs\/20-lucruri-interesante-din-istoria-stiintei-si-tehnicii-din-romania\/","og_locale":"ro_RO","og_type":"article","og_title":"Micro-curs: 20+ lucruri interesante din istoria \u0219tiin\u021bei \u0219i tehnicii din Rom\u00e2nia - Magazinul Caritabil al Asocia\u021biei StartEvo","og_description":"M\u00e2ndru c\u0103 sunt rom\u00e2n! Chiar nu \u0219tiam c\u0103 sunt at\u00e2t de multe lucruri cu care ne putem m\u00e2ndri, noi, ca popor rom\u00e2n! Curs cu diplom\u0103, destinat copiilor.  Durata: aprox 1 ora  Format curs: text + imagini","og_url":"https:\/\/www.startevo.com\/shop\/produs\/20-lucruri-interesante-din-istoria-stiintei-si-tehnicii-din-romania\/","og_site_name":"Magazinul Caritabil al Asocia\u021biei StartEvo","article_modified_time":"2025-06-18T12:47:58+00:00","og_image":[{"width":512,"height":320,"url":"https:\/\/www.startevo.com\/shop\/wp-content\/uploads\/2022\/01\/curs-istoria-stiinta-si-tehnicii-in-romania.jpg","type":"image\/jpeg"}],"twitter_card":"summary_large_image","twitter_misc":{"Timp estimat pentru citire":"1 minut"},"schema":{"@context":"https:\/\/schema.org","@graph":[{"@type":"WebPage","@id":"https:\/\/www.startevo.com\/shop\/produs\/20-lucruri-interesante-din-istoria-stiintei-si-tehnicii-din-romania\/","url":"https:\/\/www.startevo.com\/shop\/produs\/20-lucruri-interesante-din-istoria-stiintei-si-tehnicii-din-romania\/","name":"Micro-curs: 20+ lucruri interesante din istoria \u0219tiin\u021bei \u0219i tehnicii din Rom\u00e2nia - Magazinul Caritabil al Asocia\u021biei StartEvo","isPartOf":{"@id":"https:\/\/www.startevo.com\/shop\/#website"},"primaryImageOfPage":{"@id":"https:\/\/www.startevo.com\/shop\/produs\/20-lucruri-interesante-din-istoria-stiintei-si-tehnicii-din-romania\/#primaryimage"},"image":{"@id":"https:\/\/www.startevo.com\/shop\/produs\/20-lucruri-interesante-din-istoria-stiintei-si-tehnicii-din-romania\/#primaryimage"},"thumbnailUrl":"https:\/\/www.startevo.com\/shop\/wp-content\/uploads\/2022\/01\/curs-istoria-stiinta-si-tehnicii-in-romania.jpg","datePublished":"2022-01-31T08:57:32+00:00","dateModified":"2025-06-18T12:47:58+00:00","breadcrumb":{"@id":"https:\/\/www.startevo.com\/shop\/produs\/20-lucruri-interesante-din-istoria-stiintei-si-tehnicii-din-romania\/#breadcrumb"},"inLanguage":"ro-RO","potentialAction":[{"@type":"ReadAction","target":["https:\/\/www.startevo.com\/shop\/produs\/20-lucruri-interesante-din-istoria-stiintei-si-tehnicii-din-romania\/"]}]},{"@type":"ImageObject","inLanguage":"ro-RO","@id":"https:\/\/www.startevo.com\/shop\/produs\/20-lucruri-interesante-din-istoria-stiintei-si-tehnicii-din-romania\/#primaryimage","url":"https:\/\/www.startevo.com\/shop\/wp-content\/uploads\/2022\/01\/curs-istoria-stiinta-si-tehnicii-in-romania.jpg","contentUrl":"https:\/\/www.startevo.com\/shop\/wp-content\/uploads\/2022\/01\/curs-istoria-stiinta-si-tehnicii-in-romania.jpg","width":512,"height":320},{"@type":"BreadcrumbList","@id":"https:\/\/www.startevo.com\/shop\/produs\/20-lucruri-interesante-din-istoria-stiintei-si-tehnicii-din-romania\/#breadcrumb","itemListElement":[{"@type":"ListItem","position":1,"name":"Prima pagin\u0103","item":"https:\/\/www.startevo.com\/shop\/"},{"@type":"ListItem","position":2,"name":"Magazin","item":"https:\/\/www.startevo.com\/shop\/magazin\/"},{"@type":"ListItem","position":3,"name":"Micro-curs: 20+ lucruri interesante din istoria \u0219tiin\u021bei \u0219i tehnicii din Rom\u00e2nia"}]},{"@type":"WebSite","@id":"https:\/\/www.startevo.com\/shop\/#website","url":"https:\/\/www.startevo.com\/shop\/","name":"Magazinul Caritabil al Asocia\u021biei StartEvo","description":"Vindem cu drag s\u0103 sus\u021binem educa\u021bia copiilor \u00een Rom\u00e2nia","publisher":{"@id":"https:\/\/www.startevo.com\/shop\/#organization"},"potentialAction":[{"@type":"SearchAction","target":{"@type":"EntryPoint","urlTemplate":"https:\/\/www.startevo.com\/shop\/?s={search_term_string}"},"query-input":{"@type":"PropertyValueSpecification","valueRequired":true,"valueName":"search_term_string"}}],"inLanguage":"ro-RO"},{"@type":"Organization","@id":"https:\/\/www.startevo.com\/shop\/#organization","name":"Magazinul Caritabil al Asocia\u021biei StartEvo","url":"https:\/\/www.startevo.com\/shop\/","logo":{"@type":"ImageObject","inLanguage":"ro-RO","@id":"https:\/\/www.startevo.com\/shop\/#\/schema\/logo\/image\/","url":"https:\/\/www.startevo.com\/shop\/wp-content\/uploads\/2023\/10\/cropped-LOGO-MAGAZIN-CARITABIL-STARTEVO.jpg","contentUrl":"https:\/\/www.startevo.com\/shop\/wp-content\/uploads\/2023\/10\/cropped-LOGO-MAGAZIN-CARITABIL-STARTEVO.jpg","width":800,"height":187,"caption":"Magazinul Caritabil al Asocia\u021biei StartEvo"},"image":{"@id":"https:\/\/www.startevo.com\/shop\/#\/schema\/logo\/image\/"}}]}},"_links":{"self":[{"href":"https:\/\/www.startevo.com\/shop\/wp-json\/wp\/v2\/product\/67","targetHints":{"allow":["GET"]}}],"collection":[{"href":"https:\/\/www.startevo.com\/shop\/wp-json\/wp\/v2\/product"}],"about":[{"href":"https:\/\/www.startevo.com\/shop\/wp-json\/wp\/v2\/types\/product"}],"replies":[{"embeddable":true,"href":"https:\/\/www.startevo.com\/shop\/wp-json\/wp\/v2\/comments?post=67"}],"wp:featuredmedia":[{"embeddable":true,"href":"https:\/\/www.startevo.com\/shop\/wp-json\/wp\/v2\/media\/68"}],"wp:attachment":[{"href":"https:\/\/www.startevo.com\/shop\/wp-json\/wp\/v2\/media?parent=67"}],"wp:term":[{"taxonomy":"product_brand","embeddable":true,"href":"https:\/\/www.startevo.com\/shop\/wp-json\/wp\/v2\/product_brand?post=67"},{"taxonomy":"product_cat","embeddable":true,"href":"https:\/\/www.startevo.com\/shop\/wp-json\/wp\/v2\/product_cat?post=67"},{"taxonomy":"product_tag","embeddable":true,"href":"https:\/\/www.startevo.com\/shop\/wp-json\/wp\/v2\/product_tag?post=67"}],"curies":[{"name":"wp","href":"https:\/\/api.w.org\/{rel}","templated":true}]}}