{"id":346,"date":"2023-09-14T12:04:00","date_gmt":"2023-09-14T09:04:00","guid":{"rendered":"https:\/\/www.startevo.com\/shop\/?post_type=product&#038;p=346"},"modified":"2025-06-18T15:46:50","modified_gmt":"2025-06-18T12:46:50","slug":"toate-povestile-romanesti-care-conteaza-extra-bonus","status":"publish","type":"product","link":"https:\/\/www.startevo.com\/shop\/produs\/toate-povestile-romanesti-care-conteaza-extra-bonus\/","title":{"rendered":"Toate Pove\u0219tile Rom\u00e2ne\u0219ti Care Conteaz\u0103 (22 e-Book-uri) + Extra Bonus 80 eBook-uri Clasice!"},"content":{"rendered":"<p data-sourcepos=\"3:1-3:261\">Dac\u0103 a\u021bi cump\u0103ra fiecare carte \u00een parte, a\u021bi cheltui \u00eentre 10 \u0219i 30 lei\/carte.Asta ar \u00eensemna aproximativ 2000 de lei!<\/p>\n<h4 data-sourcepos=\"3:1-3:261\">La noi pl\u0103ti\u021bi doar o mic\u0103 parte, economisind 97%!<\/h4>\n<p data-sourcepos=\"3:1-3:261\">Copiii sunt curio\u0219i \u0219i vor s\u0103 afle c\u00e2t mai multe despre lume. C\u0103r\u021bile sunt o surs\u0103 excelent\u0103 de informa\u021bii \u0219i de distrac\u021bie, iar un pachet de ebook-uri pentru copii este o modalitate excelent\u0103 de a-i ajuta s\u0103 se dezvolte \u0219i de a-i deschide c\u0103tre noi orizonturi.<\/p>\n<p data-sourcepos=\"5:1-5:358\"><strong>Pachetele de ebook-uri pentru copii<\/strong> con\u021bin o selec\u021bie de 22 de povesti rom\u00e2ne\u0219ti clasice, plus 80 de c\u0103r\u021bi clasice din literatura universal\u0103. Aceste c\u0103r\u021bi sunt scrise de unii dintre cei mai mari autori ai lumii, precum Hans Christian Andersen, Mark Twain, Antoine de Saint-Exup\u00e9ry, Lewis Carroll, Oscar Wilde \u0219i mul\u021bi al\u021bii.<\/p>\n<p data-sourcepos=\"7:1-7:267\"><strong>Pove\u0219tile rom\u00e2ne\u0219ti<\/strong> sunt o parte important\u0103 a culturii noastre. Ele sunt pline de magie, de aventur\u0103 \u0219i de \u00eenv\u0103\u021b\u0103minte. Copiii vor adora s\u0103 citeasc\u0103 despre P\u0103cal\u0103 \u0219i T\u00e2ndal\u0103, despre Fata babei \u0219i fata mo\u0219ului, despre Harap-Alb \u0219i despre alte personaje memorabile.<\/p>\n<p data-sourcepos=\"9:1-9:308\"><strong>C\u0103r\u021bile clasice din literatura universal\u0103<\/strong> sunt minunate pentru a-i ajuta pe copii s\u0103 se dezvolte intelectual \u0219i emo\u021bional. Ele le ofer\u0103 o perspectiv\u0103 asupra lumii \u0219i le ajut\u0103 s\u0103 \u00een\u021beleag\u0103 mai bine valorile umane. Copiii vor \u00eenv\u0103\u021ba despre prietenie, dragoste, curaj, tr\u0103dare \u0219i multe alte teme importante.<\/p>\n<p data-sourcepos=\"11:1-11:180\"><strong>Pachetele de ebook-uri pentru copii<\/strong> sunt disponibile \u00een format electronic, pentru a fi citite pe orice dispozitiv. Ele sunt o investi\u021bie valoroas\u0103 pentru viitorul copiilor t\u0103i.<\/p>\n<p data-sourcepos=\"13:1-13:45\"><strong>Iat\u0103 c\u00e2teva dintre beneficiile cititului:<\/strong><\/p>\n<ul data-sourcepos=\"15:1-19:0\">\n<li data-sourcepos=\"15:1-15:62\"><strong>Citirea \u00eembun\u0103t\u0103\u021be\u0219te vocabularul \u0219i \u00een\u021belegerea limbii.<\/strong><\/li>\n<li data-sourcepos=\"16:1-16:71\"><strong>Citirea ajut\u0103 la dezvoltarea g\u00e2ndirii critice \u0219i a creativit\u0103\u021bii.<\/strong><\/li>\n<li data-sourcepos=\"17:1-17:91\"><strong>Citirea \u00eei ajut\u0103 pe copii s\u0103 se relaxeze \u0219i s\u0103 se deconecteze de la stresul cotidian.<\/strong><\/li>\n<li data-sourcepos=\"18:1-19:0\"><strong>Citirea \u00eei ajut\u0103 pe copii s\u0103 \u00een\u021beleag\u0103 mai bine lumea din jurul lor.<\/strong><\/li>\n<\/ul>\n<p><img data-recalc-dims=\"1\" fetchpriority=\"high\" decoding=\"async\" data-attachment-id=\"351\" data-permalink=\"https:\/\/www.startevo.com\/shop\/?attachment_id=351\" data-orig-file=\"https:\/\/i0.wp.com\/www.startevo.com\/shop\/wp-content\/uploads\/2023\/09\/instant-download.png?fit=1024%2C1024&amp;ssl=1\" data-orig-size=\"1024,1024\" data-comments-opened=\"0\" data-image-meta=\"{&quot;aperture&quot;:&quot;0&quot;,&quot;credit&quot;:&quot;&quot;,&quot;camera&quot;:&quot;&quot;,&quot;caption&quot;:&quot;&quot;,&quot;created_timestamp&quot;:&quot;0&quot;,&quot;copyright&quot;:&quot;&quot;,&quot;focal_length&quot;:&quot;0&quot;,&quot;iso&quot;:&quot;0&quot;,&quot;shutter_speed&quot;:&quot;0&quot;,&quot;title&quot;:&quot;&quot;,&quot;orientation&quot;:&quot;0&quot;}\" data-image-title=\"instant-download\" data-image-description=\"\" data-image-caption=\"\" data-large-file=\"https:\/\/i0.wp.com\/www.startevo.com\/shop\/wp-content\/uploads\/2023\/09\/instant-download.png?fit=1024%2C1024&amp;ssl=1\" class=\"alignnone size-full wp-image-351\" src=\"https:\/\/i0.wp.com\/www.startevo.com\/shop\/wp-content\/uploads\/2023\/09\/instant-download.png?resize=1024%2C1024&#038;ssl=1\" alt=\"\" width=\"1024\" height=\"1024\" srcset=\"https:\/\/i0.wp.com\/www.startevo.com\/shop\/wp-content\/uploads\/2023\/09\/instant-download.png?w=1024&amp;ssl=1 1024w, https:\/\/i0.wp.com\/www.startevo.com\/shop\/wp-content\/uploads\/2023\/09\/instant-download.png?resize=300%2C300&amp;ssl=1 300w, https:\/\/i0.wp.com\/www.startevo.com\/shop\/wp-content\/uploads\/2023\/09\/instant-download.png?resize=150%2C150&amp;ssl=1 150w, https:\/\/i0.wp.com\/www.startevo.com\/shop\/wp-content\/uploads\/2023\/09\/instant-download.png?resize=800%2C800&amp;ssl=1 800w, https:\/\/i0.wp.com\/www.startevo.com\/shop\/wp-content\/uploads\/2023\/09\/instant-download.png?resize=768%2C768&amp;ssl=1 768w, https:\/\/i0.wp.com\/www.startevo.com\/shop\/wp-content\/uploads\/2023\/09\/instant-download.png?resize=75%2C75&amp;ssl=1 75w, https:\/\/i0.wp.com\/www.startevo.com\/shop\/wp-content\/uploads\/2023\/09\/instant-download.png?resize=512%2C512&amp;ssl=1 512w, https:\/\/i0.wp.com\/www.startevo.com\/shop\/wp-content\/uploads\/2023\/09\/instant-download.png?resize=420%2C420&amp;ssl=1 420w\" sizes=\"(max-width: 1024px) 100vw, 1024px\" \/><\/p>\n","protected":false},"excerpt":{"rendered":"<h1>22 Pove\u0219ti Rom\u00e2ne\u0219ti:<\/h1>\n<ol>\n<li>2 Fe\u021bi cu stea \u00een frunte<\/li>\n<li>Aleodor \u00cemp\u0103rat<\/li>\n<li>Baltazar \u015fi orizontul<\/li>\n<li>Broasca fermecat\u0103<\/li>\n<li>Cinci p\u00e2ini<\/li>\n<li>D\u0103nil\u0103 Prepeleac<\/li>\n<li>Dragostea P\u0103p\u0103dinei<\/li>\n<li>F\u0103t Frumos cu p\u0103rul de aur<\/li>\n<li>Fata babei \u0219i fata mo\u0219ului<\/li>\n<li>Fata s\u0103racului cea istea\u021b\u0103<\/li>\n<li>Greuceanu<\/li>\n<li>\u00cen\u0219ir\u0103-te margaritar<\/li>\n<li>Lenesul \u0219i via<\/li>\n<li>Povestea porcului<\/li>\n<li>Pungu\u021ba cu doi bani<\/li>\n<li>Ridichea uria\u0219\u0103<\/li>\n<li>Sarea-n bucate<\/li>\n<li>Tinerete f\u0103r\u0103 b\u0103tr\u00e2ne\u021be<\/li>\n<li>Trei purcelu\u0219i<\/li>\n<li>Turti\u021ba<\/li>\n<li>Un copil s-a a\u015fezat pe scaunul lui Mo\u015f Cr\u0103ciun<\/li>\n<li>Z\u00e2na zorilor<\/li>\n<\/ol>\n<blockquote><p>\u201dMaria a fost super \u00eenc\u00e2ntat\u0103 de aceste c\u0103r\u021bi electronice. Acum este pasionat\u0103 de lectur\u0103 \u0219i \u0219i-a \u00eembun\u0103t\u0103\u021bit rezultatele de la \u0219coal\u0103. Mul\u021bumim\u201d Ioana Vasile, m\u0103mic\u0103, Bucure\u0219ti<\/p><\/blockquote>\n<h2>Extra bonus: 80 de e-bookuri de literatur\u0103 clasic\u0103!<\/h2>\n<p><img decoding=\"async\" class=\"alignnone size-full wp-image-349\" src=\"https:\/\/www.startevo.com\/shop\/wp-content\/uploads\/2023\/09\/lista-carti-bonus.png\" alt=\"\" width=\"444\" height=\"1709\" srcset=\"https:\/\/i0.wp.com\/www.startevo.com\/shop\/wp-content\/uploads\/2023\/09\/lista-carti-bonus.png?w=444&amp;ssl=1 444w, https:\/\/i0.wp.com\/www.startevo.com\/shop\/wp-content\/uploads\/2023\/09\/lista-carti-bonus.png?resize=300%2C1155&amp;ssl=1 300w, https:\/\/i0.wp.com\/www.startevo.com\/shop\/wp-content\/uploads\/2023\/09\/lista-carti-bonus.png?resize=150%2C577&amp;ssl=1 150w, https:\/\/i0.wp.com\/www.startevo.com\/shop\/wp-content\/uploads\/2023\/09\/lista-carti-bonus.png?resize=78%2C300&amp;ssl=1 78w, https:\/\/i0.wp.com\/www.startevo.com\/shop\/wp-content\/uploads\/2023\/09\/lista-carti-bonus.png?resize=266%2C1024&amp;ssl=1 266w, https:\/\/i0.wp.com\/www.startevo.com\/shop\/wp-content\/uploads\/2023\/09\/lista-carti-bonus.png?resize=399%2C1536&amp;ssl=1 399w\" sizes=\"(max-width: 444px) 100vw, 444px\" \/><\/p>\n<h3>\u00cen total, primi\u021bi peste 100 de e-book-uri valoroase, care vor ajuta copilul Dvs. s\u0103 devin\u0103 adultul la care visa\u021bi!<\/h3>\n","protected":false},"featured_media":7326,"comment_status":"closed","ping_status":"closed","template":"","meta":{"jetpack_publicize_message":"","jetpack_publicize_feature_enabled":true,"jetpack_social_post_already_shared":false,"jetpack_social_options":{"image_generator_settings":{"template":"highway","default_image_id":0,"font":"","enabled":false},"version":2}},"product_brand":[],"product_cat":[201,186],"product_tag":[197,198,199,196,195,192,187,200,194,193,191,189,190,188],"class_list":{"0":"post-346","1":"product","2":"type-product","3":"status-publish","4":"has-post-thumbnail","6":"product_cat-e-book","7":"product_cat-povesti","8":"product_tag-carte-de-citit-online-pentru-copii","9":"product_tag-carti-citit-copii","10":"product_tag-carti-de-citit-copii","11":"product_tag-carti-de-citit-copii-10-ani","12":"product_tag-carti-de-citit-pentru-copii","13":"product_tag-cele-mai-frumoase-povesti-pentru-copii-de-citit","14":"product_tag-povesti","15":"product_tag-povesti-copii-de-citit","16":"product_tag-povesti-de-adormit-copii-de-citi","17":"product_tag-povesti-de-citit-la-5-ani","18":"product_tag-povesti-de-citit-pentru-copii-de-9-ani","19":"product_tag-povesti-de-copii-de-citit","20":"product_tag-povesti-pentru-copii-de-citit","21":"product_tag-povesti-romanesti","23":"first","24":"instock","25":"downloadable","26":"virtual","27":"purchasable","28":"product-type-simple"},"yoast_head":"<!-- This site is optimized with the Yoast SEO plugin v27.4 - https:\/\/yoast.com\/product\/yoast-seo-wordpress\/ -->\n<title>Toate Pove\u0219tile Rom\u00e2ne\u0219ti Care Conteaz\u0103 (22 e-Book-uri) + Extra Bonus 80 eBook-uri Clasice! - Magazinul Caritabil al Asocia\u021biei StartEvo<\/title>\n<meta name=\"robots\" content=\"index, follow, max-snippet:-1, max-image-preview:large, max-video-preview:-1\" \/>\n<link rel=\"canonical\" href=\"https:\/\/www.startevo.com\/shop\/produs\/toate-povestile-romanesti-care-conteaza-extra-bonus\/\" \/>\n<meta property=\"og:locale\" content=\"ro_RO\" \/>\n<meta property=\"og:type\" content=\"article\" \/>\n<meta property=\"og:title\" content=\"Toate Pove\u0219tile Rom\u00e2ne\u0219ti Care Conteaz\u0103 (22 e-Book-uri) + Extra Bonus 80 eBook-uri Clasice! - Magazinul Caritabil al Asocia\u021biei StartEvo\" \/>\n<meta property=\"og:description\" content=\"22 Pove\u0219ti Rom\u00e2ne\u0219ti:   2 Fe\u021bi cu stea \u00een frunte  Aleodor \u00cemp\u0103rat  Baltazar \u015fi orizontul  Broasca fermecat\u0103  Cinci p\u00e2ini  D\u0103nil\u0103 Prepeleac  Dragostea P\u0103p\u0103dinei  F\u0103t Frumos cu p\u0103rul de aur  Fata babei \u0219i fata mo\u0219ului  Fata s\u0103racului cea istea\u021b\u0103  Greuceanu  \u00cen\u0219ir\u0103-te margaritar  Lenesul \u0219i via  Povestea porcului  Pungu\u021ba cu doi bani  Ridichea uria\u0219\u0103  Sarea-n bucate  Tinerete f\u0103r\u0103 b\u0103tr\u00e2ne\u021be  Trei purcelu\u0219i  Turti\u021ba  Un copil s-a a\u015fezat pe scaunul lui Mo\u015f Cr\u0103ciun  Z\u00e2na zorilor  \u201dMaria a fost super \u00eenc\u00e2ntat\u0103 de aceste c\u0103r\u021bi electronice. Acum este pasionat\u0103 de lectur\u0103 \u0219i \u0219i-a \u00eembun\u0103t\u0103\u021bit rezultatele de la \u0219coal\u0103. Mul\u021bumim\u201d Ioana Vasile, m\u0103mic\u0103, Bucure\u0219ti Extra bonus: 80 de e-bookuri de literatur\u0103 clasic\u0103!  \u00cen total, primi\u021bi peste 100 de e-book-uri valoroase, care vor ajuta copilul Dvs. s\u0103 devin\u0103 adultul la care visa\u021bi!\" \/>\n<meta property=\"og:url\" content=\"https:\/\/www.startevo.com\/shop\/produs\/toate-povestile-romanesti-care-conteaza-extra-bonus\/\" \/>\n<meta property=\"og:site_name\" content=\"Magazinul Caritabil al Asocia\u021biei StartEvo\" \/>\n<meta property=\"article:modified_time\" content=\"2025-06-18T12:46:50+00:00\" \/>\n<meta property=\"og:image\" content=\"https:\/\/www.startevo.com\/shop\/wp-content\/uploads\/2023\/09\/coperta.jpg\" \/>\n\t<meta property=\"og:image:width\" content=\"1024\" \/>\n\t<meta property=\"og:image:height\" content=\"1024\" \/>\n\t<meta property=\"og:image:type\" content=\"image\/jpeg\" \/>\n<meta name=\"twitter:card\" content=\"summary_large_image\" \/>\n<meta name=\"twitter:label1\" content=\"Timp estimat pentru citire\" \/>\n\t<meta name=\"twitter:data1\" content=\"2 minute\" \/>\n<script type=\"application\/ld+json\" class=\"yoast-schema-graph\">{\"@context\":\"https:\\\/\\\/schema.org\",\"@graph\":[{\"@type\":\"WebPage\",\"@id\":\"https:\\\/\\\/www.startevo.com\\\/shop\\\/produs\\\/toate-povestile-romanesti-care-conteaza-extra-bonus\\\/\",\"url\":\"https:\\\/\\\/www.startevo.com\\\/shop\\\/produs\\\/toate-povestile-romanesti-care-conteaza-extra-bonus\\\/\",\"name\":\"Toate Pove\u0219tile Rom\u00e2ne\u0219ti Care Conteaz\u0103 (22 e-Book-uri) + Extra Bonus 80 eBook-uri Clasice! - Magazinul Caritabil al Asocia\u021biei StartEvo\",\"isPartOf\":{\"@id\":\"https:\\\/\\\/www.startevo.com\\\/shop\\\/#website\"},\"primaryImageOfPage\":{\"@id\":\"https:\\\/\\\/www.startevo.com\\\/shop\\\/produs\\\/toate-povestile-romanesti-care-conteaza-extra-bonus\\\/#primaryimage\"},\"image\":{\"@id\":\"https:\\\/\\\/www.startevo.com\\\/shop\\\/produs\\\/toate-povestile-romanesti-care-conteaza-extra-bonus\\\/#primaryimage\"},\"thumbnailUrl\":\"https:\\\/\\\/i0.wp.com\\\/www.startevo.com\\\/shop\\\/wp-content\\\/uploads\\\/2023\\\/09\\\/coperta.jpg?fit=1024%2C1024&ssl=1\",\"datePublished\":\"2023-09-14T09:04:00+00:00\",\"dateModified\":\"2025-06-18T12:46:50+00:00\",\"breadcrumb\":{\"@id\":\"https:\\\/\\\/www.startevo.com\\\/shop\\\/produs\\\/toate-povestile-romanesti-care-conteaza-extra-bonus\\\/#breadcrumb\"},\"inLanguage\":\"ro-RO\",\"potentialAction\":[{\"@type\":\"ReadAction\",\"target\":[\"https:\\\/\\\/www.startevo.com\\\/shop\\\/produs\\\/toate-povestile-romanesti-care-conteaza-extra-bonus\\\/\"]}]},{\"@type\":\"ImageObject\",\"inLanguage\":\"ro-RO\",\"@id\":\"https:\\\/\\\/www.startevo.com\\\/shop\\\/produs\\\/toate-povestile-romanesti-care-conteaza-extra-bonus\\\/#primaryimage\",\"url\":\"https:\\\/\\\/i0.wp.com\\\/www.startevo.com\\\/shop\\\/wp-content\\\/uploads\\\/2023\\\/09\\\/coperta.jpg?fit=1024%2C1024&ssl=1\",\"contentUrl\":\"https:\\\/\\\/i0.wp.com\\\/www.startevo.com\\\/shop\\\/wp-content\\\/uploads\\\/2023\\\/09\\\/coperta.jpg?fit=1024%2C1024&ssl=1\",\"width\":1024,\"height\":1024},{\"@type\":\"BreadcrumbList\",\"@id\":\"https:\\\/\\\/www.startevo.com\\\/shop\\\/produs\\\/toate-povestile-romanesti-care-conteaza-extra-bonus\\\/#breadcrumb\",\"itemListElement\":[{\"@type\":\"ListItem\",\"position\":1,\"name\":\"Prima pagin\u0103\",\"item\":\"https:\\\/\\\/www.startevo.com\\\/shop\\\/\"},{\"@type\":\"ListItem\",\"position\":2,\"name\":\"Magazin\",\"item\":\"https:\\\/\\\/www.startevo.com\\\/shop\\\/magazin\\\/\"},{\"@type\":\"ListItem\",\"position\":3,\"name\":\"Toate Pove\u0219tile Rom\u00e2ne\u0219ti Care Conteaz\u0103 (22 e-Book-uri) + Extra Bonus 80 eBook-uri Clasice!\"}]},{\"@type\":\"WebSite\",\"@id\":\"https:\\\/\\\/www.startevo.com\\\/shop\\\/#website\",\"url\":\"https:\\\/\\\/www.startevo.com\\\/shop\\\/\",\"name\":\"Magazinul Caritabil al Asocia\u021biei StartEvo\",\"description\":\"Vindem cu drag s\u0103 sus\u021binem educa\u021bia copiilor \u00een Rom\u00e2nia\",\"publisher\":{\"@id\":\"https:\\\/\\\/www.startevo.com\\\/shop\\\/#organization\"},\"potentialAction\":[{\"@type\":\"SearchAction\",\"target\":{\"@type\":\"EntryPoint\",\"urlTemplate\":\"https:\\\/\\\/www.startevo.com\\\/shop\\\/?s={search_term_string}\"},\"query-input\":{\"@type\":\"PropertyValueSpecification\",\"valueRequired\":true,\"valueName\":\"search_term_string\"}}],\"inLanguage\":\"ro-RO\"},{\"@type\":\"Organization\",\"@id\":\"https:\\\/\\\/www.startevo.com\\\/shop\\\/#organization\",\"name\":\"Magazinul Caritabil al Asocia\u021biei StartEvo\",\"url\":\"https:\\\/\\\/www.startevo.com\\\/shop\\\/\",\"logo\":{\"@type\":\"ImageObject\",\"inLanguage\":\"ro-RO\",\"@id\":\"https:\\\/\\\/www.startevo.com\\\/shop\\\/#\\\/schema\\\/logo\\\/image\\\/\",\"url\":\"https:\\\/\\\/i0.wp.com\\\/www.startevo.com\\\/shop\\\/wp-content\\\/uploads\\\/2023\\\/10\\\/cropped-LOGO-MAGAZIN-CARITABIL-STARTEVO.jpg?fit=800%2C187&ssl=1\",\"contentUrl\":\"https:\\\/\\\/i0.wp.com\\\/www.startevo.com\\\/shop\\\/wp-content\\\/uploads\\\/2023\\\/10\\\/cropped-LOGO-MAGAZIN-CARITABIL-STARTEVO.jpg?fit=800%2C187&ssl=1\",\"width\":800,\"height\":187,\"caption\":\"Magazinul Caritabil al Asocia\u021biei StartEvo\"},\"image\":{\"@id\":\"https:\\\/\\\/www.startevo.com\\\/shop\\\/#\\\/schema\\\/logo\\\/image\\\/\"}}]}<\/script>\n<!-- \/ Yoast SEO plugin. -->","yoast_head_json":{"title":"Toate Pove\u0219tile Rom\u00e2ne\u0219ti Care Conteaz\u0103 (22 e-Book-uri) + Extra Bonus 80 eBook-uri Clasice! - Magazinul Caritabil al Asocia\u021biei StartEvo","robots":{"index":"index","follow":"follow","max-snippet":"max-snippet:-1","max-image-preview":"max-image-preview:large","max-video-preview":"max-video-preview:-1"},"canonical":"https:\/\/www.startevo.com\/shop\/produs\/toate-povestile-romanesti-care-conteaza-extra-bonus\/","og_locale":"ro_RO","og_type":"article","og_title":"Toate Pove\u0219tile Rom\u00e2ne\u0219ti Care Conteaz\u0103 (22 e-Book-uri) + Extra Bonus 80 eBook-uri Clasice! - Magazinul Caritabil al Asocia\u021biei StartEvo","og_description":"22 Pove\u0219ti Rom\u00e2ne\u0219ti:   2 Fe\u021bi cu stea \u00een frunte  Aleodor \u00cemp\u0103rat  Baltazar \u015fi orizontul  Broasca fermecat\u0103  Cinci p\u00e2ini  D\u0103nil\u0103 Prepeleac  Dragostea P\u0103p\u0103dinei  F\u0103t Frumos cu p\u0103rul de aur  Fata babei \u0219i fata mo\u0219ului  Fata s\u0103racului cea istea\u021b\u0103  Greuceanu  \u00cen\u0219ir\u0103-te margaritar  Lenesul \u0219i via  Povestea porcului  Pungu\u021ba cu doi bani  Ridichea uria\u0219\u0103  Sarea-n bucate  Tinerete f\u0103r\u0103 b\u0103tr\u00e2ne\u021be  Trei purcelu\u0219i  Turti\u021ba  Un copil s-a a\u015fezat pe scaunul lui Mo\u015f Cr\u0103ciun  Z\u00e2na zorilor  \u201dMaria a fost super \u00eenc\u00e2ntat\u0103 de aceste c\u0103r\u021bi electronice. Acum este pasionat\u0103 de lectur\u0103 \u0219i \u0219i-a \u00eembun\u0103t\u0103\u021bit rezultatele de la \u0219coal\u0103. Mul\u021bumim\u201d Ioana Vasile, m\u0103mic\u0103, Bucure\u0219ti Extra bonus: 80 de e-bookuri de literatur\u0103 clasic\u0103!  \u00cen total, primi\u021bi peste 100 de e-book-uri valoroase, care vor ajuta copilul Dvs. s\u0103 devin\u0103 adultul la care visa\u021bi!","og_url":"https:\/\/www.startevo.com\/shop\/produs\/toate-povestile-romanesti-care-conteaza-extra-bonus\/","og_site_name":"Magazinul Caritabil al Asocia\u021biei StartEvo","article_modified_time":"2025-06-18T12:46:50+00:00","og_image":[{"width":1024,"height":1024,"url":"https:\/\/www.startevo.com\/shop\/wp-content\/uploads\/2023\/09\/coperta.jpg","type":"image\/jpeg"}],"twitter_card":"summary_large_image","twitter_misc":{"Timp estimat pentru citire":"2 minute"},"schema":{"@context":"https:\/\/schema.org","@graph":[{"@type":"WebPage","@id":"https:\/\/www.startevo.com\/shop\/produs\/toate-povestile-romanesti-care-conteaza-extra-bonus\/","url":"https:\/\/www.startevo.com\/shop\/produs\/toate-povestile-romanesti-care-conteaza-extra-bonus\/","name":"Toate Pove\u0219tile Rom\u00e2ne\u0219ti Care Conteaz\u0103 (22 e-Book-uri) + Extra Bonus 80 eBook-uri Clasice! - Magazinul Caritabil al Asocia\u021biei StartEvo","isPartOf":{"@id":"https:\/\/www.startevo.com\/shop\/#website"},"primaryImageOfPage":{"@id":"https:\/\/www.startevo.com\/shop\/produs\/toate-povestile-romanesti-care-conteaza-extra-bonus\/#primaryimage"},"image":{"@id":"https:\/\/www.startevo.com\/shop\/produs\/toate-povestile-romanesti-care-conteaza-extra-bonus\/#primaryimage"},"thumbnailUrl":"https:\/\/i0.wp.com\/www.startevo.com\/shop\/wp-content\/uploads\/2023\/09\/coperta.jpg?fit=1024%2C1024&ssl=1","datePublished":"2023-09-14T09:04:00+00:00","dateModified":"2025-06-18T12:46:50+00:00","breadcrumb":{"@id":"https:\/\/www.startevo.com\/shop\/produs\/toate-povestile-romanesti-care-conteaza-extra-bonus\/#breadcrumb"},"inLanguage":"ro-RO","potentialAction":[{"@type":"ReadAction","target":["https:\/\/www.startevo.com\/shop\/produs\/toate-povestile-romanesti-care-conteaza-extra-bonus\/"]}]},{"@type":"ImageObject","inLanguage":"ro-RO","@id":"https:\/\/www.startevo.com\/shop\/produs\/toate-povestile-romanesti-care-conteaza-extra-bonus\/#primaryimage","url":"https:\/\/i0.wp.com\/www.startevo.com\/shop\/wp-content\/uploads\/2023\/09\/coperta.jpg?fit=1024%2C1024&ssl=1","contentUrl":"https:\/\/i0.wp.com\/www.startevo.com\/shop\/wp-content\/uploads\/2023\/09\/coperta.jpg?fit=1024%2C1024&ssl=1","width":1024,"height":1024},{"@type":"BreadcrumbList","@id":"https:\/\/www.startevo.com\/shop\/produs\/toate-povestile-romanesti-care-conteaza-extra-bonus\/#breadcrumb","itemListElement":[{"@type":"ListItem","position":1,"name":"Prima pagin\u0103","item":"https:\/\/www.startevo.com\/shop\/"},{"@type":"ListItem","position":2,"name":"Magazin","item":"https:\/\/www.startevo.com\/shop\/magazin\/"},{"@type":"ListItem","position":3,"name":"Toate Pove\u0219tile Rom\u00e2ne\u0219ti Care Conteaz\u0103 (22 e-Book-uri) + Extra Bonus 80 eBook-uri Clasice!"}]},{"@type":"WebSite","@id":"https:\/\/www.startevo.com\/shop\/#website","url":"https:\/\/www.startevo.com\/shop\/","name":"Magazinul Caritabil al Asocia\u021biei StartEvo","description":"Vindem cu drag s\u0103 sus\u021binem educa\u021bia copiilor \u00een Rom\u00e2nia","publisher":{"@id":"https:\/\/www.startevo.com\/shop\/#organization"},"potentialAction":[{"@type":"SearchAction","target":{"@type":"EntryPoint","urlTemplate":"https:\/\/www.startevo.com\/shop\/?s={search_term_string}"},"query-input":{"@type":"PropertyValueSpecification","valueRequired":true,"valueName":"search_term_string"}}],"inLanguage":"ro-RO"},{"@type":"Organization","@id":"https:\/\/www.startevo.com\/shop\/#organization","name":"Magazinul Caritabil al Asocia\u021biei StartEvo","url":"https:\/\/www.startevo.com\/shop\/","logo":{"@type":"ImageObject","inLanguage":"ro-RO","@id":"https:\/\/www.startevo.com\/shop\/#\/schema\/logo\/image\/","url":"https:\/\/i0.wp.com\/www.startevo.com\/shop\/wp-content\/uploads\/2023\/10\/cropped-LOGO-MAGAZIN-CARITABIL-STARTEVO.jpg?fit=800%2C187&ssl=1","contentUrl":"https:\/\/i0.wp.com\/www.startevo.com\/shop\/wp-content\/uploads\/2023\/10\/cropped-LOGO-MAGAZIN-CARITABIL-STARTEVO.jpg?fit=800%2C187&ssl=1","width":800,"height":187,"caption":"Magazinul Caritabil al Asocia\u021biei StartEvo"},"image":{"@id":"https:\/\/www.startevo.com\/shop\/#\/schema\/logo\/image\/"}}]}},"jetpack_publicize_connections":[],"jetpack_likes_enabled":true,"jetpack_sharing_enabled":true,"jetpack-related-posts":[],"_links":{"self":[{"href":"https:\/\/www.startevo.com\/shop\/wp-json\/wp\/v2\/product\/346","targetHints":{"allow":["GET"]}}],"collection":[{"href":"https:\/\/www.startevo.com\/shop\/wp-json\/wp\/v2\/product"}],"about":[{"href":"https:\/\/www.startevo.com\/shop\/wp-json\/wp\/v2\/types\/product"}],"replies":[{"embeddable":true,"href":"https:\/\/www.startevo.com\/shop\/wp-json\/wp\/v2\/comments?post=346"}],"wp:featuredmedia":[{"embeddable":true,"href":"https:\/\/www.startevo.com\/shop\/wp-json\/wp\/v2\/media\/7326"}],"wp:attachment":[{"href":"https:\/\/www.startevo.com\/shop\/wp-json\/wp\/v2\/media?parent=346"}],"wp:term":[{"taxonomy":"product_brand","embeddable":true,"href":"https:\/\/www.startevo.com\/shop\/wp-json\/wp\/v2\/product_brand?post=346"},{"taxonomy":"product_cat","embeddable":true,"href":"https:\/\/www.startevo.com\/shop\/wp-json\/wp\/v2\/product_cat?post=346"},{"taxonomy":"product_tag","embeddable":true,"href":"https:\/\/www.startevo.com\/shop\/wp-json\/wp\/v2\/product_tag?post=346"}],"curies":[{"name":"wp","href":"https:\/\/api.w.org\/{rel}","templated":true}]}}