{"id":324,"date":"2023-02-06T12:15:46","date_gmt":"2023-02-06T10:15:46","guid":{"rendered":"https:\/\/www.startevo.com\/shop\/?post_type=product&#038;p=324"},"modified":"2023-12-12T19:25:21","modified_gmt":"2023-12-12T17:25:21","slug":"contractul-de-cititor-ideal-pentru-motivarea-copiilor-de-scoala-primara-sa-citeasca","status":"publish","type":"product","link":"https:\/\/www.startevo.com\/shop\/produs\/contractul-de-cititor-ideal-pentru-motivarea-copiilor-de-scoala-primara-sa-citeasca\/","title":{"rendered":"Contractul de Cititor Kidibot P-IV. Ideal pentru motivarea copiilor de \u0219coal\u0103 primar\u0103 s\u0103 citeasc\u0103"},"content":{"rendered":"<p>Vreti ca juniorul Dvs. sa citeasca din proprie initiativa?<\/p>\n<p>Vreti sa isi faca un obicei bun, care o sa-l ajute pe termen lung enorm?<\/p>\n<p>Vreti sa devina un adult de succes?<\/p>\n<p>Atunci trebuie sa il puneti sa semneze acest <strong>Contract De Cititor<\/strong>.<\/p>\n<p><strong>Cum func\u021bioneaz\u0103:<\/strong><\/p>\n<p>Copilul, \u00eempreun\u0103 cu p\u0103rintele\/\u00eenv\u0103\u021b\u0103torul \u0219i un coleg de clas\u0103, semneaz\u0103 un CONTRACT DE CITITOR, prin care \u00ee\u0219i ia angajamentul s\u0103 citeasc\u0103 \u00een anumite condi\u021bii, care \u00eei par FOARTE U\u0218OARE.<\/p>\n<p>Copilul, zilnic, dup\u0103 ce cite\u0219te, va trebui s\u0103 bifeze o c\u0103su\u021b\u0103 \u00eentr-un tabel, astfel \u00eenc\u00e2t s\u0103 nu existe nici o zi cu pauz\u0103.<\/p>\n<p><strong>De ce func\u021bioneaz\u0103?<\/strong><\/p>\n<ul>\n<li>pentru c\u0103 lucr\u0103m la nivelul IDENTIT\u0102\u021aII PERSONALE ale copilului. El devine CITITOR, nu doar un alt copil care cite\u0219te din c\u00e2nd \u00een c\u00e2nd (sim\u021bi\u021bi diferen\u021b\u0103?)<\/li>\n<li>pentru c\u0103 folosim PRESIUNEA SOCIAL\u0102 POZITIV\u0102. A promis \u00een fa\u021ba colegilor, a doamnei, a p\u0103rintelui. Dac\u0103 nu se \u021bine de cuv\u00e2nt, o s\u0103 r\u00e2d\u0103 to\u021bi de el<\/li>\n<li>pentru c\u0103 folosim DISONAN\u021a\u0102 COGNITIV\u0102. Copilul spune celorlal\u021bi c\u0103 el este \u00eentr-o misiune \u0219i automat credin\u021bele lui \u00eei \u00eent\u0103resc determinarea, \u00eentr-o bucl\u0103 de feedback.<\/li>\n<li>pentru c\u0103 folosim RECUNOA\u0218TEREA TRIBULUI. \u00cen momentul \u00een care a reu\u0219it mici victorii de traseu, prime\u0219te aprecierea celorlal\u021bi, care \u00eel valideaz\u0103 \u0219i \u00eel face s\u0103 se simt\u0103 inclus \u00een grup.<\/li>\n<li>pentru c\u0103 folosim APRECIEREA ADUL\u021aILOR. P\u0103rintele, doamna \u00eenv\u0103\u021b\u0103toare, adul\u021bii din familia extins\u0103, to\u021bi \u00eel vor aprecia \u0219i \u00eencuraja s\u0103 continue. Astfel, micul sufle\u021bel va vedea noi oportunit\u0103\u021bi deschise \u00een fa\u021ba lui, se va bucura, \u0219i bucla de feedback se va \u00eenchide \u00eentr-un mod satisf\u0103c\u0103tor pentru noi, \u0219i mai ales, pentru el.<\/li>\n<\/ul>\n<p>Deasemenea, Sistemul de Cititor Kidibot, implic\u0103 \u0219i alte extra motiva\u021bii:<\/p>\n<ul>\n<li>Diplome \u0219i Certificate de Cititor, Voluntar \u2013 care le poate ob\u021bine dac\u0103 dovede\u0219te c\u0103 a citit lecturi, r\u0103spunz\u00e2nd la quizurile de pe Kidibot.ro. De exemplu, avem mii de copii care au DEMONSTRAT c\u0103 au citit sute de lecturi, ob\u021bin\u00e2nd astfel Certificate de Cititor de 10, 25, 50, 100, 250 \u0219i 500 de c\u0103r\u021bi.<\/li>\n<li>folosim satisfac\u021bia c\u0103 schimb\u0103 destinele altor copii. Ori prin crearea de quizuri noi, la c\u0103r\u021bi pe care le-a citit \u0219i care nu au quizuri deja f\u0103cute pe platforma, ori prin preg\u0103tirea unor copii defavoriza\u021bi care vor s\u0103 \u00eenve\u021be dar nu au posibilit\u0103\u021bi, via Zoom\/Discord. \u0218i atunci, el, ajut\u00e2ndu-i, o s\u0103 aib\u0103 un nou sens \u00een via\u021b\u0103, o satisfac\u021bie uria\u0219\u0103 \u0219i astfel, identitatea lui de CITITOR \u0219i binefactor va fi pe deplin conturat\u0103.<\/li>\n<\/ul>\n<p>Platforma Educa\u021bional\u0103 Kidibot este cel mai premiat proiect educa\u021bional din Europa Central\u0103 \u0219i de Est. Din 2017 p\u00e2n\u0103 \u00een prezent am c\u00e2\u0219tigat peste 30 de distinc\u021bii la nivel global, European \u0219i Na\u021bional.<\/p>\n<p>Suntem prezen\u021bi \u00een 70% din \u0219colile din Rom\u00e2nia (plus 50%+ din \u0219colile din Moldova, 2000+ \u0219coli din USA, Canada, Italia, UK).<\/p>\n<p>Obiectivul nostru este s\u0103 v\u0103 ajut\u0103m copilul s\u0103 \u00eenve\u021be mai mult, s\u0103 citeasc\u0103 mai mult \u0219i s\u0103 fac\u0103 mai multe fapte bune, prin educa\u021bie informal\u0103 \u0219i joac\u0103.<\/p>\n<blockquote><p><em>Am cumparat acest serviciu in decembrie 2022. Nu aveam prea mari sperante, dar eram disperata, pentru ca am incercat orice. Efectiv, acum sunt data pe spate de cat de bine functioneaza. David a luat in serios joaca noastra si se tine de treaba. Doamne ajuta sa il tina. Multumim!<\/em><\/p>\n<p>Alina Pop, m\u0103mica lui Radu, clasa III, T\u00e2rgovi\u0219te<\/p><\/blockquote>\n","protected":false},"excerpt":{"rendered":"<p><strong>Contractul de Cititor Kidibot<\/strong> reprezint\u0103 o procedur\u0103 verificat\u0103 prin care \u00eei pute\u021bi schimba obiceiurile copilului, astfel \u00eenc\u00e2t s\u0103 citeasc\u0103 zilnic. Iar asta \u00eei va cre\u0219te garantat succesul \u00een via\u021b\u0103, pentru c\u0103 oamenii care citesc ajung mai departe dec\u00e2t cei care nu citesc.<\/p>\n<p><strong>Ce \u0219anse sunt ca piticul\/pitica mea s\u0103 citeasc\u0103 mai mult?<\/strong><\/p>\n<p>P\u0103rin\u021bii ne spun ca 93% dintre copiii implica\u021bi \u00een acest program ajung s\u0103-\u0219i modifice obiceiurile de citit \u00een bine.<\/p>\n<p><strong>Ce efort presupune din partea mea, ca p\u0103rinte?<\/strong><br \/>\nDoar 20 minute din via\u021ba Dvs.:<\/p>\n<ul>\n<li>5 minute s\u0103 citi\u021bi instruc\u021biunile care vin odat\u0103 cu Contractul de Cititor<\/li>\n<li>5 minute s\u0103 petrece\u021bi cu copilul Dvs., s\u0103 \u00eei explica\u021bi ce \u0219i cum, plus s\u0103-l pune\u021bi s\u0103 semneze.<\/li>\n<li>5 minute \u00een prima lun\u0103 (10 secunde\/zi), s\u0103 arunca\u021bi un ochi pe un tabel expus la vedere \u00een camera lui, eventual s\u0103-i da\u021bi un scurt reminder.<\/li>\n<li>5 minute la final de lun\u0103, pentru finalizarea primei etape (pentru laude \u0219i s\u0103rb\u0103toriera succesului).<\/li>\n<\/ul>\n<p>&nbsp;<\/p>\n<p><strong>Ce efort presupune din partea copilului meu?<\/strong><\/p>\n<ul>\n<li>S\u0103 v\u0103 asculte 5 minute<\/li>\n<li>S\u0103 vorbeasc\u0103 \u00een fa\u021ba clasei 1-2 minute, la \u00eenceputul programului, s\u0103pt\u0103m\u00e2nal \u0219i la finalul programului<\/li>\n<li>S\u0103 ob\u021bin\u0103 semn\u0103tura doamnei \u00eenv\u0103\u021b\u0103toare pe contract + semn\u0103tura unui coleg de clas\u0103, ca martor (2 minute)<\/li>\n<li>S\u0103 bifeze \u00een tabel ZILNIC dupa ce cite\u0219te, \u00een condi\u021biile date<\/li>\n<li>S\u0103 se bucure de realiz\u0103rile lui.<\/li>\n<\/ul>\n<p>&nbsp;<\/p>\n<p><strong>La ce trebuie s\u0103 renun\u021be copilul meu<\/strong><\/p>\n<ul>\n<li>la c\u00e2teva minute zilnic din programul lui, diminea\u021ba sau seara. Nimic deosebit. Doar c\u00e2teva minute.:)<\/li>\n<\/ul>\n","protected":false},"featured_media":7230,"comment_status":"closed","ping_status":"closed","template":"","meta":[],"product_brand":[],"product_cat":[157],"product_tag":[179,182,180,181],"class_list":{"0":"post-324","1":"product","2":"type-product","3":"status-publish","4":"has-post-thumbnail","6":"product_cat-pachete-inspirationale","7":"product_tag-contract-de-cititor","8":"product_tag-cum-sa-imi-ajut-copilul-sa-citeasca","9":"product_tag-motivatie-pentru-citit","10":"product_tag-procedura-citit","12":"first","13":"instock","14":"downloadable","15":"virtual","16":"purchasable","17":"product-type-simple"},"yoast_head":"<!-- This site is optimized with the Yoast SEO plugin v27.5 - https:\/\/yoast.com\/product\/yoast-seo-wordpress\/ -->\n<title>Contractul de Cititor Kidibot P-IV. Ideal pentru motivarea copiilor de \u0219coal\u0103 primar\u0103 s\u0103 citeasc\u0103 - Magazinul Caritabil al Asocia\u021biei StartEvo<\/title>\n<meta name=\"robots\" content=\"index, follow, max-snippet:-1, max-image-preview:large, max-video-preview:-1\" \/>\n<link rel=\"canonical\" href=\"https:\/\/www.startevo.com\/shop\/produs\/contractul-de-cititor-ideal-pentru-motivarea-copiilor-de-scoala-primara-sa-citeasca\/\" \/>\n<meta property=\"og:locale\" content=\"ro_RO\" \/>\n<meta property=\"og:type\" content=\"article\" \/>\n<meta property=\"og:title\" content=\"Contractul de Cititor Kidibot P-IV. Ideal pentru motivarea copiilor de \u0219coal\u0103 primar\u0103 s\u0103 citeasc\u0103 - Magazinul Caritabil al Asocia\u021biei StartEvo\" \/>\n<meta property=\"og:description\" content=\"Contractul de Cititor Kidibot reprezint\u0103 o procedur\u0103 verificat\u0103 prin care \u00eei pute\u021bi schimba obiceiurile copilului, astfel \u00eenc\u00e2t s\u0103 citeasc\u0103 zilnic. Iar asta \u00eei va cre\u0219te garantat succesul \u00een via\u021b\u0103, pentru c\u0103 oamenii care citesc ajung mai departe dec\u00e2t cei care nu citesc.  Ce \u0219anse sunt ca piticul\/pitica mea s\u0103 citeasc\u0103 mai mult?  P\u0103rin\u021bii ne spun ca 93% dintre copiii implica\u021bi \u00een acest program ajung s\u0103-\u0219i modifice obiceiurile de citit \u00een bine.  Ce efort presupune din partea mea, ca p\u0103rinte? Doar 20 minute din via\u021ba Dvs.:   5 minute s\u0103 citi\u021bi instruc\u021biunile care vin odat\u0103 cu Contractul de Cititor  5 minute s\u0103 petrece\u021bi cu copilul Dvs., s\u0103 \u00eei explica\u021bi ce \u0219i cum, plus s\u0103-l pune\u021bi s\u0103 semneze.  5 minute \u00een prima lun\u0103 (10 secunde\/zi), s\u0103 arunca\u021bi un ochi pe un tabel expus la vedere \u00een camera lui, eventual s\u0103-i da\u021bi un scurt reminder.  5 minute la final de lun\u0103, pentru finalizarea primei etape (pentru laude \u0219i s\u0103rb\u0103toriera succesului).  &nbsp;  Ce efort presupune din partea copilului meu?   S\u0103 v\u0103 asculte 5 minute  S\u0103 vorbeasc\u0103 \u00een fa\u021ba clasei 1-2 minute, la \u00eenceputul programului, s\u0103pt\u0103m\u00e2nal \u0219i la finalul programului  S\u0103 ob\u021bin\u0103 semn\u0103tura doamnei \u00eenv\u0103\u021b\u0103toare pe contract + semn\u0103tura unui coleg de clas\u0103, ca martor (2 minute)  S\u0103 bifeze \u00een tabel ZILNIC dupa ce cite\u0219te, \u00een condi\u021biile date  S\u0103 se bucure de realiz\u0103rile lui.  &nbsp;  La ce trebuie s\u0103 renun\u021be copilul meu   la c\u00e2teva minute zilnic din programul lui, diminea\u021ba sau seara. Nimic deosebit. Doar c\u00e2teva minute.:)\" \/>\n<meta property=\"og:url\" content=\"https:\/\/www.startevo.com\/shop\/produs\/contractul-de-cititor-ideal-pentru-motivarea-copiilor-de-scoala-primara-sa-citeasca\/\" \/>\n<meta property=\"og:site_name\" content=\"Magazinul Caritabil al Asocia\u021biei StartEvo\" \/>\n<meta property=\"article:modified_time\" content=\"2023-12-12T17:25:21+00:00\" \/>\n<meta property=\"og:image\" content=\"https:\/\/www.startevo.com\/shop\/wp-content\/uploads\/2023\/02\/Contract-de-Cititor-2.jpg\" \/>\n\t<meta property=\"og:image:width\" content=\"2250\" \/>\n\t<meta property=\"og:image:height\" content=\"2250\" \/>\n\t<meta property=\"og:image:type\" content=\"image\/jpeg\" \/>\n<meta name=\"twitter:card\" content=\"summary_large_image\" \/>\n<meta name=\"twitter:label1\" content=\"Timp estimat pentru citire\" \/>\n\t<meta name=\"twitter:data1\" content=\"3 minute\" \/>\n<script type=\"application\/ld+json\" class=\"yoast-schema-graph\">{\"@context\":\"https:\\\/\\\/schema.org\",\"@graph\":[{\"@type\":\"WebPage\",\"@id\":\"https:\\\/\\\/www.startevo.com\\\/shop\\\/produs\\\/contractul-de-cititor-ideal-pentru-motivarea-copiilor-de-scoala-primara-sa-citeasca\\\/\",\"url\":\"https:\\\/\\\/www.startevo.com\\\/shop\\\/produs\\\/contractul-de-cititor-ideal-pentru-motivarea-copiilor-de-scoala-primara-sa-citeasca\\\/\",\"name\":\"Contractul de Cititor Kidibot P-IV. Ideal pentru motivarea copiilor de \u0219coal\u0103 primar\u0103 s\u0103 citeasc\u0103 - Magazinul Caritabil al Asocia\u021biei StartEvo\",\"isPartOf\":{\"@id\":\"https:\\\/\\\/www.startevo.com\\\/shop\\\/#website\"},\"primaryImageOfPage\":{\"@id\":\"https:\\\/\\\/www.startevo.com\\\/shop\\\/produs\\\/contractul-de-cititor-ideal-pentru-motivarea-copiilor-de-scoala-primara-sa-citeasca\\\/#primaryimage\"},\"image\":{\"@id\":\"https:\\\/\\\/www.startevo.com\\\/shop\\\/produs\\\/contractul-de-cititor-ideal-pentru-motivarea-copiilor-de-scoala-primara-sa-citeasca\\\/#primaryimage\"},\"thumbnailUrl\":\"https:\\\/\\\/www.startevo.com\\\/shop\\\/wp-content\\\/uploads\\\/2023\\\/02\\\/Contract-de-Cititor-2.jpg\",\"datePublished\":\"2023-02-06T10:15:46+00:00\",\"dateModified\":\"2023-12-12T17:25:21+00:00\",\"breadcrumb\":{\"@id\":\"https:\\\/\\\/www.startevo.com\\\/shop\\\/produs\\\/contractul-de-cititor-ideal-pentru-motivarea-copiilor-de-scoala-primara-sa-citeasca\\\/#breadcrumb\"},\"inLanguage\":\"ro-RO\",\"potentialAction\":[{\"@type\":\"ReadAction\",\"target\":[\"https:\\\/\\\/www.startevo.com\\\/shop\\\/produs\\\/contractul-de-cititor-ideal-pentru-motivarea-copiilor-de-scoala-primara-sa-citeasca\\\/\"]}]},{\"@type\":\"ImageObject\",\"inLanguage\":\"ro-RO\",\"@id\":\"https:\\\/\\\/www.startevo.com\\\/shop\\\/produs\\\/contractul-de-cititor-ideal-pentru-motivarea-copiilor-de-scoala-primara-sa-citeasca\\\/#primaryimage\",\"url\":\"https:\\\/\\\/www.startevo.com\\\/shop\\\/wp-content\\\/uploads\\\/2023\\\/02\\\/Contract-de-Cititor-2.jpg\",\"contentUrl\":\"https:\\\/\\\/www.startevo.com\\\/shop\\\/wp-content\\\/uploads\\\/2023\\\/02\\\/Contract-de-Cititor-2.jpg\",\"width\":2250,\"height\":2250},{\"@type\":\"BreadcrumbList\",\"@id\":\"https:\\\/\\\/www.startevo.com\\\/shop\\\/produs\\\/contractul-de-cititor-ideal-pentru-motivarea-copiilor-de-scoala-primara-sa-citeasca\\\/#breadcrumb\",\"itemListElement\":[{\"@type\":\"ListItem\",\"position\":1,\"name\":\"Prima pagin\u0103\",\"item\":\"https:\\\/\\\/www.startevo.com\\\/shop\\\/\"},{\"@type\":\"ListItem\",\"position\":2,\"name\":\"Magazin\",\"item\":\"https:\\\/\\\/www.startevo.com\\\/shop\\\/magazin\\\/\"},{\"@type\":\"ListItem\",\"position\":3,\"name\":\"Contractul de Cititor Kidibot P-IV. Ideal pentru motivarea copiilor de \u0219coal\u0103 primar\u0103 s\u0103 citeasc\u0103\"}]},{\"@type\":\"WebSite\",\"@id\":\"https:\\\/\\\/www.startevo.com\\\/shop\\\/#website\",\"url\":\"https:\\\/\\\/www.startevo.com\\\/shop\\\/\",\"name\":\"Magazinul Caritabil al Asocia\u021biei StartEvo\",\"description\":\"Vindem cu drag s\u0103 sus\u021binem educa\u021bia copiilor \u00een Rom\u00e2nia\",\"publisher\":{\"@id\":\"https:\\\/\\\/www.startevo.com\\\/shop\\\/#organization\"},\"potentialAction\":[{\"@type\":\"SearchAction\",\"target\":{\"@type\":\"EntryPoint\",\"urlTemplate\":\"https:\\\/\\\/www.startevo.com\\\/shop\\\/?s={search_term_string}\"},\"query-input\":{\"@type\":\"PropertyValueSpecification\",\"valueRequired\":true,\"valueName\":\"search_term_string\"}}],\"inLanguage\":\"ro-RO\"},{\"@type\":\"Organization\",\"@id\":\"https:\\\/\\\/www.startevo.com\\\/shop\\\/#organization\",\"name\":\"Magazinul Caritabil al Asocia\u021biei StartEvo\",\"url\":\"https:\\\/\\\/www.startevo.com\\\/shop\\\/\",\"logo\":{\"@type\":\"ImageObject\",\"inLanguage\":\"ro-RO\",\"@id\":\"https:\\\/\\\/www.startevo.com\\\/shop\\\/#\\\/schema\\\/logo\\\/image\\\/\",\"url\":\"https:\\\/\\\/www.startevo.com\\\/shop\\\/wp-content\\\/uploads\\\/2023\\\/10\\\/cropped-LOGO-MAGAZIN-CARITABIL-STARTEVO.jpg\",\"contentUrl\":\"https:\\\/\\\/www.startevo.com\\\/shop\\\/wp-content\\\/uploads\\\/2023\\\/10\\\/cropped-LOGO-MAGAZIN-CARITABIL-STARTEVO.jpg\",\"width\":800,\"height\":187,\"caption\":\"Magazinul Caritabil al Asocia\u021biei StartEvo\"},\"image\":{\"@id\":\"https:\\\/\\\/www.startevo.com\\\/shop\\\/#\\\/schema\\\/logo\\\/image\\\/\"}}]}<\/script>\n<!-- \/ Yoast SEO plugin. -->","yoast_head_json":{"title":"Contractul de Cititor Kidibot P-IV. Ideal pentru motivarea copiilor de \u0219coal\u0103 primar\u0103 s\u0103 citeasc\u0103 - Magazinul Caritabil al Asocia\u021biei StartEvo","robots":{"index":"index","follow":"follow","max-snippet":"max-snippet:-1","max-image-preview":"max-image-preview:large","max-video-preview":"max-video-preview:-1"},"canonical":"https:\/\/www.startevo.com\/shop\/produs\/contractul-de-cititor-ideal-pentru-motivarea-copiilor-de-scoala-primara-sa-citeasca\/","og_locale":"ro_RO","og_type":"article","og_title":"Contractul de Cititor Kidibot P-IV. Ideal pentru motivarea copiilor de \u0219coal\u0103 primar\u0103 s\u0103 citeasc\u0103 - Magazinul Caritabil al Asocia\u021biei StartEvo","og_description":"Contractul de Cititor Kidibot reprezint\u0103 o procedur\u0103 verificat\u0103 prin care \u00eei pute\u021bi schimba obiceiurile copilului, astfel \u00eenc\u00e2t s\u0103 citeasc\u0103 zilnic. Iar asta \u00eei va cre\u0219te garantat succesul \u00een via\u021b\u0103, pentru c\u0103 oamenii care citesc ajung mai departe dec\u00e2t cei care nu citesc.  Ce \u0219anse sunt ca piticul\/pitica mea s\u0103 citeasc\u0103 mai mult?  P\u0103rin\u021bii ne spun ca 93% dintre copiii implica\u021bi \u00een acest program ajung s\u0103-\u0219i modifice obiceiurile de citit \u00een bine.  Ce efort presupune din partea mea, ca p\u0103rinte? Doar 20 minute din via\u021ba Dvs.:   5 minute s\u0103 citi\u021bi instruc\u021biunile care vin odat\u0103 cu Contractul de Cititor  5 minute s\u0103 petrece\u021bi cu copilul Dvs., s\u0103 \u00eei explica\u021bi ce \u0219i cum, plus s\u0103-l pune\u021bi s\u0103 semneze.  5 minute \u00een prima lun\u0103 (10 secunde\/zi), s\u0103 arunca\u021bi un ochi pe un tabel expus la vedere \u00een camera lui, eventual s\u0103-i da\u021bi un scurt reminder.  5 minute la final de lun\u0103, pentru finalizarea primei etape (pentru laude \u0219i s\u0103rb\u0103toriera succesului).  &nbsp;  Ce efort presupune din partea copilului meu?   S\u0103 v\u0103 asculte 5 minute  S\u0103 vorbeasc\u0103 \u00een fa\u021ba clasei 1-2 minute, la \u00eenceputul programului, s\u0103pt\u0103m\u00e2nal \u0219i la finalul programului  S\u0103 ob\u021bin\u0103 semn\u0103tura doamnei \u00eenv\u0103\u021b\u0103toare pe contract + semn\u0103tura unui coleg de clas\u0103, ca martor (2 minute)  S\u0103 bifeze \u00een tabel ZILNIC dupa ce cite\u0219te, \u00een condi\u021biile date  S\u0103 se bucure de realiz\u0103rile lui.  &nbsp;  La ce trebuie s\u0103 renun\u021be copilul meu   la c\u00e2teva minute zilnic din programul lui, diminea\u021ba sau seara. Nimic deosebit. Doar c\u00e2teva minute.:)","og_url":"https:\/\/www.startevo.com\/shop\/produs\/contractul-de-cititor-ideal-pentru-motivarea-copiilor-de-scoala-primara-sa-citeasca\/","og_site_name":"Magazinul Caritabil al Asocia\u021biei StartEvo","article_modified_time":"2023-12-12T17:25:21+00:00","og_image":[{"width":2250,"height":2250,"url":"https:\/\/www.startevo.com\/shop\/wp-content\/uploads\/2023\/02\/Contract-de-Cititor-2.jpg","type":"image\/jpeg"}],"twitter_card":"summary_large_image","twitter_misc":{"Timp estimat pentru citire":"3 minute"},"schema":{"@context":"https:\/\/schema.org","@graph":[{"@type":"WebPage","@id":"https:\/\/www.startevo.com\/shop\/produs\/contractul-de-cititor-ideal-pentru-motivarea-copiilor-de-scoala-primara-sa-citeasca\/","url":"https:\/\/www.startevo.com\/shop\/produs\/contractul-de-cititor-ideal-pentru-motivarea-copiilor-de-scoala-primara-sa-citeasca\/","name":"Contractul de Cititor Kidibot P-IV. Ideal pentru motivarea copiilor de \u0219coal\u0103 primar\u0103 s\u0103 citeasc\u0103 - Magazinul Caritabil al Asocia\u021biei StartEvo","isPartOf":{"@id":"https:\/\/www.startevo.com\/shop\/#website"},"primaryImageOfPage":{"@id":"https:\/\/www.startevo.com\/shop\/produs\/contractul-de-cititor-ideal-pentru-motivarea-copiilor-de-scoala-primara-sa-citeasca\/#primaryimage"},"image":{"@id":"https:\/\/www.startevo.com\/shop\/produs\/contractul-de-cititor-ideal-pentru-motivarea-copiilor-de-scoala-primara-sa-citeasca\/#primaryimage"},"thumbnailUrl":"https:\/\/www.startevo.com\/shop\/wp-content\/uploads\/2023\/02\/Contract-de-Cititor-2.jpg","datePublished":"2023-02-06T10:15:46+00:00","dateModified":"2023-12-12T17:25:21+00:00","breadcrumb":{"@id":"https:\/\/www.startevo.com\/shop\/produs\/contractul-de-cititor-ideal-pentru-motivarea-copiilor-de-scoala-primara-sa-citeasca\/#breadcrumb"},"inLanguage":"ro-RO","potentialAction":[{"@type":"ReadAction","target":["https:\/\/www.startevo.com\/shop\/produs\/contractul-de-cititor-ideal-pentru-motivarea-copiilor-de-scoala-primara-sa-citeasca\/"]}]},{"@type":"ImageObject","inLanguage":"ro-RO","@id":"https:\/\/www.startevo.com\/shop\/produs\/contractul-de-cititor-ideal-pentru-motivarea-copiilor-de-scoala-primara-sa-citeasca\/#primaryimage","url":"https:\/\/www.startevo.com\/shop\/wp-content\/uploads\/2023\/02\/Contract-de-Cititor-2.jpg","contentUrl":"https:\/\/www.startevo.com\/shop\/wp-content\/uploads\/2023\/02\/Contract-de-Cititor-2.jpg","width":2250,"height":2250},{"@type":"BreadcrumbList","@id":"https:\/\/www.startevo.com\/shop\/produs\/contractul-de-cititor-ideal-pentru-motivarea-copiilor-de-scoala-primara-sa-citeasca\/#breadcrumb","itemListElement":[{"@type":"ListItem","position":1,"name":"Prima pagin\u0103","item":"https:\/\/www.startevo.com\/shop\/"},{"@type":"ListItem","position":2,"name":"Magazin","item":"https:\/\/www.startevo.com\/shop\/magazin\/"},{"@type":"ListItem","position":3,"name":"Contractul de Cititor Kidibot P-IV. Ideal pentru motivarea copiilor de \u0219coal\u0103 primar\u0103 s\u0103 citeasc\u0103"}]},{"@type":"WebSite","@id":"https:\/\/www.startevo.com\/shop\/#website","url":"https:\/\/www.startevo.com\/shop\/","name":"Magazinul Caritabil al Asocia\u021biei StartEvo","description":"Vindem cu drag s\u0103 sus\u021binem educa\u021bia copiilor \u00een Rom\u00e2nia","publisher":{"@id":"https:\/\/www.startevo.com\/shop\/#organization"},"potentialAction":[{"@type":"SearchAction","target":{"@type":"EntryPoint","urlTemplate":"https:\/\/www.startevo.com\/shop\/?s={search_term_string}"},"query-input":{"@type":"PropertyValueSpecification","valueRequired":true,"valueName":"search_term_string"}}],"inLanguage":"ro-RO"},{"@type":"Organization","@id":"https:\/\/www.startevo.com\/shop\/#organization","name":"Magazinul Caritabil al Asocia\u021biei StartEvo","url":"https:\/\/www.startevo.com\/shop\/","logo":{"@type":"ImageObject","inLanguage":"ro-RO","@id":"https:\/\/www.startevo.com\/shop\/#\/schema\/logo\/image\/","url":"https:\/\/www.startevo.com\/shop\/wp-content\/uploads\/2023\/10\/cropped-LOGO-MAGAZIN-CARITABIL-STARTEVO.jpg","contentUrl":"https:\/\/www.startevo.com\/shop\/wp-content\/uploads\/2023\/10\/cropped-LOGO-MAGAZIN-CARITABIL-STARTEVO.jpg","width":800,"height":187,"caption":"Magazinul Caritabil al Asocia\u021biei StartEvo"},"image":{"@id":"https:\/\/www.startevo.com\/shop\/#\/schema\/logo\/image\/"}}]}},"_links":{"self":[{"href":"https:\/\/www.startevo.com\/shop\/wp-json\/wp\/v2\/product\/324","targetHints":{"allow":["GET"]}}],"collection":[{"href":"https:\/\/www.startevo.com\/shop\/wp-json\/wp\/v2\/product"}],"about":[{"href":"https:\/\/www.startevo.com\/shop\/wp-json\/wp\/v2\/types\/product"}],"replies":[{"embeddable":true,"href":"https:\/\/www.startevo.com\/shop\/wp-json\/wp\/v2\/comments?post=324"}],"wp:featuredmedia":[{"embeddable":true,"href":"https:\/\/www.startevo.com\/shop\/wp-json\/wp\/v2\/media\/7230"}],"wp:attachment":[{"href":"https:\/\/www.startevo.com\/shop\/wp-json\/wp\/v2\/media?parent=324"}],"wp:term":[{"taxonomy":"product_brand","embeddable":true,"href":"https:\/\/www.startevo.com\/shop\/wp-json\/wp\/v2\/product_brand?post=324"},{"taxonomy":"product_cat","embeddable":true,"href":"https:\/\/www.startevo.com\/shop\/wp-json\/wp\/v2\/product_cat?post=324"},{"taxonomy":"product_tag","embeddable":true,"href":"https:\/\/www.startevo.com\/shop\/wp-json\/wp\/v2\/product_tag?post=324"}],"curies":[{"name":"wp","href":"https:\/\/api.w.org\/{rel}","templated":true}]}}