{"id":23,"date":"2021-11-22T12:24:11","date_gmt":"2021-11-22T10:24:11","guid":{"rendered":"https:\/\/www.startevo.com\/shop\/?post_type=product&#038;p=23"},"modified":"2025-06-18T15:49:03","modified_gmt":"2025-06-18T12:49:03","slug":"cadoul-ideal-kitul-hiper-motivational-graffy","status":"publish","type":"product","link":"https:\/\/www.startevo.com\/shop\/produs\/cadoul-ideal-kitul-hiper-motivational-graffy\/","title":{"rendered":"Cadoul haios ideal: Kitul hiper motiva\u021bional Graffy"},"content":{"rendered":"<p><strong>Kitul hyper-motiva\u021bional Graffy<\/strong> este cea mai bun\u0103 variant\u0103 de cadou pentru copii sau adul\u021bi. Are la baz\u0103 cele mai recente descoperiri \u00een neuro\u0219tiin\u021be comportamentale.<\/p>\n<p>La nivel teoretic, aproape to\u021bi \u0219tim ce trebuie s\u0103 facem ca s\u0103 avem succes. Doar c\u0103, din diverse considerente, nu le facem. De lene, din lips\u0103 de proceduri, de obiceiuri proaste.<\/p>\n<p>Dar, dac\u0103 \u021bi-ar fi ru\u0219ine de cineva c\u0103 ai promis ceva \u0219i nu ai f\u0103cut \u00een termenul specificat? Echivalentul unui MENTOR. Acesta este scopul acestui CONTRACT, s\u0103-l fac\u0103 pe cel care prime\u0219te cadoul s\u0103 se \u021bin\u0103 de treab\u0103, altfel va resim\u021bi ru\u0219ine c\u0103 nu a \u00eendeplinit ce a promis..<\/p>\n<p>Prin semnarea unui contract foarte serios, \u00een dublu exemplar, noi oamenii avem tendin\u021ba s\u0103 ne \u021binem mai mult de treab\u0103.<\/p>\n<p><strong>Care este utilitatea acestui cadou?<\/strong><\/p>\n<p>\u00cel vei motiva pe primitor s\u0103 se \u021bin\u0103 de treab\u0103 printr-un contract serios semnat \u00eentre voi doi, o promisiune legal\u0103 c\u0103 se va \u021bine de treab\u0103. Cu alte cuvinte, este o modalitate prin care s\u0103-l aju\u021bi pe primitor s\u0103 nu se dea b\u0103tut.<\/p>\n<p>Iar agrafa GRAFFY are scopul de a-i reaminti constant beneficiarului cadoului c\u0103 trebuie s\u0103 se \u021bin\u0103 de treab\u0103. Util, nu? \ud83d\ude42<\/p>\n<p><strong>Care poate s\u0103 fie obiectul contractului?<\/strong><\/p>\n<ul>\n<li>s\u0103 nu mai m\u0103n\u00e2nce dup\u0103 ora 18.00<\/li>\n<li>s\u0103 citeasc\u0103 zilnic m\u0103car 5 minute<\/li>\n<li>s\u0103 lucreze la matematic\u0103 10 minute\/zi<\/li>\n<li>s\u0103 se spele pe din\u021bi corect, de 2 ori pe zi<\/li>\n<li>s\u0103 exerseze la pian, etc..<\/li>\n<\/ul>\n<p><strong>Ce con\u021bine acest kit cadou:<\/strong><\/p>\n<ul>\n<li>1 Contract de Promisiune \u00een dublu exemplar \u00eentre 2 p\u0103r\u021bi (cel care prime\u0219te \u0219i cel care ofer\u0103 cadoul). Primitorul se angajeaz\u0103 solemn, prin semn\u0103tur\u0103, s\u0103 fac\u0103 anumite ac\u021biuni care s\u0103-l duc\u0103 c\u0103tre succes. Cel care ofer\u0103 va semna deasemeni. Ca orice contract, vor exista clauze de penalit\u0103\u021bi care vor fi aplicate dac\u0103 promitentul NU face ceea ce trebuie, precum \u0219i beneficii.<br \/>\n<img data-recalc-dims=\"1\" fetchpriority=\"high\" decoding=\"async\" data-attachment-id=\"57\" data-permalink=\"https:\/\/www.startevo.com\/shop\/?attachment_id=57\" data-orig-file=\"https:\/\/i0.wp.com\/www.startevo.com\/shop\/wp-content\/uploads\/2021\/11\/contract.jpg?fit=1192%2C894&ssl=1\" data-orig-size=\"1192,894\" data-comments-opened=\"0\" data-image-meta=\"{&quot;aperture&quot;:&quot;0&quot;,&quot;credit&quot;:&quot;&quot;,&quot;camera&quot;:&quot;&quot;,&quot;caption&quot;:&quot;&quot;,&quot;created_timestamp&quot;:&quot;0&quot;,&quot;copyright&quot;:&quot;&quot;,&quot;focal_length&quot;:&quot;0&quot;,&quot;iso&quot;:&quot;0&quot;,&quot;shutter_speed&quot;:&quot;0&quot;,&quot;title&quot;:&quot;&quot;,&quot;orientation&quot;:&quot;1&quot;}\" data-image-title=\"contract\" data-image-description=\"\" data-image-caption=\"\" data-large-file=\"https:\/\/i0.wp.com\/www.startevo.com\/shop\/wp-content\/uploads\/2021\/11\/contract.jpg?fit=1024%2C768&ssl=1\" class=\"alignnone size-medium wp-image-57\" src=\"https:\/\/i0.wp.com\/www.startevo.com\/shop\/wp-content\/uploads\/2021\/11\/contract.jpg?resize=300%2C225&ssl=1\" alt=\"\" width=\"300\" height=\"225\" srcset=\"https:\/\/i0.wp.com\/www.startevo.com\/shop\/wp-content\/uploads\/2021\/11\/contract.jpg?resize=300%2C225&ssl=1 300w, https:\/\/i0.wp.com\/www.startevo.com\/shop\/wp-content\/uploads\/2021\/11\/contract.jpg?resize=150%2C113&ssl=1 150w, https:\/\/i0.wp.com\/www.startevo.com\/shop\/wp-content\/uploads\/2021\/11\/contract.jpg?resize=800%2C600&ssl=1 800w, https:\/\/i0.wp.com\/www.startevo.com\/shop\/wp-content\/uploads\/2021\/11\/contract.jpg?resize=1024%2C768&ssl=1 1024w, https:\/\/i0.wp.com\/www.startevo.com\/shop\/wp-content\/uploads\/2021\/11\/contract.jpg?resize=768%2C576&ssl=1 768w, https:\/\/i0.wp.com\/www.startevo.com\/shop\/wp-content\/uploads\/2021\/11\/contract.jpg?resize=600%2C450&ssl=1 600w, https:\/\/i0.wp.com\/www.startevo.com\/shop\/wp-content\/uploads\/2021\/11\/contract.jpg?w=1192&ssl=1 1192w\" sizes=\"(max-width: 300px) 100vw, 300px\" \/><\/li>\n<li>1 set de instruc\u021biuni + exemple, foarte clare \u0219i u\u0219or de parcurs.<br \/>\n<img data-recalc-dims=\"1\" decoding=\"async\" data-attachment-id=\"56\" data-permalink=\"https:\/\/www.startevo.com\/shop\/?attachment_id=56\" data-orig-file=\"https:\/\/i0.wp.com\/www.startevo.com\/shop\/wp-content\/uploads\/2021\/11\/set-instructiuni-graffy.png?fit=390%2C260&ssl=1\" data-orig-size=\"390,260\" data-comments-opened=\"0\" data-image-meta=\"{&quot;aperture&quot;:&quot;0&quot;,&quot;credit&quot;:&quot;&quot;,&quot;camera&quot;:&quot;&quot;,&quot;caption&quot;:&quot;&quot;,&quot;created_timestamp&quot;:&quot;0&quot;,&quot;copyright&quot;:&quot;&quot;,&quot;focal_length&quot;:&quot;0&quot;,&quot;iso&quot;:&quot;0&quot;,&quot;shutter_speed&quot;:&quot;0&quot;,&quot;title&quot;:&quot;&quot;,&quot;orientation&quot;:&quot;0&quot;}\" data-image-title=\"set-instructiuni-graffy\" data-image-description=\"\" data-image-caption=\"\" data-large-file=\"https:\/\/i0.wp.com\/www.startevo.com\/shop\/wp-content\/uploads\/2021\/11\/set-instructiuni-graffy.png?fit=390%2C260&ssl=1\" class=\"alignnone size-medium wp-image-56\" src=\"https:\/\/i0.wp.com\/www.startevo.com\/shop\/wp-content\/uploads\/2021\/11\/set-instructiuni-graffy.png?resize=300%2C200&ssl=1\" alt=\"\" width=\"300\" height=\"200\" srcset=\"https:\/\/i0.wp.com\/www.startevo.com\/shop\/wp-content\/uploads\/2021\/11\/set-instructiuni-graffy.png?resize=300%2C200&ssl=1 300w, https:\/\/i0.wp.com\/www.startevo.com\/shop\/wp-content\/uploads\/2021\/11\/set-instructiuni-graffy.png?resize=150%2C100&ssl=1 150w, https:\/\/i0.wp.com\/www.startevo.com\/shop\/wp-content\/uploads\/2021\/11\/set-instructiuni-graffy.png?w=390&ssl=1 390w\" sizes=\"(max-width: 300px) 100vw, 300px\" \/><\/li>\n<li>1 obiect gaj-promisiune (agrafa GRAFFY), care are ca scop reamintirea zilnic\u0103 a termenilor contractuali.<br \/>\n<img data-recalc-dims=\"1\" decoding=\"async\" data-attachment-id=\"55\" data-permalink=\"https:\/\/www.startevo.com\/shop\/?attachment_id=55\" data-orig-file=\"https:\/\/i0.wp.com\/www.startevo.com\/shop\/wp-content\/uploads\/2021\/11\/graffy.png?fit=152%2C167&ssl=1\" data-orig-size=\"152,167\" data-comments-opened=\"0\" data-image-meta=\"{&quot;aperture&quot;:&quot;0&quot;,&quot;credit&quot;:&quot;&quot;,&quot;camera&quot;:&quot;&quot;,&quot;caption&quot;:&quot;&quot;,&quot;created_timestamp&quot;:&quot;0&quot;,&quot;copyright&quot;:&quot;&quot;,&quot;focal_length&quot;:&quot;0&quot;,&quot;iso&quot;:&quot;0&quot;,&quot;shutter_speed&quot;:&quot;0&quot;,&quot;title&quot;:&quot;&quot;,&quot;orientation&quot;:&quot;0&quot;}\" data-image-title=\"graffy\" data-image-description=\"\" data-image-caption=\"\" data-large-file=\"https:\/\/i0.wp.com\/www.startevo.com\/shop\/wp-content\/uploads\/2021\/11\/graffy.png?fit=152%2C167&ssl=1\" class=\"alignnone size-full wp-image-55\" src=\"https:\/\/i0.wp.com\/www.startevo.com\/shop\/wp-content\/uploads\/2021\/11\/graffy.png?resize=152%2C167&ssl=1\" alt=\"\" width=\"152\" height=\"167\" srcset=\"https:\/\/i0.wp.com\/www.startevo.com\/shop\/wp-content\/uploads\/2021\/11\/graffy.png?w=152&ssl=1 152w, https:\/\/i0.wp.com\/www.startevo.com\/shop\/wp-content\/uploads\/2021\/11\/graffy.png?resize=150%2C165&ssl=1 150w\" sizes=\"(max-width: 152px) 100vw, 152px\" \/><\/li>\n<\/ul>\n<p><strong>SFAT:<\/strong> Daca dori\u021bi rezultate \u0219i mai bune, v\u0103 recomand\u0103m s\u0103 citi\u021bi cartea ATOMIC HABITS, de James Clear, deoarece este cea mai bun\u0103 carte \u00een domeniul gener\u0103rii unor obiceiuri bune \u0219i reducerii obiceiurilor mai pu\u021bin bune.<\/p>\n<p><img data-recalc-dims=\"1\" loading=\"lazy\" decoding=\"async\" data-attachment-id=\"58\" data-permalink=\"https:\/\/www.startevo.com\/shop\/?attachment_id=58\" data-orig-file=\"https:\/\/i0.wp.com\/www.startevo.com\/shop\/wp-content\/uploads\/2021\/11\/atomic-habits-10604-2.jpeg?fit=360%2C515&ssl=1\" data-orig-size=\"360,515\" data-comments-opened=\"0\" data-image-meta=\"{&quot;aperture&quot;:&quot;0&quot;,&quot;credit&quot;:&quot;&quot;,&quot;camera&quot;:&quot;&quot;,&quot;caption&quot;:&quot;&quot;,&quot;created_timestamp&quot;:&quot;0&quot;,&quot;copyright&quot;:&quot;&quot;,&quot;focal_length&quot;:&quot;0&quot;,&quot;iso&quot;:&quot;0&quot;,&quot;shutter_speed&quot;:&quot;0&quot;,&quot;title&quot;:&quot;&quot;,&quot;orientation&quot;:&quot;0&quot;}\" data-image-title=\"atomic-habits-10604-2\" data-image-description=\"\" data-image-caption=\"\" data-large-file=\"https:\/\/i0.wp.com\/www.startevo.com\/shop\/wp-content\/uploads\/2021\/11\/atomic-habits-10604-2.jpeg?fit=360%2C515&ssl=1\" class=\"alignnone size-full wp-image-58\" src=\"https:\/\/i0.wp.com\/www.startevo.com\/shop\/wp-content\/uploads\/2021\/11\/atomic-habits-10604-2.jpeg?resize=360%2C515&ssl=1\" alt=\"\" width=\"360\" height=\"515\" srcset=\"https:\/\/i0.wp.com\/www.startevo.com\/shop\/wp-content\/uploads\/2021\/11\/atomic-habits-10604-2.jpeg?w=360&ssl=1 360w, https:\/\/i0.wp.com\/www.startevo.com\/shop\/wp-content\/uploads\/2021\/11\/atomic-habits-10604-2.jpeg?resize=300%2C429&ssl=1 300w, https:\/\/i0.wp.com\/www.startevo.com\/shop\/wp-content\/uploads\/2021\/11\/atomic-habits-10604-2.jpeg?resize=150%2C215&ssl=1 150w, https:\/\/i0.wp.com\/www.startevo.com\/shop\/wp-content\/uploads\/2021\/11\/atomic-habits-10604-2.jpeg?resize=210%2C300&ssl=1 210w\" sizes=\"(max-width: 360px) 100vw, 360px\" \/><\/p>\n<p>\u00a0<\/p>\n","protected":false},"excerpt":{"rendered":"<blockquote><p>\u201dCel mai bun cadou pe care l-am f\u0103cut \u00een ultimii 20 de ani! Dup\u0103 ce am v\u0103zut efectul, am mai cump\u0103rat de la voi \u00eenc\u0103 9 buc\u0103\u021bi, pentru toat\u0103 familia extins\u0103. V\u0103 mul\u021bumesc. Ne-a\u021bi schimbat via\u021ba!\u201d<br \/>\nMarilena &#8211; Corbeanca, Ilfov<\/p><\/blockquote>\n<p><img loading=\"lazy\" decoding=\"async\" class=\"alignnone size-full wp-image-29\" src=\"https:\/\/www.startevo.com\/shop\/wp-content\/uploads\/2021\/11\/5stars.jpg\" alt=\"\" width=\"150\" height=\"26\" \/><\/p>\n<p>Ajut\u0103-i pe cei dragi \u021bie s\u0103 aib\u0103 o hiper-experien\u021b\u0103 cu ajutorul kitului hiper-motiva\u021bional Graffy: un contract haios, \u00een dublu exemplar, \u00een care primitorul semneaz\u0103 oficial c\u0103 va face anumite lucruri utile (s\u0103 citeasc\u0103 zilnic, s\u0103-\u0219i fac\u0103 temele, s\u0103 , iar dac\u0103 nu, va pl\u0103ti diverse penalit\u0103\u021bi + o agraf\u0103 reminder. Util at\u00e2t pentru copii c\u00e2t \u0219i adul\u021bi!<\/p>\n","protected":false},"featured_media":27,"comment_status":"closed","ping_status":"closed","template":"","meta":{"jetpack_publicize_message":"","jetpack_publicize_feature_enabled":true,"jetpack_social_post_already_shared":false,"jetpack_social_options":{"image_generator_settings":{"template":"highway","default_image_id":0,"font":"","enabled":false},"version":2}},"product_brand":[],"product_cat":[18],"product_tag":[19,29,28,20,21,26,27,22,25,24,23],"class_list":{"0":"post-23","1":"product","2":"type-product","3":"status-publish","4":"has-post-thumbnail","6":"product_cat-cadouri","7":"product_tag-cadouri","8":"product_tag-cadouri-anul-nou","9":"product_tag-cadouri-barbati","10":"product_tag-cadouri-craciun","11":"product_tag-cadouri-ieftine","12":"product_tag-cadouri-inspirationale","13":"product_tag-cadouri-motivationale","14":"product_tag-cadouri-originale","15":"product_tag-cadouri-pentru-copii","16":"product_tag-cadouri-pentru-femei","17":"product_tag-cadouri-wow","19":"first","20":"instock","21":"shipping-taxable","22":"purchasable","23":"product-type-simple"},"yoast_head":"<!-- This site is optimized with the Yoast SEO plugin v27.5 - https:\/\/yoast.com\/product\/yoast-seo-wordpress\/ -->\n<title>Cadoul haios ideal: Kitul hiper motiva\u021bional Graffy - Magazinul Caritabil al Asocia\u021biei StartEvo<\/title>\n<meta name=\"robots\" content=\"index, follow, max-snippet:-1, max-image-preview:large, max-video-preview:-1\" \/>\n<link rel=\"canonical\" href=\"https:\/\/www.startevo.com\/shop\/produs\/cadoul-ideal-kitul-hiper-motivational-graffy\/\" \/>\n<meta property=\"og:locale\" content=\"ro_RO\" \/>\n<meta property=\"og:type\" content=\"article\" \/>\n<meta property=\"og:title\" content=\"Cadoul haios ideal: Kitul hiper motiva\u021bional Graffy - Magazinul Caritabil al Asocia\u021biei StartEvo\" \/>\n<meta property=\"og:description\" content=\"\u201dCel mai bun cadou pe care l-am f\u0103cut \u00een ultimii 20 de ani! Dup\u0103 ce am v\u0103zut efectul, am mai cump\u0103rat de la voi \u00eenc\u0103 9 buc\u0103\u021bi, pentru toat\u0103 familia extins\u0103. V\u0103 mul\u021bumesc. Ne-a\u021bi schimbat via\u021ba!\u201d Marilena - Corbeanca, Ilfov   Ajut\u0103-i pe cei dragi \u021bie s\u0103 aib\u0103 o hiper-experien\u021b\u0103 cu ajutorul kitului hiper-motiva\u021bional Graffy: un contract haios, \u00een dublu exemplar, \u00een care primitorul semneaz\u0103 oficial c\u0103 va face anumite lucruri utile (s\u0103 citeasc\u0103 zilnic, s\u0103-\u0219i fac\u0103 temele, s\u0103 , iar dac\u0103 nu, va pl\u0103ti diverse penalit\u0103\u021bi + o agraf\u0103 reminder. Util at\u00e2t pentru copii c\u00e2t \u0219i adul\u021bi!\" \/>\n<meta property=\"og:url\" content=\"https:\/\/www.startevo.com\/shop\/produs\/cadoul-ideal-kitul-hiper-motivational-graffy\/\" \/>\n<meta property=\"og:site_name\" content=\"Magazinul Caritabil al Asocia\u021biei StartEvo\" \/>\n<meta property=\"article:modified_time\" content=\"2025-06-18T12:49:03+00:00\" \/>\n<meta property=\"og:image\" content=\"https:\/\/www.startevo.com\/shop\/wp-content\/uploads\/2021\/11\/cadou-motivational-graffy.jpg\" \/>\n\t<meta property=\"og:image:width\" content=\"900\" \/>\n\t<meta property=\"og:image:height\" content=\"900\" \/>\n\t<meta property=\"og:image:type\" content=\"image\/jpeg\" \/>\n<meta name=\"twitter:card\" content=\"summary_large_image\" \/>\n<meta name=\"twitter:label1\" content=\"Timp estimat pentru citire\" \/>\n\t<meta name=\"twitter:data1\" content=\"2 minute\" \/>\n<script type=\"application\/ld+json\" class=\"yoast-schema-graph\">{\"@context\":\"https:\\\/\\\/schema.org\",\"@graph\":[{\"@type\":\"WebPage\",\"@id\":\"https:\\\/\\\/www.startevo.com\\\/shop\\\/produs\\\/cadoul-ideal-kitul-hiper-motivational-graffy\\\/\",\"url\":\"https:\\\/\\\/www.startevo.com\\\/shop\\\/produs\\\/cadoul-ideal-kitul-hiper-motivational-graffy\\\/\",\"name\":\"Cadoul haios ideal: Kitul hiper motiva\u021bional Graffy - Magazinul Caritabil al Asocia\u021biei StartEvo\",\"isPartOf\":{\"@id\":\"https:\\\/\\\/www.startevo.com\\\/shop\\\/#website\"},\"primaryImageOfPage\":{\"@id\":\"https:\\\/\\\/www.startevo.com\\\/shop\\\/produs\\\/cadoul-ideal-kitul-hiper-motivational-graffy\\\/#primaryimage\"},\"image\":{\"@id\":\"https:\\\/\\\/www.startevo.com\\\/shop\\\/produs\\\/cadoul-ideal-kitul-hiper-motivational-graffy\\\/#primaryimage\"},\"thumbnailUrl\":\"https:\\\/\\\/i0.wp.com\\\/www.startevo.com\\\/shop\\\/wp-content\\\/uploads\\\/2021\\\/11\\\/cadou-motivational-graffy.jpg?fit=900%2C900&ssl=1\",\"datePublished\":\"2021-11-22T10:24:11+00:00\",\"dateModified\":\"2025-06-18T12:49:03+00:00\",\"breadcrumb\":{\"@id\":\"https:\\\/\\\/www.startevo.com\\\/shop\\\/produs\\\/cadoul-ideal-kitul-hiper-motivational-graffy\\\/#breadcrumb\"},\"inLanguage\":\"ro-RO\",\"potentialAction\":[{\"@type\":\"ReadAction\",\"target\":[\"https:\\\/\\\/www.startevo.com\\\/shop\\\/produs\\\/cadoul-ideal-kitul-hiper-motivational-graffy\\\/\"]}]},{\"@type\":\"ImageObject\",\"inLanguage\":\"ro-RO\",\"@id\":\"https:\\\/\\\/www.startevo.com\\\/shop\\\/produs\\\/cadoul-ideal-kitul-hiper-motivational-graffy\\\/#primaryimage\",\"url\":\"https:\\\/\\\/i0.wp.com\\\/www.startevo.com\\\/shop\\\/wp-content\\\/uploads\\\/2021\\\/11\\\/cadou-motivational-graffy.jpg?fit=900%2C900&ssl=1\",\"contentUrl\":\"https:\\\/\\\/i0.wp.com\\\/www.startevo.com\\\/shop\\\/wp-content\\\/uploads\\\/2021\\\/11\\\/cadou-motivational-graffy.jpg?fit=900%2C900&ssl=1\",\"width\":900,\"height\":900},{\"@type\":\"BreadcrumbList\",\"@id\":\"https:\\\/\\\/www.startevo.com\\\/shop\\\/produs\\\/cadoul-ideal-kitul-hiper-motivational-graffy\\\/#breadcrumb\",\"itemListElement\":[{\"@type\":\"ListItem\",\"position\":1,\"name\":\"Prima pagin\u0103\",\"item\":\"https:\\\/\\\/www.startevo.com\\\/shop\\\/\"},{\"@type\":\"ListItem\",\"position\":2,\"name\":\"Magazin\",\"item\":\"https:\\\/\\\/www.startevo.com\\\/shop\\\/magazin\\\/\"},{\"@type\":\"ListItem\",\"position\":3,\"name\":\"Cadoul haios ideal: Kitul hiper motiva\u021bional Graffy\"}]},{\"@type\":\"WebSite\",\"@id\":\"https:\\\/\\\/www.startevo.com\\\/shop\\\/#website\",\"url\":\"https:\\\/\\\/www.startevo.com\\\/shop\\\/\",\"name\":\"Magazinul Caritabil al Asocia\u021biei StartEvo\",\"description\":\"Vindem cu drag s\u0103 sus\u021binem educa\u021bia copiilor \u00een Rom\u00e2nia\",\"publisher\":{\"@id\":\"https:\\\/\\\/www.startevo.com\\\/shop\\\/#organization\"},\"potentialAction\":[{\"@type\":\"SearchAction\",\"target\":{\"@type\":\"EntryPoint\",\"urlTemplate\":\"https:\\\/\\\/www.startevo.com\\\/shop\\\/?s={search_term_string}\"},\"query-input\":{\"@type\":\"PropertyValueSpecification\",\"valueRequired\":true,\"valueName\":\"search_term_string\"}}],\"inLanguage\":\"ro-RO\"},{\"@type\":\"Organization\",\"@id\":\"https:\\\/\\\/www.startevo.com\\\/shop\\\/#organization\",\"name\":\"Magazinul Caritabil al Asocia\u021biei StartEvo\",\"url\":\"https:\\\/\\\/www.startevo.com\\\/shop\\\/\",\"logo\":{\"@type\":\"ImageObject\",\"inLanguage\":\"ro-RO\",\"@id\":\"https:\\\/\\\/www.startevo.com\\\/shop\\\/#\\\/schema\\\/logo\\\/image\\\/\",\"url\":\"https:\\\/\\\/i0.wp.com\\\/www.startevo.com\\\/shop\\\/wp-content\\\/uploads\\\/2023\\\/10\\\/cropped-LOGO-MAGAZIN-CARITABIL-STARTEVO.jpg?fit=800%2C187&ssl=1\",\"contentUrl\":\"https:\\\/\\\/i0.wp.com\\\/www.startevo.com\\\/shop\\\/wp-content\\\/uploads\\\/2023\\\/10\\\/cropped-LOGO-MAGAZIN-CARITABIL-STARTEVO.jpg?fit=800%2C187&ssl=1\",\"width\":800,\"height\":187,\"caption\":\"Magazinul Caritabil al Asocia\u021biei StartEvo\"},\"image\":{\"@id\":\"https:\\\/\\\/www.startevo.com\\\/shop\\\/#\\\/schema\\\/logo\\\/image\\\/\"}}]}<\/script>\n<!-- \/ Yoast SEO plugin. -->","yoast_head_json":{"title":"Cadoul haios ideal: Kitul hiper motiva\u021bional Graffy - Magazinul Caritabil al Asocia\u021biei StartEvo","robots":{"index":"index","follow":"follow","max-snippet":"max-snippet:-1","max-image-preview":"max-image-preview:large","max-video-preview":"max-video-preview:-1"},"canonical":"https:\/\/www.startevo.com\/shop\/produs\/cadoul-ideal-kitul-hiper-motivational-graffy\/","og_locale":"ro_RO","og_type":"article","og_title":"Cadoul haios ideal: Kitul hiper motiva\u021bional Graffy - Magazinul Caritabil al Asocia\u021biei StartEvo","og_description":"\u201dCel mai bun cadou pe care l-am f\u0103cut \u00een ultimii 20 de ani! Dup\u0103 ce am v\u0103zut efectul, am mai cump\u0103rat de la voi \u00eenc\u0103 9 buc\u0103\u021bi, pentru toat\u0103 familia extins\u0103. V\u0103 mul\u021bumesc. Ne-a\u021bi schimbat via\u021ba!\u201d Marilena - Corbeanca, Ilfov   Ajut\u0103-i pe cei dragi \u021bie s\u0103 aib\u0103 o hiper-experien\u021b\u0103 cu ajutorul kitului hiper-motiva\u021bional Graffy: un contract haios, \u00een dublu exemplar, \u00een care primitorul semneaz\u0103 oficial c\u0103 va face anumite lucruri utile (s\u0103 citeasc\u0103 zilnic, s\u0103-\u0219i fac\u0103 temele, s\u0103 , iar dac\u0103 nu, va pl\u0103ti diverse penalit\u0103\u021bi + o agraf\u0103 reminder. Util at\u00e2t pentru copii c\u00e2t \u0219i adul\u021bi!","og_url":"https:\/\/www.startevo.com\/shop\/produs\/cadoul-ideal-kitul-hiper-motivational-graffy\/","og_site_name":"Magazinul Caritabil al Asocia\u021biei StartEvo","article_modified_time":"2025-06-18T12:49:03+00:00","og_image":[{"width":900,"height":900,"url":"https:\/\/www.startevo.com\/shop\/wp-content\/uploads\/2021\/11\/cadou-motivational-graffy.jpg","type":"image\/jpeg"}],"twitter_card":"summary_large_image","twitter_misc":{"Timp estimat pentru citire":"2 minute"},"schema":{"@context":"https:\/\/schema.org","@graph":[{"@type":"WebPage","@id":"https:\/\/www.startevo.com\/shop\/produs\/cadoul-ideal-kitul-hiper-motivational-graffy\/","url":"https:\/\/www.startevo.com\/shop\/produs\/cadoul-ideal-kitul-hiper-motivational-graffy\/","name":"Cadoul haios ideal: Kitul hiper motiva\u021bional Graffy - Magazinul Caritabil al Asocia\u021biei StartEvo","isPartOf":{"@id":"https:\/\/www.startevo.com\/shop\/#website"},"primaryImageOfPage":{"@id":"https:\/\/www.startevo.com\/shop\/produs\/cadoul-ideal-kitul-hiper-motivational-graffy\/#primaryimage"},"image":{"@id":"https:\/\/www.startevo.com\/shop\/produs\/cadoul-ideal-kitul-hiper-motivational-graffy\/#primaryimage"},"thumbnailUrl":"https:\/\/i0.wp.com\/www.startevo.com\/shop\/wp-content\/uploads\/2021\/11\/cadou-motivational-graffy.jpg?fit=900%2C900&ssl=1","datePublished":"2021-11-22T10:24:11+00:00","dateModified":"2025-06-18T12:49:03+00:00","breadcrumb":{"@id":"https:\/\/www.startevo.com\/shop\/produs\/cadoul-ideal-kitul-hiper-motivational-graffy\/#breadcrumb"},"inLanguage":"ro-RO","potentialAction":[{"@type":"ReadAction","target":["https:\/\/www.startevo.com\/shop\/produs\/cadoul-ideal-kitul-hiper-motivational-graffy\/"]}]},{"@type":"ImageObject","inLanguage":"ro-RO","@id":"https:\/\/www.startevo.com\/shop\/produs\/cadoul-ideal-kitul-hiper-motivational-graffy\/#primaryimage","url":"https:\/\/i0.wp.com\/www.startevo.com\/shop\/wp-content\/uploads\/2021\/11\/cadou-motivational-graffy.jpg?fit=900%2C900&ssl=1","contentUrl":"https:\/\/i0.wp.com\/www.startevo.com\/shop\/wp-content\/uploads\/2021\/11\/cadou-motivational-graffy.jpg?fit=900%2C900&ssl=1","width":900,"height":900},{"@type":"BreadcrumbList","@id":"https:\/\/www.startevo.com\/shop\/produs\/cadoul-ideal-kitul-hiper-motivational-graffy\/#breadcrumb","itemListElement":[{"@type":"ListItem","position":1,"name":"Prima pagin\u0103","item":"https:\/\/www.startevo.com\/shop\/"},{"@type":"ListItem","position":2,"name":"Magazin","item":"https:\/\/www.startevo.com\/shop\/magazin\/"},{"@type":"ListItem","position":3,"name":"Cadoul haios ideal: Kitul hiper motiva\u021bional Graffy"}]},{"@type":"WebSite","@id":"https:\/\/www.startevo.com\/shop\/#website","url":"https:\/\/www.startevo.com\/shop\/","name":"Magazinul Caritabil al Asocia\u021biei StartEvo","description":"Vindem cu drag s\u0103 sus\u021binem educa\u021bia copiilor \u00een Rom\u00e2nia","publisher":{"@id":"https:\/\/www.startevo.com\/shop\/#organization"},"potentialAction":[{"@type":"SearchAction","target":{"@type":"EntryPoint","urlTemplate":"https:\/\/www.startevo.com\/shop\/?s={search_term_string}"},"query-input":{"@type":"PropertyValueSpecification","valueRequired":true,"valueName":"search_term_string"}}],"inLanguage":"ro-RO"},{"@type":"Organization","@id":"https:\/\/www.startevo.com\/shop\/#organization","name":"Magazinul Caritabil al Asocia\u021biei StartEvo","url":"https:\/\/www.startevo.com\/shop\/","logo":{"@type":"ImageObject","inLanguage":"ro-RO","@id":"https:\/\/www.startevo.com\/shop\/#\/schema\/logo\/image\/","url":"https:\/\/i0.wp.com\/www.startevo.com\/shop\/wp-content\/uploads\/2023\/10\/cropped-LOGO-MAGAZIN-CARITABIL-STARTEVO.jpg?fit=800%2C187&ssl=1","contentUrl":"https:\/\/i0.wp.com\/www.startevo.com\/shop\/wp-content\/uploads\/2023\/10\/cropped-LOGO-MAGAZIN-CARITABIL-STARTEVO.jpg?fit=800%2C187&ssl=1","width":800,"height":187,"caption":"Magazinul Caritabil al Asocia\u021biei StartEvo"},"image":{"@id":"https:\/\/www.startevo.com\/shop\/#\/schema\/logo\/image\/"}}]}},"jetpack_publicize_connections":[],"jetpack_likes_enabled":true,"jetpack_sharing_enabled":true,"jetpack-related-posts":[],"_links":{"self":[{"href":"https:\/\/www.startevo.com\/shop\/wp-json\/wp\/v2\/product\/23","targetHints":{"allow":["GET"]}}],"collection":[{"href":"https:\/\/www.startevo.com\/shop\/wp-json\/wp\/v2\/product"}],"about":[{"href":"https:\/\/www.startevo.com\/shop\/wp-json\/wp\/v2\/types\/product"}],"replies":[{"embeddable":true,"href":"https:\/\/www.startevo.com\/shop\/wp-json\/wp\/v2\/comments?post=23"}],"wp:featuredmedia":[{"embeddable":true,"href":"https:\/\/www.startevo.com\/shop\/wp-json\/wp\/v2\/media\/27"}],"wp:attachment":[{"href":"https:\/\/www.startevo.com\/shop\/wp-json\/wp\/v2\/media?parent=23"}],"wp:term":[{"taxonomy":"product_brand","embeddable":true,"href":"https:\/\/www.startevo.com\/shop\/wp-json\/wp\/v2\/product_brand?post=23"},{"taxonomy":"product_cat","embeddable":true,"href":"https:\/\/www.startevo.com\/shop\/wp-json\/wp\/v2\/product_cat?post=23"},{"taxonomy":"product_tag","embeddable":true,"href":"https:\/\/www.startevo.com\/shop\/wp-json\/wp\/v2\/product_tag?post=23"}],"curies":[{"name":"wp","href":"https:\/\/api.w.org\/{rel}","templated":true}]}}