{"id":142,"date":"2022-01-31T13:16:47","date_gmt":"2022-01-31T11:16:47","guid":{"rendered":"https:\/\/www.startevo.com\/shop\/?post_type=product&#038;p=142"},"modified":"2025-06-18T15:48:20","modified_gmt":"2025-06-18T12:48:20","slug":"curs-de-supravietuire-urbana-pentru-copii-si-adolescenti","status":"publish","type":"product","link":"https:\/\/www.startevo.com\/shop\/produs\/curs-de-supravietuire-urbana-pentru-copii-si-adolescenti\/","title":{"rendered":"Micro-curs de supravie\u021buire urban\u0103 pentru copii \u0219i adolescen\u021bi"},"content":{"rendered":"<p>Ce vor invata copiii din acest curs:<\/p>\n<p>FACTORII DE RISC<br \/>\nCum esti atras sa consumi droguri<br \/>\nPROBLEMA BANILOR<br \/>\n\u201cBeneficiile\u201d enuntate ale drogurilor<br \/>\nCum ajungi sa iei droguri<br \/>\nCine este susceptibil sa apuce pe cai gresite<br \/>\nCum ajungi sa devii \u201cproducatoare\u201d<br \/>\nTaxa de protectie<br \/>\nCum ajungi sa te apuci de furat<br \/>\nCu cine nu prea au treaba smecherii de cartier:<br \/>\nSFATURI DE FINAL<\/p>\n","protected":false},"excerpt":{"rendered":"<blockquote><p>Infricosator. Am facut acest curs impreuna cu fata mea si mi s-a facut pielea gaina. Multumim pentru ca ati facut acest efort, sa ii protejati pe copii.<\/p><\/blockquote>\n<p><strong>Afl\u0103 cum \u00eencearc\u0103 interlopii s\u0103-i atrag\u0103 pe copiii ca tine de partea r\u0103ului: droguri, furturi, violen\u021b\u0103, etc..<\/strong><\/p>\n<p>Iti spunem cateva metode prin care sunt atrasi copiii catre droguri, prostitutie, furturi, santaj, taxe protectie, etc..<\/p>\n<p><b>De ce am facut acest curs practic? Ca sa stii sa te protejezi.<\/b><\/p>\n<p>Ne cerem scuze daca acest curs nu este unul academic si daca are un limbaj pe care unii l-ar putea considera ofensator.<\/p>\n<p>Insa viata pe strada nu este academica. Este dura. Este grea. Si multi dintre noi, din palatele de clestar pe care ni le ridicam in jurul nostru, nu o mai percem ca atare.<\/p>\n<p>Tindem sa consideram ca ce nu vedem, nu exista. Pana cand te izbeste realitatea in moalele capului si spui: \u201c<i>De ce eu?\u201d, \u201cCum de a putut sa mi se intample tocmai mie<\/i>?\u201d. Uite d\u2019aia, pentru ca nu ai fost pregatit.<\/p>\n<p>Acest curs se doreste sa-ti ridice niste semne de intrebare si sa te ajute sa iei deciziile care trebuie. <b>Sa te ajute sa ai grija de tine!<\/b><\/p>\n","protected":false},"featured_media":144,"comment_status":"closed","ping_status":"closed","template":"","meta":{"jetpack_publicize_message":"","jetpack_publicize_feature_enabled":true,"jetpack_social_post_already_shared":false,"jetpack_social_options":{"image_generator_settings":{"template":"highway","default_image_id":0,"font":"","enabled":false},"version":2}},"product_brand":[],"product_cat":[15],"product_tag":[147,146],"class_list":{"0":"post-142","1":"product","2":"type-product","3":"status-publish","4":"has-post-thumbnail","6":"product_cat-cursuri","7":"product_tag-curs-anti-drog","8":"product_tag-curs-supravietuire-urbana","10":"first","11":"instock","12":"virtual","13":"purchasable","14":"product-type-simple"},"yoast_head":"<!-- This site is optimized with the Yoast SEO plugin v27.5 - https:\/\/yoast.com\/product\/yoast-seo-wordpress\/ -->\n<title>Micro-curs de supravie\u021buire urban\u0103 pentru copii \u0219i adolescen\u021bi - Magazinul Caritabil al Asocia\u021biei StartEvo<\/title>\n<meta name=\"robots\" content=\"index, follow, max-snippet:-1, max-image-preview:large, max-video-preview:-1\" \/>\n<link rel=\"canonical\" href=\"https:\/\/www.startevo.com\/shop\/produs\/curs-de-supravietuire-urbana-pentru-copii-si-adolescenti\/\" \/>\n<meta property=\"og:locale\" content=\"ro_RO\" \/>\n<meta property=\"og:type\" content=\"article\" \/>\n<meta property=\"og:title\" content=\"Micro-curs de supravie\u021buire urban\u0103 pentru copii \u0219i adolescen\u021bi - Magazinul Caritabil al Asocia\u021biei StartEvo\" \/>\n<meta property=\"og:description\" content=\"Infricosator. Am facut acest curs impreuna cu fata mea si mi s-a facut pielea gaina. Multumim pentru ca ati facut acest efort, sa ii protejati pe copii. Afl\u0103 cum \u00eencearc\u0103 interlopii s\u0103-i atrag\u0103 pe copiii ca tine de partea r\u0103ului: droguri, furturi, violen\u021b\u0103, etc..  Iti spunem cateva metode prin care sunt atrasi copiii catre droguri, prostitutie, furturi, santaj, taxe protectie, etc..  De ce am facut acest curs practic? Ca sa stii sa te protejezi.  Ne cerem scuze daca acest curs nu este unul academic si daca are un limbaj pe care unii l-ar putea considera ofensator.  Insa viata pe strada nu este academica. Este dura. Este grea. Si multi dintre noi, din palatele de clestar pe care ni le ridicam in jurul nostru, nu o mai percem ca atare.  Tindem sa consideram ca ce nu vedem, nu exista. Pana cand te izbeste realitatea in moalele capului si spui: \u201cDe ce eu?\u201d, \u201cCum de a putut sa mi se intample tocmai mie?\u201d. Uite d\u2019aia, pentru ca nu ai fost pregatit.  Acest curs se doreste sa-ti ridice niste semne de intrebare si sa te ajute sa iei deciziile care trebuie. Sa te ajute sa ai grija de tine!\" \/>\n<meta property=\"og:url\" content=\"https:\/\/www.startevo.com\/shop\/produs\/curs-de-supravietuire-urbana-pentru-copii-si-adolescenti\/\" \/>\n<meta property=\"og:site_name\" content=\"Magazinul Caritabil al Asocia\u021biei StartEvo\" \/>\n<meta property=\"article:modified_time\" content=\"2025-06-18T12:48:20+00:00\" \/>\n<meta property=\"og:image\" content=\"https:\/\/www.startevo.com\/shop\/wp-content\/uploads\/2022\/01\/curs-pericole-urbane.jpg\" \/>\n\t<meta property=\"og:image:width\" content=\"500\" \/>\n\t<meta property=\"og:image:height\" content=\"300\" \/>\n\t<meta property=\"og:image:type\" content=\"image\/jpeg\" \/>\n<meta name=\"twitter:card\" content=\"summary_large_image\" \/>\n<script type=\"application\/ld+json\" class=\"yoast-schema-graph\">{\"@context\":\"https:\\\/\\\/schema.org\",\"@graph\":[{\"@type\":\"WebPage\",\"@id\":\"https:\\\/\\\/www.startevo.com\\\/shop\\\/produs\\\/curs-de-supravietuire-urbana-pentru-copii-si-adolescenti\\\/\",\"url\":\"https:\\\/\\\/www.startevo.com\\\/shop\\\/produs\\\/curs-de-supravietuire-urbana-pentru-copii-si-adolescenti\\\/\",\"name\":\"Micro-curs de supravie\u021buire urban\u0103 pentru copii \u0219i adolescen\u021bi - Magazinul Caritabil al Asocia\u021biei StartEvo\",\"isPartOf\":{\"@id\":\"https:\\\/\\\/www.startevo.com\\\/shop\\\/#website\"},\"primaryImageOfPage\":{\"@id\":\"https:\\\/\\\/www.startevo.com\\\/shop\\\/produs\\\/curs-de-supravietuire-urbana-pentru-copii-si-adolescenti\\\/#primaryimage\"},\"image\":{\"@id\":\"https:\\\/\\\/www.startevo.com\\\/shop\\\/produs\\\/curs-de-supravietuire-urbana-pentru-copii-si-adolescenti\\\/#primaryimage\"},\"thumbnailUrl\":\"https:\\\/\\\/i0.wp.com\\\/www.startevo.com\\\/shop\\\/wp-content\\\/uploads\\\/2022\\\/01\\\/curs-pericole-urbane.jpg?fit=500%2C300&ssl=1\",\"datePublished\":\"2022-01-31T11:16:47+00:00\",\"dateModified\":\"2025-06-18T12:48:20+00:00\",\"breadcrumb\":{\"@id\":\"https:\\\/\\\/www.startevo.com\\\/shop\\\/produs\\\/curs-de-supravietuire-urbana-pentru-copii-si-adolescenti\\\/#breadcrumb\"},\"inLanguage\":\"ro-RO\",\"potentialAction\":[{\"@type\":\"ReadAction\",\"target\":[\"https:\\\/\\\/www.startevo.com\\\/shop\\\/produs\\\/curs-de-supravietuire-urbana-pentru-copii-si-adolescenti\\\/\"]}]},{\"@type\":\"ImageObject\",\"inLanguage\":\"ro-RO\",\"@id\":\"https:\\\/\\\/www.startevo.com\\\/shop\\\/produs\\\/curs-de-supravietuire-urbana-pentru-copii-si-adolescenti\\\/#primaryimage\",\"url\":\"https:\\\/\\\/i0.wp.com\\\/www.startevo.com\\\/shop\\\/wp-content\\\/uploads\\\/2022\\\/01\\\/curs-pericole-urbane.jpg?fit=500%2C300&ssl=1\",\"contentUrl\":\"https:\\\/\\\/i0.wp.com\\\/www.startevo.com\\\/shop\\\/wp-content\\\/uploads\\\/2022\\\/01\\\/curs-pericole-urbane.jpg?fit=500%2C300&ssl=1\",\"width\":500,\"height\":300},{\"@type\":\"BreadcrumbList\",\"@id\":\"https:\\\/\\\/www.startevo.com\\\/shop\\\/produs\\\/curs-de-supravietuire-urbana-pentru-copii-si-adolescenti\\\/#breadcrumb\",\"itemListElement\":[{\"@type\":\"ListItem\",\"position\":1,\"name\":\"Prima pagin\u0103\",\"item\":\"https:\\\/\\\/www.startevo.com\\\/shop\\\/\"},{\"@type\":\"ListItem\",\"position\":2,\"name\":\"Magazin\",\"item\":\"https:\\\/\\\/www.startevo.com\\\/shop\\\/magazin\\\/\"},{\"@type\":\"ListItem\",\"position\":3,\"name\":\"Micro-curs de supravie\u021buire urban\u0103 pentru copii \u0219i adolescen\u021bi\"}]},{\"@type\":\"WebSite\",\"@id\":\"https:\\\/\\\/www.startevo.com\\\/shop\\\/#website\",\"url\":\"https:\\\/\\\/www.startevo.com\\\/shop\\\/\",\"name\":\"Magazinul Caritabil al Asocia\u021biei StartEvo\",\"description\":\"Vindem cu drag s\u0103 sus\u021binem educa\u021bia copiilor \u00een Rom\u00e2nia\",\"publisher\":{\"@id\":\"https:\\\/\\\/www.startevo.com\\\/shop\\\/#organization\"},\"potentialAction\":[{\"@type\":\"SearchAction\",\"target\":{\"@type\":\"EntryPoint\",\"urlTemplate\":\"https:\\\/\\\/www.startevo.com\\\/shop\\\/?s={search_term_string}\"},\"query-input\":{\"@type\":\"PropertyValueSpecification\",\"valueRequired\":true,\"valueName\":\"search_term_string\"}}],\"inLanguage\":\"ro-RO\"},{\"@type\":\"Organization\",\"@id\":\"https:\\\/\\\/www.startevo.com\\\/shop\\\/#organization\",\"name\":\"Magazinul Caritabil al Asocia\u021biei StartEvo\",\"url\":\"https:\\\/\\\/www.startevo.com\\\/shop\\\/\",\"logo\":{\"@type\":\"ImageObject\",\"inLanguage\":\"ro-RO\",\"@id\":\"https:\\\/\\\/www.startevo.com\\\/shop\\\/#\\\/schema\\\/logo\\\/image\\\/\",\"url\":\"https:\\\/\\\/i0.wp.com\\\/www.startevo.com\\\/shop\\\/wp-content\\\/uploads\\\/2023\\\/10\\\/cropped-LOGO-MAGAZIN-CARITABIL-STARTEVO.jpg?fit=800%2C187&ssl=1\",\"contentUrl\":\"https:\\\/\\\/i0.wp.com\\\/www.startevo.com\\\/shop\\\/wp-content\\\/uploads\\\/2023\\\/10\\\/cropped-LOGO-MAGAZIN-CARITABIL-STARTEVO.jpg?fit=800%2C187&ssl=1\",\"width\":800,\"height\":187,\"caption\":\"Magazinul Caritabil al Asocia\u021biei StartEvo\"},\"image\":{\"@id\":\"https:\\\/\\\/www.startevo.com\\\/shop\\\/#\\\/schema\\\/logo\\\/image\\\/\"}}]}<\/script>\n<!-- \/ Yoast SEO plugin. -->","yoast_head_json":{"title":"Micro-curs de supravie\u021buire urban\u0103 pentru copii \u0219i adolescen\u021bi - Magazinul Caritabil al Asocia\u021biei StartEvo","robots":{"index":"index","follow":"follow","max-snippet":"max-snippet:-1","max-image-preview":"max-image-preview:large","max-video-preview":"max-video-preview:-1"},"canonical":"https:\/\/www.startevo.com\/shop\/produs\/curs-de-supravietuire-urbana-pentru-copii-si-adolescenti\/","og_locale":"ro_RO","og_type":"article","og_title":"Micro-curs de supravie\u021buire urban\u0103 pentru copii \u0219i adolescen\u021bi - Magazinul Caritabil al Asocia\u021biei StartEvo","og_description":"Infricosator. Am facut acest curs impreuna cu fata mea si mi s-a facut pielea gaina. Multumim pentru ca ati facut acest efort, sa ii protejati pe copii. Afl\u0103 cum \u00eencearc\u0103 interlopii s\u0103-i atrag\u0103 pe copiii ca tine de partea r\u0103ului: droguri, furturi, violen\u021b\u0103, etc..  Iti spunem cateva metode prin care sunt atrasi copiii catre droguri, prostitutie, furturi, santaj, taxe protectie, etc..  De ce am facut acest curs practic? Ca sa stii sa te protejezi.  Ne cerem scuze daca acest curs nu este unul academic si daca are un limbaj pe care unii l-ar putea considera ofensator.  Insa viata pe strada nu este academica. Este dura. Este grea. Si multi dintre noi, din palatele de clestar pe care ni le ridicam in jurul nostru, nu o mai percem ca atare.  Tindem sa consideram ca ce nu vedem, nu exista. Pana cand te izbeste realitatea in moalele capului si spui: \u201cDe ce eu?\u201d, \u201cCum de a putut sa mi se intample tocmai mie?\u201d. Uite d\u2019aia, pentru ca nu ai fost pregatit.  Acest curs se doreste sa-ti ridice niste semne de intrebare si sa te ajute sa iei deciziile care trebuie. Sa te ajute sa ai grija de tine!","og_url":"https:\/\/www.startevo.com\/shop\/produs\/curs-de-supravietuire-urbana-pentru-copii-si-adolescenti\/","og_site_name":"Magazinul Caritabil al Asocia\u021biei StartEvo","article_modified_time":"2025-06-18T12:48:20+00:00","og_image":[{"width":500,"height":300,"url":"https:\/\/www.startevo.com\/shop\/wp-content\/uploads\/2022\/01\/curs-pericole-urbane.jpg","type":"image\/jpeg"}],"twitter_card":"summary_large_image","schema":{"@context":"https:\/\/schema.org","@graph":[{"@type":"WebPage","@id":"https:\/\/www.startevo.com\/shop\/produs\/curs-de-supravietuire-urbana-pentru-copii-si-adolescenti\/","url":"https:\/\/www.startevo.com\/shop\/produs\/curs-de-supravietuire-urbana-pentru-copii-si-adolescenti\/","name":"Micro-curs de supravie\u021buire urban\u0103 pentru copii \u0219i adolescen\u021bi - Magazinul Caritabil al Asocia\u021biei StartEvo","isPartOf":{"@id":"https:\/\/www.startevo.com\/shop\/#website"},"primaryImageOfPage":{"@id":"https:\/\/www.startevo.com\/shop\/produs\/curs-de-supravietuire-urbana-pentru-copii-si-adolescenti\/#primaryimage"},"image":{"@id":"https:\/\/www.startevo.com\/shop\/produs\/curs-de-supravietuire-urbana-pentru-copii-si-adolescenti\/#primaryimage"},"thumbnailUrl":"https:\/\/i0.wp.com\/www.startevo.com\/shop\/wp-content\/uploads\/2022\/01\/curs-pericole-urbane.jpg?fit=500%2C300&ssl=1","datePublished":"2022-01-31T11:16:47+00:00","dateModified":"2025-06-18T12:48:20+00:00","breadcrumb":{"@id":"https:\/\/www.startevo.com\/shop\/produs\/curs-de-supravietuire-urbana-pentru-copii-si-adolescenti\/#breadcrumb"},"inLanguage":"ro-RO","potentialAction":[{"@type":"ReadAction","target":["https:\/\/www.startevo.com\/shop\/produs\/curs-de-supravietuire-urbana-pentru-copii-si-adolescenti\/"]}]},{"@type":"ImageObject","inLanguage":"ro-RO","@id":"https:\/\/www.startevo.com\/shop\/produs\/curs-de-supravietuire-urbana-pentru-copii-si-adolescenti\/#primaryimage","url":"https:\/\/i0.wp.com\/www.startevo.com\/shop\/wp-content\/uploads\/2022\/01\/curs-pericole-urbane.jpg?fit=500%2C300&ssl=1","contentUrl":"https:\/\/i0.wp.com\/www.startevo.com\/shop\/wp-content\/uploads\/2022\/01\/curs-pericole-urbane.jpg?fit=500%2C300&ssl=1","width":500,"height":300},{"@type":"BreadcrumbList","@id":"https:\/\/www.startevo.com\/shop\/produs\/curs-de-supravietuire-urbana-pentru-copii-si-adolescenti\/#breadcrumb","itemListElement":[{"@type":"ListItem","position":1,"name":"Prima pagin\u0103","item":"https:\/\/www.startevo.com\/shop\/"},{"@type":"ListItem","position":2,"name":"Magazin","item":"https:\/\/www.startevo.com\/shop\/magazin\/"},{"@type":"ListItem","position":3,"name":"Micro-curs de supravie\u021buire urban\u0103 pentru copii \u0219i adolescen\u021bi"}]},{"@type":"WebSite","@id":"https:\/\/www.startevo.com\/shop\/#website","url":"https:\/\/www.startevo.com\/shop\/","name":"Magazinul Caritabil al Asocia\u021biei StartEvo","description":"Vindem cu drag s\u0103 sus\u021binem educa\u021bia copiilor \u00een Rom\u00e2nia","publisher":{"@id":"https:\/\/www.startevo.com\/shop\/#organization"},"potentialAction":[{"@type":"SearchAction","target":{"@type":"EntryPoint","urlTemplate":"https:\/\/www.startevo.com\/shop\/?s={search_term_string}"},"query-input":{"@type":"PropertyValueSpecification","valueRequired":true,"valueName":"search_term_string"}}],"inLanguage":"ro-RO"},{"@type":"Organization","@id":"https:\/\/www.startevo.com\/shop\/#organization","name":"Magazinul Caritabil al Asocia\u021biei StartEvo","url":"https:\/\/www.startevo.com\/shop\/","logo":{"@type":"ImageObject","inLanguage":"ro-RO","@id":"https:\/\/www.startevo.com\/shop\/#\/schema\/logo\/image\/","url":"https:\/\/i0.wp.com\/www.startevo.com\/shop\/wp-content\/uploads\/2023\/10\/cropped-LOGO-MAGAZIN-CARITABIL-STARTEVO.jpg?fit=800%2C187&ssl=1","contentUrl":"https:\/\/i0.wp.com\/www.startevo.com\/shop\/wp-content\/uploads\/2023\/10\/cropped-LOGO-MAGAZIN-CARITABIL-STARTEVO.jpg?fit=800%2C187&ssl=1","width":800,"height":187,"caption":"Magazinul Caritabil al Asocia\u021biei StartEvo"},"image":{"@id":"https:\/\/www.startevo.com\/shop\/#\/schema\/logo\/image\/"}}]}},"jetpack_publicize_connections":[],"jetpack_likes_enabled":true,"jetpack_sharing_enabled":true,"jetpack-related-posts":[],"_links":{"self":[{"href":"https:\/\/www.startevo.com\/shop\/wp-json\/wp\/v2\/product\/142","targetHints":{"allow":["GET"]}}],"collection":[{"href":"https:\/\/www.startevo.com\/shop\/wp-json\/wp\/v2\/product"}],"about":[{"href":"https:\/\/www.startevo.com\/shop\/wp-json\/wp\/v2\/types\/product"}],"replies":[{"embeddable":true,"href":"https:\/\/www.startevo.com\/shop\/wp-json\/wp\/v2\/comments?post=142"}],"wp:featuredmedia":[{"embeddable":true,"href":"https:\/\/www.startevo.com\/shop\/wp-json\/wp\/v2\/media\/144"}],"wp:attachment":[{"href":"https:\/\/www.startevo.com\/shop\/wp-json\/wp\/v2\/media?parent=142"}],"wp:term":[{"taxonomy":"product_brand","embeddable":true,"href":"https:\/\/www.startevo.com\/shop\/wp-json\/wp\/v2\/product_brand?post=142"},{"taxonomy":"product_cat","embeddable":true,"href":"https:\/\/www.startevo.com\/shop\/wp-json\/wp\/v2\/product_cat?post=142"},{"taxonomy":"product_tag","embeddable":true,"href":"https:\/\/www.startevo.com\/shop\/wp-json\/wp\/v2\/product_tag?post=142"}],"curies":[{"name":"wp","href":"https:\/\/api.w.org\/{rel}","templated":true}]}}