{"id":136,"date":"2022-01-31T13:01:35","date_gmt":"2022-01-31T11:01:35","guid":{"rendered":"https:\/\/www.startevo.com\/shop\/?post_type=product&#038;p=136"},"modified":"2022-05-17T16:11:55","modified_gmt":"2022-05-17T13:11:55","slug":"curs-html-pentru-copii","status":"publish","type":"product","link":"https:\/\/www.startevo.com\/shop\/produs\/curs-html-pentru-copii\/","title":{"rendered":"Micro-curs HTML pentru copii"},"content":{"rendered":"<p><strong>Ce vor invata copiii la acest curs:<\/strong><\/p>\n<p>Cuv\u00e2nt \u00eenainte curs HTML pentru Copii<br \/>\n1. Deschiderea \u0219i utilizarea unui fi\u0219ier text<br \/>\n2.Secven\u021bele de baz\u0103 \u00een construirea unui site web<br \/>\n3.Intitularea unei pagini<br \/>\n4.Ad\u0103ugarea liniilor de \u00eentrerupere \u0219i de separare<br \/>\n5.Setarea fundalului paginii web<br \/>\n6.Ad\u0103ugarea listei<br \/>\n7.Prelucrarea \u0219i stilizarea textelor<br \/>\n8.Inserarea imaginilor<br \/>\n9.Crearea tabelelor<br \/>\n10.Inserarea link-urilor<br \/>\n11.Ad\u0103ugarea fi\u0219ierelor multimedia<br \/>\n12.Construirea unui formular<\/p>\n","protected":false},"excerpt":{"rendered":"<p>Dac\u0103 vrei s\u0103-\u021bi faci o pagin\u0103 simpl\u0103 web, dac\u0103 vrei s\u0103 \u0219tii c\u00e2teva lucruri foarte utile, precum s\u0103-\u021bi pui ni\u0219te imagini sau videouri \u00een pagina ta, atunci fa acest curs.<\/p>\n<p>HTML vine de la Hyper Text Markup Language \u0219i este un limbaj de programare foarte simplu pentru crearea paginilor web.<br \/>\nSunt video-uri simple, u\u0219or de urm\u0103rit, fiecare de maxim 2-3 minute.<\/p>\n<p>Diploma la final!<\/p>\n<p>&nbsp;<\/p>\n","protected":false},"featured_media":137,"comment_status":"closed","ping_status":"closed","template":"","meta":{"jetpack_publicize_message":"","jetpack_publicize_feature_enabled":true,"jetpack_social_post_already_shared":false,"jetpack_social_options":{"image_generator_settings":{"template":"highway","default_image_id":0,"font":"","enabled":false},"version":2}},"product_brand":[],"product_cat":[15],"product_tag":[139,140,141,129],"class_list":{"0":"post-136","1":"product","2":"type-product","3":"status-publish","4":"has-post-thumbnail","6":"product_cat-cursuri","7":"product_tag-cursuri-html","8":"product_tag-cursuri-html-copii","9":"product_tag-cursuri-html-incepatori","10":"product_tag-cursuri-programare-copii","12":"first","13":"instock","14":"virtual","15":"purchasable","16":"product-type-simple"},"yoast_head":"<!-- This site is optimized with the Yoast SEO plugin v27.5 - https:\/\/yoast.com\/product\/yoast-seo-wordpress\/ -->\n<title>Micro-curs HTML pentru copii - Magazinul Caritabil al Asocia\u021biei StartEvo<\/title>\n<meta name=\"robots\" content=\"index, follow, max-snippet:-1, max-image-preview:large, max-video-preview:-1\" \/>\n<link rel=\"canonical\" href=\"https:\/\/www.startevo.com\/shop\/produs\/curs-html-pentru-copii\/\" \/>\n<meta property=\"og:locale\" content=\"ro_RO\" \/>\n<meta property=\"og:type\" content=\"article\" \/>\n<meta property=\"og:title\" content=\"Micro-curs HTML pentru copii - Magazinul Caritabil al Asocia\u021biei StartEvo\" \/>\n<meta property=\"og:description\" content=\"Dac\u0103 vrei s\u0103-\u021bi faci o pagin\u0103 simpl\u0103 web, dac\u0103 vrei s\u0103 \u0219tii c\u00e2teva lucruri foarte utile, precum s\u0103-\u021bi pui ni\u0219te imagini sau videouri \u00een pagina ta, atunci fa acest curs.  HTML vine de la Hyper Text Markup Language \u0219i este un limbaj de programare foarte simplu pentru crearea paginilor web. Sunt video-uri simple, u\u0219or de urm\u0103rit, fiecare de maxim 2-3 minute.  Diploma la final!  &nbsp;\" \/>\n<meta property=\"og:url\" content=\"https:\/\/www.startevo.com\/shop\/produs\/curs-html-pentru-copii\/\" \/>\n<meta property=\"og:site_name\" content=\"Magazinul Caritabil al Asocia\u021biei StartEvo\" \/>\n<meta property=\"article:modified_time\" content=\"2022-05-17T13:11:55+00:00\" \/>\n<meta property=\"og:image\" content=\"https:\/\/www.startevo.com\/shop\/wp-content\/uploads\/2022\/01\/curs-html-copii-1.jpg\" \/>\n\t<meta property=\"og:image:width\" content=\"650\" \/>\n\t<meta property=\"og:image:height\" content=\"362\" \/>\n\t<meta property=\"og:image:type\" content=\"image\/jpeg\" \/>\n<meta name=\"twitter:card\" content=\"summary_large_image\" \/>\n<script type=\"application\/ld+json\" class=\"yoast-schema-graph\">{\"@context\":\"https:\\\/\\\/schema.org\",\"@graph\":[{\"@type\":\"WebPage\",\"@id\":\"https:\\\/\\\/www.startevo.com\\\/shop\\\/produs\\\/curs-html-pentru-copii\\\/\",\"url\":\"https:\\\/\\\/www.startevo.com\\\/shop\\\/produs\\\/curs-html-pentru-copii\\\/\",\"name\":\"Micro-curs HTML pentru copii - Magazinul Caritabil al Asocia\u021biei StartEvo\",\"isPartOf\":{\"@id\":\"https:\\\/\\\/www.startevo.com\\\/shop\\\/#website\"},\"primaryImageOfPage\":{\"@id\":\"https:\\\/\\\/www.startevo.com\\\/shop\\\/produs\\\/curs-html-pentru-copii\\\/#primaryimage\"},\"image\":{\"@id\":\"https:\\\/\\\/www.startevo.com\\\/shop\\\/produs\\\/curs-html-pentru-copii\\\/#primaryimage\"},\"thumbnailUrl\":\"https:\\\/\\\/i0.wp.com\\\/www.startevo.com\\\/shop\\\/wp-content\\\/uploads\\\/2022\\\/01\\\/curs-html-copii-1.jpg?fit=650%2C362&ssl=1\",\"datePublished\":\"2022-01-31T11:01:35+00:00\",\"dateModified\":\"2022-05-17T13:11:55+00:00\",\"breadcrumb\":{\"@id\":\"https:\\\/\\\/www.startevo.com\\\/shop\\\/produs\\\/curs-html-pentru-copii\\\/#breadcrumb\"},\"inLanguage\":\"ro-RO\",\"potentialAction\":[{\"@type\":\"ReadAction\",\"target\":[\"https:\\\/\\\/www.startevo.com\\\/shop\\\/produs\\\/curs-html-pentru-copii\\\/\"]}]},{\"@type\":\"ImageObject\",\"inLanguage\":\"ro-RO\",\"@id\":\"https:\\\/\\\/www.startevo.com\\\/shop\\\/produs\\\/curs-html-pentru-copii\\\/#primaryimage\",\"url\":\"https:\\\/\\\/i0.wp.com\\\/www.startevo.com\\\/shop\\\/wp-content\\\/uploads\\\/2022\\\/01\\\/curs-html-copii-1.jpg?fit=650%2C362&ssl=1\",\"contentUrl\":\"https:\\\/\\\/i0.wp.com\\\/www.startevo.com\\\/shop\\\/wp-content\\\/uploads\\\/2022\\\/01\\\/curs-html-copii-1.jpg?fit=650%2C362&ssl=1\",\"width\":650,\"height\":362},{\"@type\":\"BreadcrumbList\",\"@id\":\"https:\\\/\\\/www.startevo.com\\\/shop\\\/produs\\\/curs-html-pentru-copii\\\/#breadcrumb\",\"itemListElement\":[{\"@type\":\"ListItem\",\"position\":1,\"name\":\"Prima pagin\u0103\",\"item\":\"https:\\\/\\\/www.startevo.com\\\/shop\\\/\"},{\"@type\":\"ListItem\",\"position\":2,\"name\":\"Magazin\",\"item\":\"https:\\\/\\\/www.startevo.com\\\/shop\\\/magazin\\\/\"},{\"@type\":\"ListItem\",\"position\":3,\"name\":\"Micro-curs HTML pentru copii\"}]},{\"@type\":\"WebSite\",\"@id\":\"https:\\\/\\\/www.startevo.com\\\/shop\\\/#website\",\"url\":\"https:\\\/\\\/www.startevo.com\\\/shop\\\/\",\"name\":\"Magazinul Caritabil al Asocia\u021biei StartEvo\",\"description\":\"Vindem cu drag s\u0103 sus\u021binem educa\u021bia copiilor \u00een Rom\u00e2nia\",\"publisher\":{\"@id\":\"https:\\\/\\\/www.startevo.com\\\/shop\\\/#organization\"},\"potentialAction\":[{\"@type\":\"SearchAction\",\"target\":{\"@type\":\"EntryPoint\",\"urlTemplate\":\"https:\\\/\\\/www.startevo.com\\\/shop\\\/?s={search_term_string}\"},\"query-input\":{\"@type\":\"PropertyValueSpecification\",\"valueRequired\":true,\"valueName\":\"search_term_string\"}}],\"inLanguage\":\"ro-RO\"},{\"@type\":\"Organization\",\"@id\":\"https:\\\/\\\/www.startevo.com\\\/shop\\\/#organization\",\"name\":\"Magazinul Caritabil al Asocia\u021biei StartEvo\",\"url\":\"https:\\\/\\\/www.startevo.com\\\/shop\\\/\",\"logo\":{\"@type\":\"ImageObject\",\"inLanguage\":\"ro-RO\",\"@id\":\"https:\\\/\\\/www.startevo.com\\\/shop\\\/#\\\/schema\\\/logo\\\/image\\\/\",\"url\":\"https:\\\/\\\/i0.wp.com\\\/www.startevo.com\\\/shop\\\/wp-content\\\/uploads\\\/2023\\\/10\\\/cropped-LOGO-MAGAZIN-CARITABIL-STARTEVO.jpg?fit=800%2C187&ssl=1\",\"contentUrl\":\"https:\\\/\\\/i0.wp.com\\\/www.startevo.com\\\/shop\\\/wp-content\\\/uploads\\\/2023\\\/10\\\/cropped-LOGO-MAGAZIN-CARITABIL-STARTEVO.jpg?fit=800%2C187&ssl=1\",\"width\":800,\"height\":187,\"caption\":\"Magazinul Caritabil al Asocia\u021biei StartEvo\"},\"image\":{\"@id\":\"https:\\\/\\\/www.startevo.com\\\/shop\\\/#\\\/schema\\\/logo\\\/image\\\/\"}}]}<\/script>\n<!-- \/ Yoast SEO plugin. -->","yoast_head_json":{"title":"Micro-curs HTML pentru copii - Magazinul Caritabil al Asocia\u021biei StartEvo","robots":{"index":"index","follow":"follow","max-snippet":"max-snippet:-1","max-image-preview":"max-image-preview:large","max-video-preview":"max-video-preview:-1"},"canonical":"https:\/\/www.startevo.com\/shop\/produs\/curs-html-pentru-copii\/","og_locale":"ro_RO","og_type":"article","og_title":"Micro-curs HTML pentru copii - Magazinul Caritabil al Asocia\u021biei StartEvo","og_description":"Dac\u0103 vrei s\u0103-\u021bi faci o pagin\u0103 simpl\u0103 web, dac\u0103 vrei s\u0103 \u0219tii c\u00e2teva lucruri foarte utile, precum s\u0103-\u021bi pui ni\u0219te imagini sau videouri \u00een pagina ta, atunci fa acest curs.  HTML vine de la Hyper Text Markup Language \u0219i este un limbaj de programare foarte simplu pentru crearea paginilor web. Sunt video-uri simple, u\u0219or de urm\u0103rit, fiecare de maxim 2-3 minute.  Diploma la final!  &nbsp;","og_url":"https:\/\/www.startevo.com\/shop\/produs\/curs-html-pentru-copii\/","og_site_name":"Magazinul Caritabil al Asocia\u021biei StartEvo","article_modified_time":"2022-05-17T13:11:55+00:00","og_image":[{"width":650,"height":362,"url":"https:\/\/www.startevo.com\/shop\/wp-content\/uploads\/2022\/01\/curs-html-copii-1.jpg","type":"image\/jpeg"}],"twitter_card":"summary_large_image","schema":{"@context":"https:\/\/schema.org","@graph":[{"@type":"WebPage","@id":"https:\/\/www.startevo.com\/shop\/produs\/curs-html-pentru-copii\/","url":"https:\/\/www.startevo.com\/shop\/produs\/curs-html-pentru-copii\/","name":"Micro-curs HTML pentru copii - Magazinul Caritabil al Asocia\u021biei StartEvo","isPartOf":{"@id":"https:\/\/www.startevo.com\/shop\/#website"},"primaryImageOfPage":{"@id":"https:\/\/www.startevo.com\/shop\/produs\/curs-html-pentru-copii\/#primaryimage"},"image":{"@id":"https:\/\/www.startevo.com\/shop\/produs\/curs-html-pentru-copii\/#primaryimage"},"thumbnailUrl":"https:\/\/i0.wp.com\/www.startevo.com\/shop\/wp-content\/uploads\/2022\/01\/curs-html-copii-1.jpg?fit=650%2C362&ssl=1","datePublished":"2022-01-31T11:01:35+00:00","dateModified":"2022-05-17T13:11:55+00:00","breadcrumb":{"@id":"https:\/\/www.startevo.com\/shop\/produs\/curs-html-pentru-copii\/#breadcrumb"},"inLanguage":"ro-RO","potentialAction":[{"@type":"ReadAction","target":["https:\/\/www.startevo.com\/shop\/produs\/curs-html-pentru-copii\/"]}]},{"@type":"ImageObject","inLanguage":"ro-RO","@id":"https:\/\/www.startevo.com\/shop\/produs\/curs-html-pentru-copii\/#primaryimage","url":"https:\/\/i0.wp.com\/www.startevo.com\/shop\/wp-content\/uploads\/2022\/01\/curs-html-copii-1.jpg?fit=650%2C362&ssl=1","contentUrl":"https:\/\/i0.wp.com\/www.startevo.com\/shop\/wp-content\/uploads\/2022\/01\/curs-html-copii-1.jpg?fit=650%2C362&ssl=1","width":650,"height":362},{"@type":"BreadcrumbList","@id":"https:\/\/www.startevo.com\/shop\/produs\/curs-html-pentru-copii\/#breadcrumb","itemListElement":[{"@type":"ListItem","position":1,"name":"Prima pagin\u0103","item":"https:\/\/www.startevo.com\/shop\/"},{"@type":"ListItem","position":2,"name":"Magazin","item":"https:\/\/www.startevo.com\/shop\/magazin\/"},{"@type":"ListItem","position":3,"name":"Micro-curs HTML pentru copii"}]},{"@type":"WebSite","@id":"https:\/\/www.startevo.com\/shop\/#website","url":"https:\/\/www.startevo.com\/shop\/","name":"Magazinul Caritabil al Asocia\u021biei StartEvo","description":"Vindem cu drag s\u0103 sus\u021binem educa\u021bia copiilor \u00een Rom\u00e2nia","publisher":{"@id":"https:\/\/www.startevo.com\/shop\/#organization"},"potentialAction":[{"@type":"SearchAction","target":{"@type":"EntryPoint","urlTemplate":"https:\/\/www.startevo.com\/shop\/?s={search_term_string}"},"query-input":{"@type":"PropertyValueSpecification","valueRequired":true,"valueName":"search_term_string"}}],"inLanguage":"ro-RO"},{"@type":"Organization","@id":"https:\/\/www.startevo.com\/shop\/#organization","name":"Magazinul Caritabil al Asocia\u021biei StartEvo","url":"https:\/\/www.startevo.com\/shop\/","logo":{"@type":"ImageObject","inLanguage":"ro-RO","@id":"https:\/\/www.startevo.com\/shop\/#\/schema\/logo\/image\/","url":"https:\/\/i0.wp.com\/www.startevo.com\/shop\/wp-content\/uploads\/2023\/10\/cropped-LOGO-MAGAZIN-CARITABIL-STARTEVO.jpg?fit=800%2C187&ssl=1","contentUrl":"https:\/\/i0.wp.com\/www.startevo.com\/shop\/wp-content\/uploads\/2023\/10\/cropped-LOGO-MAGAZIN-CARITABIL-STARTEVO.jpg?fit=800%2C187&ssl=1","width":800,"height":187,"caption":"Magazinul Caritabil al Asocia\u021biei StartEvo"},"image":{"@id":"https:\/\/www.startevo.com\/shop\/#\/schema\/logo\/image\/"}}]}},"jetpack_publicize_connections":[],"jetpack_likes_enabled":true,"jetpack_sharing_enabled":true,"jetpack-related-posts":[],"_links":{"self":[{"href":"https:\/\/www.startevo.com\/shop\/wp-json\/wp\/v2\/product\/136","targetHints":{"allow":["GET"]}}],"collection":[{"href":"https:\/\/www.startevo.com\/shop\/wp-json\/wp\/v2\/product"}],"about":[{"href":"https:\/\/www.startevo.com\/shop\/wp-json\/wp\/v2\/types\/product"}],"replies":[{"embeddable":true,"href":"https:\/\/www.startevo.com\/shop\/wp-json\/wp\/v2\/comments?post=136"}],"wp:featuredmedia":[{"embeddable":true,"href":"https:\/\/www.startevo.com\/shop\/wp-json\/wp\/v2\/media\/137"}],"wp:attachment":[{"href":"https:\/\/www.startevo.com\/shop\/wp-json\/wp\/v2\/media?parent=136"}],"wp:term":[{"taxonomy":"product_brand","embeddable":true,"href":"https:\/\/www.startevo.com\/shop\/wp-json\/wp\/v2\/product_brand?post=136"},{"taxonomy":"product_cat","embeddable":true,"href":"https:\/\/www.startevo.com\/shop\/wp-json\/wp\/v2\/product_cat?post=136"},{"taxonomy":"product_tag","embeddable":true,"href":"https:\/\/www.startevo.com\/shop\/wp-json\/wp\/v2\/product_tag?post=136"}],"curies":[{"name":"wp","href":"https:\/\/api.w.org\/{rel}","templated":true}]}}