{"id":128,"date":"2022-01-31T12:48:01","date_gmt":"2022-01-31T10:48:01","guid":{"rendered":"https:\/\/www.startevo.com\/shop\/?post_type=product&#038;p=128"},"modified":"2025-06-18T15:47:04","modified_gmt":"2025-06-18T12:47:04","slug":"curs-de-start-up-pentru-copii-prin-exemple-practice","status":"publish","type":"product","link":"https:\/\/www.startevo.com\/shop\/produs\/curs-de-start-up-pentru-copii-prin-exemple-practice\/","title":{"rendered":"Micro-curs de Start-up pentru Copii prin Exemple Practice"},"content":{"rendered":"<p>Cateva dintre exemplele de copii care au facut mici activitati antreprenoriale de succes!<\/p>\n<p>2. Lily Born<br \/>\n3. Neha Gupta<br \/>\n4. Maya Penn<br \/>\n5. Robert Nay<br \/>\n6. Mikaila Ulmer<br \/>\n7. Lizzie Farr<br \/>\n8. Alina Morse<br \/>\n9. Farrhad Acidwalla<\/p>\n","protected":false},"excerpt":{"rendered":"<p>\u00cen acest curs Kidibot copiii vor vedea c\u00e2teva exemple de start-up-uri pe care al\u021bi copii din lume le-au f\u0103cut, astfel \u00eenc\u00e2t s\u0103 fie inspira\u021bi s\u0103 fac\u0103 \u0219i ei la fel.<\/p>\n","protected":false},"featured_media":129,"comment_status":"closed","ping_status":"closed","template":"","meta":[],"product_brand":[],"product_cat":[15],"product_tag":[131,132],"class_list":{"0":"post-128","1":"product","2":"type-product","3":"status-publish","4":"has-post-thumbnail","6":"product_cat-cursuri","7":"product_tag-curs-antreprenoriat-copii","8":"product_tag-cursuri-antreprenoriat-copii","10":"first","11":"instock","12":"virtual","13":"purchasable","14":"product-type-simple"},"yoast_head":"<!-- This site is optimized with the Yoast SEO plugin v27.6 - https:\/\/yoast.com\/product\/yoast-seo-wordpress\/ -->\n<title>Micro-curs de Start-up pentru Copii prin Exemple Practice - Magazinul Caritabil al Asocia\u021biei StartEvo<\/title>\n<meta name=\"robots\" content=\"index, follow, max-snippet:-1, max-image-preview:large, max-video-preview:-1\" \/>\n<link rel=\"canonical\" href=\"https:\/\/www.startevo.com\/shop\/produs\/curs-de-start-up-pentru-copii-prin-exemple-practice\/\" \/>\n<meta property=\"og:locale\" content=\"ro_RO\" \/>\n<meta property=\"og:type\" content=\"article\" \/>\n<meta property=\"og:title\" content=\"Micro-curs de Start-up pentru Copii prin Exemple Practice - Magazinul Caritabil al Asocia\u021biei StartEvo\" \/>\n<meta property=\"og:description\" content=\"\u00cen acest curs Kidibot copiii vor vedea c\u00e2teva exemple de start-up-uri pe care al\u021bi copii din lume le-au f\u0103cut, astfel \u00eenc\u00e2t s\u0103 fie inspira\u021bi s\u0103 fac\u0103 \u0219i ei la fel.\" \/>\n<meta property=\"og:url\" content=\"https:\/\/www.startevo.com\/shop\/produs\/curs-de-start-up-pentru-copii-prin-exemple-practice\/\" \/>\n<meta property=\"og:site_name\" content=\"Magazinul Caritabil al Asocia\u021biei StartEvo\" \/>\n<meta property=\"article:modified_time\" content=\"2025-06-18T12:47:04+00:00\" \/>\n<meta property=\"og:image\" content=\"https:\/\/www.startevo.com\/shop\/wp-content\/uploads\/2022\/01\/antreprenoriat-copii.png\" \/>\n\t<meta property=\"og:image:width\" content=\"1200\" \/>\n\t<meta property=\"og:image:height\" content=\"628\" \/>\n\t<meta property=\"og:image:type\" content=\"image\/png\" \/>\n<meta name=\"twitter:card\" content=\"summary_large_image\" \/>\n<script type=\"application\/ld+json\" class=\"yoast-schema-graph\">{\"@context\":\"https:\\\/\\\/schema.org\",\"@graph\":[{\"@type\":\"WebPage\",\"@id\":\"https:\\\/\\\/www.startevo.com\\\/shop\\\/produs\\\/curs-de-start-up-pentru-copii-prin-exemple-practice\\\/\",\"url\":\"https:\\\/\\\/www.startevo.com\\\/shop\\\/produs\\\/curs-de-start-up-pentru-copii-prin-exemple-practice\\\/\",\"name\":\"Micro-curs de Start-up pentru Copii prin Exemple Practice - Magazinul Caritabil al Asocia\u021biei StartEvo\",\"isPartOf\":{\"@id\":\"https:\\\/\\\/www.startevo.com\\\/shop\\\/#website\"},\"primaryImageOfPage\":{\"@id\":\"https:\\\/\\\/www.startevo.com\\\/shop\\\/produs\\\/curs-de-start-up-pentru-copii-prin-exemple-practice\\\/#primaryimage\"},\"image\":{\"@id\":\"https:\\\/\\\/www.startevo.com\\\/shop\\\/produs\\\/curs-de-start-up-pentru-copii-prin-exemple-practice\\\/#primaryimage\"},\"thumbnailUrl\":\"https:\\\/\\\/www.startevo.com\\\/shop\\\/wp-content\\\/uploads\\\/2022\\\/01\\\/antreprenoriat-copii.png\",\"datePublished\":\"2022-01-31T10:48:01+00:00\",\"dateModified\":\"2025-06-18T12:47:04+00:00\",\"breadcrumb\":{\"@id\":\"https:\\\/\\\/www.startevo.com\\\/shop\\\/produs\\\/curs-de-start-up-pentru-copii-prin-exemple-practice\\\/#breadcrumb\"},\"inLanguage\":\"ro-RO\",\"potentialAction\":[{\"@type\":\"ReadAction\",\"target\":[\"https:\\\/\\\/www.startevo.com\\\/shop\\\/produs\\\/curs-de-start-up-pentru-copii-prin-exemple-practice\\\/\"]}]},{\"@type\":\"ImageObject\",\"inLanguage\":\"ro-RO\",\"@id\":\"https:\\\/\\\/www.startevo.com\\\/shop\\\/produs\\\/curs-de-start-up-pentru-copii-prin-exemple-practice\\\/#primaryimage\",\"url\":\"https:\\\/\\\/www.startevo.com\\\/shop\\\/wp-content\\\/uploads\\\/2022\\\/01\\\/antreprenoriat-copii.png\",\"contentUrl\":\"https:\\\/\\\/www.startevo.com\\\/shop\\\/wp-content\\\/uploads\\\/2022\\\/01\\\/antreprenoriat-copii.png\",\"width\":1200,\"height\":628},{\"@type\":\"BreadcrumbList\",\"@id\":\"https:\\\/\\\/www.startevo.com\\\/shop\\\/produs\\\/curs-de-start-up-pentru-copii-prin-exemple-practice\\\/#breadcrumb\",\"itemListElement\":[{\"@type\":\"ListItem\",\"position\":1,\"name\":\"Prima pagin\u0103\",\"item\":\"https:\\\/\\\/www.startevo.com\\\/shop\\\/\"},{\"@type\":\"ListItem\",\"position\":2,\"name\":\"Magazin\",\"item\":\"https:\\\/\\\/www.startevo.com\\\/shop\\\/magazin\\\/\"},{\"@type\":\"ListItem\",\"position\":3,\"name\":\"Micro-curs de Start-up pentru Copii prin Exemple Practice\"}]},{\"@type\":\"WebSite\",\"@id\":\"https:\\\/\\\/www.startevo.com\\\/shop\\\/#website\",\"url\":\"https:\\\/\\\/www.startevo.com\\\/shop\\\/\",\"name\":\"Magazinul Caritabil al Asocia\u021biei StartEvo\",\"description\":\"Vindem cu drag s\u0103 sus\u021binem educa\u021bia copiilor \u00een Rom\u00e2nia\",\"publisher\":{\"@id\":\"https:\\\/\\\/www.startevo.com\\\/shop\\\/#organization\"},\"potentialAction\":[{\"@type\":\"SearchAction\",\"target\":{\"@type\":\"EntryPoint\",\"urlTemplate\":\"https:\\\/\\\/www.startevo.com\\\/shop\\\/?s={search_term_string}\"},\"query-input\":{\"@type\":\"PropertyValueSpecification\",\"valueRequired\":true,\"valueName\":\"search_term_string\"}}],\"inLanguage\":\"ro-RO\"},{\"@type\":\"Organization\",\"@id\":\"https:\\\/\\\/www.startevo.com\\\/shop\\\/#organization\",\"name\":\"Magazinul Caritabil al Asocia\u021biei StartEvo\",\"url\":\"https:\\\/\\\/www.startevo.com\\\/shop\\\/\",\"logo\":{\"@type\":\"ImageObject\",\"inLanguage\":\"ro-RO\",\"@id\":\"https:\\\/\\\/www.startevo.com\\\/shop\\\/#\\\/schema\\\/logo\\\/image\\\/\",\"url\":\"https:\\\/\\\/www.startevo.com\\\/shop\\\/wp-content\\\/uploads\\\/2023\\\/10\\\/cropped-LOGO-MAGAZIN-CARITABIL-STARTEVO.jpg\",\"contentUrl\":\"https:\\\/\\\/www.startevo.com\\\/shop\\\/wp-content\\\/uploads\\\/2023\\\/10\\\/cropped-LOGO-MAGAZIN-CARITABIL-STARTEVO.jpg\",\"width\":800,\"height\":187,\"caption\":\"Magazinul Caritabil al Asocia\u021biei StartEvo\"},\"image\":{\"@id\":\"https:\\\/\\\/www.startevo.com\\\/shop\\\/#\\\/schema\\\/logo\\\/image\\\/\"}}]}<\/script>\n<!-- \/ Yoast SEO plugin. -->","yoast_head_json":{"title":"Micro-curs de Start-up pentru Copii prin Exemple Practice - Magazinul Caritabil al Asocia\u021biei StartEvo","robots":{"index":"index","follow":"follow","max-snippet":"max-snippet:-1","max-image-preview":"max-image-preview:large","max-video-preview":"max-video-preview:-1"},"canonical":"https:\/\/www.startevo.com\/shop\/produs\/curs-de-start-up-pentru-copii-prin-exemple-practice\/","og_locale":"ro_RO","og_type":"article","og_title":"Micro-curs de Start-up pentru Copii prin Exemple Practice - Magazinul Caritabil al Asocia\u021biei StartEvo","og_description":"\u00cen acest curs Kidibot copiii vor vedea c\u00e2teva exemple de start-up-uri pe care al\u021bi copii din lume le-au f\u0103cut, astfel \u00eenc\u00e2t s\u0103 fie inspira\u021bi s\u0103 fac\u0103 \u0219i ei la fel.","og_url":"https:\/\/www.startevo.com\/shop\/produs\/curs-de-start-up-pentru-copii-prin-exemple-practice\/","og_site_name":"Magazinul Caritabil al Asocia\u021biei StartEvo","article_modified_time":"2025-06-18T12:47:04+00:00","og_image":[{"width":1200,"height":628,"url":"https:\/\/www.startevo.com\/shop\/wp-content\/uploads\/2022\/01\/antreprenoriat-copii.png","type":"image\/png"}],"twitter_card":"summary_large_image","schema":{"@context":"https:\/\/schema.org","@graph":[{"@type":"WebPage","@id":"https:\/\/www.startevo.com\/shop\/produs\/curs-de-start-up-pentru-copii-prin-exemple-practice\/","url":"https:\/\/www.startevo.com\/shop\/produs\/curs-de-start-up-pentru-copii-prin-exemple-practice\/","name":"Micro-curs de Start-up pentru Copii prin Exemple Practice - Magazinul Caritabil al Asocia\u021biei StartEvo","isPartOf":{"@id":"https:\/\/www.startevo.com\/shop\/#website"},"primaryImageOfPage":{"@id":"https:\/\/www.startevo.com\/shop\/produs\/curs-de-start-up-pentru-copii-prin-exemple-practice\/#primaryimage"},"image":{"@id":"https:\/\/www.startevo.com\/shop\/produs\/curs-de-start-up-pentru-copii-prin-exemple-practice\/#primaryimage"},"thumbnailUrl":"https:\/\/www.startevo.com\/shop\/wp-content\/uploads\/2022\/01\/antreprenoriat-copii.png","datePublished":"2022-01-31T10:48:01+00:00","dateModified":"2025-06-18T12:47:04+00:00","breadcrumb":{"@id":"https:\/\/www.startevo.com\/shop\/produs\/curs-de-start-up-pentru-copii-prin-exemple-practice\/#breadcrumb"},"inLanguage":"ro-RO","potentialAction":[{"@type":"ReadAction","target":["https:\/\/www.startevo.com\/shop\/produs\/curs-de-start-up-pentru-copii-prin-exemple-practice\/"]}]},{"@type":"ImageObject","inLanguage":"ro-RO","@id":"https:\/\/www.startevo.com\/shop\/produs\/curs-de-start-up-pentru-copii-prin-exemple-practice\/#primaryimage","url":"https:\/\/www.startevo.com\/shop\/wp-content\/uploads\/2022\/01\/antreprenoriat-copii.png","contentUrl":"https:\/\/www.startevo.com\/shop\/wp-content\/uploads\/2022\/01\/antreprenoriat-copii.png","width":1200,"height":628},{"@type":"BreadcrumbList","@id":"https:\/\/www.startevo.com\/shop\/produs\/curs-de-start-up-pentru-copii-prin-exemple-practice\/#breadcrumb","itemListElement":[{"@type":"ListItem","position":1,"name":"Prima pagin\u0103","item":"https:\/\/www.startevo.com\/shop\/"},{"@type":"ListItem","position":2,"name":"Magazin","item":"https:\/\/www.startevo.com\/shop\/magazin\/"},{"@type":"ListItem","position":3,"name":"Micro-curs de Start-up pentru Copii prin Exemple Practice"}]},{"@type":"WebSite","@id":"https:\/\/www.startevo.com\/shop\/#website","url":"https:\/\/www.startevo.com\/shop\/","name":"Magazinul Caritabil al Asocia\u021biei StartEvo","description":"Vindem cu drag s\u0103 sus\u021binem educa\u021bia copiilor \u00een Rom\u00e2nia","publisher":{"@id":"https:\/\/www.startevo.com\/shop\/#organization"},"potentialAction":[{"@type":"SearchAction","target":{"@type":"EntryPoint","urlTemplate":"https:\/\/www.startevo.com\/shop\/?s={search_term_string}"},"query-input":{"@type":"PropertyValueSpecification","valueRequired":true,"valueName":"search_term_string"}}],"inLanguage":"ro-RO"},{"@type":"Organization","@id":"https:\/\/www.startevo.com\/shop\/#organization","name":"Magazinul Caritabil al Asocia\u021biei StartEvo","url":"https:\/\/www.startevo.com\/shop\/","logo":{"@type":"ImageObject","inLanguage":"ro-RO","@id":"https:\/\/www.startevo.com\/shop\/#\/schema\/logo\/image\/","url":"https:\/\/www.startevo.com\/shop\/wp-content\/uploads\/2023\/10\/cropped-LOGO-MAGAZIN-CARITABIL-STARTEVO.jpg","contentUrl":"https:\/\/www.startevo.com\/shop\/wp-content\/uploads\/2023\/10\/cropped-LOGO-MAGAZIN-CARITABIL-STARTEVO.jpg","width":800,"height":187,"caption":"Magazinul Caritabil al Asocia\u021biei StartEvo"},"image":{"@id":"https:\/\/www.startevo.com\/shop\/#\/schema\/logo\/image\/"}}]}},"_links":{"self":[{"href":"https:\/\/www.startevo.com\/shop\/wp-json\/wp\/v2\/product\/128","targetHints":{"allow":["GET"]}}],"collection":[{"href":"https:\/\/www.startevo.com\/shop\/wp-json\/wp\/v2\/product"}],"about":[{"href":"https:\/\/www.startevo.com\/shop\/wp-json\/wp\/v2\/types\/product"}],"replies":[{"embeddable":true,"href":"https:\/\/www.startevo.com\/shop\/wp-json\/wp\/v2\/comments?post=128"}],"wp:featuredmedia":[{"embeddable":true,"href":"https:\/\/www.startevo.com\/shop\/wp-json\/wp\/v2\/media\/129"}],"wp:attachment":[{"href":"https:\/\/www.startevo.com\/shop\/wp-json\/wp\/v2\/media?parent=128"}],"wp:term":[{"taxonomy":"product_brand","embeddable":true,"href":"https:\/\/www.startevo.com\/shop\/wp-json\/wp\/v2\/product_brand?post=128"},{"taxonomy":"product_cat","embeddable":true,"href":"https:\/\/www.startevo.com\/shop\/wp-json\/wp\/v2\/product_cat?post=128"},{"taxonomy":"product_tag","embeddable":true,"href":"https:\/\/www.startevo.com\/shop\/wp-json\/wp\/v2\/product_tag?post=128"}],"curies":[{"name":"wp","href":"https:\/\/api.w.org\/{rel}","templated":true}]}}