{"id":124,"date":"2022-01-31T12:43:47","date_gmt":"2022-01-31T10:43:47","guid":{"rendered":"https:\/\/www.startevo.com\/shop\/?post_type=product&#038;p=124"},"modified":"2023-04-24T18:24:06","modified_gmt":"2023-04-24T15:24:06","slug":"curs-cum-sa-mancam-sanatos-tipstricks","status":"publish","type":"product","link":"https:\/\/www.startevo.com\/shop\/produs\/curs-cum-sa-mancam-sanatos-tipstricks\/","title":{"rendered":"Micro-curs Cum s\u0103 m\u00e2nc\u0103m s\u0103n\u0103tos \u2013 Tips&#038;Tricks"},"content":{"rendered":"<p><strong>Ce vor invata cursantii <\/strong><\/p>\n<p>Cuv\u00e2nt \u00eenainte<br \/>\nDe ce s\u0103 facem mi\u0219care?<br \/>\nConteaz\u0103 ce sport facem?<br \/>\nCum e mai bine s\u0103 sl\u0103bim? Mi\u0219care sau diet\u0103?<br \/>\nCum \u00eemi dau seama dac\u0103 sl\u0103besc din mu\u0219chi sau din gr\u0103sime?<br \/>\nCum s\u0103 sl\u0103beasc\u0103 un copil f\u0103r\u0103 s\u0103 i se fac\u0103 foame?<br \/>\nDe ce nu e bine s\u0103 m\u00e2nc\u0103m mult zah\u0103r?<br \/>\nCum ne d\u0103m seama c\u0103 devenim supra-ponderali?<br \/>\nCum s\u0103 nu m\u0103 \u00eemboln\u0103vesc av\u00e2nd o alimenta\u021bie gre\u0219it\u0103?<br \/>\nS\u0103-mi fac griji de E-uri, antibiotice, pesticide, ierbicide?<br \/>\nLa ce este bun spanacul \u0219i p\u0103trunjelul?<\/p>\n","protected":false},"excerpt":{"rendered":"<p>Doamna doctor Mihaela Posea (<a href=\"https:\/\/clinicasmartnutrition.ro\/\">Smart Nutrition, Bucure\u0219ti<\/a>), expert \u00een nutri\u021bie, ne explic\u0103 cum s\u0103 ne hr\u0103nim s\u0103n\u0103tos. Lucruri pe care orice copil \u0219i p\u0103rinte ar trebui s\u0103 le \u0219tie.<\/p>\n<p>Diploma la final<\/p>\n<p>Durata curs: aprox 1 ora.<\/p>\n<blockquote><p>Foarte util. Ma bucur ca am facut acest curs.<\/p><\/blockquote>\n","protected":false},"featured_media":125,"comment_status":"closed","ping_status":"closed","template":"","meta":[],"product_brand":[],"product_cat":[15],"product_tag":[125,126,123,124,127],"class_list":{"0":"post-124","1":"product","2":"type-product","3":"status-publish","4":"has-post-thumbnail","6":"product_cat-cursuri","7":"product_tag-curs-nutritie","8":"product_tag-cursuri-alimentatie-sanatoasa","9":"product_tag-cursuri-nutritie","10":"product_tag-cursuri-nutritie-copii","11":"product_tag-cursuri-nutritie-rapide","13":"first","14":"instock","15":"virtual","16":"purchasable","17":"product-type-simple"},"yoast_head":"<!-- This site is optimized with the Yoast SEO plugin v27.6 - https:\/\/yoast.com\/product\/yoast-seo-wordpress\/ -->\n<title>Micro-curs Cum s\u0103 m\u00e2nc\u0103m s\u0103n\u0103tos \u2013 Tips&amp;Tricks - Magazinul Caritabil al Asocia\u021biei StartEvo<\/title>\n<meta name=\"robots\" content=\"index, follow, max-snippet:-1, max-image-preview:large, max-video-preview:-1\" \/>\n<link rel=\"canonical\" href=\"https:\/\/www.startevo.com\/shop\/produs\/curs-cum-sa-mancam-sanatos-tipstricks\/\" \/>\n<meta property=\"og:locale\" content=\"ro_RO\" \/>\n<meta property=\"og:type\" content=\"article\" \/>\n<meta property=\"og:title\" content=\"Micro-curs Cum s\u0103 m\u00e2nc\u0103m s\u0103n\u0103tos \u2013 Tips&amp;Tricks - Magazinul Caritabil al Asocia\u021biei StartEvo\" \/>\n<meta property=\"og:description\" content=\"Doamna doctor Mihaela Posea (Smart Nutrition, Bucure\u0219ti), expert \u00een nutri\u021bie, ne explic\u0103 cum s\u0103 ne hr\u0103nim s\u0103n\u0103tos. Lucruri pe care orice copil \u0219i p\u0103rinte ar trebui s\u0103 le \u0219tie.  Diploma la final  Durata curs: aprox 1 ora. Foarte util. Ma bucur ca am facut acest curs.\" \/>\n<meta property=\"og:url\" content=\"https:\/\/www.startevo.com\/shop\/produs\/curs-cum-sa-mancam-sanatos-tipstricks\/\" \/>\n<meta property=\"og:site_name\" content=\"Magazinul Caritabil al Asocia\u021biei StartEvo\" \/>\n<meta property=\"article:modified_time\" content=\"2023-04-24T15:24:06+00:00\" \/>\n<meta property=\"og:image\" content=\"https:\/\/www.startevo.com\/shop\/wp-content\/uploads\/2022\/01\/junk-food.jpg\" \/>\n\t<meta property=\"og:image:width\" content=\"620\" \/>\n\t<meta property=\"og:image:height\" content=\"376\" \/>\n\t<meta property=\"og:image:type\" content=\"image\/jpeg\" \/>\n<meta name=\"twitter:card\" content=\"summary_large_image\" \/>\n<meta name=\"twitter:label1\" content=\"Timp estimat pentru citire\" \/>\n\t<meta name=\"twitter:data1\" content=\"1 minut\" \/>\n<script type=\"application\/ld+json\" class=\"yoast-schema-graph\">{\"@context\":\"https:\\\/\\\/schema.org\",\"@graph\":[{\"@type\":\"WebPage\",\"@id\":\"https:\\\/\\\/www.startevo.com\\\/shop\\\/produs\\\/curs-cum-sa-mancam-sanatos-tipstricks\\\/\",\"url\":\"https:\\\/\\\/www.startevo.com\\\/shop\\\/produs\\\/curs-cum-sa-mancam-sanatos-tipstricks\\\/\",\"name\":\"Micro-curs Cum s\u0103 m\u00e2nc\u0103m s\u0103n\u0103tos \u2013 Tips&Tricks - Magazinul Caritabil al Asocia\u021biei StartEvo\",\"isPartOf\":{\"@id\":\"https:\\\/\\\/www.startevo.com\\\/shop\\\/#website\"},\"primaryImageOfPage\":{\"@id\":\"https:\\\/\\\/www.startevo.com\\\/shop\\\/produs\\\/curs-cum-sa-mancam-sanatos-tipstricks\\\/#primaryimage\"},\"image\":{\"@id\":\"https:\\\/\\\/www.startevo.com\\\/shop\\\/produs\\\/curs-cum-sa-mancam-sanatos-tipstricks\\\/#primaryimage\"},\"thumbnailUrl\":\"https:\\\/\\\/www.startevo.com\\\/shop\\\/wp-content\\\/uploads\\\/2022\\\/01\\\/junk-food.jpg\",\"datePublished\":\"2022-01-31T10:43:47+00:00\",\"dateModified\":\"2023-04-24T15:24:06+00:00\",\"breadcrumb\":{\"@id\":\"https:\\\/\\\/www.startevo.com\\\/shop\\\/produs\\\/curs-cum-sa-mancam-sanatos-tipstricks\\\/#breadcrumb\"},\"inLanguage\":\"ro-RO\",\"potentialAction\":[{\"@type\":\"ReadAction\",\"target\":[\"https:\\\/\\\/www.startevo.com\\\/shop\\\/produs\\\/curs-cum-sa-mancam-sanatos-tipstricks\\\/\"]}]},{\"@type\":\"ImageObject\",\"inLanguage\":\"ro-RO\",\"@id\":\"https:\\\/\\\/www.startevo.com\\\/shop\\\/produs\\\/curs-cum-sa-mancam-sanatos-tipstricks\\\/#primaryimage\",\"url\":\"https:\\\/\\\/www.startevo.com\\\/shop\\\/wp-content\\\/uploads\\\/2022\\\/01\\\/junk-food.jpg\",\"contentUrl\":\"https:\\\/\\\/www.startevo.com\\\/shop\\\/wp-content\\\/uploads\\\/2022\\\/01\\\/junk-food.jpg\",\"width\":620,\"height\":376},{\"@type\":\"BreadcrumbList\",\"@id\":\"https:\\\/\\\/www.startevo.com\\\/shop\\\/produs\\\/curs-cum-sa-mancam-sanatos-tipstricks\\\/#breadcrumb\",\"itemListElement\":[{\"@type\":\"ListItem\",\"position\":1,\"name\":\"Prima pagin\u0103\",\"item\":\"https:\\\/\\\/www.startevo.com\\\/shop\\\/\"},{\"@type\":\"ListItem\",\"position\":2,\"name\":\"Magazin\",\"item\":\"https:\\\/\\\/www.startevo.com\\\/shop\\\/magazin\\\/\"},{\"@type\":\"ListItem\",\"position\":3,\"name\":\"Micro-curs Cum s\u0103 m\u00e2nc\u0103m s\u0103n\u0103tos \u2013 Tips&#038;Tricks\"}]},{\"@type\":\"WebSite\",\"@id\":\"https:\\\/\\\/www.startevo.com\\\/shop\\\/#website\",\"url\":\"https:\\\/\\\/www.startevo.com\\\/shop\\\/\",\"name\":\"Magazinul Caritabil al Asocia\u021biei StartEvo\",\"description\":\"Vindem cu drag s\u0103 sus\u021binem educa\u021bia copiilor \u00een Rom\u00e2nia\",\"publisher\":{\"@id\":\"https:\\\/\\\/www.startevo.com\\\/shop\\\/#organization\"},\"potentialAction\":[{\"@type\":\"SearchAction\",\"target\":{\"@type\":\"EntryPoint\",\"urlTemplate\":\"https:\\\/\\\/www.startevo.com\\\/shop\\\/?s={search_term_string}\"},\"query-input\":{\"@type\":\"PropertyValueSpecification\",\"valueRequired\":true,\"valueName\":\"search_term_string\"}}],\"inLanguage\":\"ro-RO\"},{\"@type\":\"Organization\",\"@id\":\"https:\\\/\\\/www.startevo.com\\\/shop\\\/#organization\",\"name\":\"Magazinul Caritabil al Asocia\u021biei StartEvo\",\"url\":\"https:\\\/\\\/www.startevo.com\\\/shop\\\/\",\"logo\":{\"@type\":\"ImageObject\",\"inLanguage\":\"ro-RO\",\"@id\":\"https:\\\/\\\/www.startevo.com\\\/shop\\\/#\\\/schema\\\/logo\\\/image\\\/\",\"url\":\"https:\\\/\\\/www.startevo.com\\\/shop\\\/wp-content\\\/uploads\\\/2023\\\/10\\\/cropped-LOGO-MAGAZIN-CARITABIL-STARTEVO.jpg\",\"contentUrl\":\"https:\\\/\\\/www.startevo.com\\\/shop\\\/wp-content\\\/uploads\\\/2023\\\/10\\\/cropped-LOGO-MAGAZIN-CARITABIL-STARTEVO.jpg\",\"width\":800,\"height\":187,\"caption\":\"Magazinul Caritabil al Asocia\u021biei StartEvo\"},\"image\":{\"@id\":\"https:\\\/\\\/www.startevo.com\\\/shop\\\/#\\\/schema\\\/logo\\\/image\\\/\"}}]}<\/script>\n<!-- \/ Yoast SEO plugin. -->","yoast_head_json":{"title":"Micro-curs Cum s\u0103 m\u00e2nc\u0103m s\u0103n\u0103tos \u2013 Tips&Tricks - Magazinul Caritabil al Asocia\u021biei StartEvo","robots":{"index":"index","follow":"follow","max-snippet":"max-snippet:-1","max-image-preview":"max-image-preview:large","max-video-preview":"max-video-preview:-1"},"canonical":"https:\/\/www.startevo.com\/shop\/produs\/curs-cum-sa-mancam-sanatos-tipstricks\/","og_locale":"ro_RO","og_type":"article","og_title":"Micro-curs Cum s\u0103 m\u00e2nc\u0103m s\u0103n\u0103tos \u2013 Tips&Tricks - Magazinul Caritabil al Asocia\u021biei StartEvo","og_description":"Doamna doctor Mihaela Posea (Smart Nutrition, Bucure\u0219ti), expert \u00een nutri\u021bie, ne explic\u0103 cum s\u0103 ne hr\u0103nim s\u0103n\u0103tos. Lucruri pe care orice copil \u0219i p\u0103rinte ar trebui s\u0103 le \u0219tie.  Diploma la final  Durata curs: aprox 1 ora. Foarte util. Ma bucur ca am facut acest curs.","og_url":"https:\/\/www.startevo.com\/shop\/produs\/curs-cum-sa-mancam-sanatos-tipstricks\/","og_site_name":"Magazinul Caritabil al Asocia\u021biei StartEvo","article_modified_time":"2023-04-24T15:24:06+00:00","og_image":[{"width":620,"height":376,"url":"https:\/\/www.startevo.com\/shop\/wp-content\/uploads\/2022\/01\/junk-food.jpg","type":"image\/jpeg"}],"twitter_card":"summary_large_image","twitter_misc":{"Timp estimat pentru citire":"1 minut"},"schema":{"@context":"https:\/\/schema.org","@graph":[{"@type":"WebPage","@id":"https:\/\/www.startevo.com\/shop\/produs\/curs-cum-sa-mancam-sanatos-tipstricks\/","url":"https:\/\/www.startevo.com\/shop\/produs\/curs-cum-sa-mancam-sanatos-tipstricks\/","name":"Micro-curs Cum s\u0103 m\u00e2nc\u0103m s\u0103n\u0103tos \u2013 Tips&Tricks - Magazinul Caritabil al Asocia\u021biei StartEvo","isPartOf":{"@id":"https:\/\/www.startevo.com\/shop\/#website"},"primaryImageOfPage":{"@id":"https:\/\/www.startevo.com\/shop\/produs\/curs-cum-sa-mancam-sanatos-tipstricks\/#primaryimage"},"image":{"@id":"https:\/\/www.startevo.com\/shop\/produs\/curs-cum-sa-mancam-sanatos-tipstricks\/#primaryimage"},"thumbnailUrl":"https:\/\/www.startevo.com\/shop\/wp-content\/uploads\/2022\/01\/junk-food.jpg","datePublished":"2022-01-31T10:43:47+00:00","dateModified":"2023-04-24T15:24:06+00:00","breadcrumb":{"@id":"https:\/\/www.startevo.com\/shop\/produs\/curs-cum-sa-mancam-sanatos-tipstricks\/#breadcrumb"},"inLanguage":"ro-RO","potentialAction":[{"@type":"ReadAction","target":["https:\/\/www.startevo.com\/shop\/produs\/curs-cum-sa-mancam-sanatos-tipstricks\/"]}]},{"@type":"ImageObject","inLanguage":"ro-RO","@id":"https:\/\/www.startevo.com\/shop\/produs\/curs-cum-sa-mancam-sanatos-tipstricks\/#primaryimage","url":"https:\/\/www.startevo.com\/shop\/wp-content\/uploads\/2022\/01\/junk-food.jpg","contentUrl":"https:\/\/www.startevo.com\/shop\/wp-content\/uploads\/2022\/01\/junk-food.jpg","width":620,"height":376},{"@type":"BreadcrumbList","@id":"https:\/\/www.startevo.com\/shop\/produs\/curs-cum-sa-mancam-sanatos-tipstricks\/#breadcrumb","itemListElement":[{"@type":"ListItem","position":1,"name":"Prima pagin\u0103","item":"https:\/\/www.startevo.com\/shop\/"},{"@type":"ListItem","position":2,"name":"Magazin","item":"https:\/\/www.startevo.com\/shop\/magazin\/"},{"@type":"ListItem","position":3,"name":"Micro-curs Cum s\u0103 m\u00e2nc\u0103m s\u0103n\u0103tos \u2013 Tips&#038;Tricks"}]},{"@type":"WebSite","@id":"https:\/\/www.startevo.com\/shop\/#website","url":"https:\/\/www.startevo.com\/shop\/","name":"Magazinul Caritabil al Asocia\u021biei StartEvo","description":"Vindem cu drag s\u0103 sus\u021binem educa\u021bia copiilor \u00een Rom\u00e2nia","publisher":{"@id":"https:\/\/www.startevo.com\/shop\/#organization"},"potentialAction":[{"@type":"SearchAction","target":{"@type":"EntryPoint","urlTemplate":"https:\/\/www.startevo.com\/shop\/?s={search_term_string}"},"query-input":{"@type":"PropertyValueSpecification","valueRequired":true,"valueName":"search_term_string"}}],"inLanguage":"ro-RO"},{"@type":"Organization","@id":"https:\/\/www.startevo.com\/shop\/#organization","name":"Magazinul Caritabil al Asocia\u021biei StartEvo","url":"https:\/\/www.startevo.com\/shop\/","logo":{"@type":"ImageObject","inLanguage":"ro-RO","@id":"https:\/\/www.startevo.com\/shop\/#\/schema\/logo\/image\/","url":"https:\/\/www.startevo.com\/shop\/wp-content\/uploads\/2023\/10\/cropped-LOGO-MAGAZIN-CARITABIL-STARTEVO.jpg","contentUrl":"https:\/\/www.startevo.com\/shop\/wp-content\/uploads\/2023\/10\/cropped-LOGO-MAGAZIN-CARITABIL-STARTEVO.jpg","width":800,"height":187,"caption":"Magazinul Caritabil al Asocia\u021biei StartEvo"},"image":{"@id":"https:\/\/www.startevo.com\/shop\/#\/schema\/logo\/image\/"}}]}},"_links":{"self":[{"href":"https:\/\/www.startevo.com\/shop\/wp-json\/wp\/v2\/product\/124","targetHints":{"allow":["GET"]}}],"collection":[{"href":"https:\/\/www.startevo.com\/shop\/wp-json\/wp\/v2\/product"}],"about":[{"href":"https:\/\/www.startevo.com\/shop\/wp-json\/wp\/v2\/types\/product"}],"replies":[{"embeddable":true,"href":"https:\/\/www.startevo.com\/shop\/wp-json\/wp\/v2\/comments?post=124"}],"wp:featuredmedia":[{"embeddable":true,"href":"https:\/\/www.startevo.com\/shop\/wp-json\/wp\/v2\/media\/125"}],"wp:attachment":[{"href":"https:\/\/www.startevo.com\/shop\/wp-json\/wp\/v2\/media?parent=124"}],"wp:term":[{"taxonomy":"product_brand","embeddable":true,"href":"https:\/\/www.startevo.com\/shop\/wp-json\/wp\/v2\/product_brand?post=124"},{"taxonomy":"product_cat","embeddable":true,"href":"https:\/\/www.startevo.com\/shop\/wp-json\/wp\/v2\/product_cat?post=124"},{"taxonomy":"product_tag","embeddable":true,"href":"https:\/\/www.startevo.com\/shop\/wp-json\/wp\/v2\/product_tag?post=124"}],"curies":[{"name":"wp","href":"https:\/\/api.w.org\/{rel}","templated":true}]}}