{"id":122,"date":"2022-01-31T12:40:06","date_gmt":"2022-01-31T10:40:06","guid":{"rendered":"https:\/\/www.startevo.com\/shop\/?post_type=product&#038;p=122"},"modified":"2025-06-18T15:46:59","modified_gmt":"2025-06-18T12:46:59","slug":"curs-cum-sa-mancam-sanatos-modulul-2","status":"publish","type":"product","link":"https:\/\/www.startevo.com\/shop\/produs\/curs-cum-sa-mancam-sanatos-modulul-2\/","title":{"rendered":"Micro-curs Cum s\u0103 m\u00e2nc\u0103m s\u0103n\u0103tos &#8211; modulul #2"},"content":{"rendered":"<p><strong>Ce vor invata cursantii:<\/strong><\/p>\n<p>Nu e mai bine sa iau vitamine din suplimente alimentare?<br \/>\nE OK s\u0103 beau sucuri zilnic?<br \/>\nNu-i a\u0219a c\u0103 sunt \u0219mecher dac\u0103 beau sucuri \u0219i m\u0103n\u00e2nc chipsuri zilnic?<br \/>\nCu ce m\u0103 ajut\u0103 morcovii?<br \/>\nCe \u00eenseamn\u0103 fructe proaspete?<br \/>\nCum e mai bine? Fructe proaspte, congelate sau la conserv\u0103?<br \/>\nLa ce este bun pe\u0219tele?<br \/>\nPe\u0219te oceanic sau pe\u0219te de ap\u0103 dulce?<br \/>\nCum s\u0103-mi ajut bunicii \u0219i p\u0103rin\u021bii s\u0103 nu se \u00eemboln\u0103veasc\u0103?<br \/>\nDac\u0103 sunt copil, alimenta\u021bie s\u0103n\u0103toas\u0103 \u00eenseamn\u0103 s\u0103 nu mai m\u0103n\u00e2nc ciocolat\u0103?<br \/>\nLa fast-food pot s\u0103 g\u0103sesc ceva s\u0103n\u0103tos de m\u00e2ncare?<br \/>\nCuv\u00e2nt de final<\/p>\n","protected":false},"excerpt":{"rendered":"<p>Al doilea curs f\u0103cut de c\u0103tre doamna doctor Mihaela Posea (<a href=\"https:\/\/clinicasmartnutrition.ro\/\">Smart Nutrition, Bucure\u0219ti<\/a>), expert \u00een nutri\u021bie, ne explic\u0103 cum s\u0103 ne hr\u0103nim s\u0103n\u0103tos. Lucruri pe care orice copil \u0219i p\u0103rinte ar trebui s\u0103 le \u0219tie.<\/p>\n<p>Mult succes!<\/p>\n<p><strong>Durata curs:<\/strong> aprox 1 ora<\/p>\n<p><strong>Diploma la final<\/strong><\/p>\n","protected":false},"featured_media":123,"comment_status":"closed","ping_status":"closed","template":"","meta":[],"product_brand":[],"product_cat":[15],"product_tag":[122,123,124],"class_list":{"0":"post-122","1":"product","2":"type-product","3":"status-publish","4":"has-post-thumbnail","6":"product_cat-cursuri","7":"product_tag-cursuri-mancare-sanatoasa","8":"product_tag-cursuri-nutritie","9":"product_tag-cursuri-nutritie-copii","11":"first","12":"instock","13":"virtual","14":"purchasable","15":"product-type-simple"},"yoast_head":"<!-- This site is optimized with the Yoast SEO plugin v27.6 - https:\/\/yoast.com\/product\/yoast-seo-wordpress\/ -->\n<title>Micro-curs Cum s\u0103 m\u00e2nc\u0103m s\u0103n\u0103tos - modulul #2 - Magazinul Caritabil al Asocia\u021biei StartEvo<\/title>\n<meta name=\"robots\" content=\"index, follow, max-snippet:-1, max-image-preview:large, max-video-preview:-1\" \/>\n<link rel=\"canonical\" href=\"https:\/\/www.startevo.com\/shop\/produs\/curs-cum-sa-mancam-sanatos-modulul-2\/\" \/>\n<meta property=\"og:locale\" content=\"ro_RO\" \/>\n<meta property=\"og:type\" content=\"article\" \/>\n<meta property=\"og:title\" content=\"Micro-curs Cum s\u0103 m\u00e2nc\u0103m s\u0103n\u0103tos - modulul #2 - Magazinul Caritabil al Asocia\u021biei StartEvo\" \/>\n<meta property=\"og:description\" content=\"Al doilea curs f\u0103cut de c\u0103tre doamna doctor Mihaela Posea (Smart Nutrition, Bucure\u0219ti), expert \u00een nutri\u021bie, ne explic\u0103 cum s\u0103 ne hr\u0103nim s\u0103n\u0103tos. Lucruri pe care orice copil \u0219i p\u0103rinte ar trebui s\u0103 le \u0219tie.  Mult succes!  Durata curs: aprox 1 ora  Diploma la final\" \/>\n<meta property=\"og:url\" content=\"https:\/\/www.startevo.com\/shop\/produs\/curs-cum-sa-mancam-sanatos-modulul-2\/\" \/>\n<meta property=\"og:site_name\" content=\"Magazinul Caritabil al Asocia\u021biei StartEvo\" \/>\n<meta property=\"article:modified_time\" content=\"2025-06-18T12:46:59+00:00\" \/>\n<meta property=\"og:image\" content=\"https:\/\/www.startevo.com\/shop\/wp-content\/uploads\/2022\/01\/curs-mancare-sanatoasa.jpg\" \/>\n\t<meta property=\"og:image:width\" content=\"460\" \/>\n\t<meta property=\"og:image:height\" content=\"345\" \/>\n\t<meta property=\"og:image:type\" content=\"image\/jpeg\" \/>\n<meta name=\"twitter:card\" content=\"summary_large_image\" \/>\n<meta name=\"twitter:label1\" content=\"Timp estimat pentru citire\" \/>\n\t<meta name=\"twitter:data1\" content=\"1 minut\" \/>\n<script type=\"application\/ld+json\" class=\"yoast-schema-graph\">{\"@context\":\"https:\\\/\\\/schema.org\",\"@graph\":[{\"@type\":\"WebPage\",\"@id\":\"https:\\\/\\\/www.startevo.com\\\/shop\\\/produs\\\/curs-cum-sa-mancam-sanatos-modulul-2\\\/\",\"url\":\"https:\\\/\\\/www.startevo.com\\\/shop\\\/produs\\\/curs-cum-sa-mancam-sanatos-modulul-2\\\/\",\"name\":\"Micro-curs Cum s\u0103 m\u00e2nc\u0103m s\u0103n\u0103tos - modulul #2 - Magazinul Caritabil al Asocia\u021biei StartEvo\",\"isPartOf\":{\"@id\":\"https:\\\/\\\/www.startevo.com\\\/shop\\\/#website\"},\"primaryImageOfPage\":{\"@id\":\"https:\\\/\\\/www.startevo.com\\\/shop\\\/produs\\\/curs-cum-sa-mancam-sanatos-modulul-2\\\/#primaryimage\"},\"image\":{\"@id\":\"https:\\\/\\\/www.startevo.com\\\/shop\\\/produs\\\/curs-cum-sa-mancam-sanatos-modulul-2\\\/#primaryimage\"},\"thumbnailUrl\":\"https:\\\/\\\/www.startevo.com\\\/shop\\\/wp-content\\\/uploads\\\/2022\\\/01\\\/curs-mancare-sanatoasa.jpg\",\"datePublished\":\"2022-01-31T10:40:06+00:00\",\"dateModified\":\"2025-06-18T12:46:59+00:00\",\"breadcrumb\":{\"@id\":\"https:\\\/\\\/www.startevo.com\\\/shop\\\/produs\\\/curs-cum-sa-mancam-sanatos-modulul-2\\\/#breadcrumb\"},\"inLanguage\":\"ro-RO\",\"potentialAction\":[{\"@type\":\"ReadAction\",\"target\":[\"https:\\\/\\\/www.startevo.com\\\/shop\\\/produs\\\/curs-cum-sa-mancam-sanatos-modulul-2\\\/\"]}]},{\"@type\":\"ImageObject\",\"inLanguage\":\"ro-RO\",\"@id\":\"https:\\\/\\\/www.startevo.com\\\/shop\\\/produs\\\/curs-cum-sa-mancam-sanatos-modulul-2\\\/#primaryimage\",\"url\":\"https:\\\/\\\/www.startevo.com\\\/shop\\\/wp-content\\\/uploads\\\/2022\\\/01\\\/curs-mancare-sanatoasa.jpg\",\"contentUrl\":\"https:\\\/\\\/www.startevo.com\\\/shop\\\/wp-content\\\/uploads\\\/2022\\\/01\\\/curs-mancare-sanatoasa.jpg\",\"width\":460,\"height\":345},{\"@type\":\"BreadcrumbList\",\"@id\":\"https:\\\/\\\/www.startevo.com\\\/shop\\\/produs\\\/curs-cum-sa-mancam-sanatos-modulul-2\\\/#breadcrumb\",\"itemListElement\":[{\"@type\":\"ListItem\",\"position\":1,\"name\":\"Prima pagin\u0103\",\"item\":\"https:\\\/\\\/www.startevo.com\\\/shop\\\/\"},{\"@type\":\"ListItem\",\"position\":2,\"name\":\"Magazin\",\"item\":\"https:\\\/\\\/www.startevo.com\\\/shop\\\/magazin\\\/\"},{\"@type\":\"ListItem\",\"position\":3,\"name\":\"Micro-curs Cum s\u0103 m\u00e2nc\u0103m s\u0103n\u0103tos &#8211; modulul #2\"}]},{\"@type\":\"WebSite\",\"@id\":\"https:\\\/\\\/www.startevo.com\\\/shop\\\/#website\",\"url\":\"https:\\\/\\\/www.startevo.com\\\/shop\\\/\",\"name\":\"Magazinul Caritabil al Asocia\u021biei StartEvo\",\"description\":\"Vindem cu drag s\u0103 sus\u021binem educa\u021bia copiilor \u00een Rom\u00e2nia\",\"publisher\":{\"@id\":\"https:\\\/\\\/www.startevo.com\\\/shop\\\/#organization\"},\"potentialAction\":[{\"@type\":\"SearchAction\",\"target\":{\"@type\":\"EntryPoint\",\"urlTemplate\":\"https:\\\/\\\/www.startevo.com\\\/shop\\\/?s={search_term_string}\"},\"query-input\":{\"@type\":\"PropertyValueSpecification\",\"valueRequired\":true,\"valueName\":\"search_term_string\"}}],\"inLanguage\":\"ro-RO\"},{\"@type\":\"Organization\",\"@id\":\"https:\\\/\\\/www.startevo.com\\\/shop\\\/#organization\",\"name\":\"Magazinul Caritabil al Asocia\u021biei StartEvo\",\"url\":\"https:\\\/\\\/www.startevo.com\\\/shop\\\/\",\"logo\":{\"@type\":\"ImageObject\",\"inLanguage\":\"ro-RO\",\"@id\":\"https:\\\/\\\/www.startevo.com\\\/shop\\\/#\\\/schema\\\/logo\\\/image\\\/\",\"url\":\"https:\\\/\\\/www.startevo.com\\\/shop\\\/wp-content\\\/uploads\\\/2023\\\/10\\\/cropped-LOGO-MAGAZIN-CARITABIL-STARTEVO.jpg\",\"contentUrl\":\"https:\\\/\\\/www.startevo.com\\\/shop\\\/wp-content\\\/uploads\\\/2023\\\/10\\\/cropped-LOGO-MAGAZIN-CARITABIL-STARTEVO.jpg\",\"width\":800,\"height\":187,\"caption\":\"Magazinul Caritabil al Asocia\u021biei StartEvo\"},\"image\":{\"@id\":\"https:\\\/\\\/www.startevo.com\\\/shop\\\/#\\\/schema\\\/logo\\\/image\\\/\"}}]}<\/script>\n<!-- \/ Yoast SEO plugin. -->","yoast_head_json":{"title":"Micro-curs Cum s\u0103 m\u00e2nc\u0103m s\u0103n\u0103tos - modulul #2 - Magazinul Caritabil al Asocia\u021biei StartEvo","robots":{"index":"index","follow":"follow","max-snippet":"max-snippet:-1","max-image-preview":"max-image-preview:large","max-video-preview":"max-video-preview:-1"},"canonical":"https:\/\/www.startevo.com\/shop\/produs\/curs-cum-sa-mancam-sanatos-modulul-2\/","og_locale":"ro_RO","og_type":"article","og_title":"Micro-curs Cum s\u0103 m\u00e2nc\u0103m s\u0103n\u0103tos - modulul #2 - Magazinul Caritabil al Asocia\u021biei StartEvo","og_description":"Al doilea curs f\u0103cut de c\u0103tre doamna doctor Mihaela Posea (Smart Nutrition, Bucure\u0219ti), expert \u00een nutri\u021bie, ne explic\u0103 cum s\u0103 ne hr\u0103nim s\u0103n\u0103tos. Lucruri pe care orice copil \u0219i p\u0103rinte ar trebui s\u0103 le \u0219tie.  Mult succes!  Durata curs: aprox 1 ora  Diploma la final","og_url":"https:\/\/www.startevo.com\/shop\/produs\/curs-cum-sa-mancam-sanatos-modulul-2\/","og_site_name":"Magazinul Caritabil al Asocia\u021biei StartEvo","article_modified_time":"2025-06-18T12:46:59+00:00","og_image":[{"width":460,"height":345,"url":"https:\/\/www.startevo.com\/shop\/wp-content\/uploads\/2022\/01\/curs-mancare-sanatoasa.jpg","type":"image\/jpeg"}],"twitter_card":"summary_large_image","twitter_misc":{"Timp estimat pentru citire":"1 minut"},"schema":{"@context":"https:\/\/schema.org","@graph":[{"@type":"WebPage","@id":"https:\/\/www.startevo.com\/shop\/produs\/curs-cum-sa-mancam-sanatos-modulul-2\/","url":"https:\/\/www.startevo.com\/shop\/produs\/curs-cum-sa-mancam-sanatos-modulul-2\/","name":"Micro-curs Cum s\u0103 m\u00e2nc\u0103m s\u0103n\u0103tos - modulul #2 - Magazinul Caritabil al Asocia\u021biei StartEvo","isPartOf":{"@id":"https:\/\/www.startevo.com\/shop\/#website"},"primaryImageOfPage":{"@id":"https:\/\/www.startevo.com\/shop\/produs\/curs-cum-sa-mancam-sanatos-modulul-2\/#primaryimage"},"image":{"@id":"https:\/\/www.startevo.com\/shop\/produs\/curs-cum-sa-mancam-sanatos-modulul-2\/#primaryimage"},"thumbnailUrl":"https:\/\/www.startevo.com\/shop\/wp-content\/uploads\/2022\/01\/curs-mancare-sanatoasa.jpg","datePublished":"2022-01-31T10:40:06+00:00","dateModified":"2025-06-18T12:46:59+00:00","breadcrumb":{"@id":"https:\/\/www.startevo.com\/shop\/produs\/curs-cum-sa-mancam-sanatos-modulul-2\/#breadcrumb"},"inLanguage":"ro-RO","potentialAction":[{"@type":"ReadAction","target":["https:\/\/www.startevo.com\/shop\/produs\/curs-cum-sa-mancam-sanatos-modulul-2\/"]}]},{"@type":"ImageObject","inLanguage":"ro-RO","@id":"https:\/\/www.startevo.com\/shop\/produs\/curs-cum-sa-mancam-sanatos-modulul-2\/#primaryimage","url":"https:\/\/www.startevo.com\/shop\/wp-content\/uploads\/2022\/01\/curs-mancare-sanatoasa.jpg","contentUrl":"https:\/\/www.startevo.com\/shop\/wp-content\/uploads\/2022\/01\/curs-mancare-sanatoasa.jpg","width":460,"height":345},{"@type":"BreadcrumbList","@id":"https:\/\/www.startevo.com\/shop\/produs\/curs-cum-sa-mancam-sanatos-modulul-2\/#breadcrumb","itemListElement":[{"@type":"ListItem","position":1,"name":"Prima pagin\u0103","item":"https:\/\/www.startevo.com\/shop\/"},{"@type":"ListItem","position":2,"name":"Magazin","item":"https:\/\/www.startevo.com\/shop\/magazin\/"},{"@type":"ListItem","position":3,"name":"Micro-curs Cum s\u0103 m\u00e2nc\u0103m s\u0103n\u0103tos &#8211; modulul #2"}]},{"@type":"WebSite","@id":"https:\/\/www.startevo.com\/shop\/#website","url":"https:\/\/www.startevo.com\/shop\/","name":"Magazinul Caritabil al Asocia\u021biei StartEvo","description":"Vindem cu drag s\u0103 sus\u021binem educa\u021bia copiilor \u00een Rom\u00e2nia","publisher":{"@id":"https:\/\/www.startevo.com\/shop\/#organization"},"potentialAction":[{"@type":"SearchAction","target":{"@type":"EntryPoint","urlTemplate":"https:\/\/www.startevo.com\/shop\/?s={search_term_string}"},"query-input":{"@type":"PropertyValueSpecification","valueRequired":true,"valueName":"search_term_string"}}],"inLanguage":"ro-RO"},{"@type":"Organization","@id":"https:\/\/www.startevo.com\/shop\/#organization","name":"Magazinul Caritabil al Asocia\u021biei StartEvo","url":"https:\/\/www.startevo.com\/shop\/","logo":{"@type":"ImageObject","inLanguage":"ro-RO","@id":"https:\/\/www.startevo.com\/shop\/#\/schema\/logo\/image\/","url":"https:\/\/www.startevo.com\/shop\/wp-content\/uploads\/2023\/10\/cropped-LOGO-MAGAZIN-CARITABIL-STARTEVO.jpg","contentUrl":"https:\/\/www.startevo.com\/shop\/wp-content\/uploads\/2023\/10\/cropped-LOGO-MAGAZIN-CARITABIL-STARTEVO.jpg","width":800,"height":187,"caption":"Magazinul Caritabil al Asocia\u021biei StartEvo"},"image":{"@id":"https:\/\/www.startevo.com\/shop\/#\/schema\/logo\/image\/"}}]}},"_links":{"self":[{"href":"https:\/\/www.startevo.com\/shop\/wp-json\/wp\/v2\/product\/122","targetHints":{"allow":["GET"]}}],"collection":[{"href":"https:\/\/www.startevo.com\/shop\/wp-json\/wp\/v2\/product"}],"about":[{"href":"https:\/\/www.startevo.com\/shop\/wp-json\/wp\/v2\/types\/product"}],"replies":[{"embeddable":true,"href":"https:\/\/www.startevo.com\/shop\/wp-json\/wp\/v2\/comments?post=122"}],"wp:featuredmedia":[{"embeddable":true,"href":"https:\/\/www.startevo.com\/shop\/wp-json\/wp\/v2\/media\/123"}],"wp:attachment":[{"href":"https:\/\/www.startevo.com\/shop\/wp-json\/wp\/v2\/media?parent=122"}],"wp:term":[{"taxonomy":"product_brand","embeddable":true,"href":"https:\/\/www.startevo.com\/shop\/wp-json\/wp\/v2\/product_brand?post=122"},{"taxonomy":"product_cat","embeddable":true,"href":"https:\/\/www.startevo.com\/shop\/wp-json\/wp\/v2\/product_cat?post=122"},{"taxonomy":"product_tag","embeddable":true,"href":"https:\/\/www.startevo.com\/shop\/wp-json\/wp\/v2\/product_tag?post=122"}],"curies":[{"name":"wp","href":"https:\/\/api.w.org\/{rel}","templated":true}]}}