{"id":112,"date":"2022-01-31T12:24:05","date_gmt":"2022-01-31T10:24:05","guid":{"rendered":"https:\/\/www.startevo.com\/shop\/?post_type=product&#038;p=112"},"modified":"2025-06-18T15:49:18","modified_gmt":"2025-06-18T12:49:18","slug":"cum-sa-faci-o-povestire-sf-folosind-personaje-din-folclorul-romanesc","status":"publish","type":"product","link":"https:\/\/www.startevo.com\/shop\/produs\/cum-sa-faci-o-povestire-sf-folosind-personaje-din-folclorul-romanesc\/","title":{"rendered":"Micro-curs Cum s\u0103 faci o povestire SF folosind personaje din folclorul rom\u00e2nesc"},"content":{"rendered":"<p><strong>Ce vor invata copiii in acest curs:<\/strong><\/p>\n<p>Introducere<br \/>\nCum s\u0103 faci o compunere<br \/>\nPersonajele<br \/>\nIntriga<br \/>\nPovestea<br \/>\nCe este o povestire Science Fiction<br \/>\nDespre literatura horror<br \/>\nSpace opera<br \/>\nSfaturi<br \/>\nConcluzii<\/p>\n<p>\u00a0<\/p>\n<div dir=\"ltr\">Am \u00eendr\u0103git\u00a0SF-ul \u00eenainte de a \u0219ti s\u0103 citesc, pentru c\u0103 mama ne povestea sau ne citea \u00eenainte de culcare romanele clasice ale geniului: Omul invizibil, R\u0103zboiul\u00a0lumilor, Omul amfibie, O poveste cu un hobbit. Au venit apoi filmele si serialele fantastice de la TV \u0219i \u00een sf\u00e2r\u0219it momentul \u00een care am \u00eenceput s\u0103 citesc.<\/div>\n<div dir=\"ltr\"><\/div>\n<div dir=\"ltr\">\u00cemi amintesc c\u0103 am terminat seria de Jules Verne \u00eentr-o singura var\u0103, \u00een a\u0219teptarea\u00a0clasei a VII-a, lungit pe burt\u0103, \u00een podul casei transformat \u00een submarin-rachet\u0103. O inven\u021bie extrem de util\u0103 pentru a putea urm\u0103ri aventurile personajelor \u00eendr\u0103gite\u00a0\u00een\u00a0func\u021bie de necesit\u0103\u021bi. Apoi fratele meu, mai b\u0103tr\u00e2n\u00a0cu doi ani, m-a\u00a0luat la cenaclul SF pe care \u00eel \u00eenfiin\u021bare\u00a0\u0219i mi-a oferit \u0219ansa s\u0103-i \u00eent\u00e2lnesc pe Asimov, Bradbury, Colin, dar \u0219i povestirile elevilor de v\u00e2rsta lui. A\u0219a se face c\u0103 la 21 de ani am devenit redactorul \u0219ef al singurului s\u0103pt\u0103m\u00e2nal de sf din lume \u2013 Jurnalul SF \u0219i am debutat \u00een paginile revistei \u00eentreaga genera\u021bie de scriitori rom\u00e2ni numit\u0103 nou\u0103zeci\u0219ti.<\/div>\n<div dir=\"ltr\"><\/div>\n<div dir=\"ltr\">Acum sunt jurnalist, trainer \u0219i mediator. Lucrez la departamentul de educa\u021bie al Televiziunii Rom\u00e2ne \u0219i la revista \u0218tiin\u021b\u0103&Tehnic\u0103.<\/div>\n<div dir=\"ltr\"><\/div>\n","protected":false},"excerpt":{"rendered":"<p>Adrian B\u0103nu\u021b\u0103, unul dintre cei mai mari SF-i\u0219ti din Rom\u00e2nia, ne d\u0103 c\u00e2teva sfaturi cum s\u0103 facem o povestire SF, folosind personaje din folclorul rom\u00e2nesc. Util pentru cei care vor s\u0103 devin\u0103 mai buni la compuneri<\/p>\n<blockquote><p>Mi-a pl\u0103cut. Acum pot s\u0103 fac ni\u0219te compuneri foarte dr\u0103gu\u021be, SF.<\/p><\/blockquote>\n<p>Durata estimativa: 1 ora<\/p>\n<p>Diploma la final!<\/p>\n","protected":false},"featured_media":113,"comment_status":"closed","ping_status":"closed","template":"","meta":[],"product_brand":[],"product_cat":[15],"product_tag":[103,104,102],"class_list":{"0":"post-112","1":"product","2":"type-product","3":"status-publish","4":"has-post-thumbnail","6":"product_cat-cursuri","7":"product_tag-cum-sa-faci-compuneri","8":"product_tag-cum-sa-faci-povestiri-sf","9":"product_tag-curs-compuneri","11":"first","12":"instock","13":"virtual","14":"purchasable","15":"product-type-simple"},"yoast_head":"<!-- This site is optimized with the Yoast SEO plugin v27.5 - https:\/\/yoast.com\/product\/yoast-seo-wordpress\/ -->\n<title>Micro-curs Cum s\u0103 faci o povestire SF folosind personaje din folclorul rom\u00e2nesc - Magazinul Caritabil al Asocia\u021biei StartEvo<\/title>\n<meta name=\"robots\" content=\"index, follow, max-snippet:-1, max-image-preview:large, max-video-preview:-1\" \/>\n<link rel=\"canonical\" href=\"https:\/\/www.startevo.com\/shop\/produs\/cum-sa-faci-o-povestire-sf-folosind-personaje-din-folclorul-romanesc\/\" \/>\n<meta property=\"og:locale\" content=\"ro_RO\" \/>\n<meta property=\"og:type\" content=\"article\" \/>\n<meta property=\"og:title\" content=\"Micro-curs Cum s\u0103 faci o povestire SF folosind personaje din folclorul rom\u00e2nesc - Magazinul Caritabil al Asocia\u021biei StartEvo\" \/>\n<meta property=\"og:description\" content=\"Adrian B\u0103nu\u021b\u0103, unul dintre cei mai mari SF-i\u0219ti din Rom\u00e2nia, ne d\u0103 c\u00e2teva sfaturi cum s\u0103 facem o povestire SF, folosind personaje din folclorul rom\u00e2nesc. Util pentru cei care vor s\u0103 devin\u0103 mai buni la compuneri Mi-a pl\u0103cut. Acum pot s\u0103 fac ni\u0219te compuneri foarte dr\u0103gu\u021be, SF. Durata estimativa: 1 ora  Diploma la final!\" \/>\n<meta property=\"og:url\" content=\"https:\/\/www.startevo.com\/shop\/produs\/cum-sa-faci-o-povestire-sf-folosind-personaje-din-folclorul-romanesc\/\" \/>\n<meta property=\"og:site_name\" content=\"Magazinul Caritabil al Asocia\u021biei StartEvo\" \/>\n<meta property=\"article:modified_time\" content=\"2025-06-18T12:49:18+00:00\" \/>\n<meta property=\"og:image\" content=\"https:\/\/www.startevo.com\/shop\/wp-content\/uploads\/2022\/01\/curs-literatura-sf.jpg\" \/>\n\t<meta property=\"og:image:width\" content=\"1280\" \/>\n\t<meta property=\"og:image:height\" content=\"720\" \/>\n\t<meta property=\"og:image:type\" content=\"image\/jpeg\" \/>\n<meta name=\"twitter:card\" content=\"summary_large_image\" \/>\n<meta name=\"twitter:label1\" content=\"Timp estimat pentru citire\" \/>\n\t<meta name=\"twitter:data1\" content=\"1 minut\" \/>\n<script type=\"application\/ld+json\" class=\"yoast-schema-graph\">{\"@context\":\"https:\\\/\\\/schema.org\",\"@graph\":[{\"@type\":\"WebPage\",\"@id\":\"https:\\\/\\\/www.startevo.com\\\/shop\\\/produs\\\/cum-sa-faci-o-povestire-sf-folosind-personaje-din-folclorul-romanesc\\\/\",\"url\":\"https:\\\/\\\/www.startevo.com\\\/shop\\\/produs\\\/cum-sa-faci-o-povestire-sf-folosind-personaje-din-folclorul-romanesc\\\/\",\"name\":\"Micro-curs Cum s\u0103 faci o povestire SF folosind personaje din folclorul rom\u00e2nesc - Magazinul Caritabil al Asocia\u021biei StartEvo\",\"isPartOf\":{\"@id\":\"https:\\\/\\\/www.startevo.com\\\/shop\\\/#website\"},\"primaryImageOfPage\":{\"@id\":\"https:\\\/\\\/www.startevo.com\\\/shop\\\/produs\\\/cum-sa-faci-o-povestire-sf-folosind-personaje-din-folclorul-romanesc\\\/#primaryimage\"},\"image\":{\"@id\":\"https:\\\/\\\/www.startevo.com\\\/shop\\\/produs\\\/cum-sa-faci-o-povestire-sf-folosind-personaje-din-folclorul-romanesc\\\/#primaryimage\"},\"thumbnailUrl\":\"https:\\\/\\\/www.startevo.com\\\/shop\\\/wp-content\\\/uploads\\\/2022\\\/01\\\/curs-literatura-sf.jpg\",\"datePublished\":\"2022-01-31T10:24:05+00:00\",\"dateModified\":\"2025-06-18T12:49:18+00:00\",\"breadcrumb\":{\"@id\":\"https:\\\/\\\/www.startevo.com\\\/shop\\\/produs\\\/cum-sa-faci-o-povestire-sf-folosind-personaje-din-folclorul-romanesc\\\/#breadcrumb\"},\"inLanguage\":\"ro-RO\",\"potentialAction\":[{\"@type\":\"ReadAction\",\"target\":[\"https:\\\/\\\/www.startevo.com\\\/shop\\\/produs\\\/cum-sa-faci-o-povestire-sf-folosind-personaje-din-folclorul-romanesc\\\/\"]}]},{\"@type\":\"ImageObject\",\"inLanguage\":\"ro-RO\",\"@id\":\"https:\\\/\\\/www.startevo.com\\\/shop\\\/produs\\\/cum-sa-faci-o-povestire-sf-folosind-personaje-din-folclorul-romanesc\\\/#primaryimage\",\"url\":\"https:\\\/\\\/www.startevo.com\\\/shop\\\/wp-content\\\/uploads\\\/2022\\\/01\\\/curs-literatura-sf.jpg\",\"contentUrl\":\"https:\\\/\\\/www.startevo.com\\\/shop\\\/wp-content\\\/uploads\\\/2022\\\/01\\\/curs-literatura-sf.jpg\",\"width\":1280,\"height\":720},{\"@type\":\"BreadcrumbList\",\"@id\":\"https:\\\/\\\/www.startevo.com\\\/shop\\\/produs\\\/cum-sa-faci-o-povestire-sf-folosind-personaje-din-folclorul-romanesc\\\/#breadcrumb\",\"itemListElement\":[{\"@type\":\"ListItem\",\"position\":1,\"name\":\"Prima pagin\u0103\",\"item\":\"https:\\\/\\\/www.startevo.com\\\/shop\\\/\"},{\"@type\":\"ListItem\",\"position\":2,\"name\":\"Magazin\",\"item\":\"https:\\\/\\\/www.startevo.com\\\/shop\\\/magazin\\\/\"},{\"@type\":\"ListItem\",\"position\":3,\"name\":\"Micro-curs Cum s\u0103 faci o povestire SF folosind personaje din folclorul rom\u00e2nesc\"}]},{\"@type\":\"WebSite\",\"@id\":\"https:\\\/\\\/www.startevo.com\\\/shop\\\/#website\",\"url\":\"https:\\\/\\\/www.startevo.com\\\/shop\\\/\",\"name\":\"Magazinul Caritabil al Asocia\u021biei StartEvo\",\"description\":\"Vindem cu drag s\u0103 sus\u021binem educa\u021bia copiilor \u00een Rom\u00e2nia\",\"publisher\":{\"@id\":\"https:\\\/\\\/www.startevo.com\\\/shop\\\/#organization\"},\"potentialAction\":[{\"@type\":\"SearchAction\",\"target\":{\"@type\":\"EntryPoint\",\"urlTemplate\":\"https:\\\/\\\/www.startevo.com\\\/shop\\\/?s={search_term_string}\"},\"query-input\":{\"@type\":\"PropertyValueSpecification\",\"valueRequired\":true,\"valueName\":\"search_term_string\"}}],\"inLanguage\":\"ro-RO\"},{\"@type\":\"Organization\",\"@id\":\"https:\\\/\\\/www.startevo.com\\\/shop\\\/#organization\",\"name\":\"Magazinul Caritabil al Asocia\u021biei StartEvo\",\"url\":\"https:\\\/\\\/www.startevo.com\\\/shop\\\/\",\"logo\":{\"@type\":\"ImageObject\",\"inLanguage\":\"ro-RO\",\"@id\":\"https:\\\/\\\/www.startevo.com\\\/shop\\\/#\\\/schema\\\/logo\\\/image\\\/\",\"url\":\"https:\\\/\\\/www.startevo.com\\\/shop\\\/wp-content\\\/uploads\\\/2023\\\/10\\\/cropped-LOGO-MAGAZIN-CARITABIL-STARTEVO.jpg\",\"contentUrl\":\"https:\\\/\\\/www.startevo.com\\\/shop\\\/wp-content\\\/uploads\\\/2023\\\/10\\\/cropped-LOGO-MAGAZIN-CARITABIL-STARTEVO.jpg\",\"width\":800,\"height\":187,\"caption\":\"Magazinul Caritabil al Asocia\u021biei StartEvo\"},\"image\":{\"@id\":\"https:\\\/\\\/www.startevo.com\\\/shop\\\/#\\\/schema\\\/logo\\\/image\\\/\"}}]}<\/script>\n<!-- \/ Yoast SEO plugin. -->","yoast_head_json":{"title":"Micro-curs Cum s\u0103 faci o povestire SF folosind personaje din folclorul rom\u00e2nesc - Magazinul Caritabil al Asocia\u021biei StartEvo","robots":{"index":"index","follow":"follow","max-snippet":"max-snippet:-1","max-image-preview":"max-image-preview:large","max-video-preview":"max-video-preview:-1"},"canonical":"https:\/\/www.startevo.com\/shop\/produs\/cum-sa-faci-o-povestire-sf-folosind-personaje-din-folclorul-romanesc\/","og_locale":"ro_RO","og_type":"article","og_title":"Micro-curs Cum s\u0103 faci o povestire SF folosind personaje din folclorul rom\u00e2nesc - Magazinul Caritabil al Asocia\u021biei StartEvo","og_description":"Adrian B\u0103nu\u021b\u0103, unul dintre cei mai mari SF-i\u0219ti din Rom\u00e2nia, ne d\u0103 c\u00e2teva sfaturi cum s\u0103 facem o povestire SF, folosind personaje din folclorul rom\u00e2nesc. Util pentru cei care vor s\u0103 devin\u0103 mai buni la compuneri Mi-a pl\u0103cut. Acum pot s\u0103 fac ni\u0219te compuneri foarte dr\u0103gu\u021be, SF. Durata estimativa: 1 ora  Diploma la final!","og_url":"https:\/\/www.startevo.com\/shop\/produs\/cum-sa-faci-o-povestire-sf-folosind-personaje-din-folclorul-romanesc\/","og_site_name":"Magazinul Caritabil al Asocia\u021biei StartEvo","article_modified_time":"2025-06-18T12:49:18+00:00","og_image":[{"width":1280,"height":720,"url":"https:\/\/www.startevo.com\/shop\/wp-content\/uploads\/2022\/01\/curs-literatura-sf.jpg","type":"image\/jpeg"}],"twitter_card":"summary_large_image","twitter_misc":{"Timp estimat pentru citire":"1 minut"},"schema":{"@context":"https:\/\/schema.org","@graph":[{"@type":"WebPage","@id":"https:\/\/www.startevo.com\/shop\/produs\/cum-sa-faci-o-povestire-sf-folosind-personaje-din-folclorul-romanesc\/","url":"https:\/\/www.startevo.com\/shop\/produs\/cum-sa-faci-o-povestire-sf-folosind-personaje-din-folclorul-romanesc\/","name":"Micro-curs Cum s\u0103 faci o povestire SF folosind personaje din folclorul rom\u00e2nesc - Magazinul Caritabil al Asocia\u021biei StartEvo","isPartOf":{"@id":"https:\/\/www.startevo.com\/shop\/#website"},"primaryImageOfPage":{"@id":"https:\/\/www.startevo.com\/shop\/produs\/cum-sa-faci-o-povestire-sf-folosind-personaje-din-folclorul-romanesc\/#primaryimage"},"image":{"@id":"https:\/\/www.startevo.com\/shop\/produs\/cum-sa-faci-o-povestire-sf-folosind-personaje-din-folclorul-romanesc\/#primaryimage"},"thumbnailUrl":"https:\/\/www.startevo.com\/shop\/wp-content\/uploads\/2022\/01\/curs-literatura-sf.jpg","datePublished":"2022-01-31T10:24:05+00:00","dateModified":"2025-06-18T12:49:18+00:00","breadcrumb":{"@id":"https:\/\/www.startevo.com\/shop\/produs\/cum-sa-faci-o-povestire-sf-folosind-personaje-din-folclorul-romanesc\/#breadcrumb"},"inLanguage":"ro-RO","potentialAction":[{"@type":"ReadAction","target":["https:\/\/www.startevo.com\/shop\/produs\/cum-sa-faci-o-povestire-sf-folosind-personaje-din-folclorul-romanesc\/"]}]},{"@type":"ImageObject","inLanguage":"ro-RO","@id":"https:\/\/www.startevo.com\/shop\/produs\/cum-sa-faci-o-povestire-sf-folosind-personaje-din-folclorul-romanesc\/#primaryimage","url":"https:\/\/www.startevo.com\/shop\/wp-content\/uploads\/2022\/01\/curs-literatura-sf.jpg","contentUrl":"https:\/\/www.startevo.com\/shop\/wp-content\/uploads\/2022\/01\/curs-literatura-sf.jpg","width":1280,"height":720},{"@type":"BreadcrumbList","@id":"https:\/\/www.startevo.com\/shop\/produs\/cum-sa-faci-o-povestire-sf-folosind-personaje-din-folclorul-romanesc\/#breadcrumb","itemListElement":[{"@type":"ListItem","position":1,"name":"Prima pagin\u0103","item":"https:\/\/www.startevo.com\/shop\/"},{"@type":"ListItem","position":2,"name":"Magazin","item":"https:\/\/www.startevo.com\/shop\/magazin\/"},{"@type":"ListItem","position":3,"name":"Micro-curs Cum s\u0103 faci o povestire SF folosind personaje din folclorul rom\u00e2nesc"}]},{"@type":"WebSite","@id":"https:\/\/www.startevo.com\/shop\/#website","url":"https:\/\/www.startevo.com\/shop\/","name":"Magazinul Caritabil al Asocia\u021biei StartEvo","description":"Vindem cu drag s\u0103 sus\u021binem educa\u021bia copiilor \u00een Rom\u00e2nia","publisher":{"@id":"https:\/\/www.startevo.com\/shop\/#organization"},"potentialAction":[{"@type":"SearchAction","target":{"@type":"EntryPoint","urlTemplate":"https:\/\/www.startevo.com\/shop\/?s={search_term_string}"},"query-input":{"@type":"PropertyValueSpecification","valueRequired":true,"valueName":"search_term_string"}}],"inLanguage":"ro-RO"},{"@type":"Organization","@id":"https:\/\/www.startevo.com\/shop\/#organization","name":"Magazinul Caritabil al Asocia\u021biei StartEvo","url":"https:\/\/www.startevo.com\/shop\/","logo":{"@type":"ImageObject","inLanguage":"ro-RO","@id":"https:\/\/www.startevo.com\/shop\/#\/schema\/logo\/image\/","url":"https:\/\/www.startevo.com\/shop\/wp-content\/uploads\/2023\/10\/cropped-LOGO-MAGAZIN-CARITABIL-STARTEVO.jpg","contentUrl":"https:\/\/www.startevo.com\/shop\/wp-content\/uploads\/2023\/10\/cropped-LOGO-MAGAZIN-CARITABIL-STARTEVO.jpg","width":800,"height":187,"caption":"Magazinul Caritabil al Asocia\u021biei StartEvo"},"image":{"@id":"https:\/\/www.startevo.com\/shop\/#\/schema\/logo\/image\/"}}]}},"_links":{"self":[{"href":"https:\/\/www.startevo.com\/shop\/wp-json\/wp\/v2\/product\/112","targetHints":{"allow":["GET"]}}],"collection":[{"href":"https:\/\/www.startevo.com\/shop\/wp-json\/wp\/v2\/product"}],"about":[{"href":"https:\/\/www.startevo.com\/shop\/wp-json\/wp\/v2\/types\/product"}],"replies":[{"embeddable":true,"href":"https:\/\/www.startevo.com\/shop\/wp-json\/wp\/v2\/comments?post=112"}],"wp:featuredmedia":[{"embeddable":true,"href":"https:\/\/www.startevo.com\/shop\/wp-json\/wp\/v2\/media\/113"}],"wp:attachment":[{"href":"https:\/\/www.startevo.com\/shop\/wp-json\/wp\/v2\/media?parent=112"}],"wp:term":[{"taxonomy":"product_brand","embeddable":true,"href":"https:\/\/www.startevo.com\/shop\/wp-json\/wp\/v2\/product_brand?post=112"},{"taxonomy":"product_cat","embeddable":true,"href":"https:\/\/www.startevo.com\/shop\/wp-json\/wp\/v2\/product_cat?post=112"},{"taxonomy":"product_tag","embeddable":true,"href":"https:\/\/www.startevo.com\/shop\/wp-json\/wp\/v2\/product_tag?post=112"}],"curies":[{"name":"wp","href":"https:\/\/api.w.org\/{rel}","templated":true}]}}