{"id":105,"date":"2022-01-31T12:12:40","date_gmt":"2022-01-31T10:12:40","guid":{"rendered":"https:\/\/www.startevo.com\/shop\/?post_type=product&#038;p=105"},"modified":"2022-05-17T16:14:05","modified_gmt":"2022-05-17T13:14:05","slug":"curs-de-educatie-financiara-pentru-copii","status":"publish","type":"product","link":"https:\/\/www.startevo.com\/shop\/produs\/curs-de-educatie-financiara-pentru-copii\/","title":{"rendered":"Micro-curs de educa\u021bie financiar\u0103 pentru copii"},"content":{"rendered":"<p><strong>Ce vor invata copiii in acest curs:<\/strong><\/p>\n<p>1. Cuv\u00e2nt \u00eenainte curs Educa\u021bie financiar\u0103<br \/>\n2. Despre conturile bancare<br \/>\n3. Credit<br \/>\n4. Dob\u00e2nd\u0103<br \/>\n5. Ce \u00eenseamn\u0103 bugetul<br \/>\n6. Ce este capitalul<br \/>\n7. Ce sunt COMISIOANELE<br \/>\n8. Ce este INFLA\u021aIA<br \/>\n9. Investi\u021bie<br \/>\n10. Ac\u021biunile<br \/>\n11. Profit<br \/>\n12. Dividend<br \/>\n13. Leasing<br \/>\n14. Salariu \u0219i pensie<br \/>\n15. \u00cencheiere<\/p>\n","protected":false},"excerpt":{"rendered":"<p>Majoritatea adul\u021bilor NU AU o educa\u021bie financiar\u0103 bun\u0103. De aceea iau decizii foarte proaste, care le afecteaz\u0103 viitorul. Noi, copiii, trebuie s\u0103 \u0219tim cum s\u0103 facem bani, cum s\u0103 ne gestion\u0103m banii \u0219i valorile \u0219i s\u0103 \u00eei \u00eenv\u0103\u021b\u0103m \u0219i pe al\u021bii. Doar a\u0219a vom fi mai buni \u0219i nu vom mai fi p\u0103c\u0103li\u021bi de al\u021bii.<\/p>\n<blockquote><p>Chiar nu stiam aceste lucruri. Multumesc<\/p><\/blockquote>\n<p><strong>Durata curs:<\/strong> aprox 1 ora<\/p>\n<p><strong>Diploma la final!<\/strong><\/p>\n","protected":false},"featured_media":106,"comment_status":"closed","ping_status":"closed","template":"","meta":{"jetpack_publicize_message":"","jetpack_publicize_feature_enabled":true,"jetpack_social_post_already_shared":false,"jetpack_social_options":{"image_generator_settings":{"template":"highway","default_image_id":0,"font":"","enabled":false},"version":2}},"product_brand":[],"product_cat":[15],"product_tag":[92,93],"class_list":{"0":"post-105","1":"product","2":"type-product","3":"status-publish","4":"has-post-thumbnail","6":"product_cat-cursuri","7":"product_tag-curs-educatie-financiara-copii","8":"product_tag-curs-financiar-copii","10":"first","11":"instock","12":"virtual","13":"purchasable","14":"product-type-simple"},"yoast_head":"<!-- This site is optimized with the Yoast SEO plugin v27.4 - https:\/\/yoast.com\/product\/yoast-seo-wordpress\/ -->\n<title>Micro-curs de educa\u021bie financiar\u0103 pentru copii - Magazinul Caritabil al Asocia\u021biei StartEvo<\/title>\n<meta name=\"robots\" content=\"index, follow, max-snippet:-1, max-image-preview:large, max-video-preview:-1\" \/>\n<link rel=\"canonical\" href=\"https:\/\/www.startevo.com\/shop\/produs\/curs-de-educatie-financiara-pentru-copii\/\" \/>\n<meta property=\"og:locale\" content=\"ro_RO\" \/>\n<meta property=\"og:type\" content=\"article\" \/>\n<meta property=\"og:title\" content=\"Micro-curs de educa\u021bie financiar\u0103 pentru copii - Magazinul Caritabil al Asocia\u021biei StartEvo\" \/>\n<meta property=\"og:description\" content=\"Majoritatea adul\u021bilor NU AU o educa\u021bie financiar\u0103 bun\u0103. De aceea iau decizii foarte proaste, care le afecteaz\u0103 viitorul. Noi, copiii, trebuie s\u0103 \u0219tim cum s\u0103 facem bani, cum s\u0103 ne gestion\u0103m banii \u0219i valorile \u0219i s\u0103 \u00eei \u00eenv\u0103\u021b\u0103m \u0219i pe al\u021bii. Doar a\u0219a vom fi mai buni \u0219i nu vom mai fi p\u0103c\u0103li\u021bi de al\u021bii. Chiar nu stiam aceste lucruri. Multumesc Durata curs: aprox 1 ora  Diploma la final!\" \/>\n<meta property=\"og:url\" content=\"https:\/\/www.startevo.com\/shop\/produs\/curs-de-educatie-financiara-pentru-copii\/\" \/>\n<meta property=\"og:site_name\" content=\"Magazinul Caritabil al Asocia\u021biei StartEvo\" \/>\n<meta property=\"article:modified_time\" content=\"2022-05-17T13:14:05+00:00\" \/>\n<meta property=\"og:image\" content=\"https:\/\/www.startevo.com\/shop\/wp-content\/uploads\/2022\/01\/curs-educatie-financiara-pentru-copii.jpg\" \/>\n\t<meta property=\"og:image:width\" content=\"600\" \/>\n\t<meta property=\"og:image:height\" content=\"413\" \/>\n\t<meta property=\"og:image:type\" content=\"image\/jpeg\" \/>\n<meta name=\"twitter:card\" content=\"summary_large_image\" \/>\n<script type=\"application\/ld+json\" class=\"yoast-schema-graph\">{\"@context\":\"https:\\\/\\\/schema.org\",\"@graph\":[{\"@type\":\"WebPage\",\"@id\":\"https:\\\/\\\/www.startevo.com\\\/shop\\\/produs\\\/curs-de-educatie-financiara-pentru-copii\\\/\",\"url\":\"https:\\\/\\\/www.startevo.com\\\/shop\\\/produs\\\/curs-de-educatie-financiara-pentru-copii\\\/\",\"name\":\"Micro-curs de educa\u021bie financiar\u0103 pentru copii - Magazinul Caritabil al Asocia\u021biei StartEvo\",\"isPartOf\":{\"@id\":\"https:\\\/\\\/www.startevo.com\\\/shop\\\/#website\"},\"primaryImageOfPage\":{\"@id\":\"https:\\\/\\\/www.startevo.com\\\/shop\\\/produs\\\/curs-de-educatie-financiara-pentru-copii\\\/#primaryimage\"},\"image\":{\"@id\":\"https:\\\/\\\/www.startevo.com\\\/shop\\\/produs\\\/curs-de-educatie-financiara-pentru-copii\\\/#primaryimage\"},\"thumbnailUrl\":\"https:\\\/\\\/i0.wp.com\\\/www.startevo.com\\\/shop\\\/wp-content\\\/uploads\\\/2022\\\/01\\\/curs-educatie-financiara-pentru-copii.jpg?fit=600%2C413&ssl=1\",\"datePublished\":\"2022-01-31T10:12:40+00:00\",\"dateModified\":\"2022-05-17T13:14:05+00:00\",\"breadcrumb\":{\"@id\":\"https:\\\/\\\/www.startevo.com\\\/shop\\\/produs\\\/curs-de-educatie-financiara-pentru-copii\\\/#breadcrumb\"},\"inLanguage\":\"ro-RO\",\"potentialAction\":[{\"@type\":\"ReadAction\",\"target\":[\"https:\\\/\\\/www.startevo.com\\\/shop\\\/produs\\\/curs-de-educatie-financiara-pentru-copii\\\/\"]}]},{\"@type\":\"ImageObject\",\"inLanguage\":\"ro-RO\",\"@id\":\"https:\\\/\\\/www.startevo.com\\\/shop\\\/produs\\\/curs-de-educatie-financiara-pentru-copii\\\/#primaryimage\",\"url\":\"https:\\\/\\\/i0.wp.com\\\/www.startevo.com\\\/shop\\\/wp-content\\\/uploads\\\/2022\\\/01\\\/curs-educatie-financiara-pentru-copii.jpg?fit=600%2C413&ssl=1\",\"contentUrl\":\"https:\\\/\\\/i0.wp.com\\\/www.startevo.com\\\/shop\\\/wp-content\\\/uploads\\\/2022\\\/01\\\/curs-educatie-financiara-pentru-copii.jpg?fit=600%2C413&ssl=1\",\"width\":600,\"height\":413},{\"@type\":\"BreadcrumbList\",\"@id\":\"https:\\\/\\\/www.startevo.com\\\/shop\\\/produs\\\/curs-de-educatie-financiara-pentru-copii\\\/#breadcrumb\",\"itemListElement\":[{\"@type\":\"ListItem\",\"position\":1,\"name\":\"Prima pagin\u0103\",\"item\":\"https:\\\/\\\/www.startevo.com\\\/shop\\\/\"},{\"@type\":\"ListItem\",\"position\":2,\"name\":\"Magazin\",\"item\":\"https:\\\/\\\/www.startevo.com\\\/shop\\\/magazin\\\/\"},{\"@type\":\"ListItem\",\"position\":3,\"name\":\"Micro-curs de educa\u021bie financiar\u0103 pentru copii\"}]},{\"@type\":\"WebSite\",\"@id\":\"https:\\\/\\\/www.startevo.com\\\/shop\\\/#website\",\"url\":\"https:\\\/\\\/www.startevo.com\\\/shop\\\/\",\"name\":\"Magazinul Caritabil al Asocia\u021biei StartEvo\",\"description\":\"Vindem cu drag s\u0103 sus\u021binem educa\u021bia copiilor \u00een Rom\u00e2nia\",\"publisher\":{\"@id\":\"https:\\\/\\\/www.startevo.com\\\/shop\\\/#organization\"},\"potentialAction\":[{\"@type\":\"SearchAction\",\"target\":{\"@type\":\"EntryPoint\",\"urlTemplate\":\"https:\\\/\\\/www.startevo.com\\\/shop\\\/?s={search_term_string}\"},\"query-input\":{\"@type\":\"PropertyValueSpecification\",\"valueRequired\":true,\"valueName\":\"search_term_string\"}}],\"inLanguage\":\"ro-RO\"},{\"@type\":\"Organization\",\"@id\":\"https:\\\/\\\/www.startevo.com\\\/shop\\\/#organization\",\"name\":\"Magazinul Caritabil al Asocia\u021biei StartEvo\",\"url\":\"https:\\\/\\\/www.startevo.com\\\/shop\\\/\",\"logo\":{\"@type\":\"ImageObject\",\"inLanguage\":\"ro-RO\",\"@id\":\"https:\\\/\\\/www.startevo.com\\\/shop\\\/#\\\/schema\\\/logo\\\/image\\\/\",\"url\":\"https:\\\/\\\/i0.wp.com\\\/www.startevo.com\\\/shop\\\/wp-content\\\/uploads\\\/2023\\\/10\\\/cropped-LOGO-MAGAZIN-CARITABIL-STARTEVO.jpg?fit=800%2C187&ssl=1\",\"contentUrl\":\"https:\\\/\\\/i0.wp.com\\\/www.startevo.com\\\/shop\\\/wp-content\\\/uploads\\\/2023\\\/10\\\/cropped-LOGO-MAGAZIN-CARITABIL-STARTEVO.jpg?fit=800%2C187&ssl=1\",\"width\":800,\"height\":187,\"caption\":\"Magazinul Caritabil al Asocia\u021biei StartEvo\"},\"image\":{\"@id\":\"https:\\\/\\\/www.startevo.com\\\/shop\\\/#\\\/schema\\\/logo\\\/image\\\/\"}}]}<\/script>\n<!-- \/ Yoast SEO plugin. -->","yoast_head_json":{"title":"Micro-curs de educa\u021bie financiar\u0103 pentru copii - Magazinul Caritabil al Asocia\u021biei StartEvo","robots":{"index":"index","follow":"follow","max-snippet":"max-snippet:-1","max-image-preview":"max-image-preview:large","max-video-preview":"max-video-preview:-1"},"canonical":"https:\/\/www.startevo.com\/shop\/produs\/curs-de-educatie-financiara-pentru-copii\/","og_locale":"ro_RO","og_type":"article","og_title":"Micro-curs de educa\u021bie financiar\u0103 pentru copii - Magazinul Caritabil al Asocia\u021biei StartEvo","og_description":"Majoritatea adul\u021bilor NU AU o educa\u021bie financiar\u0103 bun\u0103. De aceea iau decizii foarte proaste, care le afecteaz\u0103 viitorul. Noi, copiii, trebuie s\u0103 \u0219tim cum s\u0103 facem bani, cum s\u0103 ne gestion\u0103m banii \u0219i valorile \u0219i s\u0103 \u00eei \u00eenv\u0103\u021b\u0103m \u0219i pe al\u021bii. Doar a\u0219a vom fi mai buni \u0219i nu vom mai fi p\u0103c\u0103li\u021bi de al\u021bii. Chiar nu stiam aceste lucruri. Multumesc Durata curs: aprox 1 ora  Diploma la final!","og_url":"https:\/\/www.startevo.com\/shop\/produs\/curs-de-educatie-financiara-pentru-copii\/","og_site_name":"Magazinul Caritabil al Asocia\u021biei StartEvo","article_modified_time":"2022-05-17T13:14:05+00:00","og_image":[{"width":600,"height":413,"url":"https:\/\/www.startevo.com\/shop\/wp-content\/uploads\/2022\/01\/curs-educatie-financiara-pentru-copii.jpg","type":"image\/jpeg"}],"twitter_card":"summary_large_image","schema":{"@context":"https:\/\/schema.org","@graph":[{"@type":"WebPage","@id":"https:\/\/www.startevo.com\/shop\/produs\/curs-de-educatie-financiara-pentru-copii\/","url":"https:\/\/www.startevo.com\/shop\/produs\/curs-de-educatie-financiara-pentru-copii\/","name":"Micro-curs de educa\u021bie financiar\u0103 pentru copii - Magazinul Caritabil al Asocia\u021biei StartEvo","isPartOf":{"@id":"https:\/\/www.startevo.com\/shop\/#website"},"primaryImageOfPage":{"@id":"https:\/\/www.startevo.com\/shop\/produs\/curs-de-educatie-financiara-pentru-copii\/#primaryimage"},"image":{"@id":"https:\/\/www.startevo.com\/shop\/produs\/curs-de-educatie-financiara-pentru-copii\/#primaryimage"},"thumbnailUrl":"https:\/\/i0.wp.com\/www.startevo.com\/shop\/wp-content\/uploads\/2022\/01\/curs-educatie-financiara-pentru-copii.jpg?fit=600%2C413&ssl=1","datePublished":"2022-01-31T10:12:40+00:00","dateModified":"2022-05-17T13:14:05+00:00","breadcrumb":{"@id":"https:\/\/www.startevo.com\/shop\/produs\/curs-de-educatie-financiara-pentru-copii\/#breadcrumb"},"inLanguage":"ro-RO","potentialAction":[{"@type":"ReadAction","target":["https:\/\/www.startevo.com\/shop\/produs\/curs-de-educatie-financiara-pentru-copii\/"]}]},{"@type":"ImageObject","inLanguage":"ro-RO","@id":"https:\/\/www.startevo.com\/shop\/produs\/curs-de-educatie-financiara-pentru-copii\/#primaryimage","url":"https:\/\/i0.wp.com\/www.startevo.com\/shop\/wp-content\/uploads\/2022\/01\/curs-educatie-financiara-pentru-copii.jpg?fit=600%2C413&ssl=1","contentUrl":"https:\/\/i0.wp.com\/www.startevo.com\/shop\/wp-content\/uploads\/2022\/01\/curs-educatie-financiara-pentru-copii.jpg?fit=600%2C413&ssl=1","width":600,"height":413},{"@type":"BreadcrumbList","@id":"https:\/\/www.startevo.com\/shop\/produs\/curs-de-educatie-financiara-pentru-copii\/#breadcrumb","itemListElement":[{"@type":"ListItem","position":1,"name":"Prima pagin\u0103","item":"https:\/\/www.startevo.com\/shop\/"},{"@type":"ListItem","position":2,"name":"Magazin","item":"https:\/\/www.startevo.com\/shop\/magazin\/"},{"@type":"ListItem","position":3,"name":"Micro-curs de educa\u021bie financiar\u0103 pentru copii"}]},{"@type":"WebSite","@id":"https:\/\/www.startevo.com\/shop\/#website","url":"https:\/\/www.startevo.com\/shop\/","name":"Magazinul Caritabil al Asocia\u021biei StartEvo","description":"Vindem cu drag s\u0103 sus\u021binem educa\u021bia copiilor \u00een Rom\u00e2nia","publisher":{"@id":"https:\/\/www.startevo.com\/shop\/#organization"},"potentialAction":[{"@type":"SearchAction","target":{"@type":"EntryPoint","urlTemplate":"https:\/\/www.startevo.com\/shop\/?s={search_term_string}"},"query-input":{"@type":"PropertyValueSpecification","valueRequired":true,"valueName":"search_term_string"}}],"inLanguage":"ro-RO"},{"@type":"Organization","@id":"https:\/\/www.startevo.com\/shop\/#organization","name":"Magazinul Caritabil al Asocia\u021biei StartEvo","url":"https:\/\/www.startevo.com\/shop\/","logo":{"@type":"ImageObject","inLanguage":"ro-RO","@id":"https:\/\/www.startevo.com\/shop\/#\/schema\/logo\/image\/","url":"https:\/\/i0.wp.com\/www.startevo.com\/shop\/wp-content\/uploads\/2023\/10\/cropped-LOGO-MAGAZIN-CARITABIL-STARTEVO.jpg?fit=800%2C187&ssl=1","contentUrl":"https:\/\/i0.wp.com\/www.startevo.com\/shop\/wp-content\/uploads\/2023\/10\/cropped-LOGO-MAGAZIN-CARITABIL-STARTEVO.jpg?fit=800%2C187&ssl=1","width":800,"height":187,"caption":"Magazinul Caritabil al Asocia\u021biei StartEvo"},"image":{"@id":"https:\/\/www.startevo.com\/shop\/#\/schema\/logo\/image\/"}}]}},"jetpack_publicize_connections":[],"jetpack_likes_enabled":true,"jetpack_sharing_enabled":true,"jetpack-related-posts":[],"_links":{"self":[{"href":"https:\/\/www.startevo.com\/shop\/wp-json\/wp\/v2\/product\/105","targetHints":{"allow":["GET"]}}],"collection":[{"href":"https:\/\/www.startevo.com\/shop\/wp-json\/wp\/v2\/product"}],"about":[{"href":"https:\/\/www.startevo.com\/shop\/wp-json\/wp\/v2\/types\/product"}],"replies":[{"embeddable":true,"href":"https:\/\/www.startevo.com\/shop\/wp-json\/wp\/v2\/comments?post=105"}],"wp:featuredmedia":[{"embeddable":true,"href":"https:\/\/www.startevo.com\/shop\/wp-json\/wp\/v2\/media\/106"}],"wp:attachment":[{"href":"https:\/\/www.startevo.com\/shop\/wp-json\/wp\/v2\/media?parent=105"}],"wp:term":[{"taxonomy":"product_brand","embeddable":true,"href":"https:\/\/www.startevo.com\/shop\/wp-json\/wp\/v2\/product_brand?post=105"},{"taxonomy":"product_cat","embeddable":true,"href":"https:\/\/www.startevo.com\/shop\/wp-json\/wp\/v2\/product_cat?post=105"},{"taxonomy":"product_tag","embeddable":true,"href":"https:\/\/www.startevo.com\/shop\/wp-json\/wp\/v2\/product_tag?post=105"}],"curies":[{"name":"wp","href":"https:\/\/api.w.org\/{rel}","templated":true}]}}