{"id":39,"date":"2021-11-23T12:28:40","date_gmt":"2021-11-23T10:28:40","guid":{"rendered":"https:\/\/www.startevo.com\/shop\/?page_id=39"},"modified":"2022-01-31T15:24:48","modified_gmt":"2022-01-31T13:24:48","slug":"informatii-livrare","status":"publish","type":"page","link":"https:\/\/www.startevo.com\/shop\/informatii-livrare\/","title":{"rendered":"Informatii livrare"},"content":{"rendered":"\n<p>Magazinul StartEvo are 2 tipuri de produse:<\/p>\n\n\n\n<ul class=\"wp-block-list\"><li>produse virtuale (precum cursurile), unde livrarea se va face prin email, la adresa furnizat\u0103 de client<\/li><li>produse fizice, livrarea comenzii f\u0103c\u00e2nduse prin <strong>FAN COURIER<\/strong>, <strong>DPD <\/strong>sau <strong>PRIORIPOST<\/strong>.<br><br><strong>Orice comanda peste 300 RON are transportul platit de noi (pentru tine livrarea este gratuita).<\/strong><br><br>Petru comenzile sub 300 RON costul de \u00a0livrare este 20 lei.<br><br>Pentru localitatile care sunt in afara ariei de acoperire FAN Courier si pentru care\u00a0Fan Courier percepe o taxa suplimentara de transport (mai putin de 0.2 % din localitatile din Romania)\u00a0vei fi contactat telefonic sau prin email.<br><br>Poti alege intre a se livra coletul la locatia aleasa de tine in comanda insa prin alt curier decat FAN Courier (atentie in acest caz pot exista intarzieri in livrare) fie poti alege sa ridici coletul dintr-un sediu FAN Courier apropiat de tine.<br><br>Pentru oricare dintre variante nu vom percepe taxa suplimentara de transport.<br><br>Lista localitatilor pentru care Fan Courier nu percepe nicio taxa suplimentara\u00a0este disponibila<a href=\"https:\/\/www.fancourier.ro\/locatii-fan\/\"> aici.<\/a><\/li><\/ul>\n","protected":false},"excerpt":{"rendered":"<p>Magazinul StartEvo are 2 tipuri de produse: produse virtuale (precum cursurile), unde livrarea se va face prin email, la adresa furnizat\u0103 de client produse fizice, livrarea comenzii f\u0103c\u00e2nduse prin FAN COURIER, DPD sau PRIORIPOST. Orice comanda peste 300 RON are transportul platit de noi (pentru tine livrarea este gratuita). Petru comenzile sub 300 RON costul [&hellip;]<\/p>\n","protected":false},"author":1,"featured_media":0,"parent":0,"menu_order":0,"comment_status":"closed","ping_status":"closed","template":"","meta":{"footnotes":""},"class_list":["post-39","page","type-page","status-publish","hentry"],"yoast_head":"<!-- This site is optimized with the Yoast SEO plugin v27.3 - https:\/\/yoast.com\/product\/yoast-seo-wordpress\/ -->\n<title>Informatii livrare - Magazinul Caritabil al Asocia\u021biei StartEvo<\/title>\n<meta name=\"robots\" content=\"index, follow, max-snippet:-1, max-image-preview:large, max-video-preview:-1\" \/>\n<link rel=\"canonical\" href=\"https:\/\/www.startevo.com\/shop\/informatii-livrare\/\" \/>\n<meta property=\"og:locale\" content=\"ro_RO\" \/>\n<meta property=\"og:type\" content=\"article\" \/>\n<meta property=\"og:title\" content=\"Informatii livrare - Magazinul Caritabil al Asocia\u021biei StartEvo\" \/>\n<meta property=\"og:description\" content=\"Magazinul StartEvo are 2 tipuri de produse: produse virtuale (precum cursurile), unde livrarea se va face prin email, la adresa furnizat\u0103 de client produse fizice, livrarea comenzii f\u0103c\u00e2nduse prin FAN COURIER, DPD sau PRIORIPOST. Orice comanda peste 300 RON are transportul platit de noi (pentru tine livrarea este gratuita). Petru comenzile sub 300 RON costul [&hellip;]\" \/>\n<meta property=\"og:url\" content=\"https:\/\/www.startevo.com\/shop\/informatii-livrare\/\" \/>\n<meta property=\"og:site_name\" content=\"Magazinul Caritabil al Asocia\u021biei StartEvo\" \/>\n<meta property=\"article:modified_time\" content=\"2022-01-31T13:24:48+00:00\" \/>\n<meta name=\"twitter:card\" content=\"summary_large_image\" \/>\n<meta name=\"twitter:label1\" content=\"Timp estimat pentru citire\" \/>\n\t<meta name=\"twitter:data1\" content=\"1 minut\" \/>\n<script type=\"application\/ld+json\" class=\"yoast-schema-graph\">{\"@context\":\"https:\\\/\\\/schema.org\",\"@graph\":[{\"@type\":\"WebPage\",\"@id\":\"https:\\\/\\\/www.startevo.com\\\/shop\\\/informatii-livrare\\\/\",\"url\":\"https:\\\/\\\/www.startevo.com\\\/shop\\\/informatii-livrare\\\/\",\"name\":\"Informatii livrare - Magazinul Caritabil al Asocia\u021biei StartEvo\",\"isPartOf\":{\"@id\":\"https:\\\/\\\/www.startevo.com\\\/shop\\\/#website\"},\"datePublished\":\"2021-11-23T10:28:40+00:00\",\"dateModified\":\"2022-01-31T13:24:48+00:00\",\"breadcrumb\":{\"@id\":\"https:\\\/\\\/www.startevo.com\\\/shop\\\/informatii-livrare\\\/#breadcrumb\"},\"inLanguage\":\"ro-RO\",\"potentialAction\":[{\"@type\":\"ReadAction\",\"target\":[\"https:\\\/\\\/www.startevo.com\\\/shop\\\/informatii-livrare\\\/\"]}]},{\"@type\":\"BreadcrumbList\",\"@id\":\"https:\\\/\\\/www.startevo.com\\\/shop\\\/informatii-livrare\\\/#breadcrumb\",\"itemListElement\":[{\"@type\":\"ListItem\",\"position\":1,\"name\":\"Prima pagin\u0103\",\"item\":\"https:\\\/\\\/www.startevo.com\\\/shop\\\/\"},{\"@type\":\"ListItem\",\"position\":2,\"name\":\"Informatii livrare\"}]},{\"@type\":\"WebSite\",\"@id\":\"https:\\\/\\\/www.startevo.com\\\/shop\\\/#website\",\"url\":\"https:\\\/\\\/www.startevo.com\\\/shop\\\/\",\"name\":\"Magazinul Caritabil al Asocia\u021biei StartEvo\",\"description\":\"Vindem cu drag s\u0103 sus\u021binem educa\u021bia copiilor \u00een Rom\u00e2nia\",\"publisher\":{\"@id\":\"https:\\\/\\\/www.startevo.com\\\/shop\\\/#organization\"},\"potentialAction\":[{\"@type\":\"SearchAction\",\"target\":{\"@type\":\"EntryPoint\",\"urlTemplate\":\"https:\\\/\\\/www.startevo.com\\\/shop\\\/?s={search_term_string}\"},\"query-input\":{\"@type\":\"PropertyValueSpecification\",\"valueRequired\":true,\"valueName\":\"search_term_string\"}}],\"inLanguage\":\"ro-RO\"},{\"@type\":\"Organization\",\"@id\":\"https:\\\/\\\/www.startevo.com\\\/shop\\\/#organization\",\"name\":\"Magazinul Caritabil al Asocia\u021biei StartEvo\",\"url\":\"https:\\\/\\\/www.startevo.com\\\/shop\\\/\",\"logo\":{\"@type\":\"ImageObject\",\"inLanguage\":\"ro-RO\",\"@id\":\"https:\\\/\\\/www.startevo.com\\\/shop\\\/#\\\/schema\\\/logo\\\/image\\\/\",\"url\":\"https:\\\/\\\/i0.wp.com\\\/www.startevo.com\\\/shop\\\/wp-content\\\/uploads\\\/2023\\\/10\\\/cropped-LOGO-MAGAZIN-CARITABIL-STARTEVO.jpg?fit=800%2C187&ssl=1\",\"contentUrl\":\"https:\\\/\\\/i0.wp.com\\\/www.startevo.com\\\/shop\\\/wp-content\\\/uploads\\\/2023\\\/10\\\/cropped-LOGO-MAGAZIN-CARITABIL-STARTEVO.jpg?fit=800%2C187&ssl=1\",\"width\":800,\"height\":187,\"caption\":\"Magazinul Caritabil al Asocia\u021biei StartEvo\"},\"image\":{\"@id\":\"https:\\\/\\\/www.startevo.com\\\/shop\\\/#\\\/schema\\\/logo\\\/image\\\/\"}}]}<\/script>\n<!-- \/ Yoast SEO plugin. -->","yoast_head_json":{"title":"Informatii livrare - Magazinul Caritabil al Asocia\u021biei StartEvo","robots":{"index":"index","follow":"follow","max-snippet":"max-snippet:-1","max-image-preview":"max-image-preview:large","max-video-preview":"max-video-preview:-1"},"canonical":"https:\/\/www.startevo.com\/shop\/informatii-livrare\/","og_locale":"ro_RO","og_type":"article","og_title":"Informatii livrare - Magazinul Caritabil al Asocia\u021biei StartEvo","og_description":"Magazinul StartEvo are 2 tipuri de produse: produse virtuale (precum cursurile), unde livrarea se va face prin email, la adresa furnizat\u0103 de client produse fizice, livrarea comenzii f\u0103c\u00e2nduse prin FAN COURIER, DPD sau PRIORIPOST. Orice comanda peste 300 RON are transportul platit de noi (pentru tine livrarea este gratuita). Petru comenzile sub 300 RON costul [&hellip;]","og_url":"https:\/\/www.startevo.com\/shop\/informatii-livrare\/","og_site_name":"Magazinul Caritabil al Asocia\u021biei StartEvo","article_modified_time":"2022-01-31T13:24:48+00:00","twitter_card":"summary_large_image","twitter_misc":{"Timp estimat pentru citire":"1 minut"},"schema":{"@context":"https:\/\/schema.org","@graph":[{"@type":"WebPage","@id":"https:\/\/www.startevo.com\/shop\/informatii-livrare\/","url":"https:\/\/www.startevo.com\/shop\/informatii-livrare\/","name":"Informatii livrare - Magazinul Caritabil al Asocia\u021biei StartEvo","isPartOf":{"@id":"https:\/\/www.startevo.com\/shop\/#website"},"datePublished":"2021-11-23T10:28:40+00:00","dateModified":"2022-01-31T13:24:48+00:00","breadcrumb":{"@id":"https:\/\/www.startevo.com\/shop\/informatii-livrare\/#breadcrumb"},"inLanguage":"ro-RO","potentialAction":[{"@type":"ReadAction","target":["https:\/\/www.startevo.com\/shop\/informatii-livrare\/"]}]},{"@type":"BreadcrumbList","@id":"https:\/\/www.startevo.com\/shop\/informatii-livrare\/#breadcrumb","itemListElement":[{"@type":"ListItem","position":1,"name":"Prima pagin\u0103","item":"https:\/\/www.startevo.com\/shop\/"},{"@type":"ListItem","position":2,"name":"Informatii livrare"}]},{"@type":"WebSite","@id":"https:\/\/www.startevo.com\/shop\/#website","url":"https:\/\/www.startevo.com\/shop\/","name":"Magazinul Caritabil al Asocia\u021biei StartEvo","description":"Vindem cu drag s\u0103 sus\u021binem educa\u021bia copiilor \u00een Rom\u00e2nia","publisher":{"@id":"https:\/\/www.startevo.com\/shop\/#organization"},"potentialAction":[{"@type":"SearchAction","target":{"@type":"EntryPoint","urlTemplate":"https:\/\/www.startevo.com\/shop\/?s={search_term_string}"},"query-input":{"@type":"PropertyValueSpecification","valueRequired":true,"valueName":"search_term_string"}}],"inLanguage":"ro-RO"},{"@type":"Organization","@id":"https:\/\/www.startevo.com\/shop\/#organization","name":"Magazinul Caritabil al Asocia\u021biei StartEvo","url":"https:\/\/www.startevo.com\/shop\/","logo":{"@type":"ImageObject","inLanguage":"ro-RO","@id":"https:\/\/www.startevo.com\/shop\/#\/schema\/logo\/image\/","url":"https:\/\/i0.wp.com\/www.startevo.com\/shop\/wp-content\/uploads\/2023\/10\/cropped-LOGO-MAGAZIN-CARITABIL-STARTEVO.jpg?fit=800%2C187&ssl=1","contentUrl":"https:\/\/i0.wp.com\/www.startevo.com\/shop\/wp-content\/uploads\/2023\/10\/cropped-LOGO-MAGAZIN-CARITABIL-STARTEVO.jpg?fit=800%2C187&ssl=1","width":800,"height":187,"caption":"Magazinul Caritabil al Asocia\u021biei StartEvo"},"image":{"@id":"https:\/\/www.startevo.com\/shop\/#\/schema\/logo\/image\/"}}]}},"jetpack_likes_enabled":true,"jetpack_sharing_enabled":true,"jetpack-related-posts":[],"_links":{"self":[{"href":"https:\/\/www.startevo.com\/shop\/wp-json\/wp\/v2\/pages\/39","targetHints":{"allow":["GET"]}}],"collection":[{"href":"https:\/\/www.startevo.com\/shop\/wp-json\/wp\/v2\/pages"}],"about":[{"href":"https:\/\/www.startevo.com\/shop\/wp-json\/wp\/v2\/types\/page"}],"author":[{"embeddable":true,"href":"https:\/\/www.startevo.com\/shop\/wp-json\/wp\/v2\/users\/1"}],"replies":[{"embeddable":true,"href":"https:\/\/www.startevo.com\/shop\/wp-json\/wp\/v2\/comments?post=39"}],"version-history":[{"count":3,"href":"https:\/\/www.startevo.com\/shop\/wp-json\/wp\/v2\/pages\/39\/revisions"}],"predecessor-version":[{"id":166,"href":"https:\/\/www.startevo.com\/shop\/wp-json\/wp\/v2\/pages\/39\/revisions\/166"}],"wp:attachment":[{"href":"https:\/\/www.startevo.com\/shop\/wp-json\/wp\/v2\/media?parent=39"}],"curies":[{"name":"wp","href":"https:\/\/api.w.org\/{rel}","templated":true}]}}